{"id":8981,"date":"2022-01-25T04:23:43","date_gmt":"2022-01-24T20:23:43","guid":{"rendered":"https:\/\/test1.tzg.ink\/product\/framemac-lgs-machine-f1-c300\/"},"modified":"2024-04-07T12:22:31","modified_gmt":"2024-04-07T04:22:31","slug":"framemac-lgs-machine-f1-c300","status":"publish","type":"product","link":"https:\/\/test1.tzg.ink\/es\/product\/framemac-lgs-machine-f1-c300\/","title":{"rendered":"M\u00e1quina FrameMac LGS F1-C300"},"content":{"rendered":"\n<h2 class=\"wp-block-heading has-text-align-center\">M\u00e1quina FrameMac LGS F1-C300<\/h2>\n\n\n\n<p>El conformado por laminaci\u00f3n en fr\u00edo es un proceso flexible en el que se instalan una pluralidad de conjuntos de troqueles de perfilado (superior e inferior) en un orden determinado, y las bobinas de metal correspondientes se pasan a trav\u00e9s de un perfil espec\u00edfico del molde del cilindro de manera continua para ser laminada. en una forma de dise\u00f1o. Proceso. El conformado por conformado en fr\u00edo tambi\u00e9n se conoce como perfilado, perfilado, perfilado, perfilado, etc. Taiw\u00e1n es conocida como una m\u00e1quina perfiladora, que es una de las m\u00e1quinas de procesamiento de chapa met\u00e1lica m\u00e1s respetuosas con el medio ambiente, que ahorra energ\u00eda, es segura y eficiente. procesos.<\/p>\n\n\n\n<p>La unidad formadora de acero liviano de paredes delgadas conformada en fr\u00edo FrameMac consta de una m\u00e1quina autom\u00e1tica de desenrollado y descarga de material, un dispositivo nivelador de material, una m\u00e1quina formadora, una mesa autom\u00e1tica de punzonado, corte, recepci\u00f3n y gabinete de control. De acuerdo con los requisitos espec\u00edficos de la construcci\u00f3n de villas de acero liviano, est\u00e1 equipado con: orificio para tornillo con hoyuelos, chafl\u00e1n, orificio pasante para el alma, corte lateral peque\u00f1o, orificio para tuber\u00eda, contracci\u00f3n del alma, corte y otros dispositivos de codificaci\u00f3n y troquel de estampado. Adopta un control autom\u00e1tico CNC por computadora industrial de nivel profesional, que tiene las caracter\u00edsticas de una amplia gama de aplicaciones, alta precisi\u00f3n del producto, alto grado de automatizaci\u00f3n, ahorro de material y alto grado de automatizaci\u00f3n. Tiene como objetivo la innovaci\u00f3n continua de edificios de montaje y formas estructurales diversificadas en el mercado. Se pueden dise\u00f1ar y fabricar equipos especiales de acuerdo con los requisitos del cliente, y se pueden proporcionar equipos de soporte, como plataformas de piso\/acero C ajustable.<\/p>\n","protected":false},"excerpt":{"rendered":"<p>M\u00e1quina FrameMac LGS F1-C300 El conformado por laminaci\u00f3n en fr\u00edo es un proceso flexible en el que se instalan una pluralidad de conjuntos de troqueles de perfilado (superior e inferior) en un orden determinado, y las bobinas de metal correspondientes se pasan a trav\u00e9s de un perfil espec\u00edfico del molde del cilindro de manera continua [&hellip;]<\/p>\n","protected":false},"featured_media":8983,"template":"","product-type":[121],"class_list":["post-8981","product","type-product","status-publish","has-post-thumbnail","hentry","product-type-framemac-light-steel-frame-machine-es"],"acf":[],"yoast_head":"<!-- This site is optimized with the Yoast SEO plugin v26.6 - https:\/\/yoast.com\/wordpress\/plugins\/seo\/ -->\n<title>M\u00e1quina FrameMac LGS F1-C300 - LMS Roll Forming Machine<\/title>\n<meta name=\"robots\" content=\"index, follow, max-snippet:-1, max-image-preview:large, max-video-preview:-1\" \/>\n<link rel=\"canonical\" href=\"https:\/\/test1.tzg.ink\/es\/product\/framemac-lgs-machine-f1-c300\/\" \/>\n<meta property=\"og:locale\" content=\"es_ES\" \/>\n<meta property=\"og:type\" content=\"article\" \/>\n<meta property=\"og:title\" content=\"M\u00e1quina FrameMac LGS F1-C300 - LMS Roll Forming Machine\" \/>\n<meta property=\"og:description\" content=\"M\u00e1quina FrameMac LGS F1-C300 El conformado por laminaci\u00f3n en fr\u00edo es un proceso flexible en el que se instalan una pluralidad de conjuntos de troqueles de perfilado (superior e inferior) en un orden determinado, y las bobinas de metal correspondientes se pasan a trav\u00e9s de un perfil espec\u00edfico del molde del cilindro de manera continua [&hellip;]\" \/>\n<meta property=\"og:url\" content=\"https:\/\/test1.tzg.ink\/es\/product\/framemac-lgs-machine-f1-c300\/\" \/>\n<meta property=\"og:site_name\" content=\"LMS Roll Forming Machine\" \/>\n<meta property=\"article:modified_time\" content=\"2024-04-07T04:22:31+00:00\" \/>\n<meta property=\"og:image\" content=\"https:\/\/test1.tzg.ink\/wp-content\/uploads\/2024\/01\/c300-3.jpg\" \/>\n\t<meta property=\"og:image:width\" content=\"800\" \/>\n\t<meta property=\"og:image:height\" content=\"421\" \/>\n\t<meta property=\"og:image:type\" content=\"image\/jpeg\" \/>\n<meta name=\"twitter:card\" content=\"summary_large_image\" \/>\n<meta name=\"twitter:label1\" content=\"Tiempo de lectura\" \/>\n\t<meta name=\"twitter:data1\" content=\"2 minutos\" \/>\n<script type=\"application\/ld+json\" class=\"yoast-schema-graph\">{\"@context\":\"https:\/\/schema.org\",\"@graph\":[{\"@type\":\"WebPage\",\"@id\":\"https:\/\/test1.tzg.ink\/es\/product\/framemac-lgs-machine-f1-c300\/\",\"url\":\"https:\/\/test1.tzg.ink\/es\/product\/framemac-lgs-machine-f1-c300\/\",\"name\":\"M\u00e1quina FrameMac LGS F1-C300 - LMS Roll Forming Machine\",\"isPartOf\":{\"@id\":\"https:\/\/test1.tzg.ink\/#website\"},\"primaryImageOfPage\":{\"@id\":\"https:\/\/test1.tzg.ink\/es\/product\/framemac-lgs-machine-f1-c300\/#primaryimage\"},\"image\":{\"@id\":\"https:\/\/test1.tzg.ink\/es\/product\/framemac-lgs-machine-f1-c300\/#primaryimage\"},\"thumbnailUrl\":\"https:\/\/test1.tzg.ink\/wp-content\/uploads\/2024\/01\/c300-3.jpg\",\"datePublished\":\"2022-01-24T20:23:43+00:00\",\"dateModified\":\"2024-04-07T04:22:31+00:00\",\"breadcrumb\":{\"@id\":\"https:\/\/test1.tzg.ink\/es\/product\/framemac-lgs-machine-f1-c300\/#breadcrumb\"},\"inLanguage\":\"es\",\"potentialAction\":[{\"@type\":\"ReadAction\",\"target\":[\"https:\/\/test1.tzg.ink\/es\/product\/framemac-lgs-machine-f1-c300\/\"]}]},{\"@type\":\"ImageObject\",\"inLanguage\":\"es\",\"@id\":\"https:\/\/test1.tzg.ink\/es\/product\/framemac-lgs-machine-f1-c300\/#primaryimage\",\"url\":\"https:\/\/test1.tzg.ink\/wp-content\/uploads\/2024\/01\/c300-3.jpg\",\"contentUrl\":\"https:\/\/test1.tzg.ink\/wp-content\/uploads\/2024\/01\/c300-3.jpg\",\"width\":800,\"height\":421},{\"@type\":\"BreadcrumbList\",\"@id\":\"https:\/\/test1.tzg.ink\/es\/product\/framemac-lgs-machine-f1-c300\/#breadcrumb\",\"itemListElement\":[{\"@type\":\"ListItem\",\"position\":1,\"name\":\"Home\",\"item\":\"https:\/\/test1.tzg.ink\/es\/\"},{\"@type\":\"ListItem\",\"position\":2,\"name\":\"Products\",\"item\":\"https:\/\/test1.tzg.ink\/ar\/product\/\"},{\"@type\":\"ListItem\",\"position\":3,\"name\":\"M\u00e1quina FrameMac LGS F1-C300\"}]},{\"@type\":\"WebSite\",\"@id\":\"https:\/\/test1.tzg.ink\/#website\",\"url\":\"https:\/\/test1.tzg.ink\/\",\"name\":\"LMS Roll Forming Machine\",\"description\":\"LMS MACHINERY CHINA PROFESSIONAL COLD ROLL FORMING MACHINE PROVIDER PROFESSIONAL CHOICE, PROFESSIONAL SERVICE\",\"potentialAction\":[{\"@type\":\"SearchAction\",\"target\":{\"@type\":\"EntryPoint\",\"urlTemplate\":\"https:\/\/test1.tzg.ink\/?s={search_term_string}\"},\"query-input\":{\"@type\":\"PropertyValueSpecification\",\"valueRequired\":true,\"valueName\":\"search_term_string\"}}],\"inLanguage\":\"es\"}]}<\/script>\n<!-- \/ Yoast SEO plugin. -->","yoast_head_json":{"title":"M\u00e1quina FrameMac LGS F1-C300 - LMS Roll Forming Machine","robots":{"index":"index","follow":"follow","max-snippet":"max-snippet:-1","max-image-preview":"max-image-preview:large","max-video-preview":"max-video-preview:-1"},"canonical":"https:\/\/test1.tzg.ink\/es\/product\/framemac-lgs-machine-f1-c300\/","og_locale":"es_ES","og_type":"article","og_title":"M\u00e1quina FrameMac LGS F1-C300 - LMS Roll Forming Machine","og_description":"M\u00e1quina FrameMac LGS F1-C300 El conformado por laminaci\u00f3n en fr\u00edo es un proceso flexible en el que se instalan una pluralidad de conjuntos de troqueles de perfilado (superior e inferior) en un orden determinado, y las bobinas de metal correspondientes se pasan a trav\u00e9s de un perfil espec\u00edfico del molde del cilindro de manera continua [&hellip;]","og_url":"https:\/\/test1.tzg.ink\/es\/product\/framemac-lgs-machine-f1-c300\/","og_site_name":"LMS Roll Forming Machine","article_modified_time":"2024-04-07T04:22:31+00:00","og_image":[{"width":800,"height":421,"url":"https:\/\/test1.tzg.ink\/wp-content\/uploads\/2024\/01\/c300-3.jpg","type":"image\/jpeg"}],"twitter_card":"summary_large_image","twitter_misc":{"Tiempo de lectura":"2 minutos"},"schema":{"@context":"https:\/\/schema.org","@graph":[{"@type":"WebPage","@id":"https:\/\/test1.tzg.ink\/es\/product\/framemac-lgs-machine-f1-c300\/","url":"https:\/\/test1.tzg.ink\/es\/product\/framemac-lgs-machine-f1-c300\/","name":"M\u00e1quina FrameMac LGS F1-C300 - LMS Roll Forming Machine","isPartOf":{"@id":"https:\/\/test1.tzg.ink\/#website"},"primaryImageOfPage":{"@id":"https:\/\/test1.tzg.ink\/es\/product\/framemac-lgs-machine-f1-c300\/#primaryimage"},"image":{"@id":"https:\/\/test1.tzg.ink\/es\/product\/framemac-lgs-machine-f1-c300\/#primaryimage"},"thumbnailUrl":"https:\/\/test1.tzg.ink\/wp-content\/uploads\/2024\/01\/c300-3.jpg","datePublished":"2022-01-24T20:23:43+00:00","dateModified":"2024-04-07T04:22:31+00:00","breadcrumb":{"@id":"https:\/\/test1.tzg.ink\/es\/product\/framemac-lgs-machine-f1-c300\/#breadcrumb"},"inLanguage":"es","potentialAction":[{"@type":"ReadAction","target":["https:\/\/test1.tzg.ink\/es\/product\/framemac-lgs-machine-f1-c300\/"]}]},{"@type":"ImageObject","inLanguage":"es","@id":"https:\/\/test1.tzg.ink\/es\/product\/framemac-lgs-machine-f1-c300\/#primaryimage","url":"https:\/\/test1.tzg.ink\/wp-content\/uploads\/2024\/01\/c300-3.jpg","contentUrl":"https:\/\/test1.tzg.ink\/wp-content\/uploads\/2024\/01\/c300-3.jpg","width":800,"height":421},{"@type":"BreadcrumbList","@id":"https:\/\/test1.tzg.ink\/es\/product\/framemac-lgs-machine-f1-c300\/#breadcrumb","itemListElement":[{"@type":"ListItem","position":1,"name":"Home","item":"https:\/\/test1.tzg.ink\/es\/"},{"@type":"ListItem","position":2,"name":"Products","item":"https:\/\/test1.tzg.ink\/ar\/product\/"},{"@type":"ListItem","position":3,"name":"M\u00e1quina FrameMac LGS F1-C300"}]},{"@type":"WebSite","@id":"https:\/\/test1.tzg.ink\/#website","url":"https:\/\/test1.tzg.ink\/","name":"LMS Roll Forming Machine","description":"LMS MACHINERY CHINA PROFESSIONAL COLD ROLL FORMING MACHINE PROVIDER PROFESSIONAL CHOICE, PROFESSIONAL SERVICE","potentialAction":[{"@type":"SearchAction","target":{"@type":"EntryPoint","urlTemplate":"https:\/\/test1.tzg.ink\/?s={search_term_string}"},"query-input":{"@type":"PropertyValueSpecification","valueRequired":true,"valueName":"search_term_string"}}],"inLanguage":"es"}]}},"_links":{"self":[{"href":"https:\/\/test1.tzg.ink\/es\/wp-json\/wp\/v2\/product\/8981","targetHints":{"allow":["GET"]}}],"collection":[{"href":"https:\/\/test1.tzg.ink\/es\/wp-json\/wp\/v2\/product"}],"about":[{"href":"https:\/\/test1.tzg.ink\/es\/wp-json\/wp\/v2\/types\/product"}],"wp:featuredmedia":[{"embeddable":true,"href":"https:\/\/test1.tzg.ink\/es\/wp-json\/wp\/v2\/media\/8983"}],"wp:attachment":[{"href":"https:\/\/test1.tzg.ink\/es\/wp-json\/wp\/v2\/media?parent=8981"}],"wp:term":[{"taxonomy":"product-type","embeddable":true,"href":"https:\/\/test1.tzg.ink\/es\/wp-json\/wp\/v2\/product-type?post=8981"}],"curies":[{"name":"wp","href":"https:\/\/api.w.org\/{rel}","templated":true}]}}