{"id":8971,"date":"2021-11-18T09:46:16","date_gmt":"2021-11-18T01:46:16","guid":{"rendered":"https:\/\/test1.tzg.ink\/product\/linea-de-produccion-de-salida-de-suministro-de-aire-de-presion-positiva\/"},"modified":"2024-04-07T11:20:12","modified_gmt":"2024-04-07T03:20:12","slug":"positive-pressure-air-supply-outlet-production-line","status":"publish","type":"product","link":"https:\/\/test1.tzg.ink\/es\/product\/positive-pressure-air-supply-outlet-production-line\/","title":{"rendered":"L\u00ednea De Producci\u00f3n De Salida De Suministro De Aire De Presi\u00f3n Positiva"},"content":{"rendered":"\n<h2 class=\"wp-block-heading has-text-align-center\"><span style=\"color: #000000;\"><strong>L\u00ednea De Producci\u00f3n De Salida De Suministro De Aire De Presi\u00f3n Positiva<\/strong><\/span><\/h2>\n\n\n\n<h4 class=\"wp-block-heading\"><\/h4>\n\n\n\n<p><span style=\"color: #000000;\">La l\u00ednea de producci\u00f3n de salida de suministro de aire de presi\u00f3n positiva para compuertas contra incendios LMS est\u00e1 compuesta principalmente por un desbobinador el\u00e9ctrico, una m\u00e1quina de nivelaci\u00f3n, perforaci\u00f3n y corte, transportador, m\u00e1quina perfiladora, sistema de doblado hidr\u00e1ulico, sistema hidr\u00e1ulico y sistema de control PLC, ampliamente utilizado para la producci\u00f3n en masa de compuertas cortafuegos salida de suministro de aire de presi\u00f3n positiva. Es uno de los equipos de l\u00ednea de producci\u00f3n m\u00e1s importantes para la fabricaci\u00f3n de compuertas cortafuegos, con la ventaja de una alta eficiencia y precisi\u00f3n, y un rendimiento estable.<\/span><\/p>\n\n\n\n<p><span style=\"color: #000000;\"><\/span><\/p>\n\n\n\n<h5 class=\"wp-block-heading\"><span style=\"color: #000000;\"><strong><a style=\"color: #000000;\" href=\"https:\/\/www.youtube.com\/channel\/UCI553CdzWjhBJkY1wOij8wQ\"><span style=\"text-decoration: underline;\">M\u00e1quina De Moldeo Por Suministro De Aire De Presi\u00f3n Positiva<\/span><\/a> Proceso De Producci\u00f3n:<\/strong><\/span><\/h5>\n\n\n\n<p><span style=\"color: #000000;\">Desbobinado &#8211; Guiado Del Material &#8211; Nivelaci\u00f3n &#8211; Perforaci\u00f3n De Borde Grande &#8211; Perforaci\u00f3n De Borde Peque\u00f1o &#8211; Perforaci\u00f3n De Orificio De Instalaci\u00f3n (\u2205 16 mm) &#8211; Perforaci\u00f3n De Orificio De Panel &#8211; Corte A Lo Largo &#8211; Transporte &#8211; Conformado Por Rollo &#8211; Doblado Autom\u00e1tico Hidr\u00e1ulico &#8211; Descarga Manual.<\/span><\/p>\n\n\n\n<h5 class=\"wp-block-heading\"><span style=\"color: #000000;\"><strong><a style=\"color: #000000;\" href=\"https:\/\/www.youtube.com\/channel\/UCbgfYeCfl-GUI5nM7rBtKBQ?view_as=subscriber\"><span style=\"text-decoration: underline;\">M\u00e1quina Formadora De Amortiguadores De Escape De Humo<\/span><\/a> Composici\u00f3n:<\/strong><\/span><\/h5>\n\n\n\n<figure class=\"wp-block-table\"><table><tbody><tr><td><strong>Art\u00edculo<\/strong><\/td><td><strong>Cantidad<\/strong><\/td><\/tr><tr><td>Desbobinador El\u00e9ctrico 5T<\/td><td>1 Unidad<\/td><\/tr><tr><td>Nivelaci\u00f3n \u2013 Punzonado \u2013 Cortadora<\/td><td>1 Unidad<\/td><\/tr><tr><td>Transportador<\/td><td>1 Unidad<\/td><\/tr><tr><td>M\u00e1quina Formadora De Rollos<\/td><td>1 Unidad<\/td><\/tr><tr><td>Sistema De Doblado Hidr\u00e1ulico<\/td><td>1 Juego<\/td><\/tr><tr><td>Sistema Hidr\u00e1ulico<\/td><td>2 Juegos<\/td><\/tr><tr><td>Sistema De Control PLC<\/td><td>1 Juego<\/td><\/tr><\/tbody><\/table><\/figure>\n\n\n\n<p><\/p>\n","protected":false},"excerpt":{"rendered":"<p>L\u00ednea De Producci\u00f3n De Salida De Suministro De Aire De Presi\u00f3n Positiva La l\u00ednea de producci\u00f3n de salida de suministro de aire de presi\u00f3n positiva para compuertas contra incendios LMS est\u00e1 compuesta principalmente por un desbobinador el\u00e9ctrico, una m\u00e1quina de nivelaci\u00f3n, perforaci\u00f3n y corte, transportador, m\u00e1quina perfiladora, sistema de doblado hidr\u00e1ulico, sistema hidr\u00e1ulico y sistema [&hellip;]<\/p>\n","protected":false},"featured_media":8972,"template":"","product-type":[209],"class_list":["post-8971","product","type-product","status-publish","has-post-thumbnail","hentry","product-type-louver-fire-damper-machine-es"],"acf":[],"yoast_head":"<!-- This site is optimized with the Yoast SEO plugin v26.6 - https:\/\/yoast.com\/wordpress\/plugins\/seo\/ -->\n<title>L\u00ednea De Producci\u00f3n De Salida De Suministro De Aire De Presi\u00f3n Positiva - LMS Roll Forming Machine<\/title>\n<meta name=\"robots\" content=\"index, follow, max-snippet:-1, max-image-preview:large, max-video-preview:-1\" \/>\n<link rel=\"canonical\" href=\"https:\/\/test1.tzg.ink\/es\/product\/positive-pressure-air-supply-outlet-production-line\/\" \/>\n<meta property=\"og:locale\" content=\"es_ES\" \/>\n<meta property=\"og:type\" content=\"article\" \/>\n<meta property=\"og:title\" content=\"L\u00ednea De Producci\u00f3n De Salida De Suministro De Aire De Presi\u00f3n Positiva - LMS Roll Forming Machine\" \/>\n<meta property=\"og:description\" content=\"L\u00ednea De Producci\u00f3n De Salida De Suministro De Aire De Presi\u00f3n Positiva La l\u00ednea de producci\u00f3n de salida de suministro de aire de presi\u00f3n positiva para compuertas contra incendios LMS est\u00e1 compuesta principalmente por un desbobinador el\u00e9ctrico, una m\u00e1quina de nivelaci\u00f3n, perforaci\u00f3n y corte, transportador, m\u00e1quina perfiladora, sistema de doblado hidr\u00e1ulico, sistema hidr\u00e1ulico y sistema [&hellip;]\" \/>\n<meta property=\"og:url\" content=\"https:\/\/test1.tzg.ink\/es\/product\/positive-pressure-air-supply-outlet-production-line\/\" \/>\n<meta property=\"og:site_name\" content=\"LMS Roll Forming Machine\" \/>\n<meta property=\"article:modified_time\" content=\"2024-04-07T03:20:12+00:00\" \/>\n<meta property=\"og:image\" content=\"https:\/\/test1.tzg.ink\/wp-content\/uploads\/2024\/01\/1-1_6.png\" \/>\n\t<meta property=\"og:image:width\" content=\"550\" \/>\n\t<meta property=\"og:image:height\" content=\"413\" \/>\n\t<meta property=\"og:image:type\" content=\"image\/png\" \/>\n<meta name=\"twitter:card\" content=\"summary_large_image\" \/>\n<meta name=\"twitter:label1\" content=\"Tiempo de lectura\" \/>\n\t<meta name=\"twitter:data1\" content=\"1 minuto\" \/>\n<script type=\"application\/ld+json\" class=\"yoast-schema-graph\">{\"@context\":\"https:\/\/schema.org\",\"@graph\":[{\"@type\":\"WebPage\",\"@id\":\"https:\/\/test1.tzg.ink\/es\/product\/positive-pressure-air-supply-outlet-production-line\/\",\"url\":\"https:\/\/test1.tzg.ink\/es\/product\/positive-pressure-air-supply-outlet-production-line\/\",\"name\":\"L\u00ednea De Producci\u00f3n De Salida De Suministro De Aire De Presi\u00f3n Positiva - LMS Roll Forming Machine\",\"isPartOf\":{\"@id\":\"https:\/\/test1.tzg.ink\/#website\"},\"primaryImageOfPage\":{\"@id\":\"https:\/\/test1.tzg.ink\/es\/product\/positive-pressure-air-supply-outlet-production-line\/#primaryimage\"},\"image\":{\"@id\":\"https:\/\/test1.tzg.ink\/es\/product\/positive-pressure-air-supply-outlet-production-line\/#primaryimage\"},\"thumbnailUrl\":\"https:\/\/test1.tzg.ink\/wp-content\/uploads\/2024\/01\/1-1_6.png\",\"datePublished\":\"2021-11-18T01:46:16+00:00\",\"dateModified\":\"2024-04-07T03:20:12+00:00\",\"breadcrumb\":{\"@id\":\"https:\/\/test1.tzg.ink\/es\/product\/positive-pressure-air-supply-outlet-production-line\/#breadcrumb\"},\"inLanguage\":\"es\",\"potentialAction\":[{\"@type\":\"ReadAction\",\"target\":[\"https:\/\/test1.tzg.ink\/es\/product\/positive-pressure-air-supply-outlet-production-line\/\"]}]},{\"@type\":\"ImageObject\",\"inLanguage\":\"es\",\"@id\":\"https:\/\/test1.tzg.ink\/es\/product\/positive-pressure-air-supply-outlet-production-line\/#primaryimage\",\"url\":\"https:\/\/test1.tzg.ink\/wp-content\/uploads\/2024\/01\/1-1_6.png\",\"contentUrl\":\"https:\/\/test1.tzg.ink\/wp-content\/uploads\/2024\/01\/1-1_6.png\",\"width\":550,\"height\":413},{\"@type\":\"BreadcrumbList\",\"@id\":\"https:\/\/test1.tzg.ink\/es\/product\/positive-pressure-air-supply-outlet-production-line\/#breadcrumb\",\"itemListElement\":[{\"@type\":\"ListItem\",\"position\":1,\"name\":\"Home\",\"item\":\"https:\/\/test1.tzg.ink\/es\/\"},{\"@type\":\"ListItem\",\"position\":2,\"name\":\"Products\",\"item\":\"https:\/\/test1.tzg.ink\/ar\/product\/\"},{\"@type\":\"ListItem\",\"position\":3,\"name\":\"L\u00ednea De Producci\u00f3n De Salida De Suministro De Aire De Presi\u00f3n Positiva\"}]},{\"@type\":\"WebSite\",\"@id\":\"https:\/\/test1.tzg.ink\/#website\",\"url\":\"https:\/\/test1.tzg.ink\/\",\"name\":\"LMS Roll Forming Machine\",\"description\":\"LMS MACHINERY CHINA PROFESSIONAL COLD ROLL FORMING MACHINE PROVIDER PROFESSIONAL CHOICE, PROFESSIONAL SERVICE\",\"potentialAction\":[{\"@type\":\"SearchAction\",\"target\":{\"@type\":\"EntryPoint\",\"urlTemplate\":\"https:\/\/test1.tzg.ink\/?s={search_term_string}\"},\"query-input\":{\"@type\":\"PropertyValueSpecification\",\"valueRequired\":true,\"valueName\":\"search_term_string\"}}],\"inLanguage\":\"es\"}]}<\/script>\n<!-- \/ Yoast SEO plugin. -->","yoast_head_json":{"title":"L\u00ednea De Producci\u00f3n De Salida De Suministro De Aire De Presi\u00f3n Positiva - LMS Roll Forming Machine","robots":{"index":"index","follow":"follow","max-snippet":"max-snippet:-1","max-image-preview":"max-image-preview:large","max-video-preview":"max-video-preview:-1"},"canonical":"https:\/\/test1.tzg.ink\/es\/product\/positive-pressure-air-supply-outlet-production-line\/","og_locale":"es_ES","og_type":"article","og_title":"L\u00ednea De Producci\u00f3n De Salida De Suministro De Aire De Presi\u00f3n Positiva - LMS Roll Forming Machine","og_description":"L\u00ednea De Producci\u00f3n De Salida De Suministro De Aire De Presi\u00f3n Positiva La l\u00ednea de producci\u00f3n de salida de suministro de aire de presi\u00f3n positiva para compuertas contra incendios LMS est\u00e1 compuesta principalmente por un desbobinador el\u00e9ctrico, una m\u00e1quina de nivelaci\u00f3n, perforaci\u00f3n y corte, transportador, m\u00e1quina perfiladora, sistema de doblado hidr\u00e1ulico, sistema hidr\u00e1ulico y sistema [&hellip;]","og_url":"https:\/\/test1.tzg.ink\/es\/product\/positive-pressure-air-supply-outlet-production-line\/","og_site_name":"LMS Roll Forming Machine","article_modified_time":"2024-04-07T03:20:12+00:00","og_image":[{"width":550,"height":413,"url":"https:\/\/test1.tzg.ink\/wp-content\/uploads\/2024\/01\/1-1_6.png","type":"image\/png"}],"twitter_card":"summary_large_image","twitter_misc":{"Tiempo de lectura":"1 minuto"},"schema":{"@context":"https:\/\/schema.org","@graph":[{"@type":"WebPage","@id":"https:\/\/test1.tzg.ink\/es\/product\/positive-pressure-air-supply-outlet-production-line\/","url":"https:\/\/test1.tzg.ink\/es\/product\/positive-pressure-air-supply-outlet-production-line\/","name":"L\u00ednea De Producci\u00f3n De Salida De Suministro De Aire De Presi\u00f3n Positiva - LMS Roll Forming Machine","isPartOf":{"@id":"https:\/\/test1.tzg.ink\/#website"},"primaryImageOfPage":{"@id":"https:\/\/test1.tzg.ink\/es\/product\/positive-pressure-air-supply-outlet-production-line\/#primaryimage"},"image":{"@id":"https:\/\/test1.tzg.ink\/es\/product\/positive-pressure-air-supply-outlet-production-line\/#primaryimage"},"thumbnailUrl":"https:\/\/test1.tzg.ink\/wp-content\/uploads\/2024\/01\/1-1_6.png","datePublished":"2021-11-18T01:46:16+00:00","dateModified":"2024-04-07T03:20:12+00:00","breadcrumb":{"@id":"https:\/\/test1.tzg.ink\/es\/product\/positive-pressure-air-supply-outlet-production-line\/#breadcrumb"},"inLanguage":"es","potentialAction":[{"@type":"ReadAction","target":["https:\/\/test1.tzg.ink\/es\/product\/positive-pressure-air-supply-outlet-production-line\/"]}]},{"@type":"ImageObject","inLanguage":"es","@id":"https:\/\/test1.tzg.ink\/es\/product\/positive-pressure-air-supply-outlet-production-line\/#primaryimage","url":"https:\/\/test1.tzg.ink\/wp-content\/uploads\/2024\/01\/1-1_6.png","contentUrl":"https:\/\/test1.tzg.ink\/wp-content\/uploads\/2024\/01\/1-1_6.png","width":550,"height":413},{"@type":"BreadcrumbList","@id":"https:\/\/test1.tzg.ink\/es\/product\/positive-pressure-air-supply-outlet-production-line\/#breadcrumb","itemListElement":[{"@type":"ListItem","position":1,"name":"Home","item":"https:\/\/test1.tzg.ink\/es\/"},{"@type":"ListItem","position":2,"name":"Products","item":"https:\/\/test1.tzg.ink\/ar\/product\/"},{"@type":"ListItem","position":3,"name":"L\u00ednea De Producci\u00f3n De Salida De Suministro De Aire De Presi\u00f3n Positiva"}]},{"@type":"WebSite","@id":"https:\/\/test1.tzg.ink\/#website","url":"https:\/\/test1.tzg.ink\/","name":"LMS Roll Forming Machine","description":"LMS MACHINERY CHINA PROFESSIONAL COLD ROLL FORMING MACHINE PROVIDER PROFESSIONAL CHOICE, PROFESSIONAL SERVICE","potentialAction":[{"@type":"SearchAction","target":{"@type":"EntryPoint","urlTemplate":"https:\/\/test1.tzg.ink\/?s={search_term_string}"},"query-input":{"@type":"PropertyValueSpecification","valueRequired":true,"valueName":"search_term_string"}}],"inLanguage":"es"}]}},"_links":{"self":[{"href":"https:\/\/test1.tzg.ink\/es\/wp-json\/wp\/v2\/product\/8971","targetHints":{"allow":["GET"]}}],"collection":[{"href":"https:\/\/test1.tzg.ink\/es\/wp-json\/wp\/v2\/product"}],"about":[{"href":"https:\/\/test1.tzg.ink\/es\/wp-json\/wp\/v2\/types\/product"}],"wp:featuredmedia":[{"embeddable":true,"href":"https:\/\/test1.tzg.ink\/es\/wp-json\/wp\/v2\/media\/8972"}],"wp:attachment":[{"href":"https:\/\/test1.tzg.ink\/es\/wp-json\/wp\/v2\/media?parent=8971"}],"wp:term":[{"taxonomy":"product-type","embeddable":true,"href":"https:\/\/test1.tzg.ink\/es\/wp-json\/wp\/v2\/product-type?post=8971"}],"curies":[{"name":"wp","href":"https:\/\/api.w.org\/{rel}","templated":true}]}}