{"id":8965,"date":"2021-11-18T08:15:23","date_gmt":"2021-11-18T00:15:23","guid":{"rendered":"https:\/\/test1.tzg.ink\/product\/plataforma-de-remachado-para-compuerta-cortafuegos-lms\/"},"modified":"2024-04-07T12:11:00","modified_gmt":"2024-04-07T04:11:00","slug":"lms-fire-damper-riveting-platform","status":"publish","type":"product","link":"https:\/\/test1.tzg.ink\/es\/product\/lms-fire-damper-riveting-platform\/","title":{"rendered":"Plataforma De Remachado Para Compuerta Cortafuegos LMS"},"content":{"rendered":"\n<h2 class=\"wp-block-heading has-text-align-center\"><span style=\"color: #000000;\"><strong>Plataforma De Remachado Para Compuerta Cortafuegos LMS<\/strong><\/span><\/h2>\n\n\n\n<p><span style=\"color: #000000;\">La plataforma de remachado para compuertas de fuego LMS se compone principalmente de una plataforma de remachado de marco exterior y de esquina, una plataforma de remachado de barra de soporte, un dispositivo de remachado de burletes, un sistema hidr\u00e1ulico y un sistema operativo de computadora. Es uno de los equipos de la l\u00ednea de producci\u00f3n m\u00e1s importantes para la fabricaci\u00f3n de compuertas cortafuegos.<\/span><\/p>\n\n\n\n<h5 class=\"wp-block-heading\"><\/h5>\n\n\n\n<h5 class=\"wp-block-heading\"><span style=\"color: #000000;\"><strong><a style=\"color: #000000;\" href=\"https:\/\/www.youtube.com\/channel\/UCI553CdzWjhBJkY1wOij8wQ\"><span style=\"text-decoration: underline;\">Plataforma De Sujeci\u00f3n De Compuerta Cortafuegos<\/span><\/a> Proceso De Producci\u00f3n:<\/strong><\/span><\/h5>\n\n\n\n<figure class=\"wp-block-image\"><img decoding=\"async\" src=\"https:\/\/es.lmsmachinery.com\/uploads\/images\/products\/2-2_5.png\" alt=\"\"\/><\/figure>\n\n\n\n<p><span style=\"color: #000000;\"><\/span><\/p>\n\n\n\n<p><span style=\"color: #000000;\">Remachado Del Marco Exterior (4 Remachado) &#8211; Remachado De Esquinas (4 Remachado) &#8211; Remachado De La Barra De Soporte (2 Remachado) &#8211; Ensamblaje De La Hoja &#8211; Remachado Con Burlete (Remachado Simple) &#8211; Ensamblaje Del Actuador De La Compuerta Contra Incendios &#8211; Producto Final.<\/span><\/p>\n\n\n\n<h5 class=\"wp-block-heading\"><span style=\"color: #000000;\"><strong><a style=\"color: #000000;\" href=\"https:\/\/www.youtube.com\/channel\/UCbgfYeCfl-GUI5nM7rBtKBQ?view_as=subscriber\"><span style=\"text-decoration: underline;\">Plataforma De Fijaci\u00f3n Para La Fabricaci\u00f3n De Compuertas Cortafuegos<\/span><\/a> Composici\u00f3n:<\/strong><\/span><\/h5>\n\n\n\n<figure class=\"wp-block-table\"><table><tbody><tr><td><span style=\"color: #000000;\"><strong>Art\u00edculo<\/strong><\/span><\/td><td><span style=\"color: #000000;\"><strong>Cantidad<\/strong><\/span><\/td><\/tr><tr><td><span style=\"color: #000000;\">Plataforma De Remachado De Esquina Y Marco Exterior<\/span><\/td><td><span style=\"color: #000000;\">1 Juego<\/span><\/td><\/tr><tr><td><span style=\"color: #000000;\">Plataforma De Remachado De Barra De Soporte<\/span><\/td><td><span style=\"color: #000000;\">1 Juego<\/span><\/td><\/tr><tr><td><span style=\"color: #000000;\">Dispositivo Suspendido Remachador De Burletes<\/span><\/td><td><span style=\"color: #000000;\">1 Juego<\/span><\/td><\/tr><tr><td><span style=\"color: #000000;\">Sistema Hidr\u00e1ulico<\/span><\/td><td><span style=\"color: #000000;\">4 Juegos<\/span><\/td><\/tr><tr><td><span style=\"color: #000000;\">Sistema Operativo De Computadora<\/span><\/td><td><span style=\"color: #000000;\">1 Juego<\/span><\/td><\/tr><\/tbody><\/table><\/figure>\n\n\n\n<p><\/p>\n","protected":false},"excerpt":{"rendered":"<p>Plataforma De Remachado Para Compuerta Cortafuegos LMS La plataforma de remachado para compuertas de fuego LMS se compone principalmente de una plataforma de remachado de marco exterior y de esquina, una plataforma de remachado de barra de soporte, un dispositivo de remachado de burletes, un sistema hidr\u00e1ulico y un sistema operativo de computadora. Es uno [&hellip;]<\/p>\n","protected":false},"featured_media":8966,"template":"","product-type":[209],"class_list":["post-8965","product","type-product","status-publish","has-post-thumbnail","hentry","product-type-louver-fire-damper-machine-es"],"acf":[],"yoast_head":"<!-- This site is optimized with the Yoast SEO plugin v26.6 - https:\/\/yoast.com\/wordpress\/plugins\/seo\/ -->\n<title>Plataforma De Remachado Para Compuerta Cortafuegos LMS - LMS Roll Forming Machine<\/title>\n<meta name=\"robots\" content=\"index, follow, max-snippet:-1, max-image-preview:large, max-video-preview:-1\" \/>\n<link rel=\"canonical\" href=\"https:\/\/test1.tzg.ink\/es\/product\/lms-fire-damper-riveting-platform\/\" \/>\n<meta property=\"og:locale\" content=\"es_ES\" \/>\n<meta property=\"og:type\" content=\"article\" \/>\n<meta property=\"og:title\" content=\"Plataforma De Remachado Para Compuerta Cortafuegos LMS - LMS Roll Forming Machine\" \/>\n<meta property=\"og:description\" content=\"Plataforma De Remachado Para Compuerta Cortafuegos LMS La plataforma de remachado para compuertas de fuego LMS se compone principalmente de una plataforma de remachado de marco exterior y de esquina, una plataforma de remachado de barra de soporte, un dispositivo de remachado de burletes, un sistema hidr\u00e1ulico y un sistema operativo de computadora. Es uno [&hellip;]\" \/>\n<meta property=\"og:url\" content=\"https:\/\/test1.tzg.ink\/es\/product\/lms-fire-damper-riveting-platform\/\" \/>\n<meta property=\"og:site_name\" content=\"LMS Roll Forming Machine\" \/>\n<meta property=\"article:modified_time\" content=\"2024-04-07T04:11:00+00:00\" \/>\n<meta property=\"og:image\" content=\"https:\/\/test1.tzg.ink\/wp-content\/uploads\/2024\/01\/1-1_5.png\" \/>\n\t<meta property=\"og:image:width\" content=\"550\" \/>\n\t<meta property=\"og:image:height\" content=\"413\" \/>\n\t<meta property=\"og:image:type\" content=\"image\/png\" \/>\n<meta name=\"twitter:card\" content=\"summary_large_image\" \/>\n<meta name=\"twitter:label1\" content=\"Tiempo de lectura\" \/>\n\t<meta name=\"twitter:data1\" content=\"1 minuto\" \/>\n<script type=\"application\/ld+json\" class=\"yoast-schema-graph\">{\"@context\":\"https:\/\/schema.org\",\"@graph\":[{\"@type\":\"WebPage\",\"@id\":\"https:\/\/test1.tzg.ink\/es\/product\/lms-fire-damper-riveting-platform\/\",\"url\":\"https:\/\/test1.tzg.ink\/es\/product\/lms-fire-damper-riveting-platform\/\",\"name\":\"Plataforma De Remachado Para Compuerta Cortafuegos LMS - LMS Roll Forming Machine\",\"isPartOf\":{\"@id\":\"https:\/\/test1.tzg.ink\/#website\"},\"primaryImageOfPage\":{\"@id\":\"https:\/\/test1.tzg.ink\/es\/product\/lms-fire-damper-riveting-platform\/#primaryimage\"},\"image\":{\"@id\":\"https:\/\/test1.tzg.ink\/es\/product\/lms-fire-damper-riveting-platform\/#primaryimage\"},\"thumbnailUrl\":\"https:\/\/test1.tzg.ink\/wp-content\/uploads\/2024\/01\/1-1_5.png\",\"datePublished\":\"2021-11-18T00:15:23+00:00\",\"dateModified\":\"2024-04-07T04:11:00+00:00\",\"breadcrumb\":{\"@id\":\"https:\/\/test1.tzg.ink\/es\/product\/lms-fire-damper-riveting-platform\/#breadcrumb\"},\"inLanguage\":\"es\",\"potentialAction\":[{\"@type\":\"ReadAction\",\"target\":[\"https:\/\/test1.tzg.ink\/es\/product\/lms-fire-damper-riveting-platform\/\"]}]},{\"@type\":\"ImageObject\",\"inLanguage\":\"es\",\"@id\":\"https:\/\/test1.tzg.ink\/es\/product\/lms-fire-damper-riveting-platform\/#primaryimage\",\"url\":\"https:\/\/test1.tzg.ink\/wp-content\/uploads\/2024\/01\/1-1_5.png\",\"contentUrl\":\"https:\/\/test1.tzg.ink\/wp-content\/uploads\/2024\/01\/1-1_5.png\",\"width\":550,\"height\":413},{\"@type\":\"BreadcrumbList\",\"@id\":\"https:\/\/test1.tzg.ink\/es\/product\/lms-fire-damper-riveting-platform\/#breadcrumb\",\"itemListElement\":[{\"@type\":\"ListItem\",\"position\":1,\"name\":\"Home\",\"item\":\"https:\/\/test1.tzg.ink\/es\/\"},{\"@type\":\"ListItem\",\"position\":2,\"name\":\"Products\",\"item\":\"https:\/\/test1.tzg.ink\/ar\/product\/\"},{\"@type\":\"ListItem\",\"position\":3,\"name\":\"Plataforma De Remachado Para Compuerta Cortafuegos LMS\"}]},{\"@type\":\"WebSite\",\"@id\":\"https:\/\/test1.tzg.ink\/#website\",\"url\":\"https:\/\/test1.tzg.ink\/\",\"name\":\"LMS Roll Forming Machine\",\"description\":\"LMS MACHINERY CHINA PROFESSIONAL COLD ROLL FORMING MACHINE PROVIDER PROFESSIONAL CHOICE, PROFESSIONAL SERVICE\",\"potentialAction\":[{\"@type\":\"SearchAction\",\"target\":{\"@type\":\"EntryPoint\",\"urlTemplate\":\"https:\/\/test1.tzg.ink\/?s={search_term_string}\"},\"query-input\":{\"@type\":\"PropertyValueSpecification\",\"valueRequired\":true,\"valueName\":\"search_term_string\"}}],\"inLanguage\":\"es\"}]}<\/script>\n<!-- \/ Yoast SEO plugin. -->","yoast_head_json":{"title":"Plataforma De Remachado Para Compuerta Cortafuegos LMS - LMS Roll Forming Machine","robots":{"index":"index","follow":"follow","max-snippet":"max-snippet:-1","max-image-preview":"max-image-preview:large","max-video-preview":"max-video-preview:-1"},"canonical":"https:\/\/test1.tzg.ink\/es\/product\/lms-fire-damper-riveting-platform\/","og_locale":"es_ES","og_type":"article","og_title":"Plataforma De Remachado Para Compuerta Cortafuegos LMS - LMS Roll Forming Machine","og_description":"Plataforma De Remachado Para Compuerta Cortafuegos LMS La plataforma de remachado para compuertas de fuego LMS se compone principalmente de una plataforma de remachado de marco exterior y de esquina, una plataforma de remachado de barra de soporte, un dispositivo de remachado de burletes, un sistema hidr\u00e1ulico y un sistema operativo de computadora. Es uno [&hellip;]","og_url":"https:\/\/test1.tzg.ink\/es\/product\/lms-fire-damper-riveting-platform\/","og_site_name":"LMS Roll Forming Machine","article_modified_time":"2024-04-07T04:11:00+00:00","og_image":[{"width":550,"height":413,"url":"https:\/\/test1.tzg.ink\/wp-content\/uploads\/2024\/01\/1-1_5.png","type":"image\/png"}],"twitter_card":"summary_large_image","twitter_misc":{"Tiempo de lectura":"1 minuto"},"schema":{"@context":"https:\/\/schema.org","@graph":[{"@type":"WebPage","@id":"https:\/\/test1.tzg.ink\/es\/product\/lms-fire-damper-riveting-platform\/","url":"https:\/\/test1.tzg.ink\/es\/product\/lms-fire-damper-riveting-platform\/","name":"Plataforma De Remachado Para Compuerta Cortafuegos LMS - LMS Roll Forming Machine","isPartOf":{"@id":"https:\/\/test1.tzg.ink\/#website"},"primaryImageOfPage":{"@id":"https:\/\/test1.tzg.ink\/es\/product\/lms-fire-damper-riveting-platform\/#primaryimage"},"image":{"@id":"https:\/\/test1.tzg.ink\/es\/product\/lms-fire-damper-riveting-platform\/#primaryimage"},"thumbnailUrl":"https:\/\/test1.tzg.ink\/wp-content\/uploads\/2024\/01\/1-1_5.png","datePublished":"2021-11-18T00:15:23+00:00","dateModified":"2024-04-07T04:11:00+00:00","breadcrumb":{"@id":"https:\/\/test1.tzg.ink\/es\/product\/lms-fire-damper-riveting-platform\/#breadcrumb"},"inLanguage":"es","potentialAction":[{"@type":"ReadAction","target":["https:\/\/test1.tzg.ink\/es\/product\/lms-fire-damper-riveting-platform\/"]}]},{"@type":"ImageObject","inLanguage":"es","@id":"https:\/\/test1.tzg.ink\/es\/product\/lms-fire-damper-riveting-platform\/#primaryimage","url":"https:\/\/test1.tzg.ink\/wp-content\/uploads\/2024\/01\/1-1_5.png","contentUrl":"https:\/\/test1.tzg.ink\/wp-content\/uploads\/2024\/01\/1-1_5.png","width":550,"height":413},{"@type":"BreadcrumbList","@id":"https:\/\/test1.tzg.ink\/es\/product\/lms-fire-damper-riveting-platform\/#breadcrumb","itemListElement":[{"@type":"ListItem","position":1,"name":"Home","item":"https:\/\/test1.tzg.ink\/es\/"},{"@type":"ListItem","position":2,"name":"Products","item":"https:\/\/test1.tzg.ink\/ar\/product\/"},{"@type":"ListItem","position":3,"name":"Plataforma De Remachado Para Compuerta Cortafuegos LMS"}]},{"@type":"WebSite","@id":"https:\/\/test1.tzg.ink\/#website","url":"https:\/\/test1.tzg.ink\/","name":"LMS Roll Forming Machine","description":"LMS MACHINERY CHINA PROFESSIONAL COLD ROLL FORMING MACHINE PROVIDER PROFESSIONAL CHOICE, PROFESSIONAL SERVICE","potentialAction":[{"@type":"SearchAction","target":{"@type":"EntryPoint","urlTemplate":"https:\/\/test1.tzg.ink\/?s={search_term_string}"},"query-input":{"@type":"PropertyValueSpecification","valueRequired":true,"valueName":"search_term_string"}}],"inLanguage":"es"}]}},"_links":{"self":[{"href":"https:\/\/test1.tzg.ink\/es\/wp-json\/wp\/v2\/product\/8965","targetHints":{"allow":["GET"]}}],"collection":[{"href":"https:\/\/test1.tzg.ink\/es\/wp-json\/wp\/v2\/product"}],"about":[{"href":"https:\/\/test1.tzg.ink\/es\/wp-json\/wp\/v2\/types\/product"}],"wp:featuredmedia":[{"embeddable":true,"href":"https:\/\/test1.tzg.ink\/es\/wp-json\/wp\/v2\/media\/8966"}],"wp:attachment":[{"href":"https:\/\/test1.tzg.ink\/es\/wp-json\/wp\/v2\/media?parent=8965"}],"wp:term":[{"taxonomy":"product-type","embeddable":true,"href":"https:\/\/test1.tzg.ink\/es\/wp-json\/wp\/v2\/product-type?post=8965"}],"curies":[{"name":"wp","href":"https:\/\/api.w.org\/{rel}","templated":true}]}}