{"id":8956,"date":"2021-11-18T03:57:56","date_gmt":"2021-11-17T19:57:56","guid":{"rendered":"https:\/\/test1.tzg.ink\/product\/maquina-formadora-de-barras-de-soporte-para-compuertas-cortafuegos-lms\/"},"modified":"2024-04-07T11:53:46","modified_gmt":"2024-04-07T03:53:46","slug":"lms-fire-damper-support-bar-forming-machine","status":"publish","type":"product","link":"https:\/\/test1.tzg.ink\/es\/product\/lms-fire-damper-support-bar-forming-machine\/","title":{"rendered":"M\u00e1quina Formadora De Barras De Soporte Para Compuertas Cortafuegos LMS"},"content":{"rendered":"\n<h2 class=\"wp-block-heading has-text-align-center\"><span style=\"color: #000000;\"><strong>M\u00e1quina Formadora De Barras De Soporte Para Compuertas Cortafuegos LMS<\/strong><\/span><\/h2>\n\n\n\n<p><span style=\"color: #000000;\">La m\u00e1quina formadora de barras de soporte para compuertas contra incendios LMS est\u00e1 compuesta principalmente por un desbobinador manual, una m\u00e1quina perfiladora, herramientas de corte y perforaci\u00f3n, un sistema de control el\u00e9ctrico y un sistema de control hidr\u00e1ulico, ampliamente utilizado para la producci\u00f3n en masa de barras de soporte para compuertas contra incendios. Es uno de los equipos de l\u00ednea de producci\u00f3n m\u00e1s importantes para la fabricaci\u00f3n de compuertas cortafuegos, con la ventaja de una alta eficiencia y precisi\u00f3n, y un rendimiento estable.<\/span><\/p>\n\n\n\n<p><span style=\"color: #000000;\"><\/span><\/p>\n\n\n\n<h5 class=\"wp-block-heading\"><span style=\"color: #000000;\"><strong><a style=\"color: #000000;\" href=\"https:\/\/www.youtube.com\/channel\/UCI553CdzWjhBJkY1wOij8wQ\"><span style=\"text-decoration: underline;\">M\u00e1quina De Barra De Soporte De Compuerta Contra Incendios<\/span><\/a> Proceso De Producci\u00f3n:<\/strong><\/span><\/h5>\n\n\n\n<p><span style=\"color: #000000;\">Desenrollado &#8211; Formaci\u00f3n De Rollos &#8211; Enderezamiento, Remodelaci\u00f3n &#8211; Corte A Medida, Perforado &#8211; Descarga Manual.<\/span><\/p>\n\n\n\n<h5 class=\"wp-block-heading\"><span style=\"color: #000000;\"><strong><a style=\"color: #000000;\" href=\"https:\/\/www.youtube.com\/channel\/UCbgfYeCfl-GUI5nM7rBtKBQ?view_as=subscriber\"><span style=\"text-decoration: underline;\">L\u00ednea De Producci\u00f3n De Barras De Soporte Para Compuertas Contra Incendios<\/span><\/a> Composici\u00f3n:<\/strong><\/span><\/h5>\n\n\n\n<figure class=\"wp-block-table\"><table><tbody><tr><td><span style=\"color: #000000;\"><strong>Art\u00edculo<\/strong><\/span><\/td><td><span style=\"color: #000000;\"><strong>Cantidad<\/strong><\/span><\/td><\/tr><tr><td><span style=\"color: #000000;\">Desbobinador Manual<\/span><\/td><td><span style=\"color: #000000;\">1 Unidad<\/span><\/td><\/tr><tr><td><span style=\"color: #000000;\">M\u00e1quina Formadora De Rollos<\/span><\/td><td><span style=\"color: #000000;\">1 Unidad<\/span><\/td><\/tr><tr><td><span style=\"color: #000000;\">Herramientas De Corte Y Punzonado<\/span><\/td><td><span style=\"color: #000000;\">Cada 1 Juego<\/span><\/td><\/tr><tr><td><span style=\"color: #000000;\">Sistema De Control El\u00e9ctrico<\/span><\/td><td><span style=\"color: #000000;\">1 Juego<\/span><\/td><\/tr><tr><td><span style=\"color: #000000;\">Sistema Hidr\u00e1ulico<\/span><\/td><td><span style=\"color: #000000;\">1 Juego<\/span><\/td><\/tr><\/tbody><\/table><\/figure>\n\n\n\n<p><\/p>\n","protected":false},"excerpt":{"rendered":"<p>M\u00e1quina Formadora De Barras De Soporte Para Compuertas Cortafuegos LMS La m\u00e1quina formadora de barras de soporte para compuertas contra incendios LMS est\u00e1 compuesta principalmente por un desbobinador manual, una m\u00e1quina perfiladora, herramientas de corte y perforaci\u00f3n, un sistema de control el\u00e9ctrico y un sistema de control hidr\u00e1ulico, ampliamente utilizado para la producci\u00f3n en masa [&hellip;]<\/p>\n","protected":false},"featured_media":8957,"template":"","product-type":[209],"class_list":["post-8956","product","type-product","status-publish","has-post-thumbnail","hentry","product-type-louver-fire-damper-machine-es"],"acf":[],"yoast_head":"<!-- This site is optimized with the Yoast SEO plugin v26.6 - https:\/\/yoast.com\/wordpress\/plugins\/seo\/ -->\n<title>M\u00e1quina Formadora De Barras De Soporte Para Compuertas Cortafuegos LMS - LMS Roll Forming Machine<\/title>\n<meta name=\"robots\" content=\"index, follow, max-snippet:-1, max-image-preview:large, max-video-preview:-1\" \/>\n<link rel=\"canonical\" href=\"https:\/\/test1.tzg.ink\/es\/product\/lms-fire-damper-support-bar-forming-machine\/\" \/>\n<meta property=\"og:locale\" content=\"es_ES\" \/>\n<meta property=\"og:type\" content=\"article\" \/>\n<meta property=\"og:title\" content=\"M\u00e1quina Formadora De Barras De Soporte Para Compuertas Cortafuegos LMS - LMS Roll Forming Machine\" \/>\n<meta property=\"og:description\" content=\"M\u00e1quina Formadora De Barras De Soporte Para Compuertas Cortafuegos LMS La m\u00e1quina formadora de barras de soporte para compuertas contra incendios LMS est\u00e1 compuesta principalmente por un desbobinador manual, una m\u00e1quina perfiladora, herramientas de corte y perforaci\u00f3n, un sistema de control el\u00e9ctrico y un sistema de control hidr\u00e1ulico, ampliamente utilizado para la producci\u00f3n en masa [&hellip;]\" \/>\n<meta property=\"og:url\" content=\"https:\/\/test1.tzg.ink\/es\/product\/lms-fire-damper-support-bar-forming-machine\/\" \/>\n<meta property=\"og:site_name\" content=\"LMS Roll Forming Machine\" \/>\n<meta property=\"article:modified_time\" content=\"2024-04-07T03:53:46+00:00\" \/>\n<meta property=\"og:image\" content=\"https:\/\/test1.tzg.ink\/wp-content\/uploads\/2024\/01\/1-1_3.png\" \/>\n\t<meta property=\"og:image:width\" content=\"550\" \/>\n\t<meta property=\"og:image:height\" content=\"413\" \/>\n\t<meta property=\"og:image:type\" content=\"image\/png\" \/>\n<meta name=\"twitter:card\" content=\"summary_large_image\" \/>\n<meta name=\"twitter:label1\" content=\"Tiempo de lectura\" \/>\n\t<meta name=\"twitter:data1\" content=\"1 minuto\" \/>\n<script type=\"application\/ld+json\" class=\"yoast-schema-graph\">{\"@context\":\"https:\/\/schema.org\",\"@graph\":[{\"@type\":\"WebPage\",\"@id\":\"https:\/\/test1.tzg.ink\/es\/product\/lms-fire-damper-support-bar-forming-machine\/\",\"url\":\"https:\/\/test1.tzg.ink\/es\/product\/lms-fire-damper-support-bar-forming-machine\/\",\"name\":\"M\u00e1quina Formadora De Barras De Soporte Para Compuertas Cortafuegos LMS - LMS Roll Forming Machine\",\"isPartOf\":{\"@id\":\"https:\/\/test1.tzg.ink\/#website\"},\"primaryImageOfPage\":{\"@id\":\"https:\/\/test1.tzg.ink\/es\/product\/lms-fire-damper-support-bar-forming-machine\/#primaryimage\"},\"image\":{\"@id\":\"https:\/\/test1.tzg.ink\/es\/product\/lms-fire-damper-support-bar-forming-machine\/#primaryimage\"},\"thumbnailUrl\":\"https:\/\/test1.tzg.ink\/wp-content\/uploads\/2024\/01\/1-1_3.png\",\"datePublished\":\"2021-11-17T19:57:56+00:00\",\"dateModified\":\"2024-04-07T03:53:46+00:00\",\"breadcrumb\":{\"@id\":\"https:\/\/test1.tzg.ink\/es\/product\/lms-fire-damper-support-bar-forming-machine\/#breadcrumb\"},\"inLanguage\":\"es\",\"potentialAction\":[{\"@type\":\"ReadAction\",\"target\":[\"https:\/\/test1.tzg.ink\/es\/product\/lms-fire-damper-support-bar-forming-machine\/\"]}]},{\"@type\":\"ImageObject\",\"inLanguage\":\"es\",\"@id\":\"https:\/\/test1.tzg.ink\/es\/product\/lms-fire-damper-support-bar-forming-machine\/#primaryimage\",\"url\":\"https:\/\/test1.tzg.ink\/wp-content\/uploads\/2024\/01\/1-1_3.png\",\"contentUrl\":\"https:\/\/test1.tzg.ink\/wp-content\/uploads\/2024\/01\/1-1_3.png\",\"width\":550,\"height\":413},{\"@type\":\"BreadcrumbList\",\"@id\":\"https:\/\/test1.tzg.ink\/es\/product\/lms-fire-damper-support-bar-forming-machine\/#breadcrumb\",\"itemListElement\":[{\"@type\":\"ListItem\",\"position\":1,\"name\":\"Home\",\"item\":\"https:\/\/test1.tzg.ink\/es\/\"},{\"@type\":\"ListItem\",\"position\":2,\"name\":\"Products\",\"item\":\"https:\/\/test1.tzg.ink\/ar\/product\/\"},{\"@type\":\"ListItem\",\"position\":3,\"name\":\"M\u00e1quina Formadora De Barras De Soporte Para Compuertas Cortafuegos LMS\"}]},{\"@type\":\"WebSite\",\"@id\":\"https:\/\/test1.tzg.ink\/#website\",\"url\":\"https:\/\/test1.tzg.ink\/\",\"name\":\"LMS Roll Forming Machine\",\"description\":\"LMS MACHINERY CHINA PROFESSIONAL COLD ROLL FORMING MACHINE PROVIDER PROFESSIONAL CHOICE, PROFESSIONAL SERVICE\",\"potentialAction\":[{\"@type\":\"SearchAction\",\"target\":{\"@type\":\"EntryPoint\",\"urlTemplate\":\"https:\/\/test1.tzg.ink\/?s={search_term_string}\"},\"query-input\":{\"@type\":\"PropertyValueSpecification\",\"valueRequired\":true,\"valueName\":\"search_term_string\"}}],\"inLanguage\":\"es\"}]}<\/script>\n<!-- \/ Yoast SEO plugin. -->","yoast_head_json":{"title":"M\u00e1quina Formadora De Barras De Soporte Para Compuertas Cortafuegos LMS - LMS Roll Forming Machine","robots":{"index":"index","follow":"follow","max-snippet":"max-snippet:-1","max-image-preview":"max-image-preview:large","max-video-preview":"max-video-preview:-1"},"canonical":"https:\/\/test1.tzg.ink\/es\/product\/lms-fire-damper-support-bar-forming-machine\/","og_locale":"es_ES","og_type":"article","og_title":"M\u00e1quina Formadora De Barras De Soporte Para Compuertas Cortafuegos LMS - LMS Roll Forming Machine","og_description":"M\u00e1quina Formadora De Barras De Soporte Para Compuertas Cortafuegos LMS La m\u00e1quina formadora de barras de soporte para compuertas contra incendios LMS est\u00e1 compuesta principalmente por un desbobinador manual, una m\u00e1quina perfiladora, herramientas de corte y perforaci\u00f3n, un sistema de control el\u00e9ctrico y un sistema de control hidr\u00e1ulico, ampliamente utilizado para la producci\u00f3n en masa [&hellip;]","og_url":"https:\/\/test1.tzg.ink\/es\/product\/lms-fire-damper-support-bar-forming-machine\/","og_site_name":"LMS Roll Forming Machine","article_modified_time":"2024-04-07T03:53:46+00:00","og_image":[{"width":550,"height":413,"url":"https:\/\/test1.tzg.ink\/wp-content\/uploads\/2024\/01\/1-1_3.png","type":"image\/png"}],"twitter_card":"summary_large_image","twitter_misc":{"Tiempo de lectura":"1 minuto"},"schema":{"@context":"https:\/\/schema.org","@graph":[{"@type":"WebPage","@id":"https:\/\/test1.tzg.ink\/es\/product\/lms-fire-damper-support-bar-forming-machine\/","url":"https:\/\/test1.tzg.ink\/es\/product\/lms-fire-damper-support-bar-forming-machine\/","name":"M\u00e1quina Formadora De Barras De Soporte Para Compuertas Cortafuegos LMS - LMS Roll Forming Machine","isPartOf":{"@id":"https:\/\/test1.tzg.ink\/#website"},"primaryImageOfPage":{"@id":"https:\/\/test1.tzg.ink\/es\/product\/lms-fire-damper-support-bar-forming-machine\/#primaryimage"},"image":{"@id":"https:\/\/test1.tzg.ink\/es\/product\/lms-fire-damper-support-bar-forming-machine\/#primaryimage"},"thumbnailUrl":"https:\/\/test1.tzg.ink\/wp-content\/uploads\/2024\/01\/1-1_3.png","datePublished":"2021-11-17T19:57:56+00:00","dateModified":"2024-04-07T03:53:46+00:00","breadcrumb":{"@id":"https:\/\/test1.tzg.ink\/es\/product\/lms-fire-damper-support-bar-forming-machine\/#breadcrumb"},"inLanguage":"es","potentialAction":[{"@type":"ReadAction","target":["https:\/\/test1.tzg.ink\/es\/product\/lms-fire-damper-support-bar-forming-machine\/"]}]},{"@type":"ImageObject","inLanguage":"es","@id":"https:\/\/test1.tzg.ink\/es\/product\/lms-fire-damper-support-bar-forming-machine\/#primaryimage","url":"https:\/\/test1.tzg.ink\/wp-content\/uploads\/2024\/01\/1-1_3.png","contentUrl":"https:\/\/test1.tzg.ink\/wp-content\/uploads\/2024\/01\/1-1_3.png","width":550,"height":413},{"@type":"BreadcrumbList","@id":"https:\/\/test1.tzg.ink\/es\/product\/lms-fire-damper-support-bar-forming-machine\/#breadcrumb","itemListElement":[{"@type":"ListItem","position":1,"name":"Home","item":"https:\/\/test1.tzg.ink\/es\/"},{"@type":"ListItem","position":2,"name":"Products","item":"https:\/\/test1.tzg.ink\/ar\/product\/"},{"@type":"ListItem","position":3,"name":"M\u00e1quina Formadora De Barras De Soporte Para Compuertas Cortafuegos LMS"}]},{"@type":"WebSite","@id":"https:\/\/test1.tzg.ink\/#website","url":"https:\/\/test1.tzg.ink\/","name":"LMS Roll Forming Machine","description":"LMS MACHINERY CHINA PROFESSIONAL COLD ROLL FORMING MACHINE PROVIDER PROFESSIONAL CHOICE, PROFESSIONAL SERVICE","potentialAction":[{"@type":"SearchAction","target":{"@type":"EntryPoint","urlTemplate":"https:\/\/test1.tzg.ink\/?s={search_term_string}"},"query-input":{"@type":"PropertyValueSpecification","valueRequired":true,"valueName":"search_term_string"}}],"inLanguage":"es"}]}},"_links":{"self":[{"href":"https:\/\/test1.tzg.ink\/es\/wp-json\/wp\/v2\/product\/8956","targetHints":{"allow":["GET"]}}],"collection":[{"href":"https:\/\/test1.tzg.ink\/es\/wp-json\/wp\/v2\/product"}],"about":[{"href":"https:\/\/test1.tzg.ink\/es\/wp-json\/wp\/v2\/types\/product"}],"wp:featuredmedia":[{"embeddable":true,"href":"https:\/\/test1.tzg.ink\/es\/wp-json\/wp\/v2\/media\/8957"}],"wp:attachment":[{"href":"https:\/\/test1.tzg.ink\/es\/wp-json\/wp\/v2\/media?parent=8956"}],"wp:term":[{"taxonomy":"product-type","embeddable":true,"href":"https:\/\/test1.tzg.ink\/es\/wp-json\/wp\/v2\/product-type?post=8956"}],"curies":[{"name":"wp","href":"https:\/\/api.w.org\/{rel}","templated":true}]}}