{"id":8951,"date":"2021-11-18T03:09:34","date_gmt":"2021-11-17T19:09:34","guid":{"rendered":"https:\/\/test1.tzg.ink\/product\/maquina-formadora-de-hojas-de-compuerta-cortafuegos-lms\/"},"modified":"2024-04-07T12:15:42","modified_gmt":"2024-04-07T04:15:42","slug":"lms-fire-damper-leaf-forming-machine","status":"publish","type":"product","link":"https:\/\/test1.tzg.ink\/es\/product\/lms-fire-damper-leaf-forming-machine\/","title":{"rendered":"M\u00e1quina Formadora De Hojas De Compuerta Cortafuegos LMS"},"content":{"rendered":"\n<h2 class=\"wp-block-heading has-text-align-center\"><span style=\"color: #000000;\"><strong>M\u00e1quina Formadora De Hojas De Compuerta Cortafuegos LMS<\/strong><\/span><\/h2>\n\n\n\n<p><span style=\"color: #000000;\">La m\u00e1quina formadora de hojas de compuerta cortafuegos LMS se compone principalmente de un desbobinador manual, m\u00e1quina formadora, herramientas de corte y perforaci\u00f3n, sistema de control el\u00e9ctrico y sistema de control hidr\u00e1ulico, ampliamente utilizado para la producci\u00f3n en masa de hojas de compuerta cortafuegos. Toda la l\u00ednea est\u00e1 controlada por el PLC japon\u00e9s de Panasonic, el operador puede configurar para ejecutar la l\u00ednea autom\u00e1ticamente y monitorear el proceso de control.<\/span><\/p>\n\n\n\n<p><span style=\"color: #000000;\"><\/span><\/p>\n\n\n\n<h5 class=\"wp-block-heading\"><span style=\"color: #000000;\"><strong><a style=\"color: #000000;\" href=\"https:\/\/www.youtube.com\/channel\/UCI553CdzWjhBJkY1wOij8wQ\"><span style=\"text-decoration: underline;\">M\u00e1quina De Cuchillas De Compuerta Contra Incendios<\/span><\/a>&nbsp;Proceso De Producci\u00f3n:<\/strong><\/span><\/h5>\n\n\n\n<p><span style=\"color: #000000;\">Desenrollado &#8211; Formaci\u00f3n De Rollos &#8211; Enderezamiento, Remodelaci\u00f3n &#8211; Corte A Medida (Punzonado) &#8211; Descarga Manual.<\/span><\/p>\n\n\n\n<h5 class=\"wp-block-heading\"><span style=\"color: #000000;\"><strong><a style=\"color: #000000;\" href=\"https:\/\/www.youtube.com\/channel\/UCbgfYeCfl-GUI5nM7rBtKBQ?view_as=subscriber\"><span style=\"text-decoration: underline;\">L\u00ednea De Formaci\u00f3n De Cuchillas De Compuerta Cortafuegos<\/span><\/a>&nbsp;Composici\u00f3n:<\/strong><\/span><\/h5>\n\n\n\n<figure class=\"wp-block-table\"><table><tbody><tr><td><span style=\"color: #000000;\"><strong>Art\u00edculo<\/strong><\/span><\/td><td><span style=\"color: #000000;\"><strong>Cantidad<\/strong><\/span><\/td><\/tr><tr><td><span style=\"color: #000000;\">Desbobinador Manual<\/span><\/td><td><span style=\"color: #000000;\">1 Unidad<\/span><\/td><\/tr><tr><td><span style=\"color: #000000;\">M\u00e1quina Formadora<\/span><\/td><td><span style=\"color: #000000;\">1 Unidad<\/span><\/td><\/tr><tr><td><span style=\"color: #000000;\">Herramientas De Corte, Punzonado<\/span><\/td><td><span style=\"color: #000000;\">1 Juego<\/span><\/td><\/tr><tr><td><span style=\"color: #000000;\">Sistema De Control El\u00e9ctrico<\/span><\/td><td><span style=\"color: #000000;\">1 Juego<\/span><\/td><\/tr><tr><td><span style=\"color: #000000;\">Sistema De Control Hidr\u00e1ulico<\/span><\/td><td><span style=\"color: #000000;\">1 Juego<\/span><\/td><\/tr><\/tbody><\/table><\/figure>\n\n\n\n<p><\/p>\n","protected":false},"excerpt":{"rendered":"<p>M\u00e1quina Formadora De Hojas De Compuerta Cortafuegos LMS La m\u00e1quina formadora de hojas de compuerta cortafuegos LMS se compone principalmente de un desbobinador manual, m\u00e1quina formadora, herramientas de corte y perforaci\u00f3n, sistema de control el\u00e9ctrico y sistema de control hidr\u00e1ulico, ampliamente utilizado para la producci\u00f3n en masa de hojas de compuerta cortafuegos. Toda la l\u00ednea [&hellip;]<\/p>\n","protected":false},"featured_media":8952,"template":"","product-type":[209],"class_list":["post-8951","product","type-product","status-publish","has-post-thumbnail","hentry","product-type-louver-fire-damper-machine-es"],"acf":[],"yoast_head":"<!-- This site is optimized with the Yoast SEO plugin v26.6 - https:\/\/yoast.com\/wordpress\/plugins\/seo\/ -->\n<title>M\u00e1quina Formadora De Hojas De Compuerta Cortafuegos LMS - LMS Roll Forming Machine<\/title>\n<meta name=\"robots\" content=\"index, follow, max-snippet:-1, max-image-preview:large, max-video-preview:-1\" \/>\n<link rel=\"canonical\" href=\"https:\/\/test1.tzg.ink\/es\/product\/lms-fire-damper-leaf-forming-machine\/\" \/>\n<meta property=\"og:locale\" content=\"es_ES\" \/>\n<meta property=\"og:type\" content=\"article\" \/>\n<meta property=\"og:title\" content=\"M\u00e1quina Formadora De Hojas De Compuerta Cortafuegos LMS - LMS Roll Forming Machine\" \/>\n<meta property=\"og:description\" content=\"M\u00e1quina Formadora De Hojas De Compuerta Cortafuegos LMS La m\u00e1quina formadora de hojas de compuerta cortafuegos LMS se compone principalmente de un desbobinador manual, m\u00e1quina formadora, herramientas de corte y perforaci\u00f3n, sistema de control el\u00e9ctrico y sistema de control hidr\u00e1ulico, ampliamente utilizado para la producci\u00f3n en masa de hojas de compuerta cortafuegos. Toda la l\u00ednea [&hellip;]\" \/>\n<meta property=\"og:url\" content=\"https:\/\/test1.tzg.ink\/es\/product\/lms-fire-damper-leaf-forming-machine\/\" \/>\n<meta property=\"og:site_name\" content=\"LMS Roll Forming Machine\" \/>\n<meta property=\"article:modified_time\" content=\"2024-04-07T04:15:42+00:00\" \/>\n<meta property=\"og:image\" content=\"https:\/\/test1.tzg.ink\/wp-content\/uploads\/2024\/01\/1-1_2.png\" \/>\n\t<meta property=\"og:image:width\" content=\"550\" \/>\n\t<meta property=\"og:image:height\" content=\"413\" \/>\n\t<meta property=\"og:image:type\" content=\"image\/png\" \/>\n<meta name=\"twitter:card\" content=\"summary_large_image\" \/>\n<meta name=\"twitter:label1\" content=\"Tiempo de lectura\" \/>\n\t<meta name=\"twitter:data1\" content=\"1 minuto\" \/>\n<script type=\"application\/ld+json\" class=\"yoast-schema-graph\">{\"@context\":\"https:\/\/schema.org\",\"@graph\":[{\"@type\":\"WebPage\",\"@id\":\"https:\/\/test1.tzg.ink\/es\/product\/lms-fire-damper-leaf-forming-machine\/\",\"url\":\"https:\/\/test1.tzg.ink\/es\/product\/lms-fire-damper-leaf-forming-machine\/\",\"name\":\"M\u00e1quina Formadora De Hojas De Compuerta Cortafuegos LMS - LMS Roll Forming Machine\",\"isPartOf\":{\"@id\":\"https:\/\/test1.tzg.ink\/#website\"},\"primaryImageOfPage\":{\"@id\":\"https:\/\/test1.tzg.ink\/es\/product\/lms-fire-damper-leaf-forming-machine\/#primaryimage\"},\"image\":{\"@id\":\"https:\/\/test1.tzg.ink\/es\/product\/lms-fire-damper-leaf-forming-machine\/#primaryimage\"},\"thumbnailUrl\":\"https:\/\/test1.tzg.ink\/wp-content\/uploads\/2024\/01\/1-1_2.png\",\"datePublished\":\"2021-11-17T19:09:34+00:00\",\"dateModified\":\"2024-04-07T04:15:42+00:00\",\"breadcrumb\":{\"@id\":\"https:\/\/test1.tzg.ink\/es\/product\/lms-fire-damper-leaf-forming-machine\/#breadcrumb\"},\"inLanguage\":\"es\",\"potentialAction\":[{\"@type\":\"ReadAction\",\"target\":[\"https:\/\/test1.tzg.ink\/es\/product\/lms-fire-damper-leaf-forming-machine\/\"]}]},{\"@type\":\"ImageObject\",\"inLanguage\":\"es\",\"@id\":\"https:\/\/test1.tzg.ink\/es\/product\/lms-fire-damper-leaf-forming-machine\/#primaryimage\",\"url\":\"https:\/\/test1.tzg.ink\/wp-content\/uploads\/2024\/01\/1-1_2.png\",\"contentUrl\":\"https:\/\/test1.tzg.ink\/wp-content\/uploads\/2024\/01\/1-1_2.png\",\"width\":550,\"height\":413},{\"@type\":\"BreadcrumbList\",\"@id\":\"https:\/\/test1.tzg.ink\/es\/product\/lms-fire-damper-leaf-forming-machine\/#breadcrumb\",\"itemListElement\":[{\"@type\":\"ListItem\",\"position\":1,\"name\":\"Home\",\"item\":\"https:\/\/test1.tzg.ink\/es\/\"},{\"@type\":\"ListItem\",\"position\":2,\"name\":\"Products\",\"item\":\"https:\/\/test1.tzg.ink\/ar\/product\/\"},{\"@type\":\"ListItem\",\"position\":3,\"name\":\"M\u00e1quina Formadora De Hojas De Compuerta Cortafuegos LMS\"}]},{\"@type\":\"WebSite\",\"@id\":\"https:\/\/test1.tzg.ink\/#website\",\"url\":\"https:\/\/test1.tzg.ink\/\",\"name\":\"LMS Roll Forming Machine\",\"description\":\"LMS MACHINERY CHINA PROFESSIONAL COLD ROLL FORMING MACHINE PROVIDER PROFESSIONAL CHOICE, PROFESSIONAL SERVICE\",\"potentialAction\":[{\"@type\":\"SearchAction\",\"target\":{\"@type\":\"EntryPoint\",\"urlTemplate\":\"https:\/\/test1.tzg.ink\/?s={search_term_string}\"},\"query-input\":{\"@type\":\"PropertyValueSpecification\",\"valueRequired\":true,\"valueName\":\"search_term_string\"}}],\"inLanguage\":\"es\"}]}<\/script>\n<!-- \/ Yoast SEO plugin. -->","yoast_head_json":{"title":"M\u00e1quina Formadora De Hojas De Compuerta Cortafuegos LMS - LMS Roll Forming Machine","robots":{"index":"index","follow":"follow","max-snippet":"max-snippet:-1","max-image-preview":"max-image-preview:large","max-video-preview":"max-video-preview:-1"},"canonical":"https:\/\/test1.tzg.ink\/es\/product\/lms-fire-damper-leaf-forming-machine\/","og_locale":"es_ES","og_type":"article","og_title":"M\u00e1quina Formadora De Hojas De Compuerta Cortafuegos LMS - LMS Roll Forming Machine","og_description":"M\u00e1quina Formadora De Hojas De Compuerta Cortafuegos LMS La m\u00e1quina formadora de hojas de compuerta cortafuegos LMS se compone principalmente de un desbobinador manual, m\u00e1quina formadora, herramientas de corte y perforaci\u00f3n, sistema de control el\u00e9ctrico y sistema de control hidr\u00e1ulico, ampliamente utilizado para la producci\u00f3n en masa de hojas de compuerta cortafuegos. Toda la l\u00ednea [&hellip;]","og_url":"https:\/\/test1.tzg.ink\/es\/product\/lms-fire-damper-leaf-forming-machine\/","og_site_name":"LMS Roll Forming Machine","article_modified_time":"2024-04-07T04:15:42+00:00","og_image":[{"width":550,"height":413,"url":"https:\/\/test1.tzg.ink\/wp-content\/uploads\/2024\/01\/1-1_2.png","type":"image\/png"}],"twitter_card":"summary_large_image","twitter_misc":{"Tiempo de lectura":"1 minuto"},"schema":{"@context":"https:\/\/schema.org","@graph":[{"@type":"WebPage","@id":"https:\/\/test1.tzg.ink\/es\/product\/lms-fire-damper-leaf-forming-machine\/","url":"https:\/\/test1.tzg.ink\/es\/product\/lms-fire-damper-leaf-forming-machine\/","name":"M\u00e1quina Formadora De Hojas De Compuerta Cortafuegos LMS - LMS Roll Forming Machine","isPartOf":{"@id":"https:\/\/test1.tzg.ink\/#website"},"primaryImageOfPage":{"@id":"https:\/\/test1.tzg.ink\/es\/product\/lms-fire-damper-leaf-forming-machine\/#primaryimage"},"image":{"@id":"https:\/\/test1.tzg.ink\/es\/product\/lms-fire-damper-leaf-forming-machine\/#primaryimage"},"thumbnailUrl":"https:\/\/test1.tzg.ink\/wp-content\/uploads\/2024\/01\/1-1_2.png","datePublished":"2021-11-17T19:09:34+00:00","dateModified":"2024-04-07T04:15:42+00:00","breadcrumb":{"@id":"https:\/\/test1.tzg.ink\/es\/product\/lms-fire-damper-leaf-forming-machine\/#breadcrumb"},"inLanguage":"es","potentialAction":[{"@type":"ReadAction","target":["https:\/\/test1.tzg.ink\/es\/product\/lms-fire-damper-leaf-forming-machine\/"]}]},{"@type":"ImageObject","inLanguage":"es","@id":"https:\/\/test1.tzg.ink\/es\/product\/lms-fire-damper-leaf-forming-machine\/#primaryimage","url":"https:\/\/test1.tzg.ink\/wp-content\/uploads\/2024\/01\/1-1_2.png","contentUrl":"https:\/\/test1.tzg.ink\/wp-content\/uploads\/2024\/01\/1-1_2.png","width":550,"height":413},{"@type":"BreadcrumbList","@id":"https:\/\/test1.tzg.ink\/es\/product\/lms-fire-damper-leaf-forming-machine\/#breadcrumb","itemListElement":[{"@type":"ListItem","position":1,"name":"Home","item":"https:\/\/test1.tzg.ink\/es\/"},{"@type":"ListItem","position":2,"name":"Products","item":"https:\/\/test1.tzg.ink\/ar\/product\/"},{"@type":"ListItem","position":3,"name":"M\u00e1quina Formadora De Hojas De Compuerta Cortafuegos LMS"}]},{"@type":"WebSite","@id":"https:\/\/test1.tzg.ink\/#website","url":"https:\/\/test1.tzg.ink\/","name":"LMS Roll Forming Machine","description":"LMS MACHINERY CHINA PROFESSIONAL COLD ROLL FORMING MACHINE PROVIDER PROFESSIONAL CHOICE, PROFESSIONAL SERVICE","potentialAction":[{"@type":"SearchAction","target":{"@type":"EntryPoint","urlTemplate":"https:\/\/test1.tzg.ink\/?s={search_term_string}"},"query-input":{"@type":"PropertyValueSpecification","valueRequired":true,"valueName":"search_term_string"}}],"inLanguage":"es"}]}},"_links":{"self":[{"href":"https:\/\/test1.tzg.ink\/es\/wp-json\/wp\/v2\/product\/8951","targetHints":{"allow":["GET"]}}],"collection":[{"href":"https:\/\/test1.tzg.ink\/es\/wp-json\/wp\/v2\/product"}],"about":[{"href":"https:\/\/test1.tzg.ink\/es\/wp-json\/wp\/v2\/types\/product"}],"wp:featuredmedia":[{"embeddable":true,"href":"https:\/\/test1.tzg.ink\/es\/wp-json\/wp\/v2\/media\/8952"}],"wp:attachment":[{"href":"https:\/\/test1.tzg.ink\/es\/wp-json\/wp\/v2\/media?parent=8951"}],"wp:term":[{"taxonomy":"product-type","embeddable":true,"href":"https:\/\/test1.tzg.ink\/es\/wp-json\/wp\/v2\/product-type?post=8951"}],"curies":[{"name":"wp","href":"https:\/\/api.w.org\/{rel}","templated":true}]}}