{"id":8944,"date":"2021-11-17T08:04:32","date_gmt":"2021-11-17T00:04:32","guid":{"rendered":"https:\/\/test1.tzg.ink\/product\/linea-de-produccion-completamente-automatica-del-marco-exterior-de-la-compuerta-contra-incendios-lms\/"},"modified":"2024-04-07T11:24:42","modified_gmt":"2024-04-07T03:24:42","slug":"lms-fire-damper-outer-frame-production-line","status":"publish","type":"product","link":"https:\/\/test1.tzg.ink\/es\/product\/lms-fire-damper-outer-frame-production-line\/","title":{"rendered":"L\u00ednea De Producci\u00f3n Completamente Autom\u00e1tica Del Marco Exterior De La Compuerta Contra Incendios LMS"},"content":{"rendered":"\n<h2 class=\"wp-block-heading has-text-align-center\"><span style=\"color: #000000;\"><strong>L\u00ednea De Producci\u00f3n Completamente Autom\u00e1tica Del Marco Exterior De La Compuerta Contra Incendios LMS<\/strong><\/span><\/h2>\n\n\n\n<p><span style=\"color: #000000;\"><\/span><\/p>\n\n\n\n<figure class=\"wp-block-table\"><table><tbody><tr><td><strong><span style=\"color: #000000;\">Art\u00edculo<\/span><\/strong><\/td><td><strong><span style=\"color: #000000;\">Par\u00e1metros<\/span><\/strong><\/td><\/tr><tr><td>\n<p><span style=\"color: #000000;\">Material<\/span><\/p>\n<p>&nbsp;<\/p>\n<\/td><td>\n<p><span style=\"color: #000000;\">Hoja Galvanizada<\/span><\/p>\n<p>&nbsp;<\/p>\n<\/td><\/tr><tr><td>\n<p><span style=\"color: #000000;\">Espesor Del Material<\/span><\/p>\n<p>&nbsp;<\/p>\n<\/td><td>\n<p><span style=\"color: #000000;\">1.5 &#8211; 2.0 MM<\/span><\/p>\n<p>&nbsp;<\/p>\n<\/td><\/tr><tr><td>\n<p><span style=\"color: #000000;\">Ancho De La Bobina<\/span><\/p>\n<p>&nbsp;<\/p>\n<\/td><td>\n<p><span style=\"color: #000000;\">Seg\u00fan El Requisito Del Cliente<\/span><\/p>\n<p>&nbsp;<\/p>\n<\/td><\/tr><tr><td>\n<p><span style=\"color: #000000;\">Peso De La Bobina<\/span><\/p>\n<p>&nbsp;<\/p>\n<\/td><td>\n<p><span style=\"color: #000000;\">\u2264 3000 KGS<\/span><\/p>\n<p>&nbsp;<\/p>\n<\/td><\/tr><tr><td>\n<p><span style=\"color: #000000;\">Velocidad De Formaci\u00f3n<\/span><\/p>\n<p>&nbsp;<\/p>\n<\/td><td>\n<p><span style=\"color: #000000;\">1 &#8211; 15 M \/ Min, Ajustable<\/span><\/p>\n<p>&nbsp;<\/p>\n<\/td><\/tr><tr><td>\n<p><span style=\"color: #000000;\">Error De Longitud De La Placa<\/span><\/p>\n<p>&nbsp;<\/p>\n<\/td><td>\n<p><span style=\"color: #000000;\">\u00b1 0.3 MM \/ 1000 MM<\/span><\/p>\n<p>&nbsp;<\/p>\n<\/td><\/tr><tr><td>\n<p><span style=\"color: #000000;\">Error De Distancia Del Orificio De Perforaci\u00f3n<\/span><\/p>\n<p>&nbsp;<\/p>\n<\/td><td>\n<p><span style=\"color: #000000;\">\u00b1 0.3 MM \/ 1000 MM<\/span><\/p>\n<p>&nbsp;<\/p>\n<\/td><\/tr><tr><td>\n<p><span style=\"color: #000000;\">Error De Flexi\u00f3n Del Marco<\/span><\/p>\n<p>&nbsp;<\/p>\n<\/td><td>\n<p><span style=\"color: #000000;\">\u00b1 1.0 MM \/ 1000 MM<\/span><\/p>\n<p>&nbsp;<\/p>\n<\/td><\/tr><tr><td>\n<p><span style=\"color: #000000;\">Brida De Procesamiento<\/span><\/p>\n<p>&nbsp;<\/p>\n<\/td><td>\n<p><span style=\"color: #000000;\">&nbsp;TDF 35 MM<\/span><\/p>\n<p>&nbsp;<\/p>\n<\/td><\/tr><tr><td>\n<p><span style=\"color: #000000;\">Modo De Procesamiento<\/span><\/p>\n<p>&nbsp;<\/p>\n<\/td><td>\n<p><span style=\"color: #000000;\">Desenrollado \/ Pieza \u00fanica \/ Tipo de boca \/ Tipo L \/ Tipo U<\/span><\/p>\n<p>&nbsp;<\/p>\n<\/td><\/tr><tr><td>\n<p><span style=\"color: #000000;\">Modo De Control<\/span><\/p>\n<p>&nbsp;<\/p>\n<\/td><td>\n<p><span style=\"color: #000000;\">Control PLC<\/span><\/p>\n<p>&nbsp;<\/p>\n<\/td><\/tr><tr><td>\n<p><span style=\"color: #000000;\">Fuente De Alimentaci\u00f3n Principal<\/span><\/p>\n<p>&nbsp;<\/p>\n<\/td><td>\n<p><span style=\"color: #000000;\">380 V, 50 HZ, Trif\u00e1sico<\/span><\/p>\n<p>&nbsp;<\/p>\n<\/td><\/tr><tr><td>\n<p><span style=\"color: #000000;\">Presi\u00f3n Del Sistema Hidr\u00e1ulico<\/span><\/p>\n<p>&nbsp;<\/p>\n<\/td><td>\n<p><span style=\"color: #000000;\">25 MPa, Presi\u00f3n De Trabajo: 8-12 MPa<\/span><\/p>\n<p>&nbsp;<\/p>\n<\/td><\/tr><tr><td>\n<p><span style=\"color: #000000;\">Dimensiones Externas De La L\u00ednea<\/span><\/p>\n<p>&nbsp;<\/p>\n<\/td><td>\n<p><span style=\"color: #000000;\">Aproximadamente 15000 * 1000 * 1200 MM (L * W * H)<\/span><\/p>\n<p>&nbsp;<\/p>\n<\/td><\/tr><tr><td>\n<p><span style=\"color: #000000;\">Potencia Total De La L\u00ednea<\/span><\/p>\n<p>&nbsp;<\/p>\n<\/td><td>\n<p><span style=\"color: #000000;\">Aproximadamente 26 KW<\/span><\/p>\n<p>&nbsp;<\/p>\n<\/td><\/tr><tr><td>\n<p><span style=\"color: #000000;\">Peso De L\u00ednea<\/span><\/p>\n<p>&nbsp;<\/p>\n<\/td><td>\n<p><span style=\"color: #000000;\">13800 KGS<\/span><\/p>\n<p>&nbsp;<\/p>\n<\/td><\/tr><tr><td>\n<p><span style=\"color: #000000;\">Eficiencia De Producci\u00f3n<\/span><\/p>\n<p>&nbsp;<\/p>\n<\/td><td>\n<p><span style=\"color: #000000;\">350 &#8211; 400 Cuadros \/ 8 Horas<\/span><\/p>\n<p>&nbsp;<\/p>\n<\/td><\/tr><\/tbody><\/table><\/figure>\n\n\n\n<h5 class=\"wp-block-heading\"><strong><a href=\"https:\/\/www.youtube.com\/channel\/UCI553CdzWjhBJkY1wOij8wQ\"><span style=\"text-decoration: underline;\">L\u00ednea De Producci\u00f3n De Marcos De Compuertas Contra Incendios<\/span><\/a>&nbsp;<span style=\"color: #000000;\">Proceso De Producci\u00f3n:<\/span><\/strong><\/h5>\n\n\n\n<p><span style=\"color: #000000;\">Desenrollado &#8211; Guiado Del Material &#8211; Nivelaci\u00f3n &#8211; Perforaci\u00f3n De Bordes &#8211; Perforaci\u00f3n De Orificios De Husillo (\u2205 16 mm) &#8211; Perforaci\u00f3n De Orificios Con Sensor De Temperatura (\u2205 20 mm) &#8211; Corte Hidr\u00e1ulico &#8211; Transporte &#8211; Conformado TDF &#8211; Doblado Autom\u00e1tico Hidr\u00e1ulico &#8211; Descarga Manual.<\/span><\/p>\n\n\n\n<h5 class=\"wp-block-heading\"><strong><a href=\"https:\/\/www.youtube.com\/channel\/UCbgfYeCfl-GUI5nM7rBtKBQ?view_as=subscriber\"><span style=\"text-decoration: underline;\">M\u00e1quina Formadora De Rollos De Marco De Compuerta Contra Incendios<\/span><\/a>&nbsp;<span style=\"color: #000000;\">Composici\u00f3n:<\/span><\/strong><\/h5>\n\n\n\n<p><\/p>\n","protected":false},"excerpt":{"rendered":"<p>L\u00ednea De Producci\u00f3n Completamente Autom\u00e1tica Del Marco Exterior De La Compuerta Contra Incendios LMS Art\u00edculo Par\u00e1metros Material &nbsp; Hoja Galvanizada &nbsp; Espesor Del Material &nbsp; 1.5 &#8211; 2.0 MM &nbsp; Ancho De La Bobina &nbsp; Seg\u00fan El Requisito Del Cliente &nbsp; Peso De La Bobina &nbsp; \u2264 3000 KGS &nbsp; Velocidad De Formaci\u00f3n &nbsp; 1 [&hellip;]<\/p>\n","protected":false},"featured_media":8945,"template":"","product-type":[209],"class_list":["post-8944","product","type-product","status-publish","has-post-thumbnail","hentry","product-type-louver-fire-damper-machine-es"],"acf":[],"yoast_head":"<!-- This site is optimized with the Yoast SEO plugin v26.6 - https:\/\/yoast.com\/wordpress\/plugins\/seo\/ -->\n<title>L\u00ednea De Producci\u00f3n Completamente Autom\u00e1tica Del Marco Exterior De La Compuerta Contra Incendios LMS - LMS Roll Forming Machine<\/title>\n<meta name=\"robots\" content=\"index, follow, max-snippet:-1, max-image-preview:large, max-video-preview:-1\" \/>\n<link rel=\"canonical\" href=\"https:\/\/test1.tzg.ink\/es\/product\/lms-fire-damper-outer-frame-production-line\/\" \/>\n<meta property=\"og:locale\" content=\"es_ES\" \/>\n<meta property=\"og:type\" content=\"article\" \/>\n<meta property=\"og:title\" content=\"L\u00ednea De Producci\u00f3n Completamente Autom\u00e1tica Del Marco Exterior De La Compuerta Contra Incendios LMS - LMS Roll Forming Machine\" \/>\n<meta property=\"og:description\" content=\"L\u00ednea De Producci\u00f3n Completamente Autom\u00e1tica Del Marco Exterior De La Compuerta Contra Incendios LMS Art\u00edculo Par\u00e1metros Material &nbsp; Hoja Galvanizada &nbsp; Espesor Del Material &nbsp; 1.5 &#8211; 2.0 MM &nbsp; Ancho De La Bobina &nbsp; Seg\u00fan El Requisito Del Cliente &nbsp; Peso De La Bobina &nbsp; \u2264 3000 KGS &nbsp; Velocidad De Formaci\u00f3n &nbsp; 1 [&hellip;]\" \/>\n<meta property=\"og:url\" content=\"https:\/\/test1.tzg.ink\/es\/product\/lms-fire-damper-outer-frame-production-line\/\" \/>\n<meta property=\"og:site_name\" content=\"LMS Roll Forming Machine\" \/>\n<meta property=\"article:modified_time\" content=\"2024-04-07T03:24:42+00:00\" \/>\n<meta property=\"og:image\" content=\"https:\/\/test1.tzg.ink\/wp-content\/uploads\/2024\/01\/1-1_1.png\" \/>\n\t<meta property=\"og:image:width\" content=\"550\" \/>\n\t<meta property=\"og:image:height\" content=\"413\" \/>\n\t<meta property=\"og:image:type\" content=\"image\/png\" \/>\n<meta name=\"twitter:card\" content=\"summary_large_image\" \/>\n<meta name=\"twitter:label1\" content=\"Tiempo de lectura\" \/>\n\t<meta name=\"twitter:data1\" content=\"1 minuto\" \/>\n<script type=\"application\/ld+json\" class=\"yoast-schema-graph\">{\"@context\":\"https:\/\/schema.org\",\"@graph\":[{\"@type\":\"WebPage\",\"@id\":\"https:\/\/test1.tzg.ink\/es\/product\/lms-fire-damper-outer-frame-production-line\/\",\"url\":\"https:\/\/test1.tzg.ink\/es\/product\/lms-fire-damper-outer-frame-production-line\/\",\"name\":\"L\u00ednea De Producci\u00f3n Completamente Autom\u00e1tica Del Marco Exterior De La Compuerta Contra Incendios LMS - LMS Roll Forming Machine\",\"isPartOf\":{\"@id\":\"https:\/\/test1.tzg.ink\/#website\"},\"primaryImageOfPage\":{\"@id\":\"https:\/\/test1.tzg.ink\/es\/product\/lms-fire-damper-outer-frame-production-line\/#primaryimage\"},\"image\":{\"@id\":\"https:\/\/test1.tzg.ink\/es\/product\/lms-fire-damper-outer-frame-production-line\/#primaryimage\"},\"thumbnailUrl\":\"https:\/\/test1.tzg.ink\/wp-content\/uploads\/2024\/01\/1-1_1.png\",\"datePublished\":\"2021-11-17T00:04:32+00:00\",\"dateModified\":\"2024-04-07T03:24:42+00:00\",\"breadcrumb\":{\"@id\":\"https:\/\/test1.tzg.ink\/es\/product\/lms-fire-damper-outer-frame-production-line\/#breadcrumb\"},\"inLanguage\":\"es\",\"potentialAction\":[{\"@type\":\"ReadAction\",\"target\":[\"https:\/\/test1.tzg.ink\/es\/product\/lms-fire-damper-outer-frame-production-line\/\"]}]},{\"@type\":\"ImageObject\",\"inLanguage\":\"es\",\"@id\":\"https:\/\/test1.tzg.ink\/es\/product\/lms-fire-damper-outer-frame-production-line\/#primaryimage\",\"url\":\"https:\/\/test1.tzg.ink\/wp-content\/uploads\/2024\/01\/1-1_1.png\",\"contentUrl\":\"https:\/\/test1.tzg.ink\/wp-content\/uploads\/2024\/01\/1-1_1.png\",\"width\":550,\"height\":413},{\"@type\":\"BreadcrumbList\",\"@id\":\"https:\/\/test1.tzg.ink\/es\/product\/lms-fire-damper-outer-frame-production-line\/#breadcrumb\",\"itemListElement\":[{\"@type\":\"ListItem\",\"position\":1,\"name\":\"Home\",\"item\":\"https:\/\/test1.tzg.ink\/es\/\"},{\"@type\":\"ListItem\",\"position\":2,\"name\":\"Products\",\"item\":\"https:\/\/test1.tzg.ink\/ar\/product\/\"},{\"@type\":\"ListItem\",\"position\":3,\"name\":\"L\u00ednea De Producci\u00f3n Completamente Autom\u00e1tica Del Marco Exterior De La Compuerta Contra Incendios LMS\"}]},{\"@type\":\"WebSite\",\"@id\":\"https:\/\/test1.tzg.ink\/#website\",\"url\":\"https:\/\/test1.tzg.ink\/\",\"name\":\"LMS Roll Forming Machine\",\"description\":\"LMS MACHINERY CHINA PROFESSIONAL COLD ROLL FORMING MACHINE PROVIDER PROFESSIONAL CHOICE, PROFESSIONAL SERVICE\",\"potentialAction\":[{\"@type\":\"SearchAction\",\"target\":{\"@type\":\"EntryPoint\",\"urlTemplate\":\"https:\/\/test1.tzg.ink\/?s={search_term_string}\"},\"query-input\":{\"@type\":\"PropertyValueSpecification\",\"valueRequired\":true,\"valueName\":\"search_term_string\"}}],\"inLanguage\":\"es\"}]}<\/script>\n<!-- \/ Yoast SEO plugin. -->","yoast_head_json":{"title":"L\u00ednea De Producci\u00f3n Completamente Autom\u00e1tica Del Marco Exterior De La Compuerta Contra Incendios LMS - LMS Roll Forming Machine","robots":{"index":"index","follow":"follow","max-snippet":"max-snippet:-1","max-image-preview":"max-image-preview:large","max-video-preview":"max-video-preview:-1"},"canonical":"https:\/\/test1.tzg.ink\/es\/product\/lms-fire-damper-outer-frame-production-line\/","og_locale":"es_ES","og_type":"article","og_title":"L\u00ednea De Producci\u00f3n Completamente Autom\u00e1tica Del Marco Exterior De La Compuerta Contra Incendios LMS - LMS Roll Forming Machine","og_description":"L\u00ednea De Producci\u00f3n Completamente Autom\u00e1tica Del Marco Exterior De La Compuerta Contra Incendios LMS Art\u00edculo Par\u00e1metros Material &nbsp; Hoja Galvanizada &nbsp; Espesor Del Material &nbsp; 1.5 &#8211; 2.0 MM &nbsp; Ancho De La Bobina &nbsp; Seg\u00fan El Requisito Del Cliente &nbsp; Peso De La Bobina &nbsp; \u2264 3000 KGS &nbsp; Velocidad De Formaci\u00f3n &nbsp; 1 [&hellip;]","og_url":"https:\/\/test1.tzg.ink\/es\/product\/lms-fire-damper-outer-frame-production-line\/","og_site_name":"LMS Roll Forming Machine","article_modified_time":"2024-04-07T03:24:42+00:00","og_image":[{"width":550,"height":413,"url":"https:\/\/test1.tzg.ink\/wp-content\/uploads\/2024\/01\/1-1_1.png","type":"image\/png"}],"twitter_card":"summary_large_image","twitter_misc":{"Tiempo de lectura":"1 minuto"},"schema":{"@context":"https:\/\/schema.org","@graph":[{"@type":"WebPage","@id":"https:\/\/test1.tzg.ink\/es\/product\/lms-fire-damper-outer-frame-production-line\/","url":"https:\/\/test1.tzg.ink\/es\/product\/lms-fire-damper-outer-frame-production-line\/","name":"L\u00ednea De Producci\u00f3n Completamente Autom\u00e1tica Del Marco Exterior De La Compuerta Contra Incendios LMS - LMS Roll Forming Machine","isPartOf":{"@id":"https:\/\/test1.tzg.ink\/#website"},"primaryImageOfPage":{"@id":"https:\/\/test1.tzg.ink\/es\/product\/lms-fire-damper-outer-frame-production-line\/#primaryimage"},"image":{"@id":"https:\/\/test1.tzg.ink\/es\/product\/lms-fire-damper-outer-frame-production-line\/#primaryimage"},"thumbnailUrl":"https:\/\/test1.tzg.ink\/wp-content\/uploads\/2024\/01\/1-1_1.png","datePublished":"2021-11-17T00:04:32+00:00","dateModified":"2024-04-07T03:24:42+00:00","breadcrumb":{"@id":"https:\/\/test1.tzg.ink\/es\/product\/lms-fire-damper-outer-frame-production-line\/#breadcrumb"},"inLanguage":"es","potentialAction":[{"@type":"ReadAction","target":["https:\/\/test1.tzg.ink\/es\/product\/lms-fire-damper-outer-frame-production-line\/"]}]},{"@type":"ImageObject","inLanguage":"es","@id":"https:\/\/test1.tzg.ink\/es\/product\/lms-fire-damper-outer-frame-production-line\/#primaryimage","url":"https:\/\/test1.tzg.ink\/wp-content\/uploads\/2024\/01\/1-1_1.png","contentUrl":"https:\/\/test1.tzg.ink\/wp-content\/uploads\/2024\/01\/1-1_1.png","width":550,"height":413},{"@type":"BreadcrumbList","@id":"https:\/\/test1.tzg.ink\/es\/product\/lms-fire-damper-outer-frame-production-line\/#breadcrumb","itemListElement":[{"@type":"ListItem","position":1,"name":"Home","item":"https:\/\/test1.tzg.ink\/es\/"},{"@type":"ListItem","position":2,"name":"Products","item":"https:\/\/test1.tzg.ink\/ar\/product\/"},{"@type":"ListItem","position":3,"name":"L\u00ednea De Producci\u00f3n Completamente Autom\u00e1tica Del Marco Exterior De La Compuerta Contra Incendios LMS"}]},{"@type":"WebSite","@id":"https:\/\/test1.tzg.ink\/#website","url":"https:\/\/test1.tzg.ink\/","name":"LMS Roll Forming Machine","description":"LMS MACHINERY CHINA PROFESSIONAL COLD ROLL FORMING MACHINE PROVIDER PROFESSIONAL CHOICE, PROFESSIONAL SERVICE","potentialAction":[{"@type":"SearchAction","target":{"@type":"EntryPoint","urlTemplate":"https:\/\/test1.tzg.ink\/?s={search_term_string}"},"query-input":{"@type":"PropertyValueSpecification","valueRequired":true,"valueName":"search_term_string"}}],"inLanguage":"es"}]}},"_links":{"self":[{"href":"https:\/\/test1.tzg.ink\/es\/wp-json\/wp\/v2\/product\/8944","targetHints":{"allow":["GET"]}}],"collection":[{"href":"https:\/\/test1.tzg.ink\/es\/wp-json\/wp\/v2\/product"}],"about":[{"href":"https:\/\/test1.tzg.ink\/es\/wp-json\/wp\/v2\/types\/product"}],"wp:featuredmedia":[{"embeddable":true,"href":"https:\/\/test1.tzg.ink\/es\/wp-json\/wp\/v2\/media\/8945"}],"wp:attachment":[{"href":"https:\/\/test1.tzg.ink\/es\/wp-json\/wp\/v2\/media?parent=8944"}],"wp:term":[{"taxonomy":"product-type","embeddable":true,"href":"https:\/\/test1.tzg.ink\/es\/wp-json\/wp\/v2\/product-type?post=8944"}],"curies":[{"name":"wp","href":"https:\/\/api.w.org\/{rel}","templated":true}]}}