{"id":8939,"date":"2021-11-12T09:07:00","date_gmt":"2021-11-12T01:07:00","guid":{"rendered":"https:\/\/test1.tzg.ink\/product\/linea-de-produccion-de-techo-de-rejilla-de-alta-velocidad-lms-u10x30-50\/"},"modified":"2024-04-07T15:00:45","modified_gmt":"2024-04-07T07:00:45","slug":"ms-u10x30-50-high-speed-grid-ceiling-production-line","status":"publish","type":"product","link":"https:\/\/test1.tzg.ink\/es\/product\/ms-u10x30-50-high-speed-grid-ceiling-production-line\/","title":{"rendered":"L\u00ednea De Producci\u00f3n De Techo De Rejilla De Alta Velocidad LMS U10X30-50"},"content":{"rendered":"\n<h2 class=\"wp-block-heading has-text-align-center\"><span style=\"color: #000000;\"><strong>L\u00ednea De Producci\u00f3n De Techo De rejilla De Alta Velocidad LMS U10X30-50<\/strong><\/span><\/h2>\n\n\n\n<p><span style=\"color: #000000;\">La l\u00ednea de producci\u00f3n LMS High Speed Grilyato Ceiling U10x30-50 se utiliza principalmente para la producci\u00f3n de alta velocidad de grilyato de techo suspendido de celda abierta U10 con una velocidad de 0 ~ 30 m \/ min. La l\u00ednea de producci\u00f3n completa incluye desbobinador, nivelador, unidad de corte y perforaci\u00f3n hidr\u00e1ulica, transportador, m\u00e1quina perfiladora, mesa de salida y sistema de control el\u00e9ctrico.<\/span><\/p>\n\n\n\n<h5 class=\"wp-block-heading\"><span style=\"color: #000000;\"><strong><a style=\"color: #000000;\" href=\"https:\/\/www.youtube.com\/channel\/UCbgfYeCfl-GUI5nM7rBtKBQ?view_as=subscriber\"><span style=\"text-decoration: underline;\">L\u00ednea De Producci\u00f3n De Techos De Celda Abierta De Alta Velocidad<\/span><\/a> Proceso De Producci\u00f3n:<\/strong><\/span><\/h5>\n\n\n\n<p><span style=\"color: #000000;\">Bobina De Material \u2192 Desenrollado \u2192 Nivelaci\u00f3n \u2192 Punzonado Y Corte Hidr\u00e1ulicos \u2192 Transporte \u2192 Conformado Por Rollo \u2192 Descarga \u2192 Perfil Terminado.<\/span><\/p>\n\n\n\n<h5 class=\"wp-block-heading\"><span style=\"color: #000000;\"><strong><a style=\"color: #000000;\" href=\"https:\/\/www.youtube.com\/channel\/UCI553CdzWjhBJkY1wOij8wQ\"><span style=\"text-decoration: underline;\">M\u00e1quina Formadora De Rollos De Rejilla De Techo Suspendido De Alta Velocidad<\/span><\/a> Composici\u00f3n De La L\u00ednea De Producci\u00f3n Completa:<\/strong><\/span><\/h5>\n\n\n\n<figure class=\"wp-block-table\"><table><tbody><tr><td>\n<p><span style=\"color: #000000;\"><strong>NO.<\/strong><\/span><\/p>\n<p>&nbsp;<\/p>\n<\/td><td>\n<p><span style=\"color: #000000;\"><strong>Equipo<\/strong><\/span><\/p>\n<p>&nbsp;<\/p>\n<\/td><td>\n<p><span style=\"color: #000000;\"><strong>Cantidad<\/strong><\/span><\/p>\n<p>&nbsp;<\/p>\n<\/td><\/tr><tr><td><span style=\"color: #000000;\">1<\/span><\/td><td>\n<p><span style=\"color: #000000;\">Desbobinador<\/span><\/p>\n<p>&nbsp;<\/p>\n<\/td><td>\n<p><span style=\"color: #000000;\">1 Juego<\/span><\/p>\n<p>&nbsp;<\/p>\n<\/td><\/tr><tr><td>2<\/td><td>\n<p>Nivelador<\/p>\n<p>&nbsp;<\/p>\n<\/td><td>\n<p>1 Juego<\/p>\n<p>&nbsp;<\/p>\n<\/td><\/tr><tr><td>3<\/td><td>\n<p>Unidad De Corte Y Punzonado Hidr\u00e1ulico<\/p>\n<p>&nbsp;<\/p>\n<\/td><td>\n<p>1 Unidad<\/p>\n<p>&nbsp;<\/p>\n<\/td><\/tr><tr><td>4<\/td><td>\n<p>Transportador<\/p>\n<p>&nbsp;<\/p>\n<\/td><td>\n<p>1 Juego<\/p>\n<p>&nbsp;<\/p>\n<\/td><\/tr><tr><td>5<\/td><td>\n<p>M\u00e1quina Formadora De Rollos<\/p>\n<p>&nbsp;<\/p>\n<\/td><td>\n<p>1 Juego<\/p>\n<p>&nbsp;<\/p>\n<\/td><\/tr><tr><td>6<\/td><td>\n<p>Tabla De Agotamiento<\/p>\n<p>&nbsp;<\/p>\n<\/td><td>\n<p>1 Juego<\/p>\n<p>&nbsp;<\/p>\n<\/td><\/tr><tr><td>7<\/td><td>\n<p>Sistema De Control El\u00e9ctrico<\/p>\n<p>&nbsp;<\/p>\n<\/td><td>\n<p>1 Unidad<\/p>\n<p>&nbsp;<\/p>\n<\/td><\/tr><\/tbody><\/table><\/figure>\n\n\n\n<p><\/p>\n","protected":false},"excerpt":{"rendered":"<p>L\u00ednea De Producci\u00f3n De Techo De rejilla De Alta Velocidad LMS U10X30-50 La l\u00ednea de producci\u00f3n LMS High Speed Grilyato Ceiling U10x30-50 se utiliza principalmente para la producci\u00f3n de alta velocidad de grilyato de techo suspendido de celda abierta U10 con una velocidad de 0 ~ 30 m \/ min. La l\u00ednea de producci\u00f3n completa [&hellip;]<\/p>\n","protected":false},"featured_media":12822,"template":"","product-type":[124],"class_list":["post-8939","product","type-product","status-publish","has-post-thumbnail","hentry","product-type-ceiling-wall-machine-es"],"acf":[],"yoast_head":"<!-- This site is optimized with the Yoast SEO plugin v26.6 - https:\/\/yoast.com\/wordpress\/plugins\/seo\/ -->\n<title>L\u00ednea De Producci\u00f3n De Techo De Rejilla De Alta Velocidad LMS U10X30-50 - LMS Roll Forming Machine<\/title>\n<meta name=\"robots\" content=\"index, follow, max-snippet:-1, max-image-preview:large, max-video-preview:-1\" \/>\n<link rel=\"canonical\" href=\"https:\/\/test1.tzg.ink\/es\/product\/ms-u10x30-50-high-speed-grid-ceiling-production-line\/\" \/>\n<meta property=\"og:locale\" content=\"es_ES\" \/>\n<meta property=\"og:type\" content=\"article\" \/>\n<meta property=\"og:title\" content=\"L\u00ednea De Producci\u00f3n De Techo De Rejilla De Alta Velocidad LMS U10X30-50 - LMS Roll Forming Machine\" \/>\n<meta property=\"og:description\" content=\"L\u00ednea De Producci\u00f3n De Techo De rejilla De Alta Velocidad LMS U10X30-50 La l\u00ednea de producci\u00f3n LMS High Speed Grilyato Ceiling U10x30-50 se utiliza principalmente para la producci\u00f3n de alta velocidad de grilyato de techo suspendido de celda abierta U10 con una velocidad de 0 ~ 30 m \/ min. La l\u00ednea de producci\u00f3n completa [&hellip;]\" \/>\n<meta property=\"og:url\" content=\"https:\/\/test1.tzg.ink\/es\/product\/ms-u10x30-50-high-speed-grid-ceiling-production-line\/\" \/>\n<meta property=\"og:site_name\" content=\"LMS Roll Forming Machine\" \/>\n<meta property=\"article:modified_time\" content=\"2024-04-07T07:00:45+00:00\" \/>\n<meta property=\"og:image\" content=\"https:\/\/test1.tzg.ink\/wp-content\/uploads\/2021\/11\/LMS-High-Speed-Grilyato-Ceiling-U10\u00d730-50-Production-Line.png\" \/>\n\t<meta property=\"og:image:width\" content=\"550\" \/>\n\t<meta property=\"og:image:height\" content=\"413\" \/>\n\t<meta property=\"og:image:type\" content=\"image\/png\" \/>\n<meta name=\"twitter:card\" content=\"summary_large_image\" \/>\n<meta name=\"twitter:label1\" content=\"Tiempo de lectura\" \/>\n\t<meta name=\"twitter:data1\" content=\"1 minuto\" \/>\n<script type=\"application\/ld+json\" class=\"yoast-schema-graph\">{\"@context\":\"https:\/\/schema.org\",\"@graph\":[{\"@type\":\"WebPage\",\"@id\":\"https:\/\/test1.tzg.ink\/es\/product\/ms-u10x30-50-high-speed-grid-ceiling-production-line\/\",\"url\":\"https:\/\/test1.tzg.ink\/es\/product\/ms-u10x30-50-high-speed-grid-ceiling-production-line\/\",\"name\":\"L\u00ednea De Producci\u00f3n De Techo De Rejilla De Alta Velocidad LMS U10X30-50 - LMS Roll Forming Machine\",\"isPartOf\":{\"@id\":\"https:\/\/test1.tzg.ink\/#website\"},\"primaryImageOfPage\":{\"@id\":\"https:\/\/test1.tzg.ink\/es\/product\/ms-u10x30-50-high-speed-grid-ceiling-production-line\/#primaryimage\"},\"image\":{\"@id\":\"https:\/\/test1.tzg.ink\/es\/product\/ms-u10x30-50-high-speed-grid-ceiling-production-line\/#primaryimage\"},\"thumbnailUrl\":\"https:\/\/test1.tzg.ink\/wp-content\/uploads\/2021\/11\/LMS-High-Speed-Grilyato-Ceiling-U10\u00d730-50-Production-Line.png\",\"datePublished\":\"2021-11-12T01:07:00+00:00\",\"dateModified\":\"2024-04-07T07:00:45+00:00\",\"breadcrumb\":{\"@id\":\"https:\/\/test1.tzg.ink\/es\/product\/ms-u10x30-50-high-speed-grid-ceiling-production-line\/#breadcrumb\"},\"inLanguage\":\"es\",\"potentialAction\":[{\"@type\":\"ReadAction\",\"target\":[\"https:\/\/test1.tzg.ink\/es\/product\/ms-u10x30-50-high-speed-grid-ceiling-production-line\/\"]}]},{\"@type\":\"ImageObject\",\"inLanguage\":\"es\",\"@id\":\"https:\/\/test1.tzg.ink\/es\/product\/ms-u10x30-50-high-speed-grid-ceiling-production-line\/#primaryimage\",\"url\":\"https:\/\/test1.tzg.ink\/wp-content\/uploads\/2021\/11\/LMS-High-Speed-Grilyato-Ceiling-U10\u00d730-50-Production-Line.png\",\"contentUrl\":\"https:\/\/test1.tzg.ink\/wp-content\/uploads\/2021\/11\/LMS-High-Speed-Grilyato-Ceiling-U10\u00d730-50-Production-Line.png\",\"width\":550,\"height\":413},{\"@type\":\"BreadcrumbList\",\"@id\":\"https:\/\/test1.tzg.ink\/es\/product\/ms-u10x30-50-high-speed-grid-ceiling-production-line\/#breadcrumb\",\"itemListElement\":[{\"@type\":\"ListItem\",\"position\":1,\"name\":\"Home\",\"item\":\"https:\/\/test1.tzg.ink\/es\/\"},{\"@type\":\"ListItem\",\"position\":2,\"name\":\"Products\",\"item\":\"https:\/\/test1.tzg.ink\/ar\/product\/\"},{\"@type\":\"ListItem\",\"position\":3,\"name\":\"L\u00ednea De Producci\u00f3n De Techo De Rejilla De Alta Velocidad LMS U10X30-50\"}]},{\"@type\":\"WebSite\",\"@id\":\"https:\/\/test1.tzg.ink\/#website\",\"url\":\"https:\/\/test1.tzg.ink\/\",\"name\":\"LMS Roll Forming Machine\",\"description\":\"LMS MACHINERY CHINA PROFESSIONAL COLD ROLL FORMING MACHINE PROVIDER PROFESSIONAL CHOICE, PROFESSIONAL SERVICE\",\"potentialAction\":[{\"@type\":\"SearchAction\",\"target\":{\"@type\":\"EntryPoint\",\"urlTemplate\":\"https:\/\/test1.tzg.ink\/?s={search_term_string}\"},\"query-input\":{\"@type\":\"PropertyValueSpecification\",\"valueRequired\":true,\"valueName\":\"search_term_string\"}}],\"inLanguage\":\"es\"}]}<\/script>\n<!-- \/ Yoast SEO plugin. -->","yoast_head_json":{"title":"L\u00ednea De Producci\u00f3n De Techo De Rejilla De Alta Velocidad LMS U10X30-50 - LMS Roll Forming Machine","robots":{"index":"index","follow":"follow","max-snippet":"max-snippet:-1","max-image-preview":"max-image-preview:large","max-video-preview":"max-video-preview:-1"},"canonical":"https:\/\/test1.tzg.ink\/es\/product\/ms-u10x30-50-high-speed-grid-ceiling-production-line\/","og_locale":"es_ES","og_type":"article","og_title":"L\u00ednea De Producci\u00f3n De Techo De Rejilla De Alta Velocidad LMS U10X30-50 - LMS Roll Forming Machine","og_description":"L\u00ednea De Producci\u00f3n De Techo De rejilla De Alta Velocidad LMS U10X30-50 La l\u00ednea de producci\u00f3n LMS High Speed Grilyato Ceiling U10x30-50 se utiliza principalmente para la producci\u00f3n de alta velocidad de grilyato de techo suspendido de celda abierta U10 con una velocidad de 0 ~ 30 m \/ min. La l\u00ednea de producci\u00f3n completa [&hellip;]","og_url":"https:\/\/test1.tzg.ink\/es\/product\/ms-u10x30-50-high-speed-grid-ceiling-production-line\/","og_site_name":"LMS Roll Forming Machine","article_modified_time":"2024-04-07T07:00:45+00:00","og_image":[{"width":550,"height":413,"url":"https:\/\/test1.tzg.ink\/wp-content\/uploads\/2021\/11\/LMS-High-Speed-Grilyato-Ceiling-U10\u00d730-50-Production-Line.png","type":"image\/png"}],"twitter_card":"summary_large_image","twitter_misc":{"Tiempo de lectura":"1 minuto"},"schema":{"@context":"https:\/\/schema.org","@graph":[{"@type":"WebPage","@id":"https:\/\/test1.tzg.ink\/es\/product\/ms-u10x30-50-high-speed-grid-ceiling-production-line\/","url":"https:\/\/test1.tzg.ink\/es\/product\/ms-u10x30-50-high-speed-grid-ceiling-production-line\/","name":"L\u00ednea De Producci\u00f3n De Techo De Rejilla De Alta Velocidad LMS U10X30-50 - LMS Roll Forming Machine","isPartOf":{"@id":"https:\/\/test1.tzg.ink\/#website"},"primaryImageOfPage":{"@id":"https:\/\/test1.tzg.ink\/es\/product\/ms-u10x30-50-high-speed-grid-ceiling-production-line\/#primaryimage"},"image":{"@id":"https:\/\/test1.tzg.ink\/es\/product\/ms-u10x30-50-high-speed-grid-ceiling-production-line\/#primaryimage"},"thumbnailUrl":"https:\/\/test1.tzg.ink\/wp-content\/uploads\/2021\/11\/LMS-High-Speed-Grilyato-Ceiling-U10\u00d730-50-Production-Line.png","datePublished":"2021-11-12T01:07:00+00:00","dateModified":"2024-04-07T07:00:45+00:00","breadcrumb":{"@id":"https:\/\/test1.tzg.ink\/es\/product\/ms-u10x30-50-high-speed-grid-ceiling-production-line\/#breadcrumb"},"inLanguage":"es","potentialAction":[{"@type":"ReadAction","target":["https:\/\/test1.tzg.ink\/es\/product\/ms-u10x30-50-high-speed-grid-ceiling-production-line\/"]}]},{"@type":"ImageObject","inLanguage":"es","@id":"https:\/\/test1.tzg.ink\/es\/product\/ms-u10x30-50-high-speed-grid-ceiling-production-line\/#primaryimage","url":"https:\/\/test1.tzg.ink\/wp-content\/uploads\/2021\/11\/LMS-High-Speed-Grilyato-Ceiling-U10\u00d730-50-Production-Line.png","contentUrl":"https:\/\/test1.tzg.ink\/wp-content\/uploads\/2021\/11\/LMS-High-Speed-Grilyato-Ceiling-U10\u00d730-50-Production-Line.png","width":550,"height":413},{"@type":"BreadcrumbList","@id":"https:\/\/test1.tzg.ink\/es\/product\/ms-u10x30-50-high-speed-grid-ceiling-production-line\/#breadcrumb","itemListElement":[{"@type":"ListItem","position":1,"name":"Home","item":"https:\/\/test1.tzg.ink\/es\/"},{"@type":"ListItem","position":2,"name":"Products","item":"https:\/\/test1.tzg.ink\/ar\/product\/"},{"@type":"ListItem","position":3,"name":"L\u00ednea De Producci\u00f3n De Techo De Rejilla De Alta Velocidad LMS U10X30-50"}]},{"@type":"WebSite","@id":"https:\/\/test1.tzg.ink\/#website","url":"https:\/\/test1.tzg.ink\/","name":"LMS Roll Forming Machine","description":"LMS MACHINERY CHINA PROFESSIONAL COLD ROLL FORMING MACHINE PROVIDER PROFESSIONAL CHOICE, PROFESSIONAL SERVICE","potentialAction":[{"@type":"SearchAction","target":{"@type":"EntryPoint","urlTemplate":"https:\/\/test1.tzg.ink\/?s={search_term_string}"},"query-input":{"@type":"PropertyValueSpecification","valueRequired":true,"valueName":"search_term_string"}}],"inLanguage":"es"}]}},"_links":{"self":[{"href":"https:\/\/test1.tzg.ink\/es\/wp-json\/wp\/v2\/product\/8939","targetHints":{"allow":["GET"]}}],"collection":[{"href":"https:\/\/test1.tzg.ink\/es\/wp-json\/wp\/v2\/product"}],"about":[{"href":"https:\/\/test1.tzg.ink\/es\/wp-json\/wp\/v2\/types\/product"}],"wp:featuredmedia":[{"embeddable":true,"href":"https:\/\/test1.tzg.ink\/es\/wp-json\/wp\/v2\/media\/12822"}],"wp:attachment":[{"href":"https:\/\/test1.tzg.ink\/es\/wp-json\/wp\/v2\/media?parent=8939"}],"wp:term":[{"taxonomy":"product-type","embeddable":true,"href":"https:\/\/test1.tzg.ink\/es\/wp-json\/wp\/v2\/product-type?post=8939"}],"curies":[{"name":"wp","href":"https:\/\/api.w.org\/{rel}","templated":true}]}}