{"id":8935,"date":"2020-12-03T09:55:36","date_gmt":"2020-12-03T01:55:36","guid":{"rendered":"https:\/\/test1.tzg.ink\/product\/framemac-lgs-machine-f1-c89\/"},"modified":"2024-04-07T12:26:44","modified_gmt":"2024-04-07T04:26:44","slug":"framemac-lgs-machine-f1-c89","status":"publish","type":"product","link":"https:\/\/test1.tzg.ink\/es\/product\/framemac-lgs-machine-f1-c89\/","title":{"rendered":"M\u00e1quina FrameMac LGS F1-C89"},"content":{"rendered":"\n<h2 class=\"wp-block-heading has-text-align-center\">M\u00e1quina FrameMac LGS F1-C89<\/h2>\n\n\n\n<p>El conformado por doblado en fr\u00edo es un proceso flexible en el que se instalan una pluralidad de juegos (superiores e inferiores) de matrices de conformaci\u00f3n en forma de rollo en un cierto orden, y las bobinas met\u00e1licas correspondientes se pasan a trav\u00e9s de un contorno espec\u00edfico del molde en forma continua para ser laminadas en forma de dise\u00f1o. Proceso. El conformado en fr\u00edo tambi\u00e9n se conoce como perfilado, perfilado, perfilado, perfilado, etc. Taiw\u00e1n es conocida como una m\u00e1quina perfiladora, que es uno de los procesos de procesamiento de chapa m\u00e1s seguros, eficientes, seguros y eficientes con el medio ambiente.<\/p>\n\n\n\n<p>La unidad de formaci\u00f3n de acero ligero de pared delgada conformada en fr\u00edo de Furuimei consta de una m\u00e1quina autom\u00e1tica de desenrollado y descarga de material, dispositivo de nivelaci\u00f3n de material, m\u00e1quina principal de formaci\u00f3n, punzonado autom\u00e1tico, corte, mesa de recepci\u00f3n y gabinete de control. De acuerdo con los requisitos espec\u00edficos de la construcci\u00f3n de villas de acero ligero, est\u00e1 equipado con: orificio para tornillo de hoyuelo, chafl\u00e1n, orificio pasante de banda, cizalla lateral peque\u00f1a, orificio de tuber\u00eda, contracci\u00f3n de la banda, cizalla y otro dispositivo de estampado y codificaci\u00f3n. Adopta el control autom\u00e1tico CNC de computadora industrial de nivel profesional, que tiene las caracter\u00edsticas de una amplia gama de aplicaciones, alta precisi\u00f3n de producto, alto grado de automatizaci\u00f3n, ahorro de material y alto grado de automatizaci\u00f3n.Est\u00e1 dirigido a la innovaci\u00f3n continua de edificios de ensamblaje y formas estructurales diversificadas en el mercado. Se puede dise\u00f1ar y fabricar equipo especial de acuerdo con los requisitos del cliente, y se puede proporcionar equipo de soporte como losa de piso \/ acero C ajustable.<\/p>\n\n\n\n<figure class=\"wp-block-image\"><img decoding=\"async\" src=\"https:\/\/es.lmsmachinery.com\/uploads\/downloads\/vt0_1.jpg\" alt=\"light gauge steel house frame machine\"\/><\/figure>\n\n\n\n<figure class=\"wp-block-image\"><img decoding=\"async\" src=\"https:\/\/es.lmsmachinery.com\/uploads\/downloads\/vt1.jpg\" alt=\"light gauge steel house frame machine\"\/><\/figure>\n\n\n\n<figure class=\"wp-block-image\"><img decoding=\"async\" src=\"https:\/\/es.lmsmachinery.com\/uploads\/downloads\/MWF2.jpg\" alt=\"light gauge steel house frame machine\"\/><\/figure>\n\n\n\n<figure class=\"wp-block-image\"><img decoding=\"async\" src=\"https:\/\/es.lmsmachinery.com\/uploads\/downloads\/MWF1.jpg\" alt=\"light gauge steel house frame machine\"\/><\/figure>\n","protected":false},"excerpt":{"rendered":"<p>M\u00e1quina FrameMac LGS F1-C89 El conformado por doblado en fr\u00edo es un proceso flexible en el que se instalan una pluralidad de juegos (superiores e inferiores) de matrices de conformaci\u00f3n en forma de rollo en un cierto orden, y las bobinas met\u00e1licas correspondientes se pasan a trav\u00e9s de un contorno espec\u00edfico del molde en forma [&hellip;]<\/p>\n","protected":false},"featured_media":8936,"template":"","product-type":[121],"class_list":["post-8935","product","type-product","status-publish","has-post-thumbnail","hentry","product-type-framemac-light-steel-frame-machine-es"],"acf":[],"yoast_head":"<!-- This site is optimized with the Yoast SEO plugin v26.6 - https:\/\/yoast.com\/wordpress\/plugins\/seo\/ -->\n<title>M\u00e1quina FrameMac LGS F1-C89 - LMS Roll Forming Machine<\/title>\n<meta name=\"robots\" content=\"index, follow, max-snippet:-1, max-image-preview:large, max-video-preview:-1\" \/>\n<link rel=\"canonical\" href=\"https:\/\/test1.tzg.ink\/es\/product\/framemac-lgs-machine-f1-c89\/\" \/>\n<meta property=\"og:locale\" content=\"es_ES\" \/>\n<meta property=\"og:type\" content=\"article\" \/>\n<meta property=\"og:title\" content=\"M\u00e1quina FrameMac LGS F1-C89 - LMS Roll Forming Machine\" \/>\n<meta property=\"og:description\" content=\"M\u00e1quina FrameMac LGS F1-C89 El conformado por doblado en fr\u00edo es un proceso flexible en el que se instalan una pluralidad de juegos (superiores e inferiores) de matrices de conformaci\u00f3n en forma de rollo en un cierto orden, y las bobinas met\u00e1licas correspondientes se pasan a trav\u00e9s de un contorno espec\u00edfico del molde en forma [&hellip;]\" \/>\n<meta property=\"og:url\" content=\"https:\/\/test1.tzg.ink\/es\/product\/framemac-lgs-machine-f1-c89\/\" \/>\n<meta property=\"og:site_name\" content=\"LMS Roll Forming Machine\" \/>\n<meta property=\"article:modified_time\" content=\"2024-04-07T04:26:44+00:00\" \/>\n<meta property=\"og:image\" content=\"https:\/\/test1.tzg.ink\/wp-content\/uploads\/2024\/01\/1-C89-1.jpg\" \/>\n\t<meta property=\"og:image:width\" content=\"550\" \/>\n\t<meta property=\"og:image:height\" content=\"413\" \/>\n\t<meta property=\"og:image:type\" content=\"image\/jpeg\" \/>\n<meta name=\"twitter:card\" content=\"summary_large_image\" \/>\n<meta name=\"twitter:label1\" content=\"Tiempo de lectura\" \/>\n\t<meta name=\"twitter:data1\" content=\"2 minutos\" \/>\n<script type=\"application\/ld+json\" class=\"yoast-schema-graph\">{\"@context\":\"https:\/\/schema.org\",\"@graph\":[{\"@type\":\"WebPage\",\"@id\":\"https:\/\/test1.tzg.ink\/es\/product\/framemac-lgs-machine-f1-c89\/\",\"url\":\"https:\/\/test1.tzg.ink\/es\/product\/framemac-lgs-machine-f1-c89\/\",\"name\":\"M\u00e1quina FrameMac LGS F1-C89 - LMS Roll Forming Machine\",\"isPartOf\":{\"@id\":\"https:\/\/test1.tzg.ink\/#website\"},\"primaryImageOfPage\":{\"@id\":\"https:\/\/test1.tzg.ink\/es\/product\/framemac-lgs-machine-f1-c89\/#primaryimage\"},\"image\":{\"@id\":\"https:\/\/test1.tzg.ink\/es\/product\/framemac-lgs-machine-f1-c89\/#primaryimage\"},\"thumbnailUrl\":\"https:\/\/test1.tzg.ink\/wp-content\/uploads\/2024\/01\/1-C89-1.jpg\",\"datePublished\":\"2020-12-03T01:55:36+00:00\",\"dateModified\":\"2024-04-07T04:26:44+00:00\",\"breadcrumb\":{\"@id\":\"https:\/\/test1.tzg.ink\/es\/product\/framemac-lgs-machine-f1-c89\/#breadcrumb\"},\"inLanguage\":\"es\",\"potentialAction\":[{\"@type\":\"ReadAction\",\"target\":[\"https:\/\/test1.tzg.ink\/es\/product\/framemac-lgs-machine-f1-c89\/\"]}]},{\"@type\":\"ImageObject\",\"inLanguage\":\"es\",\"@id\":\"https:\/\/test1.tzg.ink\/es\/product\/framemac-lgs-machine-f1-c89\/#primaryimage\",\"url\":\"https:\/\/test1.tzg.ink\/wp-content\/uploads\/2024\/01\/1-C89-1.jpg\",\"contentUrl\":\"https:\/\/test1.tzg.ink\/wp-content\/uploads\/2024\/01\/1-C89-1.jpg\",\"width\":550,\"height\":413},{\"@type\":\"BreadcrumbList\",\"@id\":\"https:\/\/test1.tzg.ink\/es\/product\/framemac-lgs-machine-f1-c89\/#breadcrumb\",\"itemListElement\":[{\"@type\":\"ListItem\",\"position\":1,\"name\":\"Home\",\"item\":\"https:\/\/test1.tzg.ink\/es\/\"},{\"@type\":\"ListItem\",\"position\":2,\"name\":\"Products\",\"item\":\"https:\/\/test1.tzg.ink\/ar\/product\/\"},{\"@type\":\"ListItem\",\"position\":3,\"name\":\"M\u00e1quina FrameMac LGS F1-C89\"}]},{\"@type\":\"WebSite\",\"@id\":\"https:\/\/test1.tzg.ink\/#website\",\"url\":\"https:\/\/test1.tzg.ink\/\",\"name\":\"LMS Roll Forming Machine\",\"description\":\"LMS MACHINERY CHINA PROFESSIONAL COLD ROLL FORMING MACHINE PROVIDER PROFESSIONAL CHOICE, PROFESSIONAL SERVICE\",\"potentialAction\":[{\"@type\":\"SearchAction\",\"target\":{\"@type\":\"EntryPoint\",\"urlTemplate\":\"https:\/\/test1.tzg.ink\/?s={search_term_string}\"},\"query-input\":{\"@type\":\"PropertyValueSpecification\",\"valueRequired\":true,\"valueName\":\"search_term_string\"}}],\"inLanguage\":\"es\"}]}<\/script>\n<!-- \/ Yoast SEO plugin. -->","yoast_head_json":{"title":"M\u00e1quina FrameMac LGS F1-C89 - LMS Roll Forming Machine","robots":{"index":"index","follow":"follow","max-snippet":"max-snippet:-1","max-image-preview":"max-image-preview:large","max-video-preview":"max-video-preview:-1"},"canonical":"https:\/\/test1.tzg.ink\/es\/product\/framemac-lgs-machine-f1-c89\/","og_locale":"es_ES","og_type":"article","og_title":"M\u00e1quina FrameMac LGS F1-C89 - LMS Roll Forming Machine","og_description":"M\u00e1quina FrameMac LGS F1-C89 El conformado por doblado en fr\u00edo es un proceso flexible en el que se instalan una pluralidad de juegos (superiores e inferiores) de matrices de conformaci\u00f3n en forma de rollo en un cierto orden, y las bobinas met\u00e1licas correspondientes se pasan a trav\u00e9s de un contorno espec\u00edfico del molde en forma [&hellip;]","og_url":"https:\/\/test1.tzg.ink\/es\/product\/framemac-lgs-machine-f1-c89\/","og_site_name":"LMS Roll Forming Machine","article_modified_time":"2024-04-07T04:26:44+00:00","og_image":[{"width":550,"height":413,"url":"https:\/\/test1.tzg.ink\/wp-content\/uploads\/2024\/01\/1-C89-1.jpg","type":"image\/jpeg"}],"twitter_card":"summary_large_image","twitter_misc":{"Tiempo de lectura":"2 minutos"},"schema":{"@context":"https:\/\/schema.org","@graph":[{"@type":"WebPage","@id":"https:\/\/test1.tzg.ink\/es\/product\/framemac-lgs-machine-f1-c89\/","url":"https:\/\/test1.tzg.ink\/es\/product\/framemac-lgs-machine-f1-c89\/","name":"M\u00e1quina FrameMac LGS F1-C89 - LMS Roll Forming Machine","isPartOf":{"@id":"https:\/\/test1.tzg.ink\/#website"},"primaryImageOfPage":{"@id":"https:\/\/test1.tzg.ink\/es\/product\/framemac-lgs-machine-f1-c89\/#primaryimage"},"image":{"@id":"https:\/\/test1.tzg.ink\/es\/product\/framemac-lgs-machine-f1-c89\/#primaryimage"},"thumbnailUrl":"https:\/\/test1.tzg.ink\/wp-content\/uploads\/2024\/01\/1-C89-1.jpg","datePublished":"2020-12-03T01:55:36+00:00","dateModified":"2024-04-07T04:26:44+00:00","breadcrumb":{"@id":"https:\/\/test1.tzg.ink\/es\/product\/framemac-lgs-machine-f1-c89\/#breadcrumb"},"inLanguage":"es","potentialAction":[{"@type":"ReadAction","target":["https:\/\/test1.tzg.ink\/es\/product\/framemac-lgs-machine-f1-c89\/"]}]},{"@type":"ImageObject","inLanguage":"es","@id":"https:\/\/test1.tzg.ink\/es\/product\/framemac-lgs-machine-f1-c89\/#primaryimage","url":"https:\/\/test1.tzg.ink\/wp-content\/uploads\/2024\/01\/1-C89-1.jpg","contentUrl":"https:\/\/test1.tzg.ink\/wp-content\/uploads\/2024\/01\/1-C89-1.jpg","width":550,"height":413},{"@type":"BreadcrumbList","@id":"https:\/\/test1.tzg.ink\/es\/product\/framemac-lgs-machine-f1-c89\/#breadcrumb","itemListElement":[{"@type":"ListItem","position":1,"name":"Home","item":"https:\/\/test1.tzg.ink\/es\/"},{"@type":"ListItem","position":2,"name":"Products","item":"https:\/\/test1.tzg.ink\/ar\/product\/"},{"@type":"ListItem","position":3,"name":"M\u00e1quina FrameMac LGS F1-C89"}]},{"@type":"WebSite","@id":"https:\/\/test1.tzg.ink\/#website","url":"https:\/\/test1.tzg.ink\/","name":"LMS Roll Forming Machine","description":"LMS MACHINERY CHINA PROFESSIONAL COLD ROLL FORMING MACHINE PROVIDER PROFESSIONAL CHOICE, PROFESSIONAL SERVICE","potentialAction":[{"@type":"SearchAction","target":{"@type":"EntryPoint","urlTemplate":"https:\/\/test1.tzg.ink\/?s={search_term_string}"},"query-input":{"@type":"PropertyValueSpecification","valueRequired":true,"valueName":"search_term_string"}}],"inLanguage":"es"}]}},"_links":{"self":[{"href":"https:\/\/test1.tzg.ink\/es\/wp-json\/wp\/v2\/product\/8935","targetHints":{"allow":["GET"]}}],"collection":[{"href":"https:\/\/test1.tzg.ink\/es\/wp-json\/wp\/v2\/product"}],"about":[{"href":"https:\/\/test1.tzg.ink\/es\/wp-json\/wp\/v2\/types\/product"}],"wp:featuredmedia":[{"embeddable":true,"href":"https:\/\/test1.tzg.ink\/es\/wp-json\/wp\/v2\/media\/8936"}],"wp:attachment":[{"href":"https:\/\/test1.tzg.ink\/es\/wp-json\/wp\/v2\/media?parent=8935"}],"wp:term":[{"taxonomy":"product-type","embeddable":true,"href":"https:\/\/test1.tzg.ink\/es\/wp-json\/wp\/v2\/product-type?post=8935"}],"curies":[{"name":"wp","href":"https:\/\/api.w.org\/{rel}","templated":true}]}}