{"id":8933,"date":"2020-12-03T09:54:48","date_gmt":"2020-12-03T01:54:48","guid":{"rendered":"https:\/\/test1.tzg.ink\/product\/framemac-lgs-machine-f1-c140\/"},"modified":"2024-04-07T12:02:25","modified_gmt":"2024-04-07T04:02:25","slug":"framemac-lgs-machine-f1-c140","status":"publish","type":"product","link":"https:\/\/test1.tzg.ink\/es\/product\/framemac-lgs-machine-f1-c140\/","title":{"rendered":"M\u00e1quina FrameMac LGS F1-C140"},"content":{"rendered":"\n<h2 class=\"wp-block-heading has-text-align-center\">M\u00e1quina FrameMac LGS F1-C140<\/h2>\n\n\n\n<p>El conformado por doblado en fr\u00edo es un proceso flexible en el que se instalan una pluralidad de juegos (superiores e inferiores) de matrices de conformaci\u00f3n en forma de rollo en un cierto orden, y las bobinas met\u00e1licas correspondientes se pasan a trav\u00e9s de un contorno espec\u00edfico del molde en forma continua para ser laminadas en forma de dise\u00f1o. Proceso. El conformado en fr\u00edo tambi\u00e9n se conoce como perfilado, perfilado, perfilado, perfilado, etc. Taiw\u00e1n es conocida como una m\u00e1quina perfiladora, que es uno de los procesos de procesamiento de chapa m\u00e1s seguros, eficientes, seguros y eficientes con el medio ambiente.<\/p>\n\n\n\n<p>La unidad de formaci\u00f3n de acero ligero de pared delgada conformada en fr\u00edo de Furuimei consta de una m\u00e1quina autom\u00e1tica de desenrollado y descarga de material, dispositivo de nivelaci\u00f3n de material, m\u00e1quina principal de formaci\u00f3n, punzonado autom\u00e1tico, corte, mesa de recepci\u00f3n y gabinete de control. De acuerdo con los requisitos espec\u00edficos de la construcci\u00f3n de villas de acero ligero, est\u00e1 equipado con: orificio para tornillo de hoyuelo, chafl\u00e1n, orificio pasante de banda, cizalla lateral peque\u00f1a, orificio de tuber\u00eda, contracci\u00f3n de la banda, cizalla y otro dispositivo de estampado y codificaci\u00f3n. Adopta el control autom\u00e1tico CNC de computadora industrial de nivel profesional, que tiene las caracter\u00edsticas de una amplia gama de aplicaciones, alta precisi\u00f3n de producto, alto grado de automatizaci\u00f3n, ahorro de material y alto grado de automatizaci\u00f3n.Est\u00e1 dirigido a la innovaci\u00f3n continua de edificios de ensamblaje y formas estructurales diversificadas en el mercado. Se puede dise\u00f1ar y fabricar equipo especial de acuerdo con los requisitos del cliente, y se puede proporcionar equipo de soporte como losa de piso \/ acero C ajustable.<\/p>\n\n\n\n<p>1. Dise\u00f1o r\u00e1pido: confiando en el software internacional avanzado QSS, el equipo FrameMac puede lograr una producci\u00f3n r\u00e1pida en 30 minutos.<\/p>\n\n\n\n<p>2. Producci\u00f3n r\u00e1pida: el equipo FrameMac tiene una velocidad l\u00edder en la industria de 300-700 metros por hora y una estructura ligera de acero de hasta 2800 metros.<\/p>\n\n\n\n<p>1. Tama\u00f1o: la estructura de acero ligero producida por el equipo FrameMac tiene una precisi\u00f3n de tama\u00f1o l\u00edder en la industria.<\/p>\n\n\n\n<p>2. Formando est\u00e1ndar: el equipo FrameMac puede garantizar la precisi\u00f3n de la industria l\u00edder en la forma y la forma de la estructura de acero ligero de m\u00faltiples tama\u00f1os y formas.<\/p>\n\n\n\n<p>3. Mantenimiento y reparaci\u00f3n: moldeado independiente, interfaz de estad\u00edsticas de troqueles de perforaci\u00f3n, que proporciona un fuerte soporte t\u00e9cnico para la postventa.<\/p>\n\n\n\n<p>1. M\u00e1s estilos: el equipo FrameMac puede producir una variedad de estructuras de acero ligero, WYSIWYG.<\/p>\n\n\n\n<p>2. Moldeado: el equipo FrameMac puede imprimir todo tipo de formas de acero ligero de manera m\u00e1s razonable, y hay una variedad de modelos disponibles. Ahorre m\u00e1s material para los clientes al tiempo que garantiza la eficiencia.<\/p>\n\n\n\n<p>\u203b Con su rica experiencia en la fabricaci\u00f3n de equipos de doblado en fr\u00edo, FrameMac utiliza el concepto de dise\u00f1o modular para garantizar la estandarizaci\u00f3n de las piezas del equipo tanto como sea posible para lograr una entrega de producci\u00f3n r\u00e1pida. Los colegas se aseguran de que las piezas del proceso de producci\u00f3n se completen en el centro de mecanizado. Reduzca la dependencia humana y garantice la sostenibilidad de la calidad del equipo.<\/p>\n\n\n\n<p>System El sistema de control CNC es el mismo que el dise\u00f1o del equipo convencional internacional, utilizando un software de control de propiedad intelectual independiente e independiente para lograr el enlace de datos y el diagn\u00f3stico y mantenimiento de la red remota.<\/p>\n\n\n\n<p>\u203b Elija la configuraci\u00f3n m\u00e1s alta y confiable tanto como sea posible para garantizar que la calidad del equipo sea excelente, confiable y segura. Las piezas clave se seleccionan de marcas conocidas en el pa\u00eds y en el extranjero para cumplir con nuestra ruta de marca.<\/p>\n\n\n\n<p>\u203b Debido a la innovaci\u00f3n continua y la mejora continua del concepto de construcci\u00f3n del producto, proporcionamos equipos robustos y de alta precisi\u00f3n para nuestros clientes.<\/p>\n\n\n\n<p>&nbsp; &nbsp; &nbsp; &nbsp; Opci\u00f3n de software 1:<\/p>\n\n\n\n<ul class=\"wp-block-list\">\n<li><\/li>\n<\/ul>\n\n\n\n<ul class=\"wp-block-list\">\n<li>Genere autom\u00e1ticamente la estructura del marco de la pared, el piso y el techo para reducir el tiempo de dise\u00f1o;<\/li>\n<\/ul>\n\n\n\n<ul class=\"wp-block-list\">\n<li>El verdadero modelado 3D autom\u00e1tico garantiza una precisi\u00f3n del 100%;<\/li>\n<\/ul>\n\n\n\n<ul class=\"wp-block-list\">\n<li>El software viene con la funci\u00f3n de an\u00e1lisis de ingenier\u00eda, que calcula autom\u00e1ticamente la capacidad de carga estructural;<\/li>\n<\/ul>\n\n\n\n<ul class=\"wp-block-list\">\n<li>Genere autom\u00e1ticamente dibujos en 3D de miembros del marco y representaciones en 3D;<\/li>\n<\/ul>\n\n\n\n<ul class=\"wp-block-list\">\n<li>El desmantelamiento autom\u00e1tico, de acuerdo con el dise\u00f1o, puede descomponer autom\u00e1ticamente el mapa del marco del edificio en mapas de unidades independientes;<\/li>\n<\/ul>\n\n\n\n<ul class=\"wp-block-list\">\n<li>Generaci\u00f3n autom\u00e1tica de listas de materiales y tablas de corte de varillas precisas;<\/li>\n<\/ul>\n\n\n\n<ul class=\"wp-block-list\">\n<li>El c\u00e1lculo autom\u00e1tico de la lista de materiales de todo el edificio, incluido el acero, las l\u00e1minas, el aislamiento, el n\u00famero de puertas y ventanas, los tornillos y otros materiales de apoyo relacionados necesarios, puede estimar con precisi\u00f3n el proyecto y facilitar a los usuarios la cotizaci\u00f3n del proyecto;<\/li>\n<\/ul>\n\n\n\n<ul class=\"wp-block-list\">\n<li>Genere autom\u00e1ticamente datos de mecanizado (incluida la generaci\u00f3n autom\u00e1tica de etiquetas de componentes) para interactuar con el dispositivo;<\/li>\n<\/ul>\n\n\n\n<ul class=\"wp-block-list\">\n<li>El software es una nueva versi\u00f3n china, f\u00e1cil de entender, y los dise\u00f1adores pueden dominar el uso de una formaci\u00f3n sencilla;<\/li>\n\n\n\n<li><\/li>\n<\/ul>\n\n\n\n<ul class=\"wp-block-list\">\n<li>Plantilla definida por el usuario<br>Cree marcos 3D, dibujos 2D y listas de materiales en segundos. Es posible un n\u00famero ilimitado de configuraciones de marco.<\/li>\n<\/ul>\n\n\n\n<ul class=\"wp-block-list\">\n<li>Funcionalidad truss<br>MWF Advanced Metal reconoce casi todos los perfiles de techo de Revit y los coloca autom\u00e1ticamente<br>Sistema de truss completo.<\/li>\n<\/ul>\n\n\n\n<ul class=\"wp-block-list\">\n<li>Nuevo dise\u00f1ador de truss<br>Optimice la selecci\u00f3n de miembros y genere autom\u00e1ticamente informes de ingenier\u00eda y dibujos de producci\u00f3n detallados.<\/li>\n<\/ul>\n\n\n\n<ul class=\"wp-block-list\">\n<li>Apertura de detecci\u00f3n<br>Detecte r\u00e1pidamente las aberturas de Revit y aplique reglas de marco en todo el modelo.<\/li>\n<\/ul>\n\n\n\n<ul class=\"wp-block-list\">\n<li>Sistema de suelo completo<br>Aplique cargas de revit para su tipo de membres\u00eda y un an\u00e1lisis de piso completo para permitir que MWF Advanced Metal recomiende el tama\u00f1o de componente \u00f3ptimo seg\u00fan las condiciones de carga y los c\u00f3digos LRFD, ASD (EE. UU.) O LSD (Canad\u00e1).<\/li>\n<\/ul>\n\n\n\n<ul class=\"wp-block-list\">\n<li>ingeniero<br>Puede utilizar la l\u00ednea del modelo para dise\u00f1ar el truss Oddball a mano alzada y luego dise\u00f1arlo y construirlo para usted en el modelo final de Revit.<\/li>\n<\/ul>\n\n\n\n<p>&nbsp; &nbsp; &nbsp; &nbsp; Opci\u00f3n de software 3\uff1aArktec<\/p>\n\n\n\n<p>Arktec es un software de dise\u00f1o de acero ligero que integra dise\u00f1o, c\u00e1lculo, plano y fabricaci\u00f3n. Tiene la ventaja de las l\u00edneas abiertas en el \u00e1rea espa\u00f1ola, dise\u00f1ando paneles verticales, paneles horizontales (pisos), cerchas, vigas y escaleras. El an\u00e1lisis mec\u00e1nico del dise\u00f1o estructural del software cumple con la UNE-EN 1090-2: 2019 (certificaci\u00f3n espa\u00f1ola) para asegurar que la estructura de dise\u00f1o se ajusta a sus especificaciones.<\/p>\n\n\n\n<figure class=\"wp-block-image\"><img decoding=\"async\" src=\"https:\/\/es.lmsmachinery.com\/uploads\/downloads\/arktec1.jpg\" alt=\"light gauge steel house frame machine\"\/><\/figure>\n\n\n\n<figure class=\"wp-block-image\"><img decoding=\"async\" src=\"https:\/\/es.lmsmachinery.com\/uploads\/downloads\/arktec.jpg\" alt=\"light gauge steel house frame machine\"\/><\/figure>\n\n\n\n<p>&nbsp; &nbsp; &nbsp; &nbsp; Opci\u00f3n de software 4\uff1aQSS QuikSeries<\/p>\n\n\n\n<p>El software QuickSeries es un paquete de software desarrollado en base a la plataforma de software IntelliCAD, que se especializa en el dise\u00f1o y refinamiento de estructuras de acero ligero de paredes delgadas conformadas en fr\u00edo. Es un dise\u00f1o y dise\u00f1o ideal para paneles de pared de acero ligero, armaduras de techo, losas de piso y residencias civiles y comerciales. Refina el software de dise\u00f1o. El software QuickSeries es un software con c\u00e1lculos de ingenier\u00eda asistidos por computadora. Actualmente cuenta con c\u00e1lculos para ocho est\u00e1ndares principales de dise\u00f1o de acero ligero de paredes delgadas conformados en fr\u00edo para brindar a los clientes total confianza en que sus dise\u00f1os cumplir\u00e1n con los est\u00e1ndares de dise\u00f1o locales. El software tambi\u00e9n incorpora un sistema de informes, que incluye una lista completa de materiales como varias piezas, conectores y tornillos.<\/p>\n\n\n\n<figure class=\"wp-block-image\"><img decoding=\"async\" src=\"https:\/\/es.lmsmachinery.com\/uploads\/downloads\/qss.jpg\" alt=\"light gauge steel house frame machine\"\/><\/figure>\n\n\n\n<figure class=\"wp-block-image\"><img decoding=\"async\" src=\"https:\/\/es.lmsmachinery.com\/uploads\/downloads\/QSS1.jpg\" alt=\"light gauge steel house frame machine\"\/><\/figure>\n\n\n\n<ul class=\"wp-block-list\">\n<li>C\u00e1lculos de ingenier\u00eda para armaduras y marcos de pared potentes<\/li>\n<\/ul>\n\n\n\n<ul class=\"wp-block-list\">\n<li>Asegure el uso eficiente de los materiales, mantenga la integridad estructural, ahorre costos de materiales, reduzca el desperdicio y aumente la rentabilidad.<\/li>\n<\/ul>\n\n\n\n<ul class=\"wp-block-list\">\n<li>El dise\u00f1o y la ingenier\u00eda se ajustan al entorno y las condiciones locales<\/li>\n<\/ul>\n\n\n\n<ul class=\"wp-block-list\">\n<li>El dise\u00f1o y la estructura de ingenier\u00eda se pueden adaptar a diversas condiciones ambientales y clim\u00e1ticas (como viento d\u00e9bil, golpes y zonas de viento fuerte).<\/li>\n<\/ul>\n\n\n\n<ul class=\"wp-block-list\">\n<li>Cumplimiento de los est\u00e1ndares de dise\u00f1o locales e internacionales.<\/li>\n<\/ul>\n\n\n\n<ul class=\"wp-block-list\">\n<li>El dise\u00f1o de ingenier\u00eda cumple con los est\u00e1ndares y c\u00f3digos de dise\u00f1o arquitect\u00f3nico locales e internacionales, lo que ayuda a simplificar el proceso de aprobaci\u00f3n local.<\/li>\n<\/ul>\n\n\n\n<ul class=\"wp-block-list\">\n<li>Bajo costo de aprendizaje y proceso de dise\u00f1o r\u00e1pido<\/li>\n<\/ul>\n\n\n\n<ul class=\"wp-block-list\">\n<li>Permitir que los no ingenieros dise\u00f1en dibujos r\u00e1pidamente mediante una formaci\u00f3n sencilla<\/li>\n<\/ul>\n\n\n\n<p>Opci\u00f3n de software 5\uff1aActualizaci\u00f3n continua.<\/p>\n\n\n\n<p>&nbsp; &nbsp; &nbsp; Usando el software de control de producci\u00f3n FrameMac LGS Maker con derechos de propiedad intelectual independientes y tecnolog\u00eda l\u00edder, equipado con computadoras profesionales reales de grado industrial, asegurando que el sistema sea adecuado para todo tipo de entornos de trabajo y un funcionamiento estable independientemente del entorno de trabajo.<\/p>\n\n\n\n<p>&nbsp; &nbsp; &nbsp; FrameMac LGS Maker<\/p>\n\n\n\n<figure class=\"wp-block-image\"><img decoding=\"async\" src=\"https:\/\/es.lmsmachinery.com\/uploads\/downloads\/mk1.jpg\" alt=\"light gauge steel house frame machine\"\/><\/figure>\n\n\n\n<figure class=\"wp-block-image\"><img decoding=\"async\" src=\"https:\/\/es.lmsmachinery.com\/uploads\/downloads\/maker1.jpg\" alt=\"light gauge steel house frame machine\"\/><\/figure>\n\n\n\n<ul class=\"wp-block-list\">\n<li>Computadora profesional de grado industrial de color grande de 17 \u00ab, puede elegir operaci\u00f3n de teclado, mouse o pantalla t\u00e1ctil, funci\u00f3n manual \/ autom\u00e1tica para cambiar.<\/li>\n<\/ul>\n\n\n\n<ul class=\"wp-block-list\">\n<li>Interfaz de operaci\u00f3n china, puede proporcionar m\u00faltiples opciones de idioma, f\u00e1cil de operar y depurar;<\/li>\n<\/ul>\n\n\n\n<ul class=\"wp-block-list\">\n<li>La salida de datos por el software de dise\u00f1o se puede copiar por USB y se puede transmitir de forma remota mientras est\u00e1 conectado a Internet;<br>Lea directamente los datos de salida del software de dise\u00f1o, conecte sin problemas el dise\u00f1o y la producci\u00f3n sin intervenci\u00f3n manual;<\/li>\n<\/ul>\n\n\n\n<ul class=\"wp-block-list\">\n<li>Proporciona una visualizaci\u00f3n gr\u00e1fica de las condiciones de producci\u00f3n, monitoreo intuitivo y en tiempo real del proceso de producci\u00f3n, visualizaci\u00f3n clara del proceso de producci\u00f3n (que sabe qu\u00e9 parte est\u00e1 procesando el dispositivo), progreso (incluida la longitud de la pieza de trabajo, n\u00famero de piezas, etc. .) y uso de materiales;<\/li>\n<\/ul>\n\n\n\n<ul class=\"wp-block-list\">\n<li>Operaci\u00f3n del equipo de visualizaci\u00f3n y monitoreo en tiempo real, alarma y apagado autom\u00e1tico, para garantizar el equipo y la seguridad personal<br>Programaci\u00f3n de tareas flexible y eficiente, que puede agregar, modificar y cancelar tareas de producci\u00f3n en cualquier momento durante la producci\u00f3n para mejorar la eficiencia operativa. Ya sea que se pueda agregar y eliminar la unidad completa o un solo miembro en cualquier momento, resuelva de manera efectiva el problema de desechar la varilla debido a defectos de material, equipo y error humano;<\/li>\n<\/ul>\n\n\n\n<ul class=\"wp-block-list\">\n<li>Se puede configurar la producci\u00f3n continua por lotes y el procesamiento pieza por pieza (conveniente control de calidad del producto);<\/li>\n<\/ul>\n\n\n\n<ul class=\"wp-block-list\">\n<li>En el caso de un apagado normal del sistema, los datos se guardan autom\u00e1ticamente y se garantiza cero desperdicio durante el<br>proceso de apagado (dispositivo opcional de protecci\u00f3n de apagado accidental para garantizar que los datos de apagado accidental no se pierdan);<\/li>\n<\/ul>\n\n\n\n<ul class=\"wp-block-list\">\n<li>El sistema tiene derechos de propiedad intelectual independientes y su uso es permanentemente gratuito;<\/li>\n<\/ul>\n","protected":false},"excerpt":{"rendered":"<p>M\u00e1quina FrameMac LGS F1-C140 El conformado por doblado en fr\u00edo es un proceso flexible en el que se instalan una pluralidad de juegos (superiores e inferiores) de matrices de conformaci\u00f3n en forma de rollo en un cierto orden, y las bobinas met\u00e1licas correspondientes se pasan a trav\u00e9s de un contorno espec\u00edfico del molde en forma [&hellip;]<\/p>\n","protected":false},"featured_media":8934,"template":"","product-type":[121],"class_list":["post-8933","product","type-product","status-publish","has-post-thumbnail","hentry","product-type-framemac-light-steel-frame-machine-es"],"acf":[],"yoast_head":"<!-- This site is optimized with the Yoast SEO plugin v26.6 - https:\/\/yoast.com\/wordpress\/plugins\/seo\/ -->\n<title>M\u00e1quina FrameMac LGS F1-C140 - LMS Roll Forming Machine<\/title>\n<meta name=\"robots\" content=\"index, follow, max-snippet:-1, max-image-preview:large, max-video-preview:-1\" \/>\n<link rel=\"canonical\" href=\"https:\/\/test1.tzg.ink\/es\/product\/framemac-lgs-machine-f1-c140\/\" \/>\n<meta property=\"og:locale\" content=\"es_ES\" \/>\n<meta property=\"og:type\" content=\"article\" \/>\n<meta property=\"og:title\" content=\"M\u00e1quina FrameMac LGS F1-C140 - LMS Roll Forming Machine\" \/>\n<meta property=\"og:description\" content=\"M\u00e1quina FrameMac LGS F1-C140 El conformado por doblado en fr\u00edo es un proceso flexible en el que se instalan una pluralidad de juegos (superiores e inferiores) de matrices de conformaci\u00f3n en forma de rollo en un cierto orden, y las bobinas met\u00e1licas correspondientes se pasan a trav\u00e9s de un contorno espec\u00edfico del molde en forma [&hellip;]\" \/>\n<meta property=\"og:url\" content=\"https:\/\/test1.tzg.ink\/es\/product\/framemac-lgs-machine-f1-c140\/\" \/>\n<meta property=\"og:site_name\" content=\"LMS Roll Forming Machine\" \/>\n<meta property=\"article:modified_time\" content=\"2024-04-07T04:02:25+00:00\" \/>\n<meta property=\"og:image\" content=\"https:\/\/test1.tzg.ink\/wp-content\/uploads\/2024\/01\/1-140-1.jpg\" \/>\n\t<meta property=\"og:image:width\" content=\"550\" \/>\n\t<meta property=\"og:image:height\" content=\"413\" \/>\n\t<meta property=\"og:image:type\" content=\"image\/jpeg\" \/>\n<meta name=\"twitter:card\" content=\"summary_large_image\" \/>\n<meta name=\"twitter:label1\" content=\"Tiempo de lectura\" \/>\n\t<meta name=\"twitter:data1\" content=\"9 minutos\" \/>\n<script type=\"application\/ld+json\" class=\"yoast-schema-graph\">{\"@context\":\"https:\/\/schema.org\",\"@graph\":[{\"@type\":\"WebPage\",\"@id\":\"https:\/\/test1.tzg.ink\/es\/product\/framemac-lgs-machine-f1-c140\/\",\"url\":\"https:\/\/test1.tzg.ink\/es\/product\/framemac-lgs-machine-f1-c140\/\",\"name\":\"M\u00e1quina FrameMac LGS F1-C140 - LMS Roll Forming Machine\",\"isPartOf\":{\"@id\":\"https:\/\/test1.tzg.ink\/#website\"},\"primaryImageOfPage\":{\"@id\":\"https:\/\/test1.tzg.ink\/es\/product\/framemac-lgs-machine-f1-c140\/#primaryimage\"},\"image\":{\"@id\":\"https:\/\/test1.tzg.ink\/es\/product\/framemac-lgs-machine-f1-c140\/#primaryimage\"},\"thumbnailUrl\":\"https:\/\/test1.tzg.ink\/wp-content\/uploads\/2024\/01\/1-140-1.jpg\",\"datePublished\":\"2020-12-03T01:54:48+00:00\",\"dateModified\":\"2024-04-07T04:02:25+00:00\",\"breadcrumb\":{\"@id\":\"https:\/\/test1.tzg.ink\/es\/product\/framemac-lgs-machine-f1-c140\/#breadcrumb\"},\"inLanguage\":\"es\",\"potentialAction\":[{\"@type\":\"ReadAction\",\"target\":[\"https:\/\/test1.tzg.ink\/es\/product\/framemac-lgs-machine-f1-c140\/\"]}]},{\"@type\":\"ImageObject\",\"inLanguage\":\"es\",\"@id\":\"https:\/\/test1.tzg.ink\/es\/product\/framemac-lgs-machine-f1-c140\/#primaryimage\",\"url\":\"https:\/\/test1.tzg.ink\/wp-content\/uploads\/2024\/01\/1-140-1.jpg\",\"contentUrl\":\"https:\/\/test1.tzg.ink\/wp-content\/uploads\/2024\/01\/1-140-1.jpg\",\"width\":550,\"height\":413},{\"@type\":\"BreadcrumbList\",\"@id\":\"https:\/\/test1.tzg.ink\/es\/product\/framemac-lgs-machine-f1-c140\/#breadcrumb\",\"itemListElement\":[{\"@type\":\"ListItem\",\"position\":1,\"name\":\"Home\",\"item\":\"https:\/\/test1.tzg.ink\/es\/\"},{\"@type\":\"ListItem\",\"position\":2,\"name\":\"Products\",\"item\":\"https:\/\/test1.tzg.ink\/ar\/product\/\"},{\"@type\":\"ListItem\",\"position\":3,\"name\":\"M\u00e1quina FrameMac LGS F1-C140\"}]},{\"@type\":\"WebSite\",\"@id\":\"https:\/\/test1.tzg.ink\/#website\",\"url\":\"https:\/\/test1.tzg.ink\/\",\"name\":\"LMS Roll Forming Machine\",\"description\":\"LMS MACHINERY CHINA PROFESSIONAL COLD ROLL FORMING MACHINE PROVIDER PROFESSIONAL CHOICE, PROFESSIONAL SERVICE\",\"potentialAction\":[{\"@type\":\"SearchAction\",\"target\":{\"@type\":\"EntryPoint\",\"urlTemplate\":\"https:\/\/test1.tzg.ink\/?s={search_term_string}\"},\"query-input\":{\"@type\":\"PropertyValueSpecification\",\"valueRequired\":true,\"valueName\":\"search_term_string\"}}],\"inLanguage\":\"es\"}]}<\/script>\n<!-- \/ Yoast SEO plugin. -->","yoast_head_json":{"title":"M\u00e1quina FrameMac LGS F1-C140 - LMS Roll Forming Machine","robots":{"index":"index","follow":"follow","max-snippet":"max-snippet:-1","max-image-preview":"max-image-preview:large","max-video-preview":"max-video-preview:-1"},"canonical":"https:\/\/test1.tzg.ink\/es\/product\/framemac-lgs-machine-f1-c140\/","og_locale":"es_ES","og_type":"article","og_title":"M\u00e1quina FrameMac LGS F1-C140 - LMS Roll Forming Machine","og_description":"M\u00e1quina FrameMac LGS F1-C140 El conformado por doblado en fr\u00edo es un proceso flexible en el que se instalan una pluralidad de juegos (superiores e inferiores) de matrices de conformaci\u00f3n en forma de rollo en un cierto orden, y las bobinas met\u00e1licas correspondientes se pasan a trav\u00e9s de un contorno espec\u00edfico del molde en forma [&hellip;]","og_url":"https:\/\/test1.tzg.ink\/es\/product\/framemac-lgs-machine-f1-c140\/","og_site_name":"LMS Roll Forming Machine","article_modified_time":"2024-04-07T04:02:25+00:00","og_image":[{"width":550,"height":413,"url":"https:\/\/test1.tzg.ink\/wp-content\/uploads\/2024\/01\/1-140-1.jpg","type":"image\/jpeg"}],"twitter_card":"summary_large_image","twitter_misc":{"Tiempo de lectura":"9 minutos"},"schema":{"@context":"https:\/\/schema.org","@graph":[{"@type":"WebPage","@id":"https:\/\/test1.tzg.ink\/es\/product\/framemac-lgs-machine-f1-c140\/","url":"https:\/\/test1.tzg.ink\/es\/product\/framemac-lgs-machine-f1-c140\/","name":"M\u00e1quina FrameMac LGS F1-C140 - LMS Roll Forming Machine","isPartOf":{"@id":"https:\/\/test1.tzg.ink\/#website"},"primaryImageOfPage":{"@id":"https:\/\/test1.tzg.ink\/es\/product\/framemac-lgs-machine-f1-c140\/#primaryimage"},"image":{"@id":"https:\/\/test1.tzg.ink\/es\/product\/framemac-lgs-machine-f1-c140\/#primaryimage"},"thumbnailUrl":"https:\/\/test1.tzg.ink\/wp-content\/uploads\/2024\/01\/1-140-1.jpg","datePublished":"2020-12-03T01:54:48+00:00","dateModified":"2024-04-07T04:02:25+00:00","breadcrumb":{"@id":"https:\/\/test1.tzg.ink\/es\/product\/framemac-lgs-machine-f1-c140\/#breadcrumb"},"inLanguage":"es","potentialAction":[{"@type":"ReadAction","target":["https:\/\/test1.tzg.ink\/es\/product\/framemac-lgs-machine-f1-c140\/"]}]},{"@type":"ImageObject","inLanguage":"es","@id":"https:\/\/test1.tzg.ink\/es\/product\/framemac-lgs-machine-f1-c140\/#primaryimage","url":"https:\/\/test1.tzg.ink\/wp-content\/uploads\/2024\/01\/1-140-1.jpg","contentUrl":"https:\/\/test1.tzg.ink\/wp-content\/uploads\/2024\/01\/1-140-1.jpg","width":550,"height":413},{"@type":"BreadcrumbList","@id":"https:\/\/test1.tzg.ink\/es\/product\/framemac-lgs-machine-f1-c140\/#breadcrumb","itemListElement":[{"@type":"ListItem","position":1,"name":"Home","item":"https:\/\/test1.tzg.ink\/es\/"},{"@type":"ListItem","position":2,"name":"Products","item":"https:\/\/test1.tzg.ink\/ar\/product\/"},{"@type":"ListItem","position":3,"name":"M\u00e1quina FrameMac LGS F1-C140"}]},{"@type":"WebSite","@id":"https:\/\/test1.tzg.ink\/#website","url":"https:\/\/test1.tzg.ink\/","name":"LMS Roll Forming Machine","description":"LMS MACHINERY CHINA PROFESSIONAL COLD ROLL FORMING MACHINE PROVIDER PROFESSIONAL CHOICE, PROFESSIONAL SERVICE","potentialAction":[{"@type":"SearchAction","target":{"@type":"EntryPoint","urlTemplate":"https:\/\/test1.tzg.ink\/?s={search_term_string}"},"query-input":{"@type":"PropertyValueSpecification","valueRequired":true,"valueName":"search_term_string"}}],"inLanguage":"es"}]}},"_links":{"self":[{"href":"https:\/\/test1.tzg.ink\/es\/wp-json\/wp\/v2\/product\/8933","targetHints":{"allow":["GET"]}}],"collection":[{"href":"https:\/\/test1.tzg.ink\/es\/wp-json\/wp\/v2\/product"}],"about":[{"href":"https:\/\/test1.tzg.ink\/es\/wp-json\/wp\/v2\/types\/product"}],"wp:featuredmedia":[{"embeddable":true,"href":"https:\/\/test1.tzg.ink\/es\/wp-json\/wp\/v2\/media\/8934"}],"wp:attachment":[{"href":"https:\/\/test1.tzg.ink\/es\/wp-json\/wp\/v2\/media?parent=8933"}],"wp:term":[{"taxonomy":"product-type","embeddable":true,"href":"https:\/\/test1.tzg.ink\/es\/wp-json\/wp\/v2\/product-type?post=8933"}],"curies":[{"name":"wp","href":"https:\/\/api.w.org\/{rel}","templated":true}]}}