{"id":8925,"date":"2020-12-01T09:21:03","date_gmt":"2020-12-01T01:21:03","guid":{"rendered":"https:\/\/test1.tzg.ink\/product\/framemac-f1-360-compact-lgs-machine\/"},"modified":"2024-04-07T13:54:56","modified_gmt":"2024-04-07T05:54:56","slug":"framemac-f1-360-compact-lgs-machine","status":"publish","type":"product","link":"https:\/\/test1.tzg.ink\/es\/product\/framemac-f1-360-compact-lgs-machine\/","title":{"rendered":"M\u00e1quina LGS compacta FrameMac F1-360"},"content":{"rendered":"\n<h2 class=\"wp-block-heading has-text-align-center\">M\u00e1quina LGS compacta FrameMac F1-360<\/h2>\n\n\n\n<p>La serie F1-360 es un equipo compacto y confiable lanzado por FrameMac. Se fabrica de acuerdo con los conceptos de dise\u00f1o principales internacionales. El dise\u00f1o est\u00e1ndar es una unidad formadora de acero de paredes delgadas conformada en fr\u00edo en forma de C pura, que se puede expandir a equipos combinados C&amp;U y f\u00e1bricas m\u00f3viles. Especialmente adecuado para empresas y particulares que son nuevos en la industria de viviendas de chalets de acero ligero.<\/p>\n\n\n\n<p>La m\u00e1quina perfiladora de acero de pared delgada conformada en fr\u00edo FrameMac incluye: desbobinador autom\u00e1tico, m\u00e1quina perfiladora principal, punzonado autom\u00e1tico, corte, mesa de salida y gabinete de control. De acuerdo con los requisitos espec\u00edficos de la construcci\u00f3n de villas de acero ligero, est\u00e1 equipado con: orificio de hoyuelo, corte de chafl\u00e1n, muesca de red, corte de labio, orificio de servicio, orificio de perno y corte. Al usar el control autom\u00e1tico CNC por computadora, tiene las ventajas de una amplia gama de aplicaciones, alta precisi\u00f3n del producto, alto grado de automatizaci\u00f3n, ahorro de materiales y costos. En vista de la continua innovaci\u00f3n de los edificios prefabricados en el mercado y la diversificaci\u00f3n de las formas estructurales, nuestra empresa tambi\u00e9n puede dise\u00f1ar y fabricar equipos especiales para requisitos especiales de acuerdo con los requisitos del cliente.<\/p>\n\n\n\n<figure class=\"wp-block-table\"><table><tbody><tr><td>\n<p><span style=\"color: #ffffff;\"><strong>F1-360 Protagonista<\/strong><\/span><\/p>\n<p>&nbsp;<\/p>\n<\/td><\/tr><\/tbody><\/table><\/figure>\n\n\n\n<ul class=\"wp-block-list\">\n<li>Principalmente de acuerdo con las diferentes caracter\u00edsticas del material de diferentes fabricantes en el pa\u00eds y en el extranjero, nivelaci\u00f3n de alta precisi\u00f3n del material, eliminando el estr\u00e9s interno del material, haciendo que los productos sean m\u00e1s estables y eficientes en el proceso de procesamiento.<\/li>\n<\/ul>\n\n\n\n<ul class=\"wp-block-list\">\n<li>El desbobinador es de tipo de expansi\u00f3n manual, y la carga y descarga de materiales es conveniente, r\u00e1pida y segura, lo que reduce los accidentes de seguridad.<\/li>\n<\/ul>\n\n\n\n<ul class=\"wp-block-list\">\n<li>Con el dispositivo de freno ajustable, no es f\u00e1cil da\u00f1ar la superficie del material.<\/li>\n<\/ul>\n\n\n\n<ul class=\"wp-block-list\">\n<li>Descarga electr\u00f3nica autom\u00e1tica por inducci\u00f3n, operaci\u00f3n y mantenimiento sencillos.<\/li>\n<\/ul>\n\n\n\n<figure class=\"wp-block-table\"><table><tbody><tr><td>\n<p><span style=\"color: #ffffff;\"><strong>Acerca de FrameMac<\/strong><\/span><\/p>\n<p>&nbsp;<\/p>\n<\/td><\/tr><\/tbody><\/table><\/figure>\n\n\n\n<p>El laminado en fr\u00edo es un proceso flexible en el que se instalan una pluralidad de conjuntos (superior e inferior) de matrices laminadoras en un orden determinado, y las bobinas met\u00e1licas correspondientes se pasan a trav\u00e9s de un perfil espec\u00edfico del molde de laminaci\u00f3n de manera continua para ser laminadas. en una forma de dise\u00f1o. Proceso. El conformado en fr\u00edo tambi\u00e9n se conoce como laminado, laminado, laminado, laminado, etc. Taiw\u00e1n es conocido como una m\u00e1quina formadora de rollos, que es uno de los procesadores de chapa met\u00e1lica m\u00e1s ecol\u00f3gicos, ahorradores de energ\u00eda, seguros y eficientes. Procesos.<\/p>\n\n\n\n<p>La unidad perfiladora de acero ligero de pared delgada conformada en fr\u00edo FrameMac consta de una m\u00e1quina autom\u00e1tica de desbobinado y descarga de material, dispositivo nivelador de material, m\u00e1quina formadora, punzonado autom\u00e1tico, corte, mesa de recepci\u00f3n y gabinete de control. De acuerdo con los requisitos espec\u00edficos de la construcci\u00f3n de villas de acero ligero, est\u00e1 equipado con: orificio de tornillo de hoyuelo, chafl\u00e1n, orificio pasante de la red, cizalla lateral peque\u00f1a, orificio de la tuber\u00eda, contracci\u00f3n de la red, cizallamiento y otro troquel de estampado y dispositivo de codificaci\u00f3n. Adopta un control autom\u00e1tico CNC de computadora industrial de grado profesional, que tiene las caracter\u00edsticas de una amplia gama de aplicaciones, alta precisi\u00f3n del producto, alto grado de automatizaci\u00f3n, ahorro de material y alto grado de automatizaci\u00f3n. Tiene como objetivo la innovaci\u00f3n continua de edificios de montaje y formas estructurales diversificadas en el mercado. Se pueden dise\u00f1ar y fabricar equipos especiales de acuerdo con los requisitos del cliente, y se pueden proporcionar equipos de soporte, como tarimas de piso \/ acero C ajustable.<\/p>\n","protected":false},"excerpt":{"rendered":"<p>M\u00e1quina LGS compacta FrameMac F1-360 La serie F1-360 es un equipo compacto y confiable lanzado por FrameMac. Se fabrica de acuerdo con los conceptos de dise\u00f1o principales internacionales. El dise\u00f1o est\u00e1ndar es una unidad formadora de acero de paredes delgadas conformada en fr\u00edo en forma de C pura, que se puede expandir a equipos combinados [&hellip;]<\/p>\n","protected":false},"featured_media":8926,"template":"","product-type":[121],"class_list":["post-8925","product","type-product","status-publish","has-post-thumbnail","hentry","product-type-framemac-light-steel-frame-machine-es"],"acf":[],"yoast_head":"<!-- This site is optimized with the Yoast SEO plugin v26.6 - https:\/\/yoast.com\/wordpress\/plugins\/seo\/ -->\n<title>M\u00e1quina LGS compacta FrameMac F1-360 - LMS Roll Forming Machine<\/title>\n<meta name=\"robots\" content=\"index, follow, max-snippet:-1, max-image-preview:large, max-video-preview:-1\" \/>\n<link rel=\"canonical\" href=\"https:\/\/test1.tzg.ink\/es\/product\/framemac-f1-360-compact-lgs-machine\/\" \/>\n<meta property=\"og:locale\" content=\"es_ES\" \/>\n<meta property=\"og:type\" content=\"article\" \/>\n<meta property=\"og:title\" content=\"M\u00e1quina LGS compacta FrameMac F1-360 - LMS Roll Forming Machine\" \/>\n<meta property=\"og:description\" content=\"M\u00e1quina LGS compacta FrameMac F1-360 La serie F1-360 es un equipo compacto y confiable lanzado por FrameMac. Se fabrica de acuerdo con los conceptos de dise\u00f1o principales internacionales. El dise\u00f1o est\u00e1ndar es una unidad formadora de acero de paredes delgadas conformada en fr\u00edo en forma de C pura, que se puede expandir a equipos combinados [&hellip;]\" \/>\n<meta property=\"og:url\" content=\"https:\/\/test1.tzg.ink\/es\/product\/framemac-f1-360-compact-lgs-machine\/\" \/>\n<meta property=\"og:site_name\" content=\"LMS Roll Forming Machine\" \/>\n<meta property=\"article:modified_time\" content=\"2024-04-07T05:54:56+00:00\" \/>\n<meta property=\"og:image\" content=\"https:\/\/test1.tzg.ink\/wp-content\/uploads\/2024\/01\/1-360-1.jpg\" \/>\n\t<meta property=\"og:image:width\" content=\"550\" \/>\n\t<meta property=\"og:image:height\" content=\"413\" \/>\n\t<meta property=\"og:image:type\" content=\"image\/jpeg\" \/>\n<meta name=\"twitter:card\" content=\"summary_large_image\" \/>\n<meta name=\"twitter:label1\" content=\"Tiempo de lectura\" \/>\n\t<meta name=\"twitter:data1\" content=\"3 minutos\" \/>\n<script type=\"application\/ld+json\" class=\"yoast-schema-graph\">{\"@context\":\"https:\/\/schema.org\",\"@graph\":[{\"@type\":\"WebPage\",\"@id\":\"https:\/\/test1.tzg.ink\/es\/product\/framemac-f1-360-compact-lgs-machine\/\",\"url\":\"https:\/\/test1.tzg.ink\/es\/product\/framemac-f1-360-compact-lgs-machine\/\",\"name\":\"M\u00e1quina LGS compacta FrameMac F1-360 - LMS Roll Forming Machine\",\"isPartOf\":{\"@id\":\"https:\/\/test1.tzg.ink\/#website\"},\"primaryImageOfPage\":{\"@id\":\"https:\/\/test1.tzg.ink\/es\/product\/framemac-f1-360-compact-lgs-machine\/#primaryimage\"},\"image\":{\"@id\":\"https:\/\/test1.tzg.ink\/es\/product\/framemac-f1-360-compact-lgs-machine\/#primaryimage\"},\"thumbnailUrl\":\"https:\/\/test1.tzg.ink\/wp-content\/uploads\/2024\/01\/1-360-1.jpg\",\"datePublished\":\"2020-12-01T01:21:03+00:00\",\"dateModified\":\"2024-04-07T05:54:56+00:00\",\"breadcrumb\":{\"@id\":\"https:\/\/test1.tzg.ink\/es\/product\/framemac-f1-360-compact-lgs-machine\/#breadcrumb\"},\"inLanguage\":\"es\",\"potentialAction\":[{\"@type\":\"ReadAction\",\"target\":[\"https:\/\/test1.tzg.ink\/es\/product\/framemac-f1-360-compact-lgs-machine\/\"]}]},{\"@type\":\"ImageObject\",\"inLanguage\":\"es\",\"@id\":\"https:\/\/test1.tzg.ink\/es\/product\/framemac-f1-360-compact-lgs-machine\/#primaryimage\",\"url\":\"https:\/\/test1.tzg.ink\/wp-content\/uploads\/2024\/01\/1-360-1.jpg\",\"contentUrl\":\"https:\/\/test1.tzg.ink\/wp-content\/uploads\/2024\/01\/1-360-1.jpg\",\"width\":550,\"height\":413},{\"@type\":\"BreadcrumbList\",\"@id\":\"https:\/\/test1.tzg.ink\/es\/product\/framemac-f1-360-compact-lgs-machine\/#breadcrumb\",\"itemListElement\":[{\"@type\":\"ListItem\",\"position\":1,\"name\":\"Home\",\"item\":\"https:\/\/test1.tzg.ink\/es\/\"},{\"@type\":\"ListItem\",\"position\":2,\"name\":\"Products\",\"item\":\"https:\/\/test1.tzg.ink\/ar\/product\/\"},{\"@type\":\"ListItem\",\"position\":3,\"name\":\"M\u00e1quina LGS compacta FrameMac F1-360\"}]},{\"@type\":\"WebSite\",\"@id\":\"https:\/\/test1.tzg.ink\/#website\",\"url\":\"https:\/\/test1.tzg.ink\/\",\"name\":\"LMS Roll Forming Machine\",\"description\":\"LMS MACHINERY CHINA PROFESSIONAL COLD ROLL FORMING MACHINE PROVIDER PROFESSIONAL CHOICE, PROFESSIONAL SERVICE\",\"potentialAction\":[{\"@type\":\"SearchAction\",\"target\":{\"@type\":\"EntryPoint\",\"urlTemplate\":\"https:\/\/test1.tzg.ink\/?s={search_term_string}\"},\"query-input\":{\"@type\":\"PropertyValueSpecification\",\"valueRequired\":true,\"valueName\":\"search_term_string\"}}],\"inLanguage\":\"es\"}]}<\/script>\n<!-- \/ Yoast SEO plugin. -->","yoast_head_json":{"title":"M\u00e1quina LGS compacta FrameMac F1-360 - LMS Roll Forming Machine","robots":{"index":"index","follow":"follow","max-snippet":"max-snippet:-1","max-image-preview":"max-image-preview:large","max-video-preview":"max-video-preview:-1"},"canonical":"https:\/\/test1.tzg.ink\/es\/product\/framemac-f1-360-compact-lgs-machine\/","og_locale":"es_ES","og_type":"article","og_title":"M\u00e1quina LGS compacta FrameMac F1-360 - LMS Roll Forming Machine","og_description":"M\u00e1quina LGS compacta FrameMac F1-360 La serie F1-360 es un equipo compacto y confiable lanzado por FrameMac. Se fabrica de acuerdo con los conceptos de dise\u00f1o principales internacionales. El dise\u00f1o est\u00e1ndar es una unidad formadora de acero de paredes delgadas conformada en fr\u00edo en forma de C pura, que se puede expandir a equipos combinados [&hellip;]","og_url":"https:\/\/test1.tzg.ink\/es\/product\/framemac-f1-360-compact-lgs-machine\/","og_site_name":"LMS Roll Forming Machine","article_modified_time":"2024-04-07T05:54:56+00:00","og_image":[{"width":550,"height":413,"url":"https:\/\/test1.tzg.ink\/wp-content\/uploads\/2024\/01\/1-360-1.jpg","type":"image\/jpeg"}],"twitter_card":"summary_large_image","twitter_misc":{"Tiempo de lectura":"3 minutos"},"schema":{"@context":"https:\/\/schema.org","@graph":[{"@type":"WebPage","@id":"https:\/\/test1.tzg.ink\/es\/product\/framemac-f1-360-compact-lgs-machine\/","url":"https:\/\/test1.tzg.ink\/es\/product\/framemac-f1-360-compact-lgs-machine\/","name":"M\u00e1quina LGS compacta FrameMac F1-360 - LMS Roll Forming Machine","isPartOf":{"@id":"https:\/\/test1.tzg.ink\/#website"},"primaryImageOfPage":{"@id":"https:\/\/test1.tzg.ink\/es\/product\/framemac-f1-360-compact-lgs-machine\/#primaryimage"},"image":{"@id":"https:\/\/test1.tzg.ink\/es\/product\/framemac-f1-360-compact-lgs-machine\/#primaryimage"},"thumbnailUrl":"https:\/\/test1.tzg.ink\/wp-content\/uploads\/2024\/01\/1-360-1.jpg","datePublished":"2020-12-01T01:21:03+00:00","dateModified":"2024-04-07T05:54:56+00:00","breadcrumb":{"@id":"https:\/\/test1.tzg.ink\/es\/product\/framemac-f1-360-compact-lgs-machine\/#breadcrumb"},"inLanguage":"es","potentialAction":[{"@type":"ReadAction","target":["https:\/\/test1.tzg.ink\/es\/product\/framemac-f1-360-compact-lgs-machine\/"]}]},{"@type":"ImageObject","inLanguage":"es","@id":"https:\/\/test1.tzg.ink\/es\/product\/framemac-f1-360-compact-lgs-machine\/#primaryimage","url":"https:\/\/test1.tzg.ink\/wp-content\/uploads\/2024\/01\/1-360-1.jpg","contentUrl":"https:\/\/test1.tzg.ink\/wp-content\/uploads\/2024\/01\/1-360-1.jpg","width":550,"height":413},{"@type":"BreadcrumbList","@id":"https:\/\/test1.tzg.ink\/es\/product\/framemac-f1-360-compact-lgs-machine\/#breadcrumb","itemListElement":[{"@type":"ListItem","position":1,"name":"Home","item":"https:\/\/test1.tzg.ink\/es\/"},{"@type":"ListItem","position":2,"name":"Products","item":"https:\/\/test1.tzg.ink\/ar\/product\/"},{"@type":"ListItem","position":3,"name":"M\u00e1quina LGS compacta FrameMac F1-360"}]},{"@type":"WebSite","@id":"https:\/\/test1.tzg.ink\/#website","url":"https:\/\/test1.tzg.ink\/","name":"LMS Roll Forming Machine","description":"LMS MACHINERY CHINA PROFESSIONAL COLD ROLL FORMING MACHINE PROVIDER PROFESSIONAL CHOICE, PROFESSIONAL SERVICE","potentialAction":[{"@type":"SearchAction","target":{"@type":"EntryPoint","urlTemplate":"https:\/\/test1.tzg.ink\/?s={search_term_string}"},"query-input":{"@type":"PropertyValueSpecification","valueRequired":true,"valueName":"search_term_string"}}],"inLanguage":"es"}]}},"_links":{"self":[{"href":"https:\/\/test1.tzg.ink\/es\/wp-json\/wp\/v2\/product\/8925","targetHints":{"allow":["GET"]}}],"collection":[{"href":"https:\/\/test1.tzg.ink\/es\/wp-json\/wp\/v2\/product"}],"about":[{"href":"https:\/\/test1.tzg.ink\/es\/wp-json\/wp\/v2\/types\/product"}],"wp:featuredmedia":[{"embeddable":true,"href":"https:\/\/test1.tzg.ink\/es\/wp-json\/wp\/v2\/media\/8926"}],"wp:attachment":[{"href":"https:\/\/test1.tzg.ink\/es\/wp-json\/wp\/v2\/media?parent=8925"}],"wp:term":[{"taxonomy":"product-type","embeddable":true,"href":"https:\/\/test1.tzg.ink\/es\/wp-json\/wp\/v2\/product-type?post=8925"}],"curies":[{"name":"wp","href":"https:\/\/api.w.org\/{rel}","templated":true}]}}