{"id":8920,"date":"2019-05-09T04:27:47","date_gmt":"2019-05-08T20:27:47","guid":{"rendered":"https:\/\/test1.tzg.ink\/product\/maquina-formadora-de-rollos-de-plataforma-de-piso-lms\/"},"modified":"2024-04-02T16:56:26","modified_gmt":"2024-04-02T08:56:26","slug":"lms-floor-platform-roll-forming-machine","status":"publish","type":"product","link":"https:\/\/test1.tzg.ink\/es\/product\/lms-floor-platform-roll-forming-machine\/","title":{"rendered":"M\u00e1quina Formadora De Rollos De Plataforma De Piso LMS"},"content":{"rendered":"\n<h2 class=\"wp-block-heading has-text-align-center\"><span style=\"color: #000000;\"><strong>M\u00e1quina Formadora De Rollos De Plataforma De Piso LMS<\/strong><\/span><\/h2>\n\n\n\n<p class=\"has-text-align-center\">&nbsp;<\/p>\n\n\n\n<p><span style=\"color: #000000;\">La m\u00e1quina formadora de rollos para plataformas de piso LMS es rentable con m\u00e1s de 10 a\u00f1os de vida \u00fatil. Los rodillos est\u00e1n dise\u00f1ados por el software COPRA de Alemania y la superficie est\u00e1 pulida y cromada dura, transmitiendo suavemente con poco ruido, adecuada para la producci\u00f3n en masa de pisos de acero. La l\u00ednea de producci\u00f3n est\u00e1 equipada con PLC y accesorios el\u00e9ctricos de marcas famosas, como MITSUBISHI, SCHNEIDER, OMRON.<\/span><\/p>\n\n\n\n<h5 class=\"wp-block-heading\"><\/h5>\n\n\n\n<h5 class=\"wp-block-heading\"><span style=\"color: #000000;\"><strong><a style=\"color: #000000;\" href=\"https:\/\/www.youtube.com\/channel\/UCI553CdzWjhBJkY1wOij8wQ\"><span style=\"text-decoration: underline;\">M\u00e1quina Formadora De Rollos De Cubierta De Metal<\/span><\/a> Proceso De Producci\u00f3n:<\/strong><\/span><\/h5>\n\n\n\n<p><span style=\"color: #000000;\">Bobina De Material &#8211; Desenrollado Hidr\u00e1ulico &#8211; La Cizalla Frontal &#8211; Conformado Por Laminaci\u00f3n &#8211; Corte Hidr\u00e1ulico &#8211; Perfil Final &#8211; Control Por PLC.<\/span><\/p>\n\n\n\n<h5 class=\"wp-block-heading\"><span style=\"color: #000000;\"><strong><a style=\"color: #000000;\" href=\"https:\/\/www.youtube.com\/channel\/UCbgfYeCfl-GUI5nM7rBtKBQ?view_as=subscriber\"><span style=\"text-decoration: underline;\">M\u00e1quina Perfiladora De Acero Para Cubiertas De Techo<\/span><\/a> Composici\u00f3n De La L\u00ednea De Producci\u00f3n Completa:<\/strong><\/span><\/h5>\n\n\n\n<p><span style=\"color: #000000;\">1.&nbsp;Desbobinador Hidr\u00e1ulico Autom\u00e1tico: 1 Unidad<\/span><\/p>\n\n\n\n<p><span style=\"color: #000000;\">2.&nbsp;Coche De Bobina: 1 Unidad<\/span><\/p>\n\n\n\n<p><span style=\"color: #000000;\">3.&nbsp;Dispositivo De Corte Frontal: 1 Juego<\/span><\/p>\n\n\n\n<p><span style=\"color: #000000;\">4.&nbsp;Dispositivo Formador De Rollos: 1 Unidad<\/span><\/p>\n\n\n\n<p><span style=\"color: #000000;\">5.&nbsp;Dispositivo De Corte Hidr\u00e1ulico: 1 Juego<\/span><\/p>\n\n\n\n<p><span style=\"color: #000000;\">6.&nbsp;Tabla De Agotamiento Autom\u00e1tico: 3 Juegos<\/span><\/p>\n\n\n\n<p><span style=\"color: #000000;\">7.&nbsp;Sistema De Control El\u00e9ctrico: 1 Unidad<\/span><\/p>\n\n\n\n<p><\/p>\n","protected":false},"excerpt":{"rendered":"<p>M\u00e1quina Formadora De Rollos De Plataforma De Piso LMS &nbsp; La m\u00e1quina formadora de rollos para plataformas de piso LMS es rentable con m\u00e1s de 10 a\u00f1os de vida \u00fatil. Los rodillos est\u00e1n dise\u00f1ados por el software COPRA de Alemania y la superficie est\u00e1 pulida y cromada dura, transmitiendo suavemente con poco ruido, adecuada para [&hellip;]<\/p>\n","protected":false},"featured_media":12717,"template":"","product-type":[271],"class_list":["post-8920","product","type-product","status-publish","has-post-thumbnail","hentry","product-type-roofing-purlin-machine-es"],"acf":[],"yoast_head":"<!-- This site is optimized with the Yoast SEO plugin v26.6 - https:\/\/yoast.com\/wordpress\/plugins\/seo\/ -->\n<title>M\u00e1quina Formadora De Rollos De Plataforma De Piso LMS - LMS Roll Forming Machine<\/title>\n<meta name=\"robots\" content=\"index, follow, max-snippet:-1, max-image-preview:large, max-video-preview:-1\" \/>\n<link rel=\"canonical\" href=\"https:\/\/test1.tzg.ink\/es\/product\/lms-floor-platform-roll-forming-machine\/\" \/>\n<meta property=\"og:locale\" content=\"es_ES\" \/>\n<meta property=\"og:type\" content=\"article\" \/>\n<meta property=\"og:title\" content=\"M\u00e1quina Formadora De Rollos De Plataforma De Piso LMS - LMS Roll Forming Machine\" \/>\n<meta property=\"og:description\" content=\"M\u00e1quina Formadora De Rollos De Plataforma De Piso LMS &nbsp; La m\u00e1quina formadora de rollos para plataformas de piso LMS es rentable con m\u00e1s de 10 a\u00f1os de vida \u00fatil. Los rodillos est\u00e1n dise\u00f1ados por el software COPRA de Alemania y la superficie est\u00e1 pulida y cromada dura, transmitiendo suavemente con poco ruido, adecuada para [&hellip;]\" \/>\n<meta property=\"og:url\" content=\"https:\/\/test1.tzg.ink\/es\/product\/lms-floor-platform-roll-forming-machine\/\" \/>\n<meta property=\"og:site_name\" content=\"LMS Roll Forming Machine\" \/>\n<meta property=\"article:modified_time\" content=\"2024-04-02T08:56:26+00:00\" \/>\n<meta property=\"og:image\" content=\"https:\/\/test1.tzg.ink\/wp-content\/uploads\/2022\/12\/LMS-Floor-Decking-Roll-Forming-Machine.png\" \/>\n\t<meta property=\"og:image:width\" content=\"550\" \/>\n\t<meta property=\"og:image:height\" content=\"413\" \/>\n\t<meta property=\"og:image:type\" content=\"image\/png\" \/>\n<meta name=\"twitter:card\" content=\"summary_large_image\" \/>\n<meta name=\"twitter:label1\" content=\"Tiempo de lectura\" \/>\n\t<meta name=\"twitter:data1\" content=\"1 minuto\" \/>\n<script type=\"application\/ld+json\" class=\"yoast-schema-graph\">{\"@context\":\"https:\/\/schema.org\",\"@graph\":[{\"@type\":\"WebPage\",\"@id\":\"https:\/\/test1.tzg.ink\/es\/product\/lms-floor-platform-roll-forming-machine\/\",\"url\":\"https:\/\/test1.tzg.ink\/es\/product\/lms-floor-platform-roll-forming-machine\/\",\"name\":\"M\u00e1quina Formadora De Rollos De Plataforma De Piso LMS - LMS Roll Forming Machine\",\"isPartOf\":{\"@id\":\"https:\/\/test1.tzg.ink\/#website\"},\"primaryImageOfPage\":{\"@id\":\"https:\/\/test1.tzg.ink\/es\/product\/lms-floor-platform-roll-forming-machine\/#primaryimage\"},\"image\":{\"@id\":\"https:\/\/test1.tzg.ink\/es\/product\/lms-floor-platform-roll-forming-machine\/#primaryimage\"},\"thumbnailUrl\":\"https:\/\/test1.tzg.ink\/wp-content\/uploads\/2022\/12\/LMS-Floor-Decking-Roll-Forming-Machine.png\",\"datePublished\":\"2019-05-08T20:27:47+00:00\",\"dateModified\":\"2024-04-02T08:56:26+00:00\",\"breadcrumb\":{\"@id\":\"https:\/\/test1.tzg.ink\/es\/product\/lms-floor-platform-roll-forming-machine\/#breadcrumb\"},\"inLanguage\":\"es\",\"potentialAction\":[{\"@type\":\"ReadAction\",\"target\":[\"https:\/\/test1.tzg.ink\/es\/product\/lms-floor-platform-roll-forming-machine\/\"]}]},{\"@type\":\"ImageObject\",\"inLanguage\":\"es\",\"@id\":\"https:\/\/test1.tzg.ink\/es\/product\/lms-floor-platform-roll-forming-machine\/#primaryimage\",\"url\":\"https:\/\/test1.tzg.ink\/wp-content\/uploads\/2022\/12\/LMS-Floor-Decking-Roll-Forming-Machine.png\",\"contentUrl\":\"https:\/\/test1.tzg.ink\/wp-content\/uploads\/2022\/12\/LMS-Floor-Decking-Roll-Forming-Machine.png\",\"width\":550,\"height\":413},{\"@type\":\"BreadcrumbList\",\"@id\":\"https:\/\/test1.tzg.ink\/es\/product\/lms-floor-platform-roll-forming-machine\/#breadcrumb\",\"itemListElement\":[{\"@type\":\"ListItem\",\"position\":1,\"name\":\"Home\",\"item\":\"https:\/\/test1.tzg.ink\/es\/\"},{\"@type\":\"ListItem\",\"position\":2,\"name\":\"Products\",\"item\":\"https:\/\/test1.tzg.ink\/ar\/product\/\"},{\"@type\":\"ListItem\",\"position\":3,\"name\":\"M\u00e1quina Formadora De Rollos De Plataforma De Piso LMS\"}]},{\"@type\":\"WebSite\",\"@id\":\"https:\/\/test1.tzg.ink\/#website\",\"url\":\"https:\/\/test1.tzg.ink\/\",\"name\":\"LMS Roll Forming Machine\",\"description\":\"LMS MACHINERY CHINA PROFESSIONAL COLD ROLL FORMING MACHINE PROVIDER PROFESSIONAL CHOICE, PROFESSIONAL SERVICE\",\"potentialAction\":[{\"@type\":\"SearchAction\",\"target\":{\"@type\":\"EntryPoint\",\"urlTemplate\":\"https:\/\/test1.tzg.ink\/?s={search_term_string}\"},\"query-input\":{\"@type\":\"PropertyValueSpecification\",\"valueRequired\":true,\"valueName\":\"search_term_string\"}}],\"inLanguage\":\"es\"}]}<\/script>\n<!-- \/ Yoast SEO plugin. -->","yoast_head_json":{"title":"M\u00e1quina Formadora De Rollos De Plataforma De Piso LMS - LMS Roll Forming Machine","robots":{"index":"index","follow":"follow","max-snippet":"max-snippet:-1","max-image-preview":"max-image-preview:large","max-video-preview":"max-video-preview:-1"},"canonical":"https:\/\/test1.tzg.ink\/es\/product\/lms-floor-platform-roll-forming-machine\/","og_locale":"es_ES","og_type":"article","og_title":"M\u00e1quina Formadora De Rollos De Plataforma De Piso LMS - LMS Roll Forming Machine","og_description":"M\u00e1quina Formadora De Rollos De Plataforma De Piso LMS &nbsp; La m\u00e1quina formadora de rollos para plataformas de piso LMS es rentable con m\u00e1s de 10 a\u00f1os de vida \u00fatil. Los rodillos est\u00e1n dise\u00f1ados por el software COPRA de Alemania y la superficie est\u00e1 pulida y cromada dura, transmitiendo suavemente con poco ruido, adecuada para [&hellip;]","og_url":"https:\/\/test1.tzg.ink\/es\/product\/lms-floor-platform-roll-forming-machine\/","og_site_name":"LMS Roll Forming Machine","article_modified_time":"2024-04-02T08:56:26+00:00","og_image":[{"width":550,"height":413,"url":"https:\/\/test1.tzg.ink\/wp-content\/uploads\/2022\/12\/LMS-Floor-Decking-Roll-Forming-Machine.png","type":"image\/png"}],"twitter_card":"summary_large_image","twitter_misc":{"Tiempo de lectura":"1 minuto"},"schema":{"@context":"https:\/\/schema.org","@graph":[{"@type":"WebPage","@id":"https:\/\/test1.tzg.ink\/es\/product\/lms-floor-platform-roll-forming-machine\/","url":"https:\/\/test1.tzg.ink\/es\/product\/lms-floor-platform-roll-forming-machine\/","name":"M\u00e1quina Formadora De Rollos De Plataforma De Piso LMS - LMS Roll Forming Machine","isPartOf":{"@id":"https:\/\/test1.tzg.ink\/#website"},"primaryImageOfPage":{"@id":"https:\/\/test1.tzg.ink\/es\/product\/lms-floor-platform-roll-forming-machine\/#primaryimage"},"image":{"@id":"https:\/\/test1.tzg.ink\/es\/product\/lms-floor-platform-roll-forming-machine\/#primaryimage"},"thumbnailUrl":"https:\/\/test1.tzg.ink\/wp-content\/uploads\/2022\/12\/LMS-Floor-Decking-Roll-Forming-Machine.png","datePublished":"2019-05-08T20:27:47+00:00","dateModified":"2024-04-02T08:56:26+00:00","breadcrumb":{"@id":"https:\/\/test1.tzg.ink\/es\/product\/lms-floor-platform-roll-forming-machine\/#breadcrumb"},"inLanguage":"es","potentialAction":[{"@type":"ReadAction","target":["https:\/\/test1.tzg.ink\/es\/product\/lms-floor-platform-roll-forming-machine\/"]}]},{"@type":"ImageObject","inLanguage":"es","@id":"https:\/\/test1.tzg.ink\/es\/product\/lms-floor-platform-roll-forming-machine\/#primaryimage","url":"https:\/\/test1.tzg.ink\/wp-content\/uploads\/2022\/12\/LMS-Floor-Decking-Roll-Forming-Machine.png","contentUrl":"https:\/\/test1.tzg.ink\/wp-content\/uploads\/2022\/12\/LMS-Floor-Decking-Roll-Forming-Machine.png","width":550,"height":413},{"@type":"BreadcrumbList","@id":"https:\/\/test1.tzg.ink\/es\/product\/lms-floor-platform-roll-forming-machine\/#breadcrumb","itemListElement":[{"@type":"ListItem","position":1,"name":"Home","item":"https:\/\/test1.tzg.ink\/es\/"},{"@type":"ListItem","position":2,"name":"Products","item":"https:\/\/test1.tzg.ink\/ar\/product\/"},{"@type":"ListItem","position":3,"name":"M\u00e1quina Formadora De Rollos De Plataforma De Piso LMS"}]},{"@type":"WebSite","@id":"https:\/\/test1.tzg.ink\/#website","url":"https:\/\/test1.tzg.ink\/","name":"LMS Roll Forming Machine","description":"LMS MACHINERY CHINA PROFESSIONAL COLD ROLL FORMING MACHINE PROVIDER PROFESSIONAL CHOICE, PROFESSIONAL SERVICE","potentialAction":[{"@type":"SearchAction","target":{"@type":"EntryPoint","urlTemplate":"https:\/\/test1.tzg.ink\/?s={search_term_string}"},"query-input":{"@type":"PropertyValueSpecification","valueRequired":true,"valueName":"search_term_string"}}],"inLanguage":"es"}]}},"_links":{"self":[{"href":"https:\/\/test1.tzg.ink\/es\/wp-json\/wp\/v2\/product\/8920","targetHints":{"allow":["GET"]}}],"collection":[{"href":"https:\/\/test1.tzg.ink\/es\/wp-json\/wp\/v2\/product"}],"about":[{"href":"https:\/\/test1.tzg.ink\/es\/wp-json\/wp\/v2\/types\/product"}],"wp:featuredmedia":[{"embeddable":true,"href":"https:\/\/test1.tzg.ink\/es\/wp-json\/wp\/v2\/media\/12717"}],"wp:attachment":[{"href":"https:\/\/test1.tzg.ink\/es\/wp-json\/wp\/v2\/media?parent=8920"}],"wp:term":[{"taxonomy":"product-type","embeddable":true,"href":"https:\/\/test1.tzg.ink\/es\/wp-json\/wp\/v2\/product-type?post=8920"}],"curies":[{"name":"wp","href":"https:\/\/api.w.org\/{rel}","templated":true}]}}