{"id":8913,"date":"2019-05-09T04:21:24","date_gmt":"2019-05-08T20:21:24","guid":{"rendered":"https:\/\/test1.tzg.ink\/product\/maquina-perfiladora-de-tejas-de-techo-corrugado-de-metal-lms\/"},"modified":"2024-04-07T10:14:51","modified_gmt":"2024-04-07T02:14:51","slug":"lms-metal-corrugated-roof-tile-roll-forming-machine","status":"publish","type":"product","link":"https:\/\/test1.tzg.ink\/es\/product\/lms-metal-corrugated-roof-tile-roll-forming-machine\/","title":{"rendered":"M\u00e1quina Perfiladora De Tejas De Techo Corrugado De Metal LMS"},"content":{"rendered":"\n<h2 class=\"wp-block-heading has-text-align-center\"><span style=\"color: #000000;\"><strong>M\u00e1quina Perfiladora De Tejas De Techo Corrugado De Metal LMS<\/strong><\/span><\/h2>\n\n\n\n<p><span style=\"color: #000000;\">La m\u00e1quina perfiladora de tejas corrugadas de metal LMS es una l\u00ednea de producci\u00f3n rentable con alta eficiencia de producci\u00f3n y rendimiento estable. Los rodillos de formaci\u00f3n est\u00e1n dise\u00f1ados por el software COPRA de Alemania y est\u00e1n chapados con cromo duro en la superficie, la vida \u00fatil se prolonga. La m\u00e1quina est\u00e1 equipada con PLC y accesorios el\u00e9ctricos de marcas famosas, como MITSUBISHI, SCHNEIDER y OMRON, confiables y convenientes para operar.<\/span><\/p>\n\n\n\n<h5 class=\"wp-block-heading\"><\/h5>\n\n\n\n<h5 class=\"wp-block-heading\"><span style=\"color: #000000;\"><strong><span style=\"text-decoration: underline;\"><a style=\"color: #000000; text-decoration: underline;\" href=\"https:\/\/www.youtube.com\/channel\/UCbgfYeCfl-GUI5nM7rBtKBQ?view_as=subscriber\">M\u00e1quina Formadora De Tejas De Techo De Patr\u00f3n Corrugado<\/a><\/span> Flujo De Producci\u00f3n:<\/strong><\/span><\/h5>\n\n\n\n<p><span style=\"color: #000000;\">Material \u2192 Conformado Por Rollo \u2192 Corte \u2192 Perfil.<\/span><\/p>\n\n\n\n<h5 class=\"wp-block-heading\"><span style=\"color: #000000;\"><strong><span style=\"text-decoration: underline;\"><a style=\"color: #000000; text-decoration: underline;\" href=\"https:\/\/www.youtube.com\/channel\/UCI553CdzWjhBJkY1wOij8wQ\">L\u00ednea De Producci\u00f3n De Tejas<\/a><\/span> Composici\u00f3n:<\/strong><\/span><\/h5>\n\n\n\n<p><span style=\"color: #000000;\">1. Desbobinador Hidr\u00e1ulico De Cabezal \u00fanico, 1 Unidad<\/span><\/p>\n\n\n\n<p><span style=\"color: #000000;\">2. Esquiladora Manual, 1 Unidad<\/span><\/p>\n\n\n\n<p><span style=\"color: #000000;\">3. M\u00e1quina Formadora, 1 Unidad<\/span><\/p>\n\n\n\n<p><span style=\"color: #000000;\">4. Dispositivo De Corte, 1 Unidad<\/span><\/p>\n\n\n\n<p><span style=\"color: #000000;\">5. Estaci\u00f3n De Bomba Hidr\u00e1ulica, 1 Unidad<\/span><\/p>\n\n\n\n<p><span style=\"color: #000000;\">6. Panel De Control Electr\u00f3nico, 1 Unidad<\/span><\/p>\n\n\n\n<p><span style=\"color: #000000;\"><strong>PRODUCTOS PERTINENTES:<\/strong><\/span><\/p>\n\n\n\n<p><span style=\"text-decoration: underline; color: #000000;\"><a class=\"cbp-title\" style=\"color: #000000; text-decoration: underline;\" title=\"M\u00e1quina Formadora De Rollos De Plataforma De Piso LMS\" href=\"http:\/\/es.lmsmachinery.com\/product\/detail\/85\">M\u00e1quina Formadora De Rollos De Plataforma De Piso LMS<\/a><\/span><\/p>\n\n\n\n<p><span style=\"text-decoration: underline; color: #000000;\"><a class=\"cbp-title\" style=\"color: #000000; text-decoration: underline;\" title=\"Rollo Del Panel De Pared Que Forma La M\u00e1quina\" href=\"http:\/\/es.lmsmachinery.com\/product\/detail\/83\">Rollo Del Panel De Pared Que Forma La M\u00e1quina<\/a><\/span><\/p>\n\n\n\n<p><span style=\"text-decoration: underline; color: #000000;\"><a class=\"cbp-title\" style=\"color: #000000; text-decoration: underline;\" title=\"Step Roof Roof Roll Formando La M\u00e1quina\" href=\"http:\/\/es.lmsmachinery.com\/product\/detail\/82\">Step Roof Roof Roll Formando La M\u00e1quina<\/a><\/span><\/p>\n\n\n\n<p><span style=\"text-decoration: underline; color: #000000;\"><a class=\"cbp-title\" style=\"color: #000000; text-decoration: underline;\" title=\"Rollo De Tejado De Cumbrera De Acero Que Forma La M\u00e1quina\" href=\"http:\/\/es.lmsmachinery.com\/product\/detail\/81\">Rollo De Tejado De Cumbrera De Acero Que Forma La M\u00e1quina<\/a><\/span><\/p>\n\n\n\n<p><span style=\"text-decoration: underline; color: #000000;\"><a class=\"cbp-title\" style=\"color: #000000; text-decoration: underline;\" title=\"Rollo De Costura De Techo Que Forma La M\u00e1quina\" href=\"http:\/\/es.lmsmachinery.com\/product\/detail\/80\">Rollo De Costura De Techo Que Forma La M\u00e1quina<\/a><\/span><\/p>\n\n\n\n<p><span style=\"text-decoration: underline; color: #000000;\"><a class=\"cbp-title\" style=\"color: #000000; text-decoration: underline;\" title=\" M\u00e1quina Curvadora De Techo\" href=\"http:\/\/es.lmsmachinery.com\/product\/detail\/79\">M\u00e1quina Curvadora De Techo<\/a><\/span><\/p>\n\n\n\n<p><span style=\"text-decoration: underline; color: #000000;\"><a class=\"cbp-title\" style=\"color: #000000; text-decoration: underline;\" title=\"Rollo De Techo De Metal Que Forma La M\u00e1quina\" href=\"http:\/\/es.lmsmachinery.com\/product\/detail\/78\">Rollo De Techo De Metal Que Forma La M\u00e1quina<\/a><\/span><\/p>\n\n\n\n<p><span style=\"text-decoration: underline; color: #000000;\"><a class=\"cbp-title\" style=\"color: #000000; text-decoration: underline;\" title=\"Rollo De Panel De Techo De Doble Capa Que Forma La M\u00e1quina\" href=\"http:\/\/es.lmsmachinery.com\/product\/detail\/75\">Rollo De Panel De Techo De Doble Capa Que Forma La M\u00e1quina<\/a><\/span><\/p>\n\n\n\n<p><span style=\"text-decoration: underline; color: #000000;\"><a class=\"cbp-title\" style=\"color: #000000; text-decoration: underline;\" title=\"LMS CZ Fast-changing Purlin Roll Rorming Machine\" href=\"http:\/\/es.lmsmachinery.com\/product\/detail\/74\">LMS CZ Fast-changing Purlin Roll Rorming Machine<\/a><\/span><\/p>\n\n\n\n<p><span style=\"text-decoration: underline; color: #000000;\"><a style=\"color: #000000; text-decoration: underline;\" href=\"http:\/\/es.lmsmachinery.com\/product?seoName=light-gauge-steel-framing-machine\">M\u00e1quina de enmarcado de acero de calibre ligero<\/a><\/span><\/p>\n\n\n\n<p><span style=\"color: #000000;\"><strong>Para obtener m\u00e1s productos, p\u00f3ngase en contacto con el equipo de <span style=\"text-decoration: underline;\"><a style=\"color: #000000; text-decoration: underline;\" href=\"http:\/\/es.lmsmachinery.com\/product?seoName=light-gauge-steel-framing-machine\">LMS<\/a><\/span>!<\/strong><\/span><\/p>\n","protected":false},"excerpt":{"rendered":"<p>M\u00e1quina Perfiladora De Tejas De Techo Corrugado De Metal LMS La m\u00e1quina perfiladora de tejas corrugadas de metal LMS es una l\u00ednea de producci\u00f3n rentable con alta eficiencia de producci\u00f3n y rendimiento estable. Los rodillos de formaci\u00f3n est\u00e1n dise\u00f1ados por el software COPRA de Alemania y est\u00e1n chapados con cromo duro en la superficie, la [&hellip;]<\/p>\n","protected":false},"featured_media":8919,"template":"","product-type":[127],"class_list":["post-8913","product","type-product","status-publish","has-post-thumbnail","hentry","product-type-others-machine-es"],"acf":[],"yoast_head":"<!-- This site is optimized with the Yoast SEO plugin v26.6 - https:\/\/yoast.com\/wordpress\/plugins\/seo\/ -->\n<title>M\u00e1quina Perfiladora De Tejas De Techo Corrugado De Metal LMS - LMS Roll Forming Machine<\/title>\n<meta name=\"robots\" content=\"index, follow, max-snippet:-1, max-image-preview:large, max-video-preview:-1\" \/>\n<link rel=\"canonical\" href=\"https:\/\/test1.tzg.ink\/es\/product\/lms-metal-corrugated-roof-tile-roll-forming-machine\/\" \/>\n<meta property=\"og:locale\" content=\"es_ES\" \/>\n<meta property=\"og:type\" content=\"article\" \/>\n<meta property=\"og:title\" content=\"M\u00e1quina Perfiladora De Tejas De Techo Corrugado De Metal LMS - LMS Roll Forming Machine\" \/>\n<meta property=\"og:description\" content=\"M\u00e1quina Perfiladora De Tejas De Techo Corrugado De Metal LMS La m\u00e1quina perfiladora de tejas corrugadas de metal LMS es una l\u00ednea de producci\u00f3n rentable con alta eficiencia de producci\u00f3n y rendimiento estable. Los rodillos de formaci\u00f3n est\u00e1n dise\u00f1ados por el software COPRA de Alemania y est\u00e1n chapados con cromo duro en la superficie, la [&hellip;]\" \/>\n<meta property=\"og:url\" content=\"https:\/\/test1.tzg.ink\/es\/product\/lms-metal-corrugated-roof-tile-roll-forming-machine\/\" \/>\n<meta property=\"og:site_name\" content=\"LMS Roll Forming Machine\" \/>\n<meta property=\"article:modified_time\" content=\"2024-04-07T02:14:51+00:00\" \/>\n<meta property=\"og:image\" content=\"https:\/\/test1.tzg.ink\/wp-content\/uploads\/2024\/01\/1-1_1-1.jpg\" \/>\n\t<meta property=\"og:image:width\" content=\"550\" \/>\n\t<meta property=\"og:image:height\" content=\"413\" \/>\n\t<meta property=\"og:image:type\" content=\"image\/jpeg\" \/>\n<meta name=\"twitter:card\" content=\"summary_large_image\" \/>\n<meta name=\"twitter:label1\" content=\"Tiempo de lectura\" \/>\n\t<meta name=\"twitter:data1\" content=\"1 minuto\" \/>\n<script type=\"application\/ld+json\" class=\"yoast-schema-graph\">{\"@context\":\"https:\/\/schema.org\",\"@graph\":[{\"@type\":\"WebPage\",\"@id\":\"https:\/\/test1.tzg.ink\/es\/product\/lms-metal-corrugated-roof-tile-roll-forming-machine\/\",\"url\":\"https:\/\/test1.tzg.ink\/es\/product\/lms-metal-corrugated-roof-tile-roll-forming-machine\/\",\"name\":\"M\u00e1quina Perfiladora De Tejas De Techo Corrugado De Metal LMS - LMS Roll Forming Machine\",\"isPartOf\":{\"@id\":\"https:\/\/test1.tzg.ink\/#website\"},\"primaryImageOfPage\":{\"@id\":\"https:\/\/test1.tzg.ink\/es\/product\/lms-metal-corrugated-roof-tile-roll-forming-machine\/#primaryimage\"},\"image\":{\"@id\":\"https:\/\/test1.tzg.ink\/es\/product\/lms-metal-corrugated-roof-tile-roll-forming-machine\/#primaryimage\"},\"thumbnailUrl\":\"https:\/\/test1.tzg.ink\/wp-content\/uploads\/2024\/01\/1-1_1-1.jpg\",\"datePublished\":\"2019-05-08T20:21:24+00:00\",\"dateModified\":\"2024-04-07T02:14:51+00:00\",\"breadcrumb\":{\"@id\":\"https:\/\/test1.tzg.ink\/es\/product\/lms-metal-corrugated-roof-tile-roll-forming-machine\/#breadcrumb\"},\"inLanguage\":\"es\",\"potentialAction\":[{\"@type\":\"ReadAction\",\"target\":[\"https:\/\/test1.tzg.ink\/es\/product\/lms-metal-corrugated-roof-tile-roll-forming-machine\/\"]}]},{\"@type\":\"ImageObject\",\"inLanguage\":\"es\",\"@id\":\"https:\/\/test1.tzg.ink\/es\/product\/lms-metal-corrugated-roof-tile-roll-forming-machine\/#primaryimage\",\"url\":\"https:\/\/test1.tzg.ink\/wp-content\/uploads\/2024\/01\/1-1_1-1.jpg\",\"contentUrl\":\"https:\/\/test1.tzg.ink\/wp-content\/uploads\/2024\/01\/1-1_1-1.jpg\",\"width\":550,\"height\":413},{\"@type\":\"BreadcrumbList\",\"@id\":\"https:\/\/test1.tzg.ink\/es\/product\/lms-metal-corrugated-roof-tile-roll-forming-machine\/#breadcrumb\",\"itemListElement\":[{\"@type\":\"ListItem\",\"position\":1,\"name\":\"Home\",\"item\":\"https:\/\/test1.tzg.ink\/es\/\"},{\"@type\":\"ListItem\",\"position\":2,\"name\":\"Products\",\"item\":\"https:\/\/test1.tzg.ink\/ar\/product\/\"},{\"@type\":\"ListItem\",\"position\":3,\"name\":\"M\u00e1quina Perfiladora De Tejas De Techo Corrugado De Metal LMS\"}]},{\"@type\":\"WebSite\",\"@id\":\"https:\/\/test1.tzg.ink\/#website\",\"url\":\"https:\/\/test1.tzg.ink\/\",\"name\":\"LMS Roll Forming Machine\",\"description\":\"LMS MACHINERY CHINA PROFESSIONAL COLD ROLL FORMING MACHINE PROVIDER PROFESSIONAL CHOICE, PROFESSIONAL SERVICE\",\"potentialAction\":[{\"@type\":\"SearchAction\",\"target\":{\"@type\":\"EntryPoint\",\"urlTemplate\":\"https:\/\/test1.tzg.ink\/?s={search_term_string}\"},\"query-input\":{\"@type\":\"PropertyValueSpecification\",\"valueRequired\":true,\"valueName\":\"search_term_string\"}}],\"inLanguage\":\"es\"}]}<\/script>\n<!-- \/ Yoast SEO plugin. -->","yoast_head_json":{"title":"M\u00e1quina Perfiladora De Tejas De Techo Corrugado De Metal LMS - LMS Roll Forming Machine","robots":{"index":"index","follow":"follow","max-snippet":"max-snippet:-1","max-image-preview":"max-image-preview:large","max-video-preview":"max-video-preview:-1"},"canonical":"https:\/\/test1.tzg.ink\/es\/product\/lms-metal-corrugated-roof-tile-roll-forming-machine\/","og_locale":"es_ES","og_type":"article","og_title":"M\u00e1quina Perfiladora De Tejas De Techo Corrugado De Metal LMS - LMS Roll Forming Machine","og_description":"M\u00e1quina Perfiladora De Tejas De Techo Corrugado De Metal LMS La m\u00e1quina perfiladora de tejas corrugadas de metal LMS es una l\u00ednea de producci\u00f3n rentable con alta eficiencia de producci\u00f3n y rendimiento estable. Los rodillos de formaci\u00f3n est\u00e1n dise\u00f1ados por el software COPRA de Alemania y est\u00e1n chapados con cromo duro en la superficie, la [&hellip;]","og_url":"https:\/\/test1.tzg.ink\/es\/product\/lms-metal-corrugated-roof-tile-roll-forming-machine\/","og_site_name":"LMS Roll Forming Machine","article_modified_time":"2024-04-07T02:14:51+00:00","og_image":[{"width":550,"height":413,"url":"https:\/\/test1.tzg.ink\/wp-content\/uploads\/2024\/01\/1-1_1-1.jpg","type":"image\/jpeg"}],"twitter_card":"summary_large_image","twitter_misc":{"Tiempo de lectura":"1 minuto"},"schema":{"@context":"https:\/\/schema.org","@graph":[{"@type":"WebPage","@id":"https:\/\/test1.tzg.ink\/es\/product\/lms-metal-corrugated-roof-tile-roll-forming-machine\/","url":"https:\/\/test1.tzg.ink\/es\/product\/lms-metal-corrugated-roof-tile-roll-forming-machine\/","name":"M\u00e1quina Perfiladora De Tejas De Techo Corrugado De Metal LMS - LMS Roll Forming Machine","isPartOf":{"@id":"https:\/\/test1.tzg.ink\/#website"},"primaryImageOfPage":{"@id":"https:\/\/test1.tzg.ink\/es\/product\/lms-metal-corrugated-roof-tile-roll-forming-machine\/#primaryimage"},"image":{"@id":"https:\/\/test1.tzg.ink\/es\/product\/lms-metal-corrugated-roof-tile-roll-forming-machine\/#primaryimage"},"thumbnailUrl":"https:\/\/test1.tzg.ink\/wp-content\/uploads\/2024\/01\/1-1_1-1.jpg","datePublished":"2019-05-08T20:21:24+00:00","dateModified":"2024-04-07T02:14:51+00:00","breadcrumb":{"@id":"https:\/\/test1.tzg.ink\/es\/product\/lms-metal-corrugated-roof-tile-roll-forming-machine\/#breadcrumb"},"inLanguage":"es","potentialAction":[{"@type":"ReadAction","target":["https:\/\/test1.tzg.ink\/es\/product\/lms-metal-corrugated-roof-tile-roll-forming-machine\/"]}]},{"@type":"ImageObject","inLanguage":"es","@id":"https:\/\/test1.tzg.ink\/es\/product\/lms-metal-corrugated-roof-tile-roll-forming-machine\/#primaryimage","url":"https:\/\/test1.tzg.ink\/wp-content\/uploads\/2024\/01\/1-1_1-1.jpg","contentUrl":"https:\/\/test1.tzg.ink\/wp-content\/uploads\/2024\/01\/1-1_1-1.jpg","width":550,"height":413},{"@type":"BreadcrumbList","@id":"https:\/\/test1.tzg.ink\/es\/product\/lms-metal-corrugated-roof-tile-roll-forming-machine\/#breadcrumb","itemListElement":[{"@type":"ListItem","position":1,"name":"Home","item":"https:\/\/test1.tzg.ink\/es\/"},{"@type":"ListItem","position":2,"name":"Products","item":"https:\/\/test1.tzg.ink\/ar\/product\/"},{"@type":"ListItem","position":3,"name":"M\u00e1quina Perfiladora De Tejas De Techo Corrugado De Metal LMS"}]},{"@type":"WebSite","@id":"https:\/\/test1.tzg.ink\/#website","url":"https:\/\/test1.tzg.ink\/","name":"LMS Roll Forming Machine","description":"LMS MACHINERY CHINA PROFESSIONAL COLD ROLL FORMING MACHINE PROVIDER PROFESSIONAL CHOICE, PROFESSIONAL SERVICE","potentialAction":[{"@type":"SearchAction","target":{"@type":"EntryPoint","urlTemplate":"https:\/\/test1.tzg.ink\/?s={search_term_string}"},"query-input":{"@type":"PropertyValueSpecification","valueRequired":true,"valueName":"search_term_string"}}],"inLanguage":"es"}]}},"_links":{"self":[{"href":"https:\/\/test1.tzg.ink\/es\/wp-json\/wp\/v2\/product\/8913","targetHints":{"allow":["GET"]}}],"collection":[{"href":"https:\/\/test1.tzg.ink\/es\/wp-json\/wp\/v2\/product"}],"about":[{"href":"https:\/\/test1.tzg.ink\/es\/wp-json\/wp\/v2\/types\/product"}],"wp:featuredmedia":[{"embeddable":true,"href":"https:\/\/test1.tzg.ink\/es\/wp-json\/wp\/v2\/media\/8919"}],"wp:attachment":[{"href":"https:\/\/test1.tzg.ink\/es\/wp-json\/wp\/v2\/media?parent=8913"}],"wp:term":[{"taxonomy":"product-type","embeddable":true,"href":"https:\/\/test1.tzg.ink\/es\/wp-json\/wp\/v2\/product-type?post=8913"}],"curies":[{"name":"wp","href":"https:\/\/api.w.org\/{rel}","templated":true}]}}