{"id":8898,"date":"2019-05-06T09:50:42","date_gmt":"2019-05-06T01:50:42","guid":{"rendered":"https:\/\/test1.tzg.ink\/product\/step-roof-roof-roll-formando-la-maquina\/"},"modified":"2024-04-02T15:50:34","modified_gmt":"2024-04-02T07:50:34","slug":"step-tile-roll-forming-machine","status":"publish","type":"product","link":"https:\/\/test1.tzg.ink\/es\/product\/step-tile-roll-forming-machine\/","title":{"rendered":"M\u00e1quina perfiladora de tejas escalonadas"},"content":{"rendered":"\n<h2 class=\"wp-block-heading has-text-align-center\"><strong>M\u00e1quina perfiladora de tejas escalonadas<\/strong><\/h2>\n\n\n\n<p>caracteristicas:<\/p>\n\n\n\n<ol class=\"wp-block-list\">\n<li><\/li>\n\n\n\n<li>El decoiler hidr\u00e1ulico con rotura est\u00e1 equipado para la producci\u00f3n de perfilado, no manual.<\/li>\n\n\n\n<li>\n<\/li>\n\n\n\n<li>El esquilador manual antes del perfilado es esencial para la producci\u00f3n de perfilado, y el control de la longitud se establece en una pantalla t\u00e1ctil, de modo que el material se calcula por plc para cada espesor de material y producci\u00f3n de color.<\/li>\n\n\n\n<li>\n<\/li>\n\n\n\n<li>refine las placas de acero en 22 &#8211; 25 mm cuando se usa la pared lateral de la m\u00e1quina.<\/li>\n\n\n\n<li>\n<\/li>\n\n\n\n<li>18 &#8211; 24 nos de rodillos se utiliza para la formaci\u00f3n de paso de paso, asegurando la resistencia del perfil.<\/li>\n\n\n\n<li>\n<\/li>\n\n\n\n<li>mitsubishi (jap\u00f3n) plc y 5.7 &#8216;pantalla t\u00e1ctil se utilizan para el procesamiento y configuraci\u00f3n de datos.<\/li>\n\n\n\n<li>\n<\/li>\n\n\n\n<li>El servo motor se adopta para controlar la longitud, poca tolerancia y el esquema m\u00e1s avanzado.<\/li>\n\n\n\n<li>\n<\/li>\n<\/ol>\n\n\n\n<p>par\u00e1metro t\u00e9cnico<\/p>\n\n\n\n<p>step roof roof roll formando la m\u00e1quina<\/p>\n\n\n\n<p>(1) material adecuado: bobina ppgi \/ bobina de aluminio repujado<\/p>\n\n\n\n<p>(2) ancho del material: 914\/1000\/1220\/1250 mm<\/p>\n\n\n\n<p>(3) espesor del material: 0.40 &#8211; 0.80 mm<\/p>\n\n\n\n<p>proceso de producci\u00f3n:<\/p>\n\n\n\n<p>desenrollado &#8211; corte manual &#8211; formaci\u00f3n de rodillo &#8211; formaci\u00f3n de escalones &#8211; corte despu\u00e9s del dimensionamiento &#8211; baldosa de paso final<\/p>\n\n\n\n<p>composici\u00f3n:<\/p>\n\n\n\n<ol class=\"wp-block-list\">\n<li><\/li>\n\n\n\n<li>10 toneladas de decoiler hidr\u00e1ulico: 1250 mm de ancho; ? 500 &#8211; 600 mm de di\u00e1metro interno; 4.0 kw<\/li>\n\n\n\n<li>\n<\/li>\n\n\n\n<li>Dispositivo de corte manual antes de la alimentaci\u00f3n del material: c\u00e1lculo y control de plc, material ahorrado, sin desperdicio.<\/li>\n\n\n\n<li>\n<\/li>\n\n\n\n<li>m\u00e1quina perfiladora: estaci\u00f3n de rodillos 18 &#8211; 24 nos; ? Eje principal de 80 mm; Grosor de la pared lateral de la m\u00e1quina 22 &#8211; 25 mm; Servomotor de 5 kw; 3 &#8211; 10 metros \/ minuto<\/li>\n\n\n\n<li>\n<\/li>\n\n\n\n<li>formaci\u00f3n de pasos hidr\u00e1ulicos &amp; amp; corte: 10 toneladas de presi\u00f3n en la mesa de trabajo; con ventilador-refrigerador; 7.5 kw<\/li>\n\n\n\n<li>\n<\/li>\n\n\n\n<li>tabla simple del agotamiento: 3 metros<\/li>\n\n\n\n<li>\n<\/li>\n\n\n\n<li>Controlador plc: mitsubishi plc; Pantalla t\u00e1ctil 5.7 \u00abmitsubishi, convertidor de frecuencia japon\u00e9s, componentes electr\u00f3nicos schneider, longitud controlada por servomotor<\/li>\n\n\n\n<li>\n<\/li>\n<\/ol>\n","protected":false},"excerpt":{"rendered":"<p>M\u00e1quina perfiladora de tejas escalonadas caracteristicas: par\u00e1metro t\u00e9cnico step roof roof roll formando la m\u00e1quina (1) material adecuado: bobina ppgi \/ bobina de aluminio repujado (2) ancho del material: 914\/1000\/1220\/1250 mm (3) espesor del material: 0.40 &#8211; 0.80 mm proceso de producci\u00f3n: desenrollado &#8211; corte manual &#8211; formaci\u00f3n de rodillo &#8211; formaci\u00f3n de escalones &#8211; [&hellip;]<\/p>\n","protected":false},"featured_media":8904,"template":"","product-type":[271],"class_list":["post-8898","product","type-product","status-publish","has-post-thumbnail","hentry","product-type-roofing-purlin-machine-es"],"acf":[],"yoast_head":"<!-- This site is optimized with the Yoast SEO plugin v26.6 - https:\/\/yoast.com\/wordpress\/plugins\/seo\/ -->\n<title>M\u00e1quina perfiladora de tejas escalonadas - LMS Roll Forming Machine<\/title>\n<meta name=\"robots\" content=\"index, follow, max-snippet:-1, max-image-preview:large, max-video-preview:-1\" \/>\n<link rel=\"canonical\" href=\"https:\/\/test1.tzg.ink\/es\/product\/step-tile-roll-forming-machine\/\" \/>\n<meta property=\"og:locale\" content=\"es_ES\" \/>\n<meta property=\"og:type\" content=\"article\" \/>\n<meta property=\"og:title\" content=\"M\u00e1quina perfiladora de tejas escalonadas - LMS Roll Forming Machine\" \/>\n<meta property=\"og:description\" content=\"M\u00e1quina perfiladora de tejas escalonadas caracteristicas: par\u00e1metro t\u00e9cnico step roof roof roll formando la m\u00e1quina (1) material adecuado: bobina ppgi \/ bobina de aluminio repujado (2) ancho del material: 914\/1000\/1220\/1250 mm (3) espesor del material: 0.40 &#8211; 0.80 mm proceso de producci\u00f3n: desenrollado &#8211; corte manual &#8211; formaci\u00f3n de rodillo &#8211; formaci\u00f3n de escalones &#8211; [&hellip;]\" \/>\n<meta property=\"og:url\" content=\"https:\/\/test1.tzg.ink\/es\/product\/step-tile-roll-forming-machine\/\" \/>\n<meta property=\"og:site_name\" content=\"LMS Roll Forming Machine\" \/>\n<meta property=\"article:modified_time\" content=\"2024-04-02T07:50:34+00:00\" \/>\n<meta property=\"og:image\" content=\"https:\/\/test1.tzg.ink\/wp-content\/uploads\/2024\/01\/1_46.jpg\" \/>\n\t<meta property=\"og:image:width\" content=\"550\" \/>\n\t<meta property=\"og:image:height\" content=\"413\" \/>\n\t<meta property=\"og:image:type\" content=\"image\/jpeg\" \/>\n<meta name=\"twitter:card\" content=\"summary_large_image\" \/>\n<meta name=\"twitter:label1\" content=\"Tiempo de lectura\" \/>\n\t<meta name=\"twitter:data1\" content=\"2 minutos\" \/>\n<script type=\"application\/ld+json\" class=\"yoast-schema-graph\">{\"@context\":\"https:\/\/schema.org\",\"@graph\":[{\"@type\":\"WebPage\",\"@id\":\"https:\/\/test1.tzg.ink\/es\/product\/step-tile-roll-forming-machine\/\",\"url\":\"https:\/\/test1.tzg.ink\/es\/product\/step-tile-roll-forming-machine\/\",\"name\":\"M\u00e1quina perfiladora de tejas escalonadas - LMS Roll Forming Machine\",\"isPartOf\":{\"@id\":\"https:\/\/test1.tzg.ink\/#website\"},\"primaryImageOfPage\":{\"@id\":\"https:\/\/test1.tzg.ink\/es\/product\/step-tile-roll-forming-machine\/#primaryimage\"},\"image\":{\"@id\":\"https:\/\/test1.tzg.ink\/es\/product\/step-tile-roll-forming-machine\/#primaryimage\"},\"thumbnailUrl\":\"https:\/\/test1.tzg.ink\/wp-content\/uploads\/2024\/01\/1_46.jpg\",\"datePublished\":\"2019-05-06T01:50:42+00:00\",\"dateModified\":\"2024-04-02T07:50:34+00:00\",\"breadcrumb\":{\"@id\":\"https:\/\/test1.tzg.ink\/es\/product\/step-tile-roll-forming-machine\/#breadcrumb\"},\"inLanguage\":\"es\",\"potentialAction\":[{\"@type\":\"ReadAction\",\"target\":[\"https:\/\/test1.tzg.ink\/es\/product\/step-tile-roll-forming-machine\/\"]}]},{\"@type\":\"ImageObject\",\"inLanguage\":\"es\",\"@id\":\"https:\/\/test1.tzg.ink\/es\/product\/step-tile-roll-forming-machine\/#primaryimage\",\"url\":\"https:\/\/test1.tzg.ink\/wp-content\/uploads\/2024\/01\/1_46.jpg\",\"contentUrl\":\"https:\/\/test1.tzg.ink\/wp-content\/uploads\/2024\/01\/1_46.jpg\",\"width\":550,\"height\":413},{\"@type\":\"BreadcrumbList\",\"@id\":\"https:\/\/test1.tzg.ink\/es\/product\/step-tile-roll-forming-machine\/#breadcrumb\",\"itemListElement\":[{\"@type\":\"ListItem\",\"position\":1,\"name\":\"Home\",\"item\":\"https:\/\/test1.tzg.ink\/es\/\"},{\"@type\":\"ListItem\",\"position\":2,\"name\":\"Products\",\"item\":\"https:\/\/test1.tzg.ink\/ar\/product\/\"},{\"@type\":\"ListItem\",\"position\":3,\"name\":\"M\u00e1quina perfiladora de tejas escalonadas\"}]},{\"@type\":\"WebSite\",\"@id\":\"https:\/\/test1.tzg.ink\/#website\",\"url\":\"https:\/\/test1.tzg.ink\/\",\"name\":\"LMS Roll Forming Machine\",\"description\":\"LMS MACHINERY CHINA PROFESSIONAL COLD ROLL FORMING MACHINE PROVIDER PROFESSIONAL CHOICE, PROFESSIONAL SERVICE\",\"potentialAction\":[{\"@type\":\"SearchAction\",\"target\":{\"@type\":\"EntryPoint\",\"urlTemplate\":\"https:\/\/test1.tzg.ink\/?s={search_term_string}\"},\"query-input\":{\"@type\":\"PropertyValueSpecification\",\"valueRequired\":true,\"valueName\":\"search_term_string\"}}],\"inLanguage\":\"es\"}]}<\/script>\n<!-- \/ Yoast SEO plugin. -->","yoast_head_json":{"title":"M\u00e1quina perfiladora de tejas escalonadas - LMS Roll Forming Machine","robots":{"index":"index","follow":"follow","max-snippet":"max-snippet:-1","max-image-preview":"max-image-preview:large","max-video-preview":"max-video-preview:-1"},"canonical":"https:\/\/test1.tzg.ink\/es\/product\/step-tile-roll-forming-machine\/","og_locale":"es_ES","og_type":"article","og_title":"M\u00e1quina perfiladora de tejas escalonadas - LMS Roll Forming Machine","og_description":"M\u00e1quina perfiladora de tejas escalonadas caracteristicas: par\u00e1metro t\u00e9cnico step roof roof roll formando la m\u00e1quina (1) material adecuado: bobina ppgi \/ bobina de aluminio repujado (2) ancho del material: 914\/1000\/1220\/1250 mm (3) espesor del material: 0.40 &#8211; 0.80 mm proceso de producci\u00f3n: desenrollado &#8211; corte manual &#8211; formaci\u00f3n de rodillo &#8211; formaci\u00f3n de escalones &#8211; [&hellip;]","og_url":"https:\/\/test1.tzg.ink\/es\/product\/step-tile-roll-forming-machine\/","og_site_name":"LMS Roll Forming Machine","article_modified_time":"2024-04-02T07:50:34+00:00","og_image":[{"width":550,"height":413,"url":"https:\/\/test1.tzg.ink\/wp-content\/uploads\/2024\/01\/1_46.jpg","type":"image\/jpeg"}],"twitter_card":"summary_large_image","twitter_misc":{"Tiempo de lectura":"2 minutos"},"schema":{"@context":"https:\/\/schema.org","@graph":[{"@type":"WebPage","@id":"https:\/\/test1.tzg.ink\/es\/product\/step-tile-roll-forming-machine\/","url":"https:\/\/test1.tzg.ink\/es\/product\/step-tile-roll-forming-machine\/","name":"M\u00e1quina perfiladora de tejas escalonadas - LMS Roll Forming Machine","isPartOf":{"@id":"https:\/\/test1.tzg.ink\/#website"},"primaryImageOfPage":{"@id":"https:\/\/test1.tzg.ink\/es\/product\/step-tile-roll-forming-machine\/#primaryimage"},"image":{"@id":"https:\/\/test1.tzg.ink\/es\/product\/step-tile-roll-forming-machine\/#primaryimage"},"thumbnailUrl":"https:\/\/test1.tzg.ink\/wp-content\/uploads\/2024\/01\/1_46.jpg","datePublished":"2019-05-06T01:50:42+00:00","dateModified":"2024-04-02T07:50:34+00:00","breadcrumb":{"@id":"https:\/\/test1.tzg.ink\/es\/product\/step-tile-roll-forming-machine\/#breadcrumb"},"inLanguage":"es","potentialAction":[{"@type":"ReadAction","target":["https:\/\/test1.tzg.ink\/es\/product\/step-tile-roll-forming-machine\/"]}]},{"@type":"ImageObject","inLanguage":"es","@id":"https:\/\/test1.tzg.ink\/es\/product\/step-tile-roll-forming-machine\/#primaryimage","url":"https:\/\/test1.tzg.ink\/wp-content\/uploads\/2024\/01\/1_46.jpg","contentUrl":"https:\/\/test1.tzg.ink\/wp-content\/uploads\/2024\/01\/1_46.jpg","width":550,"height":413},{"@type":"BreadcrumbList","@id":"https:\/\/test1.tzg.ink\/es\/product\/step-tile-roll-forming-machine\/#breadcrumb","itemListElement":[{"@type":"ListItem","position":1,"name":"Home","item":"https:\/\/test1.tzg.ink\/es\/"},{"@type":"ListItem","position":2,"name":"Products","item":"https:\/\/test1.tzg.ink\/ar\/product\/"},{"@type":"ListItem","position":3,"name":"M\u00e1quina perfiladora de tejas escalonadas"}]},{"@type":"WebSite","@id":"https:\/\/test1.tzg.ink\/#website","url":"https:\/\/test1.tzg.ink\/","name":"LMS Roll Forming Machine","description":"LMS MACHINERY CHINA PROFESSIONAL COLD ROLL FORMING MACHINE PROVIDER PROFESSIONAL CHOICE, PROFESSIONAL SERVICE","potentialAction":[{"@type":"SearchAction","target":{"@type":"EntryPoint","urlTemplate":"https:\/\/test1.tzg.ink\/?s={search_term_string}"},"query-input":{"@type":"PropertyValueSpecification","valueRequired":true,"valueName":"search_term_string"}}],"inLanguage":"es"}]}},"_links":{"self":[{"href":"https:\/\/test1.tzg.ink\/es\/wp-json\/wp\/v2\/product\/8898","targetHints":{"allow":["GET"]}}],"collection":[{"href":"https:\/\/test1.tzg.ink\/es\/wp-json\/wp\/v2\/product"}],"about":[{"href":"https:\/\/test1.tzg.ink\/es\/wp-json\/wp\/v2\/types\/product"}],"wp:featuredmedia":[{"embeddable":true,"href":"https:\/\/test1.tzg.ink\/es\/wp-json\/wp\/v2\/media\/8904"}],"wp:attachment":[{"href":"https:\/\/test1.tzg.ink\/es\/wp-json\/wp\/v2\/media?parent=8898"}],"wp:term":[{"taxonomy":"product-type","embeddable":true,"href":"https:\/\/test1.tzg.ink\/es\/wp-json\/wp\/v2\/product-type?post=8898"}],"curies":[{"name":"wp","href":"https:\/\/api.w.org\/{rel}","templated":true}]}}