{"id":8890,"date":"2019-05-06T09:45:14","date_gmt":"2019-05-06T01:45:14","guid":{"rendered":"https:\/\/test1.tzg.ink\/product\/rollo-de-tejado-de-cumbrera-de-acero-que-forma-la-maquina\/"},"modified":"2024-04-02T15:48:29","modified_gmt":"2024-04-02T07:48:29","slug":"steel-ridge-roof-roll-forming-machine","status":"publish","type":"product","link":"https:\/\/test1.tzg.ink\/es\/product\/steel-ridge-roof-roll-forming-machine\/","title":{"rendered":"Rollo De Tejado De Cumbrera De Acero Que Forma La M\u00e1quina"},"content":{"rendered":"\n<h2 class=\"wp-block-heading has-text-align-center\"><strong>Rollo De Tejado De Cumbrera De Acero Que Forma La M\u00e1quina<\/strong><\/h2>\n\n\n\n<p>Esta m\u00e1quina formadora de rollos de cumbrera es econ\u00f3mica y simple, fabricada art\u00edsticamente y transmite sin problemas a bajo nivel de ruido<\/p>\n\n\n\n<p>1- lms 38 a\u00f1os de experiencia en la formaci\u00f3n de rodillos<\/p>\n\n\n\n<p>Dise\u00f1o de 2 rodillos por el software germany copra<\/p>\n\n\n\n<p>3- material cr40 con tratamiento t\u00e9rmico (la dureza es hrc 60-62)<\/p>\n\n\n\n<p>4-plc y amp; accesorios el\u00e9ctricos por mitsubishi, jap\u00f3n \/ schneider \/ omron<\/p>\n\n\n\n<p>flujo de trabajo:<\/p>\n\n\n\n<p>Bobina 1.material &#8212; descortezado 2.material &#8212; 3.material que alimenta &#8212; 4.roll que forma &#8212; corte 5.hydraulic&#8212;6.run hacia fuera table&#8212;7.final product<\/p>\n\n\n\n<p>par\u00e1metro t\u00e9cnico:<\/p>\n\n\n\n<p>no.<\/p>\n\n\n\n<p>\u00edt<\/p>\n\n\n\n<p>par\u00e1metro<\/p>\n\n\n\n<p>1<\/p>\n\n\n\n<p>formando poder de la m\u00e1quina<\/p>\n\n\n\n<p>4 kw<\/p>\n\n\n\n<p>2<\/p>\n\n\n\n<p>presi\u00f3n de la bomba de aceite<\/p>\n\n\n\n<p>10 mpa<\/p>\n\n\n\n<p>3<\/p>\n\n\n\n<p>formando velocidad<\/p>\n\n\n\n<p>3-14 metros \/ minuto<\/p>\n\n\n\n<p>4<\/p>\n\n\n\n<p>material<\/p>\n\n\n\n<p>placa de color<\/p>\n\n\n\n<p>5<\/p>\n\n\n\n<p>espesor<\/p>\n\n\n\n<p>0.3-0.6 mm<\/p>\n\n\n\n<p>6<\/p>\n\n\n\n<p>anchura<\/p>\n\n\n\n<p>312 mm<\/p>\n\n\n\n<p>7<\/p>\n\n\n\n<p>di\u00e1metro del eje<\/p>\n\n\n\n<p>\u00d8 60<\/p>\n\n\n\n<p>8<\/p>\n\n\n\n<p>cantidad de rodillo<\/p>\n\n\n\n<p>13 -15nos<\/p>\n\n\n\n<p>9<\/p>\n\n\n\n<p>potencia principal total<\/p>\n\n\n\n<p>15 kw<\/p>\n\n\n\n<p>10<\/p>\n\n\n\n<p>proveedor de energ\u00eda<\/p>\n\n\n\n<p>3 fases 4 l\u00edneas ac380v 50hz<\/p>\n\n\n\n<p>nosotros podemos fabricar seg\u00fan dibujos proporcionados por el cliente u objetos reales de materiales seccionales, la personalizaci\u00f3n es bienvenida.<\/p>\n","protected":false},"excerpt":{"rendered":"<p>Rollo De Tejado De Cumbrera De Acero Que Forma La M\u00e1quina Esta m\u00e1quina formadora de rollos de cumbrera es econ\u00f3mica y simple, fabricada art\u00edsticamente y transmite sin problemas a bajo nivel de ruido 1- lms 38 a\u00f1os de experiencia en la formaci\u00f3n de rodillos Dise\u00f1o de 2 rodillos por el software germany copra 3- material [&hellip;]<\/p>\n","protected":false},"featured_media":8897,"template":"","product-type":[271],"class_list":["post-8890","product","type-product","status-publish","has-post-thumbnail","hentry","product-type-roofing-purlin-machine-es"],"acf":[],"yoast_head":"<!-- This site is optimized with the Yoast SEO plugin v26.6 - https:\/\/yoast.com\/wordpress\/plugins\/seo\/ -->\n<title>Rollo De Tejado De Cumbrera De Acero Que Forma La M\u00e1quina - LMS Roll Forming Machine<\/title>\n<meta name=\"robots\" content=\"index, follow, max-snippet:-1, max-image-preview:large, max-video-preview:-1\" \/>\n<link rel=\"canonical\" href=\"https:\/\/test1.tzg.ink\/es\/product\/steel-ridge-roof-roll-forming-machine\/\" \/>\n<meta property=\"og:locale\" content=\"es_ES\" \/>\n<meta property=\"og:type\" content=\"article\" \/>\n<meta property=\"og:title\" content=\"Rollo De Tejado De Cumbrera De Acero Que Forma La M\u00e1quina - LMS Roll Forming Machine\" \/>\n<meta property=\"og:description\" content=\"Rollo De Tejado De Cumbrera De Acero Que Forma La M\u00e1quina Esta m\u00e1quina formadora de rollos de cumbrera es econ\u00f3mica y simple, fabricada art\u00edsticamente y transmite sin problemas a bajo nivel de ruido 1- lms 38 a\u00f1os de experiencia en la formaci\u00f3n de rodillos Dise\u00f1o de 2 rodillos por el software germany copra 3- material [&hellip;]\" \/>\n<meta property=\"og:url\" content=\"https:\/\/test1.tzg.ink\/es\/product\/steel-ridge-roof-roll-forming-machine\/\" \/>\n<meta property=\"og:site_name\" content=\"LMS Roll Forming Machine\" \/>\n<meta property=\"article:modified_time\" content=\"2024-04-02T07:48:29+00:00\" \/>\n<meta property=\"og:image\" content=\"https:\/\/test1.tzg.ink\/wp-content\/uploads\/2024\/01\/1_44.jpg\" \/>\n\t<meta property=\"og:image:width\" content=\"550\" \/>\n\t<meta property=\"og:image:height\" content=\"413\" \/>\n\t<meta property=\"og:image:type\" content=\"image\/jpeg\" \/>\n<meta name=\"twitter:card\" content=\"summary_large_image\" \/>\n<meta name=\"twitter:label1\" content=\"Tiempo de lectura\" \/>\n\t<meta name=\"twitter:data1\" content=\"1 minuto\" \/>\n<script type=\"application\/ld+json\" class=\"yoast-schema-graph\">{\"@context\":\"https:\/\/schema.org\",\"@graph\":[{\"@type\":\"WebPage\",\"@id\":\"https:\/\/test1.tzg.ink\/es\/product\/steel-ridge-roof-roll-forming-machine\/\",\"url\":\"https:\/\/test1.tzg.ink\/es\/product\/steel-ridge-roof-roll-forming-machine\/\",\"name\":\"Rollo De Tejado De Cumbrera De Acero Que Forma La M\u00e1quina - LMS Roll Forming Machine\",\"isPartOf\":{\"@id\":\"https:\/\/test1.tzg.ink\/#website\"},\"primaryImageOfPage\":{\"@id\":\"https:\/\/test1.tzg.ink\/es\/product\/steel-ridge-roof-roll-forming-machine\/#primaryimage\"},\"image\":{\"@id\":\"https:\/\/test1.tzg.ink\/es\/product\/steel-ridge-roof-roll-forming-machine\/#primaryimage\"},\"thumbnailUrl\":\"https:\/\/test1.tzg.ink\/wp-content\/uploads\/2024\/01\/1_44.jpg\",\"datePublished\":\"2019-05-06T01:45:14+00:00\",\"dateModified\":\"2024-04-02T07:48:29+00:00\",\"breadcrumb\":{\"@id\":\"https:\/\/test1.tzg.ink\/es\/product\/steel-ridge-roof-roll-forming-machine\/#breadcrumb\"},\"inLanguage\":\"es\",\"potentialAction\":[{\"@type\":\"ReadAction\",\"target\":[\"https:\/\/test1.tzg.ink\/es\/product\/steel-ridge-roof-roll-forming-machine\/\"]}]},{\"@type\":\"ImageObject\",\"inLanguage\":\"es\",\"@id\":\"https:\/\/test1.tzg.ink\/es\/product\/steel-ridge-roof-roll-forming-machine\/#primaryimage\",\"url\":\"https:\/\/test1.tzg.ink\/wp-content\/uploads\/2024\/01\/1_44.jpg\",\"contentUrl\":\"https:\/\/test1.tzg.ink\/wp-content\/uploads\/2024\/01\/1_44.jpg\",\"width\":550,\"height\":413},{\"@type\":\"BreadcrumbList\",\"@id\":\"https:\/\/test1.tzg.ink\/es\/product\/steel-ridge-roof-roll-forming-machine\/#breadcrumb\",\"itemListElement\":[{\"@type\":\"ListItem\",\"position\":1,\"name\":\"Home\",\"item\":\"https:\/\/test1.tzg.ink\/es\/\"},{\"@type\":\"ListItem\",\"position\":2,\"name\":\"Products\",\"item\":\"https:\/\/test1.tzg.ink\/ar\/product\/\"},{\"@type\":\"ListItem\",\"position\":3,\"name\":\"Rollo De Tejado De Cumbrera De Acero Que Forma La M\u00e1quina\"}]},{\"@type\":\"WebSite\",\"@id\":\"https:\/\/test1.tzg.ink\/#website\",\"url\":\"https:\/\/test1.tzg.ink\/\",\"name\":\"LMS Roll Forming Machine\",\"description\":\"LMS MACHINERY CHINA PROFESSIONAL COLD ROLL FORMING MACHINE PROVIDER PROFESSIONAL CHOICE, PROFESSIONAL SERVICE\",\"potentialAction\":[{\"@type\":\"SearchAction\",\"target\":{\"@type\":\"EntryPoint\",\"urlTemplate\":\"https:\/\/test1.tzg.ink\/?s={search_term_string}\"},\"query-input\":{\"@type\":\"PropertyValueSpecification\",\"valueRequired\":true,\"valueName\":\"search_term_string\"}}],\"inLanguage\":\"es\"}]}<\/script>\n<!-- \/ Yoast SEO plugin. -->","yoast_head_json":{"title":"Rollo De Tejado De Cumbrera De Acero Que Forma La M\u00e1quina - LMS Roll Forming Machine","robots":{"index":"index","follow":"follow","max-snippet":"max-snippet:-1","max-image-preview":"max-image-preview:large","max-video-preview":"max-video-preview:-1"},"canonical":"https:\/\/test1.tzg.ink\/es\/product\/steel-ridge-roof-roll-forming-machine\/","og_locale":"es_ES","og_type":"article","og_title":"Rollo De Tejado De Cumbrera De Acero Que Forma La M\u00e1quina - LMS Roll Forming Machine","og_description":"Rollo De Tejado De Cumbrera De Acero Que Forma La M\u00e1quina Esta m\u00e1quina formadora de rollos de cumbrera es econ\u00f3mica y simple, fabricada art\u00edsticamente y transmite sin problemas a bajo nivel de ruido 1- lms 38 a\u00f1os de experiencia en la formaci\u00f3n de rodillos Dise\u00f1o de 2 rodillos por el software germany copra 3- material [&hellip;]","og_url":"https:\/\/test1.tzg.ink\/es\/product\/steel-ridge-roof-roll-forming-machine\/","og_site_name":"LMS Roll Forming Machine","article_modified_time":"2024-04-02T07:48:29+00:00","og_image":[{"width":550,"height":413,"url":"https:\/\/test1.tzg.ink\/wp-content\/uploads\/2024\/01\/1_44.jpg","type":"image\/jpeg"}],"twitter_card":"summary_large_image","twitter_misc":{"Tiempo de lectura":"1 minuto"},"schema":{"@context":"https:\/\/schema.org","@graph":[{"@type":"WebPage","@id":"https:\/\/test1.tzg.ink\/es\/product\/steel-ridge-roof-roll-forming-machine\/","url":"https:\/\/test1.tzg.ink\/es\/product\/steel-ridge-roof-roll-forming-machine\/","name":"Rollo De Tejado De Cumbrera De Acero Que Forma La M\u00e1quina - LMS Roll Forming Machine","isPartOf":{"@id":"https:\/\/test1.tzg.ink\/#website"},"primaryImageOfPage":{"@id":"https:\/\/test1.tzg.ink\/es\/product\/steel-ridge-roof-roll-forming-machine\/#primaryimage"},"image":{"@id":"https:\/\/test1.tzg.ink\/es\/product\/steel-ridge-roof-roll-forming-machine\/#primaryimage"},"thumbnailUrl":"https:\/\/test1.tzg.ink\/wp-content\/uploads\/2024\/01\/1_44.jpg","datePublished":"2019-05-06T01:45:14+00:00","dateModified":"2024-04-02T07:48:29+00:00","breadcrumb":{"@id":"https:\/\/test1.tzg.ink\/es\/product\/steel-ridge-roof-roll-forming-machine\/#breadcrumb"},"inLanguage":"es","potentialAction":[{"@type":"ReadAction","target":["https:\/\/test1.tzg.ink\/es\/product\/steel-ridge-roof-roll-forming-machine\/"]}]},{"@type":"ImageObject","inLanguage":"es","@id":"https:\/\/test1.tzg.ink\/es\/product\/steel-ridge-roof-roll-forming-machine\/#primaryimage","url":"https:\/\/test1.tzg.ink\/wp-content\/uploads\/2024\/01\/1_44.jpg","contentUrl":"https:\/\/test1.tzg.ink\/wp-content\/uploads\/2024\/01\/1_44.jpg","width":550,"height":413},{"@type":"BreadcrumbList","@id":"https:\/\/test1.tzg.ink\/es\/product\/steel-ridge-roof-roll-forming-machine\/#breadcrumb","itemListElement":[{"@type":"ListItem","position":1,"name":"Home","item":"https:\/\/test1.tzg.ink\/es\/"},{"@type":"ListItem","position":2,"name":"Products","item":"https:\/\/test1.tzg.ink\/ar\/product\/"},{"@type":"ListItem","position":3,"name":"Rollo De Tejado De Cumbrera De Acero Que Forma La M\u00e1quina"}]},{"@type":"WebSite","@id":"https:\/\/test1.tzg.ink\/#website","url":"https:\/\/test1.tzg.ink\/","name":"LMS Roll Forming Machine","description":"LMS MACHINERY CHINA PROFESSIONAL COLD ROLL FORMING MACHINE PROVIDER PROFESSIONAL CHOICE, PROFESSIONAL SERVICE","potentialAction":[{"@type":"SearchAction","target":{"@type":"EntryPoint","urlTemplate":"https:\/\/test1.tzg.ink\/?s={search_term_string}"},"query-input":{"@type":"PropertyValueSpecification","valueRequired":true,"valueName":"search_term_string"}}],"inLanguage":"es"}]}},"_links":{"self":[{"href":"https:\/\/test1.tzg.ink\/es\/wp-json\/wp\/v2\/product\/8890","targetHints":{"allow":["GET"]}}],"collection":[{"href":"https:\/\/test1.tzg.ink\/es\/wp-json\/wp\/v2\/product"}],"about":[{"href":"https:\/\/test1.tzg.ink\/es\/wp-json\/wp\/v2\/types\/product"}],"wp:featuredmedia":[{"embeddable":true,"href":"https:\/\/test1.tzg.ink\/es\/wp-json\/wp\/v2\/media\/8897"}],"wp:attachment":[{"href":"https:\/\/test1.tzg.ink\/es\/wp-json\/wp\/v2\/media?parent=8890"}],"wp:term":[{"taxonomy":"product-type","embeddable":true,"href":"https:\/\/test1.tzg.ink\/es\/wp-json\/wp\/v2\/product-type?post=8890"}],"curies":[{"name":"wp","href":"https:\/\/api.w.org\/{rel}","templated":true}]}}