{"id":8882,"date":"2019-05-06T09:37:47","date_gmt":"2019-05-06T01:37:47","guid":{"rendered":"https:\/\/test1.tzg.ink\/product\/maquina-curvadora-de-techo\/"},"modified":"2024-04-07T10:12:38","modified_gmt":"2024-04-07T02:12:38","slug":"roof-bending-machine","status":"publish","type":"product","link":"https:\/\/test1.tzg.ink\/es\/product\/roof-bending-machine\/","title":{"rendered":"M\u00e1quina Curvadora De Techo"},"content":{"rendered":"\n<h2 class=\"wp-block-heading has-text-align-center\">M\u00e1quina Curvadora De Techo<\/h2>\n\n\n\n<p>caracteristicas:<\/p>\n\n\n\n<ol class=\"wp-block-list\">\n<li>el paso de cabeza material es alimentado por el servomotor.<\/li>\n<\/ol>\n\n\n\n<ol class=\"wp-block-list\">\n<li>hoja de sujeci\u00f3n por neum\u00e1tico.<\/li>\n<\/ol>\n\n\n\n<ol class=\"wp-block-list\">\n<li>m\u00ednimo radio de curvatura dentro? 300 mm.<\/li>\n<\/ol>\n\n\n\n<ol class=\"wp-block-list\">\n<li>Curva de velocidad en 20 veces \/ minuto.<\/li>\n<\/ol>\n\n\n\n<p>Configuraci\u00f3n 5.data por la interfaz del cnc.<\/p>\n\n\n\n<p>Par\u00e1metros t\u00e9cnicos:<\/p>\n\n\n\n<p>rollo de panel de techo corrugado de hoja de forma de t formando la m\u00e1quina<\/p>\n\n\n\n<p>(1) material adecuado: ppgi \/ techo en rollo de aluminio repujado<\/p>\n\n\n\n<p>(2) ancho del material: 914\/1000\/1220\/1250 mm<\/p>\n\n\n\n<p>(3) espesor del material: 0.30 &#8211; 0.80 mm<\/p>\n\n\n\n<p>proceso de producci\u00f3n:<\/p>\n\n\n\n<p>alimentaci\u00f3n del tejado con rodillo, escalonado, curvado, techo curvo terminado<\/p>\n\n\n\n<p>composici\u00f3n:<\/p>\n\n\n\n<ol class=\"wp-block-list\">\n<li>configurar el intervalo entre 2 filas de perforaci\u00f3n por interfaz cnc.<\/li>\n<\/ol>\n\n\n\n<ol class=\"wp-block-list\">\n<li>alimentaci\u00f3n de la hoja a la cabeza de perforaci\u00f3n por servomotor, 0.75<\/li>\n<\/ol>\n\n\n\n<ol class=\"wp-block-list\">\n<li>sujeci\u00f3n de la hoja por dispositivo neum\u00e1tico.<\/li>\n<\/ol>\n\n\n\n<ol class=\"wp-block-list\">\n<li>pinchar la hoja paso a paso para formar la curva exigida por el sistema hidr\u00e1ulico.<\/li>\n<\/ol>\n\n\n\n<p>Curva 5.hydraulic y amp; motor de la bomba de aceite: 5.5 kw<\/p>\n\n\n\n<ol class=\"wp-block-list\" start=\"6\">\n<li>radio m\u00ednimo de curvatura: r = 300 mm<\/li>\n<\/ol>\n\n\n\n<ol class=\"wp-block-list\" start=\"6\">\n<li>velocidad de curvar: 20 veces \/ min<\/li>\n<\/ol>\n\n\n\n<p>Radio de curvatura: \u2265 300 mm<\/p>\n\n\n\n<p class=\"has-text-align-center\"><\/p>\n","protected":false},"excerpt":{"rendered":"<p>M\u00e1quina Curvadora De Techo caracteristicas: Configuraci\u00f3n 5.data por la interfaz del cnc. Par\u00e1metros t\u00e9cnicos: rollo de panel de techo corrugado de hoja de forma de t formando la m\u00e1quina (1) material adecuado: ppgi \/ techo en rollo de aluminio repujado (2) ancho del material: 914\/1000\/1220\/1250 mm (3) espesor del material: 0.30 &#8211; 0.80 mm proceso [&hellip;]<\/p>\n","protected":false},"featured_media":8883,"template":"","product-type":[127],"class_list":["post-8882","product","type-product","status-publish","has-post-thumbnail","hentry","product-type-others-machine-es"],"acf":[],"yoast_head":"<!-- This site is optimized with the Yoast SEO plugin v26.6 - https:\/\/yoast.com\/wordpress\/plugins\/seo\/ -->\n<title>M\u00e1quina Curvadora De Techo - LMS Roll Forming Machine<\/title>\n<meta name=\"robots\" content=\"index, follow, max-snippet:-1, max-image-preview:large, max-video-preview:-1\" \/>\n<link rel=\"canonical\" href=\"https:\/\/test1.tzg.ink\/es\/product\/roof-bending-machine\/\" \/>\n<meta property=\"og:locale\" content=\"es_ES\" \/>\n<meta property=\"og:type\" content=\"article\" \/>\n<meta property=\"og:title\" content=\"M\u00e1quina Curvadora De Techo - LMS Roll Forming Machine\" \/>\n<meta property=\"og:description\" content=\"M\u00e1quina Curvadora De Techo caracteristicas: Configuraci\u00f3n 5.data por la interfaz del cnc. Par\u00e1metros t\u00e9cnicos: rollo de panel de techo corrugado de hoja de forma de t formando la m\u00e1quina (1) material adecuado: ppgi \/ techo en rollo de aluminio repujado (2) ancho del material: 914\/1000\/1220\/1250 mm (3) espesor del material: 0.30 &#8211; 0.80 mm proceso [&hellip;]\" \/>\n<meta property=\"og:url\" content=\"https:\/\/test1.tzg.ink\/es\/product\/roof-bending-machine\/\" \/>\n<meta property=\"og:site_name\" content=\"LMS Roll Forming Machine\" \/>\n<meta property=\"article:modified_time\" content=\"2024-04-07T02:12:38+00:00\" \/>\n<meta property=\"og:image\" content=\"https:\/\/test1.tzg.ink\/wp-content\/uploads\/2024\/01\/1_43.jpg\" \/>\n\t<meta property=\"og:image:width\" content=\"550\" \/>\n\t<meta property=\"og:image:height\" content=\"413\" \/>\n\t<meta property=\"og:image:type\" content=\"image\/jpeg\" \/>\n<meta name=\"twitter:card\" content=\"summary_large_image\" \/>\n<meta name=\"twitter:label1\" content=\"Tiempo de lectura\" \/>\n\t<meta name=\"twitter:data1\" content=\"1 minuto\" \/>\n<script type=\"application\/ld+json\" class=\"yoast-schema-graph\">{\"@context\":\"https:\/\/schema.org\",\"@graph\":[{\"@type\":\"WebPage\",\"@id\":\"https:\/\/test1.tzg.ink\/es\/product\/roof-bending-machine\/\",\"url\":\"https:\/\/test1.tzg.ink\/es\/product\/roof-bending-machine\/\",\"name\":\"M\u00e1quina Curvadora De Techo - LMS Roll Forming Machine\",\"isPartOf\":{\"@id\":\"https:\/\/test1.tzg.ink\/#website\"},\"primaryImageOfPage\":{\"@id\":\"https:\/\/test1.tzg.ink\/es\/product\/roof-bending-machine\/#primaryimage\"},\"image\":{\"@id\":\"https:\/\/test1.tzg.ink\/es\/product\/roof-bending-machine\/#primaryimage\"},\"thumbnailUrl\":\"https:\/\/test1.tzg.ink\/wp-content\/uploads\/2024\/01\/1_43.jpg\",\"datePublished\":\"2019-05-06T01:37:47+00:00\",\"dateModified\":\"2024-04-07T02:12:38+00:00\",\"breadcrumb\":{\"@id\":\"https:\/\/test1.tzg.ink\/es\/product\/roof-bending-machine\/#breadcrumb\"},\"inLanguage\":\"es\",\"potentialAction\":[{\"@type\":\"ReadAction\",\"target\":[\"https:\/\/test1.tzg.ink\/es\/product\/roof-bending-machine\/\"]}]},{\"@type\":\"ImageObject\",\"inLanguage\":\"es\",\"@id\":\"https:\/\/test1.tzg.ink\/es\/product\/roof-bending-machine\/#primaryimage\",\"url\":\"https:\/\/test1.tzg.ink\/wp-content\/uploads\/2024\/01\/1_43.jpg\",\"contentUrl\":\"https:\/\/test1.tzg.ink\/wp-content\/uploads\/2024\/01\/1_43.jpg\",\"width\":550,\"height\":413},{\"@type\":\"BreadcrumbList\",\"@id\":\"https:\/\/test1.tzg.ink\/es\/product\/roof-bending-machine\/#breadcrumb\",\"itemListElement\":[{\"@type\":\"ListItem\",\"position\":1,\"name\":\"Home\",\"item\":\"https:\/\/test1.tzg.ink\/es\/\"},{\"@type\":\"ListItem\",\"position\":2,\"name\":\"Products\",\"item\":\"https:\/\/test1.tzg.ink\/ar\/product\/\"},{\"@type\":\"ListItem\",\"position\":3,\"name\":\"M\u00e1quina Curvadora De Techo\"}]},{\"@type\":\"WebSite\",\"@id\":\"https:\/\/test1.tzg.ink\/#website\",\"url\":\"https:\/\/test1.tzg.ink\/\",\"name\":\"LMS Roll Forming Machine\",\"description\":\"LMS MACHINERY CHINA PROFESSIONAL COLD ROLL FORMING MACHINE PROVIDER PROFESSIONAL CHOICE, PROFESSIONAL SERVICE\",\"potentialAction\":[{\"@type\":\"SearchAction\",\"target\":{\"@type\":\"EntryPoint\",\"urlTemplate\":\"https:\/\/test1.tzg.ink\/?s={search_term_string}\"},\"query-input\":{\"@type\":\"PropertyValueSpecification\",\"valueRequired\":true,\"valueName\":\"search_term_string\"}}],\"inLanguage\":\"es\"}]}<\/script>\n<!-- \/ Yoast SEO plugin. -->","yoast_head_json":{"title":"M\u00e1quina Curvadora De Techo - LMS Roll Forming Machine","robots":{"index":"index","follow":"follow","max-snippet":"max-snippet:-1","max-image-preview":"max-image-preview:large","max-video-preview":"max-video-preview:-1"},"canonical":"https:\/\/test1.tzg.ink\/es\/product\/roof-bending-machine\/","og_locale":"es_ES","og_type":"article","og_title":"M\u00e1quina Curvadora De Techo - LMS Roll Forming Machine","og_description":"M\u00e1quina Curvadora De Techo caracteristicas: Configuraci\u00f3n 5.data por la interfaz del cnc. Par\u00e1metros t\u00e9cnicos: rollo de panel de techo corrugado de hoja de forma de t formando la m\u00e1quina (1) material adecuado: ppgi \/ techo en rollo de aluminio repujado (2) ancho del material: 914\/1000\/1220\/1250 mm (3) espesor del material: 0.30 &#8211; 0.80 mm proceso [&hellip;]","og_url":"https:\/\/test1.tzg.ink\/es\/product\/roof-bending-machine\/","og_site_name":"LMS Roll Forming Machine","article_modified_time":"2024-04-07T02:12:38+00:00","og_image":[{"width":550,"height":413,"url":"https:\/\/test1.tzg.ink\/wp-content\/uploads\/2024\/01\/1_43.jpg","type":"image\/jpeg"}],"twitter_card":"summary_large_image","twitter_misc":{"Tiempo de lectura":"1 minuto"},"schema":{"@context":"https:\/\/schema.org","@graph":[{"@type":"WebPage","@id":"https:\/\/test1.tzg.ink\/es\/product\/roof-bending-machine\/","url":"https:\/\/test1.tzg.ink\/es\/product\/roof-bending-machine\/","name":"M\u00e1quina Curvadora De Techo - LMS Roll Forming Machine","isPartOf":{"@id":"https:\/\/test1.tzg.ink\/#website"},"primaryImageOfPage":{"@id":"https:\/\/test1.tzg.ink\/es\/product\/roof-bending-machine\/#primaryimage"},"image":{"@id":"https:\/\/test1.tzg.ink\/es\/product\/roof-bending-machine\/#primaryimage"},"thumbnailUrl":"https:\/\/test1.tzg.ink\/wp-content\/uploads\/2024\/01\/1_43.jpg","datePublished":"2019-05-06T01:37:47+00:00","dateModified":"2024-04-07T02:12:38+00:00","breadcrumb":{"@id":"https:\/\/test1.tzg.ink\/es\/product\/roof-bending-machine\/#breadcrumb"},"inLanguage":"es","potentialAction":[{"@type":"ReadAction","target":["https:\/\/test1.tzg.ink\/es\/product\/roof-bending-machine\/"]}]},{"@type":"ImageObject","inLanguage":"es","@id":"https:\/\/test1.tzg.ink\/es\/product\/roof-bending-machine\/#primaryimage","url":"https:\/\/test1.tzg.ink\/wp-content\/uploads\/2024\/01\/1_43.jpg","contentUrl":"https:\/\/test1.tzg.ink\/wp-content\/uploads\/2024\/01\/1_43.jpg","width":550,"height":413},{"@type":"BreadcrumbList","@id":"https:\/\/test1.tzg.ink\/es\/product\/roof-bending-machine\/#breadcrumb","itemListElement":[{"@type":"ListItem","position":1,"name":"Home","item":"https:\/\/test1.tzg.ink\/es\/"},{"@type":"ListItem","position":2,"name":"Products","item":"https:\/\/test1.tzg.ink\/ar\/product\/"},{"@type":"ListItem","position":3,"name":"M\u00e1quina Curvadora De Techo"}]},{"@type":"WebSite","@id":"https:\/\/test1.tzg.ink\/#website","url":"https:\/\/test1.tzg.ink\/","name":"LMS Roll Forming Machine","description":"LMS MACHINERY CHINA PROFESSIONAL COLD ROLL FORMING MACHINE PROVIDER PROFESSIONAL CHOICE, PROFESSIONAL SERVICE","potentialAction":[{"@type":"SearchAction","target":{"@type":"EntryPoint","urlTemplate":"https:\/\/test1.tzg.ink\/?s={search_term_string}"},"query-input":{"@type":"PropertyValueSpecification","valueRequired":true,"valueName":"search_term_string"}}],"inLanguage":"es"}]}},"_links":{"self":[{"href":"https:\/\/test1.tzg.ink\/es\/wp-json\/wp\/v2\/product\/8882","targetHints":{"allow":["GET"]}}],"collection":[{"href":"https:\/\/test1.tzg.ink\/es\/wp-json\/wp\/v2\/product"}],"about":[{"href":"https:\/\/test1.tzg.ink\/es\/wp-json\/wp\/v2\/types\/product"}],"wp:featuredmedia":[{"embeddable":true,"href":"https:\/\/test1.tzg.ink\/es\/wp-json\/wp\/v2\/media\/8883"}],"wp:attachment":[{"href":"https:\/\/test1.tzg.ink\/es\/wp-json\/wp\/v2\/media?parent=8882"}],"wp:term":[{"taxonomy":"product-type","embeddable":true,"href":"https:\/\/test1.tzg.ink\/es\/wp-json\/wp\/v2\/product-type?post=8882"}],"curies":[{"name":"wp","href":"https:\/\/api.w.org\/{rel}","templated":true}]}}