{"id":8875,"date":"2019-05-06T09:31:41","date_gmt":"2019-05-06T01:31:41","guid":{"rendered":"https:\/\/test1.tzg.ink\/product\/rollo-de-techo-de-metal-que-forma-la-maquina\/"},"modified":"2024-04-07T10:16:38","modified_gmt":"2024-04-07T02:16:38","slug":"rollo-de-techo-de-metal-que-forma-la-maquina","status":"publish","type":"product","link":"https:\/\/test1.tzg.ink\/es\/product\/rollo-de-techo-de-metal-que-forma-la-maquina\/","title":{"rendered":"Rollo De Techo De Metal Que Forma La M\u00e1quina"},"content":{"rendered":"\n<h2 class=\"wp-block-heading has-text-align-center\">Rollo De Techo De Metal Que Forma La M\u00e1quina<\/h2>\n\n\n\n<p>caracteristicas:<\/p>\n\n\n\n<p>El decoiler 1.manual o el decoiler hidr\u00e1ulico con la rotura se equipa opcional para la producci\u00f3n de la formaci\u00f3n del rollo.<\/p>\n\n\n\n<ol class=\"wp-block-list\" start=\"2\">\n<li>La esquiladora manual de rodillos antes del perfilado es esencial para la producci\u00f3n de perfilado, y el control de longitud se establece en una pantalla t\u00e1ctil, de modo que el material se calcula por plc para cada espesor de material y producci\u00f3n de color.<\/li>\n<\/ol>\n\n\n\n<p>3.refine las placas de acero en 22 mm cuando se usa la pared lateral de la m\u00e1quina.<\/p>\n\n\n\n<p>4.16 &#8211; 24 nos de rodillos se utiliza para la formaci\u00f3n de rodillos, lo que garantiza la resistencia del perfil.<\/p>\n\n\n\n<p>5.mitsubishi (jap\u00f3n) plc y 5.7 &#8216;pantalla t\u00e1ctil se utilizan para el procesamiento y configuraci\u00f3n de datos.<\/p>\n\n\n\n<p>La velocidad de formaci\u00f3n de rodillo es de 0 a 20 metros \/ minuto.<\/p>\n\n\n\n<p>par\u00e1metro t\u00e9cnico<\/p>\n\n\n\n<p>rollo de panel de techo corrugado de hoja de forma de t formando la m\u00e1quina<\/p>\n\n\n\n<p>(1) material adecuado: bobina ppgi \/ bobina de aluminio repujado<\/p>\n\n\n\n<p>(2) ancho del material: 914\/1000\/1220\/1250 mm<\/p>\n\n\n\n<p>(3) espesor del material: 0.40 &#8211; 0.80 mm<\/p>\n\n\n\n<p>proceso de producci\u00f3n:<\/p>\n\n\n\n<p>desenrollado &#8211; corte manual &#8211; perfilado &#8211; corte despu\u00e9s del encolado &#8211; panel de techo final<\/p>\n\n\n\n<p>composici\u00f3n:<\/p>\n\n\n\n<p>1.8 &#8211; 10 toneladas de decoiler hidr\u00e1ulico: 1250 mm de ancho; ? 500 &#8211; 600 mm de di\u00e1metro interno; 2.0 kw<\/p>\n\n\n\n<p>2.Dispositivo de corte manual antes de la alimentaci\u00f3n del material: c\u00e1lculo y control de plc, material ahorrado, sin desperdicio; cortador de rodillos<\/p>\n\n\n\n<p>3.rodillo que forma la m\u00e1quina: 16 &#8211; 24 nos estaci\u00f3n de rodillos; ? Eje principal de 80 mm; Grosor de la pared lateral de la m\u00e1quina de 22 mm; 0 &#8211; 20 metros \/ minuto Corte<\/p>\n\n\n\n<p>4.hydraulic: hoja de acero gr12; 20 toneladas de presi\u00f3n en la mesa de trabajo; con ventilador-refrigerador; 4 kw<\/p>\n\n\n\n<p>Tabla de salida<\/p>\n\n\n\n<p>5.simple: 4 pedazos, en acero del canal 8 #<\/p>\n\n\n\n<p>Controlador<\/p>\n\n\n\n<p>6.plc: mitsubishi plc; Pantalla t\u00e1ctil 5.7 \u00abmitsubishi, convertidor de frecuencia japon\u00e9s, componentes electr\u00f3nicos schneider<\/p>\n","protected":false},"excerpt":{"rendered":"<p>Rollo De Techo De Metal Que Forma La M\u00e1quina caracteristicas: El decoiler 1.manual o el decoiler hidr\u00e1ulico con la rotura se equipa opcional para la producci\u00f3n de la formaci\u00f3n del rollo. 3.refine las placas de acero en 22 mm cuando se usa la pared lateral de la m\u00e1quina. 4.16 &#8211; 24 nos de rodillos se [&hellip;]<\/p>\n","protected":false},"featured_media":8881,"template":"","product-type":[127],"class_list":["post-8875","product","type-product","status-publish","has-post-thumbnail","hentry","product-type-others-machine-es"],"acf":[],"yoast_head":"<!-- This site is optimized with the Yoast SEO plugin v26.6 - https:\/\/yoast.com\/wordpress\/plugins\/seo\/ -->\n<title>Rollo De Techo De Metal Que Forma La M\u00e1quina - LMS Roll Forming Machine<\/title>\n<meta name=\"robots\" content=\"index, follow, max-snippet:-1, max-image-preview:large, max-video-preview:-1\" \/>\n<link rel=\"canonical\" href=\"https:\/\/test1.tzg.ink\/es\/product\/rollo-de-techo-de-metal-que-forma-la-maquina\/\" \/>\n<meta property=\"og:locale\" content=\"es_ES\" \/>\n<meta property=\"og:type\" content=\"article\" \/>\n<meta property=\"og:title\" content=\"Rollo De Techo De Metal Que Forma La M\u00e1quina - LMS Roll Forming Machine\" \/>\n<meta property=\"og:description\" content=\"Rollo De Techo De Metal Que Forma La M\u00e1quina caracteristicas: El decoiler 1.manual o el decoiler hidr\u00e1ulico con la rotura se equipa opcional para la producci\u00f3n de la formaci\u00f3n del rollo. 3.refine las placas de acero en 22 mm cuando se usa la pared lateral de la m\u00e1quina. 4.16 &#8211; 24 nos de rodillos se [&hellip;]\" \/>\n<meta property=\"og:url\" content=\"https:\/\/test1.tzg.ink\/es\/product\/rollo-de-techo-de-metal-que-forma-la-maquina\/\" \/>\n<meta property=\"og:site_name\" content=\"LMS Roll Forming Machine\" \/>\n<meta property=\"article:modified_time\" content=\"2024-04-07T02:16:38+00:00\" \/>\n<meta property=\"og:image\" content=\"https:\/\/test1.tzg.ink\/wp-content\/uploads\/2024\/01\/1_41.jpg\" \/>\n\t<meta property=\"og:image:width\" content=\"550\" \/>\n\t<meta property=\"og:image:height\" content=\"413\" \/>\n\t<meta property=\"og:image:type\" content=\"image\/jpeg\" \/>\n<meta name=\"twitter:card\" content=\"summary_large_image\" \/>\n<meta name=\"twitter:label1\" content=\"Tiempo de lectura\" \/>\n\t<meta name=\"twitter:data1\" content=\"2 minutos\" \/>\n<script type=\"application\/ld+json\" class=\"yoast-schema-graph\">{\"@context\":\"https:\/\/schema.org\",\"@graph\":[{\"@type\":\"WebPage\",\"@id\":\"https:\/\/test1.tzg.ink\/es\/product\/rollo-de-techo-de-metal-que-forma-la-maquina\/\",\"url\":\"https:\/\/test1.tzg.ink\/es\/product\/rollo-de-techo-de-metal-que-forma-la-maquina\/\",\"name\":\"Rollo De Techo De Metal Que Forma La M\u00e1quina - LMS Roll Forming Machine\",\"isPartOf\":{\"@id\":\"https:\/\/test1.tzg.ink\/#website\"},\"primaryImageOfPage\":{\"@id\":\"https:\/\/test1.tzg.ink\/es\/product\/rollo-de-techo-de-metal-que-forma-la-maquina\/#primaryimage\"},\"image\":{\"@id\":\"https:\/\/test1.tzg.ink\/es\/product\/rollo-de-techo-de-metal-que-forma-la-maquina\/#primaryimage\"},\"thumbnailUrl\":\"https:\/\/test1.tzg.ink\/wp-content\/uploads\/2024\/01\/1_41.jpg\",\"datePublished\":\"2019-05-06T01:31:41+00:00\",\"dateModified\":\"2024-04-07T02:16:38+00:00\",\"breadcrumb\":{\"@id\":\"https:\/\/test1.tzg.ink\/es\/product\/rollo-de-techo-de-metal-que-forma-la-maquina\/#breadcrumb\"},\"inLanguage\":\"es\",\"potentialAction\":[{\"@type\":\"ReadAction\",\"target\":[\"https:\/\/test1.tzg.ink\/es\/product\/rollo-de-techo-de-metal-que-forma-la-maquina\/\"]}]},{\"@type\":\"ImageObject\",\"inLanguage\":\"es\",\"@id\":\"https:\/\/test1.tzg.ink\/es\/product\/rollo-de-techo-de-metal-que-forma-la-maquina\/#primaryimage\",\"url\":\"https:\/\/test1.tzg.ink\/wp-content\/uploads\/2024\/01\/1_41.jpg\",\"contentUrl\":\"https:\/\/test1.tzg.ink\/wp-content\/uploads\/2024\/01\/1_41.jpg\",\"width\":550,\"height\":413},{\"@type\":\"BreadcrumbList\",\"@id\":\"https:\/\/test1.tzg.ink\/es\/product\/rollo-de-techo-de-metal-que-forma-la-maquina\/#breadcrumb\",\"itemListElement\":[{\"@type\":\"ListItem\",\"position\":1,\"name\":\"Home\",\"item\":\"https:\/\/test1.tzg.ink\/es\/\"},{\"@type\":\"ListItem\",\"position\":2,\"name\":\"Products\",\"item\":\"https:\/\/test1.tzg.ink\/ar\/product\/\"},{\"@type\":\"ListItem\",\"position\":3,\"name\":\"Rollo De Techo De Metal Que Forma La M\u00e1quina\"}]},{\"@type\":\"WebSite\",\"@id\":\"https:\/\/test1.tzg.ink\/#website\",\"url\":\"https:\/\/test1.tzg.ink\/\",\"name\":\"LMS Roll Forming Machine\",\"description\":\"LMS MACHINERY CHINA PROFESSIONAL COLD ROLL FORMING MACHINE PROVIDER PROFESSIONAL CHOICE, PROFESSIONAL SERVICE\",\"potentialAction\":[{\"@type\":\"SearchAction\",\"target\":{\"@type\":\"EntryPoint\",\"urlTemplate\":\"https:\/\/test1.tzg.ink\/?s={search_term_string}\"},\"query-input\":{\"@type\":\"PropertyValueSpecification\",\"valueRequired\":true,\"valueName\":\"search_term_string\"}}],\"inLanguage\":\"es\"}]}<\/script>\n<!-- \/ Yoast SEO plugin. -->","yoast_head_json":{"title":"Rollo De Techo De Metal Que Forma La M\u00e1quina - LMS Roll Forming Machine","robots":{"index":"index","follow":"follow","max-snippet":"max-snippet:-1","max-image-preview":"max-image-preview:large","max-video-preview":"max-video-preview:-1"},"canonical":"https:\/\/test1.tzg.ink\/es\/product\/rollo-de-techo-de-metal-que-forma-la-maquina\/","og_locale":"es_ES","og_type":"article","og_title":"Rollo De Techo De Metal Que Forma La M\u00e1quina - LMS Roll Forming Machine","og_description":"Rollo De Techo De Metal Que Forma La M\u00e1quina caracteristicas: El decoiler 1.manual o el decoiler hidr\u00e1ulico con la rotura se equipa opcional para la producci\u00f3n de la formaci\u00f3n del rollo. 3.refine las placas de acero en 22 mm cuando se usa la pared lateral de la m\u00e1quina. 4.16 &#8211; 24 nos de rodillos se [&hellip;]","og_url":"https:\/\/test1.tzg.ink\/es\/product\/rollo-de-techo-de-metal-que-forma-la-maquina\/","og_site_name":"LMS Roll Forming Machine","article_modified_time":"2024-04-07T02:16:38+00:00","og_image":[{"width":550,"height":413,"url":"https:\/\/test1.tzg.ink\/wp-content\/uploads\/2024\/01\/1_41.jpg","type":"image\/jpeg"}],"twitter_card":"summary_large_image","twitter_misc":{"Tiempo de lectura":"2 minutos"},"schema":{"@context":"https:\/\/schema.org","@graph":[{"@type":"WebPage","@id":"https:\/\/test1.tzg.ink\/es\/product\/rollo-de-techo-de-metal-que-forma-la-maquina\/","url":"https:\/\/test1.tzg.ink\/es\/product\/rollo-de-techo-de-metal-que-forma-la-maquina\/","name":"Rollo De Techo De Metal Que Forma La M\u00e1quina - LMS Roll Forming Machine","isPartOf":{"@id":"https:\/\/test1.tzg.ink\/#website"},"primaryImageOfPage":{"@id":"https:\/\/test1.tzg.ink\/es\/product\/rollo-de-techo-de-metal-que-forma-la-maquina\/#primaryimage"},"image":{"@id":"https:\/\/test1.tzg.ink\/es\/product\/rollo-de-techo-de-metal-que-forma-la-maquina\/#primaryimage"},"thumbnailUrl":"https:\/\/test1.tzg.ink\/wp-content\/uploads\/2024\/01\/1_41.jpg","datePublished":"2019-05-06T01:31:41+00:00","dateModified":"2024-04-07T02:16:38+00:00","breadcrumb":{"@id":"https:\/\/test1.tzg.ink\/es\/product\/rollo-de-techo-de-metal-que-forma-la-maquina\/#breadcrumb"},"inLanguage":"es","potentialAction":[{"@type":"ReadAction","target":["https:\/\/test1.tzg.ink\/es\/product\/rollo-de-techo-de-metal-que-forma-la-maquina\/"]}]},{"@type":"ImageObject","inLanguage":"es","@id":"https:\/\/test1.tzg.ink\/es\/product\/rollo-de-techo-de-metal-que-forma-la-maquina\/#primaryimage","url":"https:\/\/test1.tzg.ink\/wp-content\/uploads\/2024\/01\/1_41.jpg","contentUrl":"https:\/\/test1.tzg.ink\/wp-content\/uploads\/2024\/01\/1_41.jpg","width":550,"height":413},{"@type":"BreadcrumbList","@id":"https:\/\/test1.tzg.ink\/es\/product\/rollo-de-techo-de-metal-que-forma-la-maquina\/#breadcrumb","itemListElement":[{"@type":"ListItem","position":1,"name":"Home","item":"https:\/\/test1.tzg.ink\/es\/"},{"@type":"ListItem","position":2,"name":"Products","item":"https:\/\/test1.tzg.ink\/ar\/product\/"},{"@type":"ListItem","position":3,"name":"Rollo De Techo De Metal Que Forma La M\u00e1quina"}]},{"@type":"WebSite","@id":"https:\/\/test1.tzg.ink\/#website","url":"https:\/\/test1.tzg.ink\/","name":"LMS Roll Forming Machine","description":"LMS MACHINERY CHINA PROFESSIONAL COLD ROLL FORMING MACHINE PROVIDER PROFESSIONAL CHOICE, PROFESSIONAL SERVICE","potentialAction":[{"@type":"SearchAction","target":{"@type":"EntryPoint","urlTemplate":"https:\/\/test1.tzg.ink\/?s={search_term_string}"},"query-input":{"@type":"PropertyValueSpecification","valueRequired":true,"valueName":"search_term_string"}}],"inLanguage":"es"}]}},"_links":{"self":[{"href":"https:\/\/test1.tzg.ink\/es\/wp-json\/wp\/v2\/product\/8875","targetHints":{"allow":["GET"]}}],"collection":[{"href":"https:\/\/test1.tzg.ink\/es\/wp-json\/wp\/v2\/product"}],"about":[{"href":"https:\/\/test1.tzg.ink\/es\/wp-json\/wp\/v2\/types\/product"}],"wp:featuredmedia":[{"embeddable":true,"href":"https:\/\/test1.tzg.ink\/es\/wp-json\/wp\/v2\/media\/8881"}],"wp:attachment":[{"href":"https:\/\/test1.tzg.ink\/es\/wp-json\/wp\/v2\/media?parent=8875"}],"wp:term":[{"taxonomy":"product-type","embeddable":true,"href":"https:\/\/test1.tzg.ink\/es\/wp-json\/wp\/v2\/product-type?post=8875"}],"curies":[{"name":"wp","href":"https:\/\/api.w.org\/{rel}","templated":true}]}}