{"id":8862,"date":"2019-05-06T08:35:29","date_gmt":"2019-05-06T00:35:29","guid":{"rendered":"https:\/\/test1.tzg.ink\/product\/maquinas-formadoras-de-rollo-de-cubierta-de-piso\/"},"modified":"2024-04-07T10:08:47","modified_gmt":"2024-04-07T02:08:47","slug":"floor-deck-roll-forming-machines","status":"publish","type":"product","link":"https:\/\/test1.tzg.ink\/es\/product\/floor-deck-roll-forming-machines\/","title":{"rendered":"M\u00e1quinas Formadoras De Rollo De Cubierta De Piso"},"content":{"rendered":"\n<h2 class=\"wp-block-heading has-text-align-center\">M\u00e1quinas Formadoras De Rollo De Cubierta De Piso<\/h2>\n\n\n\n<p>las m\u00e1quinas perfiladoras de cubiertas de pisos son rentables y simples, fabricadas art\u00edsticamente y transmiten sin problemas a bajo nivel de ruido.<\/p>\n\n\n\n<p>1- m\u00e1s de 10 a\u00f1os de vida laboral.<\/p>\n\n\n\n<p>Dise\u00f1o de 2 rodillos por el software germany copra<\/p>\n\n\n\n<p>3- material cr40 con tratamiento t\u00e9rmico (la dureza es hrc 60-62)<\/p>\n\n\n\n<p>4- plc y amp; accesorios el\u00e9ctricos por mitsubishi, jap\u00f3n \/ schneider \/ omron<\/p>\n\n\n\n<p>5 a\u00f1os de garant\u00eda limitada \/ 10 a\u00f1os<\/p>\n","protected":false},"excerpt":{"rendered":"<p>M\u00e1quinas Formadoras De Rollo De Cubierta De Piso las m\u00e1quinas perfiladoras de cubiertas de pisos son rentables y simples, fabricadas art\u00edsticamente y transmiten sin problemas a bajo nivel de ruido. 1- m\u00e1s de 10 a\u00f1os de vida laboral. Dise\u00f1o de 2 rodillos por el software germany copra 3- material cr40 con tratamiento t\u00e9rmico (la dureza [&hellip;]<\/p>\n","protected":false},"featured_media":8868,"template":"","product-type":[127],"class_list":["post-8862","product","type-product","status-publish","has-post-thumbnail","hentry","product-type-others-machine-es"],"acf":[],"yoast_head":"<!-- This site is optimized with the Yoast SEO plugin v26.6 - https:\/\/yoast.com\/wordpress\/plugins\/seo\/ -->\n<title>M\u00e1quinas Formadoras De Rollo De Cubierta De Piso - LMS Roll Forming Machine<\/title>\n<meta name=\"robots\" content=\"index, follow, max-snippet:-1, max-image-preview:large, max-video-preview:-1\" \/>\n<link rel=\"canonical\" href=\"https:\/\/test1.tzg.ink\/es\/product\/floor-deck-roll-forming-machines\/\" \/>\n<meta property=\"og:locale\" content=\"es_ES\" \/>\n<meta property=\"og:type\" content=\"article\" \/>\n<meta property=\"og:title\" content=\"M\u00e1quinas Formadoras De Rollo De Cubierta De Piso - LMS Roll Forming Machine\" \/>\n<meta property=\"og:description\" content=\"M\u00e1quinas Formadoras De Rollo De Cubierta De Piso las m\u00e1quinas perfiladoras de cubiertas de pisos son rentables y simples, fabricadas art\u00edsticamente y transmiten sin problemas a bajo nivel de ruido. 1- m\u00e1s de 10 a\u00f1os de vida laboral. Dise\u00f1o de 2 rodillos por el software germany copra 3- material cr40 con tratamiento t\u00e9rmico (la dureza [&hellip;]\" \/>\n<meta property=\"og:url\" content=\"https:\/\/test1.tzg.ink\/es\/product\/floor-deck-roll-forming-machines\/\" \/>\n<meta property=\"og:site_name\" content=\"LMS Roll Forming Machine\" \/>\n<meta property=\"article:modified_time\" content=\"2024-04-07T02:08:47+00:00\" \/>\n<meta property=\"og:image\" content=\"https:\/\/test1.tzg.ink\/wp-content\/uploads\/2024\/01\/f68ea3cbf3b1824ccd7bf73f0796960d_medium-1.jpg\" \/>\n\t<meta property=\"og:image:width\" content=\"550\" \/>\n\t<meta property=\"og:image:height\" content=\"413\" \/>\n\t<meta property=\"og:image:type\" content=\"image\/jpeg\" \/>\n<meta name=\"twitter:card\" content=\"summary_large_image\" \/>\n<script type=\"application\/ld+json\" class=\"yoast-schema-graph\">{\"@context\":\"https:\/\/schema.org\",\"@graph\":[{\"@type\":\"WebPage\",\"@id\":\"https:\/\/test1.tzg.ink\/es\/product\/floor-deck-roll-forming-machines\/\",\"url\":\"https:\/\/test1.tzg.ink\/es\/product\/floor-deck-roll-forming-machines\/\",\"name\":\"M\u00e1quinas Formadoras De Rollo De Cubierta De Piso - LMS Roll Forming Machine\",\"isPartOf\":{\"@id\":\"https:\/\/test1.tzg.ink\/#website\"},\"primaryImageOfPage\":{\"@id\":\"https:\/\/test1.tzg.ink\/es\/product\/floor-deck-roll-forming-machines\/#primaryimage\"},\"image\":{\"@id\":\"https:\/\/test1.tzg.ink\/es\/product\/floor-deck-roll-forming-machines\/#primaryimage\"},\"thumbnailUrl\":\"https:\/\/test1.tzg.ink\/wp-content\/uploads\/2024\/01\/f68ea3cbf3b1824ccd7bf73f0796960d_medium-1.jpg\",\"datePublished\":\"2019-05-06T00:35:29+00:00\",\"dateModified\":\"2024-04-07T02:08:47+00:00\",\"breadcrumb\":{\"@id\":\"https:\/\/test1.tzg.ink\/es\/product\/floor-deck-roll-forming-machines\/#breadcrumb\"},\"inLanguage\":\"es\",\"potentialAction\":[{\"@type\":\"ReadAction\",\"target\":[\"https:\/\/test1.tzg.ink\/es\/product\/floor-deck-roll-forming-machines\/\"]}]},{\"@type\":\"ImageObject\",\"inLanguage\":\"es\",\"@id\":\"https:\/\/test1.tzg.ink\/es\/product\/floor-deck-roll-forming-machines\/#primaryimage\",\"url\":\"https:\/\/test1.tzg.ink\/wp-content\/uploads\/2024\/01\/f68ea3cbf3b1824ccd7bf73f0796960d_medium-1.jpg\",\"contentUrl\":\"https:\/\/test1.tzg.ink\/wp-content\/uploads\/2024\/01\/f68ea3cbf3b1824ccd7bf73f0796960d_medium-1.jpg\",\"width\":550,\"height\":413},{\"@type\":\"BreadcrumbList\",\"@id\":\"https:\/\/test1.tzg.ink\/es\/product\/floor-deck-roll-forming-machines\/#breadcrumb\",\"itemListElement\":[{\"@type\":\"ListItem\",\"position\":1,\"name\":\"Home\",\"item\":\"https:\/\/test1.tzg.ink\/es\/\"},{\"@type\":\"ListItem\",\"position\":2,\"name\":\"Products\",\"item\":\"https:\/\/test1.tzg.ink\/ar\/product\/\"},{\"@type\":\"ListItem\",\"position\":3,\"name\":\"M\u00e1quinas Formadoras De Rollo De Cubierta De Piso\"}]},{\"@type\":\"WebSite\",\"@id\":\"https:\/\/test1.tzg.ink\/#website\",\"url\":\"https:\/\/test1.tzg.ink\/\",\"name\":\"LMS Roll Forming Machine\",\"description\":\"LMS MACHINERY CHINA PROFESSIONAL COLD ROLL FORMING MACHINE PROVIDER PROFESSIONAL CHOICE, PROFESSIONAL SERVICE\",\"potentialAction\":[{\"@type\":\"SearchAction\",\"target\":{\"@type\":\"EntryPoint\",\"urlTemplate\":\"https:\/\/test1.tzg.ink\/?s={search_term_string}\"},\"query-input\":{\"@type\":\"PropertyValueSpecification\",\"valueRequired\":true,\"valueName\":\"search_term_string\"}}],\"inLanguage\":\"es\"}]}<\/script>\n<!-- \/ Yoast SEO plugin. -->","yoast_head_json":{"title":"M\u00e1quinas Formadoras De Rollo De Cubierta De Piso - LMS Roll Forming Machine","robots":{"index":"index","follow":"follow","max-snippet":"max-snippet:-1","max-image-preview":"max-image-preview:large","max-video-preview":"max-video-preview:-1"},"canonical":"https:\/\/test1.tzg.ink\/es\/product\/floor-deck-roll-forming-machines\/","og_locale":"es_ES","og_type":"article","og_title":"M\u00e1quinas Formadoras De Rollo De Cubierta De Piso - LMS Roll Forming Machine","og_description":"M\u00e1quinas Formadoras De Rollo De Cubierta De Piso las m\u00e1quinas perfiladoras de cubiertas de pisos son rentables y simples, fabricadas art\u00edsticamente y transmiten sin problemas a bajo nivel de ruido. 1- m\u00e1s de 10 a\u00f1os de vida laboral. Dise\u00f1o de 2 rodillos por el software germany copra 3- material cr40 con tratamiento t\u00e9rmico (la dureza [&hellip;]","og_url":"https:\/\/test1.tzg.ink\/es\/product\/floor-deck-roll-forming-machines\/","og_site_name":"LMS Roll Forming Machine","article_modified_time":"2024-04-07T02:08:47+00:00","og_image":[{"width":550,"height":413,"url":"https:\/\/test1.tzg.ink\/wp-content\/uploads\/2024\/01\/f68ea3cbf3b1824ccd7bf73f0796960d_medium-1.jpg","type":"image\/jpeg"}],"twitter_card":"summary_large_image","schema":{"@context":"https:\/\/schema.org","@graph":[{"@type":"WebPage","@id":"https:\/\/test1.tzg.ink\/es\/product\/floor-deck-roll-forming-machines\/","url":"https:\/\/test1.tzg.ink\/es\/product\/floor-deck-roll-forming-machines\/","name":"M\u00e1quinas Formadoras De Rollo De Cubierta De Piso - LMS Roll Forming Machine","isPartOf":{"@id":"https:\/\/test1.tzg.ink\/#website"},"primaryImageOfPage":{"@id":"https:\/\/test1.tzg.ink\/es\/product\/floor-deck-roll-forming-machines\/#primaryimage"},"image":{"@id":"https:\/\/test1.tzg.ink\/es\/product\/floor-deck-roll-forming-machines\/#primaryimage"},"thumbnailUrl":"https:\/\/test1.tzg.ink\/wp-content\/uploads\/2024\/01\/f68ea3cbf3b1824ccd7bf73f0796960d_medium-1.jpg","datePublished":"2019-05-06T00:35:29+00:00","dateModified":"2024-04-07T02:08:47+00:00","breadcrumb":{"@id":"https:\/\/test1.tzg.ink\/es\/product\/floor-deck-roll-forming-machines\/#breadcrumb"},"inLanguage":"es","potentialAction":[{"@type":"ReadAction","target":["https:\/\/test1.tzg.ink\/es\/product\/floor-deck-roll-forming-machines\/"]}]},{"@type":"ImageObject","inLanguage":"es","@id":"https:\/\/test1.tzg.ink\/es\/product\/floor-deck-roll-forming-machines\/#primaryimage","url":"https:\/\/test1.tzg.ink\/wp-content\/uploads\/2024\/01\/f68ea3cbf3b1824ccd7bf73f0796960d_medium-1.jpg","contentUrl":"https:\/\/test1.tzg.ink\/wp-content\/uploads\/2024\/01\/f68ea3cbf3b1824ccd7bf73f0796960d_medium-1.jpg","width":550,"height":413},{"@type":"BreadcrumbList","@id":"https:\/\/test1.tzg.ink\/es\/product\/floor-deck-roll-forming-machines\/#breadcrumb","itemListElement":[{"@type":"ListItem","position":1,"name":"Home","item":"https:\/\/test1.tzg.ink\/es\/"},{"@type":"ListItem","position":2,"name":"Products","item":"https:\/\/test1.tzg.ink\/ar\/product\/"},{"@type":"ListItem","position":3,"name":"M\u00e1quinas Formadoras De Rollo De Cubierta De Piso"}]},{"@type":"WebSite","@id":"https:\/\/test1.tzg.ink\/#website","url":"https:\/\/test1.tzg.ink\/","name":"LMS Roll Forming Machine","description":"LMS MACHINERY CHINA PROFESSIONAL COLD ROLL FORMING MACHINE PROVIDER PROFESSIONAL CHOICE, PROFESSIONAL SERVICE","potentialAction":[{"@type":"SearchAction","target":{"@type":"EntryPoint","urlTemplate":"https:\/\/test1.tzg.ink\/?s={search_term_string}"},"query-input":{"@type":"PropertyValueSpecification","valueRequired":true,"valueName":"search_term_string"}}],"inLanguage":"es"}]}},"_links":{"self":[{"href":"https:\/\/test1.tzg.ink\/es\/wp-json\/wp\/v2\/product\/8862","targetHints":{"allow":["GET"]}}],"collection":[{"href":"https:\/\/test1.tzg.ink\/es\/wp-json\/wp\/v2\/product"}],"about":[{"href":"https:\/\/test1.tzg.ink\/es\/wp-json\/wp\/v2\/types\/product"}],"wp:featuredmedia":[{"embeddable":true,"href":"https:\/\/test1.tzg.ink\/es\/wp-json\/wp\/v2\/media\/8868"}],"wp:attachment":[{"href":"https:\/\/test1.tzg.ink\/es\/wp-json\/wp\/v2\/media?parent=8862"}],"wp:term":[{"taxonomy":"product-type","embeddable":true,"href":"https:\/\/test1.tzg.ink\/es\/wp-json\/wp\/v2\/product-type?post=8862"}],"curies":[{"name":"wp","href":"https:\/\/api.w.org\/{rel}","templated":true}]}}