{"id":8845,"date":"2019-05-05T09:57:25","date_gmt":"2019-05-05T01:57:25","guid":{"rendered":"https:\/\/test1.tzg.ink\/product\/linea-de-produccion-automatica-del-amortiguador-de-fuego-del-humo-del-acero-de-hvac\/"},"modified":"2024-04-02T16:52:20","modified_gmt":"2024-04-02T08:52:20","slug":"hvac-steel-smoke-fire-absorber-production-line","status":"publish","type":"product","link":"https:\/\/test1.tzg.ink\/es\/product\/hvac-steel-smoke-fire-absorber-production-line\/","title":{"rendered":"L\u00ednea De Producci\u00f3n Autom\u00e1tica Del Amortiguador De Fuego Del Humo Del Acero De HVAC"},"content":{"rendered":"\n<h2 class=\"wp-block-heading has-text-align-center\">L\u00ednea De Producci\u00f3n Autom\u00e1tica Del Amortiguador De Fuego Del Humo Del Acero De HVAC<\/h2>\n\n\n\n<p>fuego amortiguador rodillo que forma la m\u00e1quina<\/p>\n\n\n\n<p>la l\u00ednea de producci\u00f3n de v\u00e1lvulas contra incendios completamente autom\u00e1tica es un equipo especial de l\u00ednea de producci\u00f3n especialmente dise\u00f1ado para los fabricantes de gases de escape contra incendios.<\/p>\n\n\n\n<p>l\u00ednea de producci\u00f3n por: (1) la m\u00e1quina formadora de rollo de cuerpo (2) m\u00e1quina formadora de rollo de cuchilla, (3) moldes de rollo de soporte m\u00e1quina formadora (4) moldes de plataforma de remachado (5).<\/p>\n\n\n\n<p>los clientes pueden elegir el equipo apropiado seg\u00fan su propia demanda y del mercado. La l\u00ednea de producci\u00f3n autom\u00e1tica para compuertas contra incendios adopta dise\u00f1o modular, control de plc, operaci\u00f3n de pantalla t\u00e1ctil, f\u00e1cil de aprender, sin soldadura, sin necesidad de pintura en aerosol, ahorro de costos y econom\u00eda de mano de obra, y mejor\u00f3 en gran medida la eficiencia de producci\u00f3n del cortafuegos es un equipo necesario de amortiguadores de fuego en la producci\u00f3n en masa.<\/p>\n\n\n\n<p>Vent Fire Damper Making MachineSmoke and Fire Damper Making MachineFire Damper Production EquipmentRetangular Fire Damper Rolling MillElectric Fire Damper Roll Forming Machine<\/p>\n","protected":false},"excerpt":{"rendered":"<p>L\u00ednea De Producci\u00f3n Autom\u00e1tica Del Amortiguador De Fuego Del Humo Del Acero De HVAC fuego amortiguador rodillo que forma la m\u00e1quina la l\u00ednea de producci\u00f3n de v\u00e1lvulas contra incendios completamente autom\u00e1tica es un equipo especial de l\u00ednea de producci\u00f3n especialmente dise\u00f1ado para los fabricantes de gases de escape contra incendios. l\u00ednea de producci\u00f3n por: (1) [&hellip;]<\/p>\n","protected":false},"featured_media":8846,"template":"","product-type":[271],"class_list":["post-8845","product","type-product","status-publish","has-post-thumbnail","hentry","product-type-roofing-purlin-machine-es"],"acf":[],"yoast_head":"<!-- This site is optimized with the Yoast SEO plugin v26.6 - https:\/\/yoast.com\/wordpress\/plugins\/seo\/ -->\n<title>L\u00ednea De Producci\u00f3n Autom\u00e1tica Del Amortiguador De Fuego Del Humo Del Acero De HVAC - LMS Roll Forming Machine<\/title>\n<meta name=\"robots\" content=\"index, follow, max-snippet:-1, max-image-preview:large, max-video-preview:-1\" \/>\n<link rel=\"canonical\" href=\"https:\/\/test1.tzg.ink\/es\/product\/hvac-steel-smoke-fire-absorber-production-line\/\" \/>\n<meta property=\"og:locale\" content=\"es_ES\" \/>\n<meta property=\"og:type\" content=\"article\" \/>\n<meta property=\"og:title\" content=\"L\u00ednea De Producci\u00f3n Autom\u00e1tica Del Amortiguador De Fuego Del Humo Del Acero De HVAC - LMS Roll Forming Machine\" \/>\n<meta property=\"og:description\" content=\"L\u00ednea De Producci\u00f3n Autom\u00e1tica Del Amortiguador De Fuego Del Humo Del Acero De HVAC fuego amortiguador rodillo que forma la m\u00e1quina la l\u00ednea de producci\u00f3n de v\u00e1lvulas contra incendios completamente autom\u00e1tica es un equipo especial de l\u00ednea de producci\u00f3n especialmente dise\u00f1ado para los fabricantes de gases de escape contra incendios. l\u00ednea de producci\u00f3n por: (1) [&hellip;]\" \/>\n<meta property=\"og:url\" content=\"https:\/\/test1.tzg.ink\/es\/product\/hvac-steel-smoke-fire-absorber-production-line\/\" \/>\n<meta property=\"og:site_name\" content=\"LMS Roll Forming Machine\" \/>\n<meta property=\"article:modified_time\" content=\"2024-04-02T08:52:20+00:00\" \/>\n<meta property=\"og:image\" content=\"https:\/\/test1.tzg.ink\/wp-content\/uploads\/2024\/01\/1_33-1.jpg\" \/>\n\t<meta property=\"og:image:width\" content=\"550\" \/>\n\t<meta property=\"og:image:height\" content=\"413\" \/>\n\t<meta property=\"og:image:type\" content=\"image\/jpeg\" \/>\n<meta name=\"twitter:card\" content=\"summary_large_image\" \/>\n<meta name=\"twitter:label1\" content=\"Tiempo de lectura\" \/>\n\t<meta name=\"twitter:data1\" content=\"1 minuto\" \/>\n<script type=\"application\/ld+json\" class=\"yoast-schema-graph\">{\"@context\":\"https:\/\/schema.org\",\"@graph\":[{\"@type\":\"WebPage\",\"@id\":\"https:\/\/test1.tzg.ink\/es\/product\/hvac-steel-smoke-fire-absorber-production-line\/\",\"url\":\"https:\/\/test1.tzg.ink\/es\/product\/hvac-steel-smoke-fire-absorber-production-line\/\",\"name\":\"L\u00ednea De Producci\u00f3n Autom\u00e1tica Del Amortiguador De Fuego Del Humo Del Acero De HVAC - LMS Roll Forming Machine\",\"isPartOf\":{\"@id\":\"https:\/\/test1.tzg.ink\/#website\"},\"primaryImageOfPage\":{\"@id\":\"https:\/\/test1.tzg.ink\/es\/product\/hvac-steel-smoke-fire-absorber-production-line\/#primaryimage\"},\"image\":{\"@id\":\"https:\/\/test1.tzg.ink\/es\/product\/hvac-steel-smoke-fire-absorber-production-line\/#primaryimage\"},\"thumbnailUrl\":\"https:\/\/test1.tzg.ink\/wp-content\/uploads\/2024\/01\/1_33-1.jpg\",\"datePublished\":\"2019-05-05T01:57:25+00:00\",\"dateModified\":\"2024-04-02T08:52:20+00:00\",\"breadcrumb\":{\"@id\":\"https:\/\/test1.tzg.ink\/es\/product\/hvac-steel-smoke-fire-absorber-production-line\/#breadcrumb\"},\"inLanguage\":\"es\",\"potentialAction\":[{\"@type\":\"ReadAction\",\"target\":[\"https:\/\/test1.tzg.ink\/es\/product\/hvac-steel-smoke-fire-absorber-production-line\/\"]}]},{\"@type\":\"ImageObject\",\"inLanguage\":\"es\",\"@id\":\"https:\/\/test1.tzg.ink\/es\/product\/hvac-steel-smoke-fire-absorber-production-line\/#primaryimage\",\"url\":\"https:\/\/test1.tzg.ink\/wp-content\/uploads\/2024\/01\/1_33-1.jpg\",\"contentUrl\":\"https:\/\/test1.tzg.ink\/wp-content\/uploads\/2024\/01\/1_33-1.jpg\",\"width\":550,\"height\":413},{\"@type\":\"BreadcrumbList\",\"@id\":\"https:\/\/test1.tzg.ink\/es\/product\/hvac-steel-smoke-fire-absorber-production-line\/#breadcrumb\",\"itemListElement\":[{\"@type\":\"ListItem\",\"position\":1,\"name\":\"Home\",\"item\":\"https:\/\/test1.tzg.ink\/es\/\"},{\"@type\":\"ListItem\",\"position\":2,\"name\":\"Products\",\"item\":\"https:\/\/test1.tzg.ink\/ar\/product\/\"},{\"@type\":\"ListItem\",\"position\":3,\"name\":\"L\u00ednea De Producci\u00f3n Autom\u00e1tica Del Amortiguador De Fuego Del Humo Del Acero De HVAC\"}]},{\"@type\":\"WebSite\",\"@id\":\"https:\/\/test1.tzg.ink\/#website\",\"url\":\"https:\/\/test1.tzg.ink\/\",\"name\":\"LMS Roll Forming Machine\",\"description\":\"LMS MACHINERY CHINA PROFESSIONAL COLD ROLL FORMING MACHINE PROVIDER PROFESSIONAL CHOICE, PROFESSIONAL SERVICE\",\"potentialAction\":[{\"@type\":\"SearchAction\",\"target\":{\"@type\":\"EntryPoint\",\"urlTemplate\":\"https:\/\/test1.tzg.ink\/?s={search_term_string}\"},\"query-input\":{\"@type\":\"PropertyValueSpecification\",\"valueRequired\":true,\"valueName\":\"search_term_string\"}}],\"inLanguage\":\"es\"}]}<\/script>\n<!-- \/ Yoast SEO plugin. -->","yoast_head_json":{"title":"L\u00ednea De Producci\u00f3n Autom\u00e1tica Del Amortiguador De Fuego Del Humo Del Acero De HVAC - LMS Roll Forming Machine","robots":{"index":"index","follow":"follow","max-snippet":"max-snippet:-1","max-image-preview":"max-image-preview:large","max-video-preview":"max-video-preview:-1"},"canonical":"https:\/\/test1.tzg.ink\/es\/product\/hvac-steel-smoke-fire-absorber-production-line\/","og_locale":"es_ES","og_type":"article","og_title":"L\u00ednea De Producci\u00f3n Autom\u00e1tica Del Amortiguador De Fuego Del Humo Del Acero De HVAC - LMS Roll Forming Machine","og_description":"L\u00ednea De Producci\u00f3n Autom\u00e1tica Del Amortiguador De Fuego Del Humo Del Acero De HVAC fuego amortiguador rodillo que forma la m\u00e1quina la l\u00ednea de producci\u00f3n de v\u00e1lvulas contra incendios completamente autom\u00e1tica es un equipo especial de l\u00ednea de producci\u00f3n especialmente dise\u00f1ado para los fabricantes de gases de escape contra incendios. l\u00ednea de producci\u00f3n por: (1) [&hellip;]","og_url":"https:\/\/test1.tzg.ink\/es\/product\/hvac-steel-smoke-fire-absorber-production-line\/","og_site_name":"LMS Roll Forming Machine","article_modified_time":"2024-04-02T08:52:20+00:00","og_image":[{"width":550,"height":413,"url":"https:\/\/test1.tzg.ink\/wp-content\/uploads\/2024\/01\/1_33-1.jpg","type":"image\/jpeg"}],"twitter_card":"summary_large_image","twitter_misc":{"Tiempo de lectura":"1 minuto"},"schema":{"@context":"https:\/\/schema.org","@graph":[{"@type":"WebPage","@id":"https:\/\/test1.tzg.ink\/es\/product\/hvac-steel-smoke-fire-absorber-production-line\/","url":"https:\/\/test1.tzg.ink\/es\/product\/hvac-steel-smoke-fire-absorber-production-line\/","name":"L\u00ednea De Producci\u00f3n Autom\u00e1tica Del Amortiguador De Fuego Del Humo Del Acero De HVAC - LMS Roll Forming Machine","isPartOf":{"@id":"https:\/\/test1.tzg.ink\/#website"},"primaryImageOfPage":{"@id":"https:\/\/test1.tzg.ink\/es\/product\/hvac-steel-smoke-fire-absorber-production-line\/#primaryimage"},"image":{"@id":"https:\/\/test1.tzg.ink\/es\/product\/hvac-steel-smoke-fire-absorber-production-line\/#primaryimage"},"thumbnailUrl":"https:\/\/test1.tzg.ink\/wp-content\/uploads\/2024\/01\/1_33-1.jpg","datePublished":"2019-05-05T01:57:25+00:00","dateModified":"2024-04-02T08:52:20+00:00","breadcrumb":{"@id":"https:\/\/test1.tzg.ink\/es\/product\/hvac-steel-smoke-fire-absorber-production-line\/#breadcrumb"},"inLanguage":"es","potentialAction":[{"@type":"ReadAction","target":["https:\/\/test1.tzg.ink\/es\/product\/hvac-steel-smoke-fire-absorber-production-line\/"]}]},{"@type":"ImageObject","inLanguage":"es","@id":"https:\/\/test1.tzg.ink\/es\/product\/hvac-steel-smoke-fire-absorber-production-line\/#primaryimage","url":"https:\/\/test1.tzg.ink\/wp-content\/uploads\/2024\/01\/1_33-1.jpg","contentUrl":"https:\/\/test1.tzg.ink\/wp-content\/uploads\/2024\/01\/1_33-1.jpg","width":550,"height":413},{"@type":"BreadcrumbList","@id":"https:\/\/test1.tzg.ink\/es\/product\/hvac-steel-smoke-fire-absorber-production-line\/#breadcrumb","itemListElement":[{"@type":"ListItem","position":1,"name":"Home","item":"https:\/\/test1.tzg.ink\/es\/"},{"@type":"ListItem","position":2,"name":"Products","item":"https:\/\/test1.tzg.ink\/ar\/product\/"},{"@type":"ListItem","position":3,"name":"L\u00ednea De Producci\u00f3n Autom\u00e1tica Del Amortiguador De Fuego Del Humo Del Acero De HVAC"}]},{"@type":"WebSite","@id":"https:\/\/test1.tzg.ink\/#website","url":"https:\/\/test1.tzg.ink\/","name":"LMS Roll Forming Machine","description":"LMS MACHINERY CHINA PROFESSIONAL COLD ROLL FORMING MACHINE PROVIDER PROFESSIONAL CHOICE, PROFESSIONAL SERVICE","potentialAction":[{"@type":"SearchAction","target":{"@type":"EntryPoint","urlTemplate":"https:\/\/test1.tzg.ink\/?s={search_term_string}"},"query-input":{"@type":"PropertyValueSpecification","valueRequired":true,"valueName":"search_term_string"}}],"inLanguage":"es"}]}},"_links":{"self":[{"href":"https:\/\/test1.tzg.ink\/es\/wp-json\/wp\/v2\/product\/8845","targetHints":{"allow":["GET"]}}],"collection":[{"href":"https:\/\/test1.tzg.ink\/es\/wp-json\/wp\/v2\/product"}],"about":[{"href":"https:\/\/test1.tzg.ink\/es\/wp-json\/wp\/v2\/types\/product"}],"wp:featuredmedia":[{"embeddable":true,"href":"https:\/\/test1.tzg.ink\/es\/wp-json\/wp\/v2\/media\/8846"}],"wp:attachment":[{"href":"https:\/\/test1.tzg.ink\/es\/wp-json\/wp\/v2\/media?parent=8845"}],"wp:term":[{"taxonomy":"product-type","embeddable":true,"href":"https:\/\/test1.tzg.ink\/es\/wp-json\/wp\/v2\/product-type?post=8845"}],"curies":[{"name":"wp","href":"https:\/\/api.w.org\/{rel}","templated":true}]}}