{"id":8838,"date":"2019-05-05T08:17:01","date_gmt":"2019-05-05T00:17:01","guid":{"rendered":"https:\/\/test1.tzg.ink\/product\/linea-de-produccion-automatica-del-canal-de-acero-de-la-ayuda-del-puntal\/"},"modified":"2024-04-02T15:51:57","modified_gmt":"2024-04-02T07:51:57","slug":"strut-support-steel-channel-production-line","status":"publish","type":"product","link":"https:\/\/test1.tzg.ink\/es\/product\/strut-support-steel-channel-production-line\/","title":{"rendered":"L\u00ednea De Producci\u00f3n Autom\u00e1tica Del Canal De Acero De La Ayuda Del Puntal"},"content":{"rendered":"\n<h2 class=\"wp-block-heading has-text-align-center\">L\u00ednea De Producci\u00f3n Autom\u00e1tica Del Canal De Acero De La Ayuda Del Puntal<\/h2>\n\n\n\n<p>puntal enmarcar canal rollo formando la m\u00e1quina<\/p>\n\n\n\n<p>la l\u00ednea de producci\u00f3n de canal de armaz\u00f3n de puntal de metal totalmente autom\u00e1tico es un equipo especial de l\u00ednea de producci\u00f3n especialmente dise\u00f1ado para fabricantes de sistemas de marcos de puntal de metal de calidad para la industria de puntal.<\/p>\n\n\n\n<p>l\u00ednea de producci\u00f3n por: (1) punzonadora (2) punzonadora, (3) m\u00e1quina perfiladora (4) dispositivo de corte.<\/p>\n\n\n\n<p>los clientes pueden elegir el equipo apropiado seg\u00fan su propia demanda y la del mercado.<\/p>\n\n\n\n<p>La l\u00ednea de producci\u00f3n autom\u00e1tica adopta control el\u00e9ctrico, operaci\u00f3n de pantalla t\u00e1ctil, f\u00e1cil de aprender y mejora enormemente la eficiencia de producci\u00f3n del canal de puntal en la producci\u00f3n en masa.<\/p>\n\n\n\n<p>Metal Strut Framing Channel Making Machine<\/p>\n\n\n\n<p>Strut Support Steel Channel Automatic Production LineStrut Channel Equipment Stainless Steel Cable Tray Production EquipmentStrut Channel Mill<\/p>\n","protected":false},"excerpt":{"rendered":"<p>L\u00ednea De Producci\u00f3n Autom\u00e1tica Del Canal De Acero De La Ayuda Del Puntal puntal enmarcar canal rollo formando la m\u00e1quina la l\u00ednea de producci\u00f3n de canal de armaz\u00f3n de puntal de metal totalmente autom\u00e1tico es un equipo especial de l\u00ednea de producci\u00f3n especialmente dise\u00f1ado para fabricantes de sistemas de marcos de puntal de metal de [&hellip;]<\/p>\n","protected":false},"featured_media":8844,"template":"","product-type":[271],"class_list":["post-8838","product","type-product","status-publish","has-post-thumbnail","hentry","product-type-roofing-purlin-machine-es"],"acf":[],"yoast_head":"<!-- This site is optimized with the Yoast SEO plugin v26.6 - https:\/\/yoast.com\/wordpress\/plugins\/seo\/ -->\n<title>L\u00ednea De Producci\u00f3n Autom\u00e1tica Del Canal De Acero De La Ayuda Del Puntal - LMS Roll Forming Machine<\/title>\n<meta name=\"robots\" content=\"index, follow, max-snippet:-1, max-image-preview:large, max-video-preview:-1\" \/>\n<link rel=\"canonical\" href=\"https:\/\/test1.tzg.ink\/es\/product\/strut-support-steel-channel-production-line\/\" \/>\n<meta property=\"og:locale\" content=\"es_ES\" \/>\n<meta property=\"og:type\" content=\"article\" \/>\n<meta property=\"og:title\" content=\"L\u00ednea De Producci\u00f3n Autom\u00e1tica Del Canal De Acero De La Ayuda Del Puntal - LMS Roll Forming Machine\" \/>\n<meta property=\"og:description\" content=\"L\u00ednea De Producci\u00f3n Autom\u00e1tica Del Canal De Acero De La Ayuda Del Puntal puntal enmarcar canal rollo formando la m\u00e1quina la l\u00ednea de producci\u00f3n de canal de armaz\u00f3n de puntal de metal totalmente autom\u00e1tico es un equipo especial de l\u00ednea de producci\u00f3n especialmente dise\u00f1ado para fabricantes de sistemas de marcos de puntal de metal de [&hellip;]\" \/>\n<meta property=\"og:url\" content=\"https:\/\/test1.tzg.ink\/es\/product\/strut-support-steel-channel-production-line\/\" \/>\n<meta property=\"og:site_name\" content=\"LMS Roll Forming Machine\" \/>\n<meta property=\"article:modified_time\" content=\"2024-04-02T07:51:57+00:00\" \/>\n<meta property=\"og:image\" content=\"https:\/\/test1.tzg.ink\/wp-content\/uploads\/2024\/01\/1_31.jpg\" \/>\n\t<meta property=\"og:image:width\" content=\"550\" \/>\n\t<meta property=\"og:image:height\" content=\"413\" \/>\n\t<meta property=\"og:image:type\" content=\"image\/jpeg\" \/>\n<meta name=\"twitter:card\" content=\"summary_large_image\" \/>\n<meta name=\"twitter:label1\" content=\"Tiempo de lectura\" \/>\n\t<meta name=\"twitter:data1\" content=\"1 minuto\" \/>\n<script type=\"application\/ld+json\" class=\"yoast-schema-graph\">{\"@context\":\"https:\/\/schema.org\",\"@graph\":[{\"@type\":\"WebPage\",\"@id\":\"https:\/\/test1.tzg.ink\/es\/product\/strut-support-steel-channel-production-line\/\",\"url\":\"https:\/\/test1.tzg.ink\/es\/product\/strut-support-steel-channel-production-line\/\",\"name\":\"L\u00ednea De Producci\u00f3n Autom\u00e1tica Del Canal De Acero De La Ayuda Del Puntal - LMS Roll Forming Machine\",\"isPartOf\":{\"@id\":\"https:\/\/test1.tzg.ink\/#website\"},\"primaryImageOfPage\":{\"@id\":\"https:\/\/test1.tzg.ink\/es\/product\/strut-support-steel-channel-production-line\/#primaryimage\"},\"image\":{\"@id\":\"https:\/\/test1.tzg.ink\/es\/product\/strut-support-steel-channel-production-line\/#primaryimage\"},\"thumbnailUrl\":\"https:\/\/test1.tzg.ink\/wp-content\/uploads\/2024\/01\/1_31.jpg\",\"datePublished\":\"2019-05-05T00:17:01+00:00\",\"dateModified\":\"2024-04-02T07:51:57+00:00\",\"breadcrumb\":{\"@id\":\"https:\/\/test1.tzg.ink\/es\/product\/strut-support-steel-channel-production-line\/#breadcrumb\"},\"inLanguage\":\"es\",\"potentialAction\":[{\"@type\":\"ReadAction\",\"target\":[\"https:\/\/test1.tzg.ink\/es\/product\/strut-support-steel-channel-production-line\/\"]}]},{\"@type\":\"ImageObject\",\"inLanguage\":\"es\",\"@id\":\"https:\/\/test1.tzg.ink\/es\/product\/strut-support-steel-channel-production-line\/#primaryimage\",\"url\":\"https:\/\/test1.tzg.ink\/wp-content\/uploads\/2024\/01\/1_31.jpg\",\"contentUrl\":\"https:\/\/test1.tzg.ink\/wp-content\/uploads\/2024\/01\/1_31.jpg\",\"width\":550,\"height\":413},{\"@type\":\"BreadcrumbList\",\"@id\":\"https:\/\/test1.tzg.ink\/es\/product\/strut-support-steel-channel-production-line\/#breadcrumb\",\"itemListElement\":[{\"@type\":\"ListItem\",\"position\":1,\"name\":\"Home\",\"item\":\"https:\/\/test1.tzg.ink\/es\/\"},{\"@type\":\"ListItem\",\"position\":2,\"name\":\"Products\",\"item\":\"https:\/\/test1.tzg.ink\/ar\/product\/\"},{\"@type\":\"ListItem\",\"position\":3,\"name\":\"L\u00ednea De Producci\u00f3n Autom\u00e1tica Del Canal De Acero De La Ayuda Del Puntal\"}]},{\"@type\":\"WebSite\",\"@id\":\"https:\/\/test1.tzg.ink\/#website\",\"url\":\"https:\/\/test1.tzg.ink\/\",\"name\":\"LMS Roll Forming Machine\",\"description\":\"LMS MACHINERY CHINA PROFESSIONAL COLD ROLL FORMING MACHINE PROVIDER PROFESSIONAL CHOICE, PROFESSIONAL SERVICE\",\"potentialAction\":[{\"@type\":\"SearchAction\",\"target\":{\"@type\":\"EntryPoint\",\"urlTemplate\":\"https:\/\/test1.tzg.ink\/?s={search_term_string}\"},\"query-input\":{\"@type\":\"PropertyValueSpecification\",\"valueRequired\":true,\"valueName\":\"search_term_string\"}}],\"inLanguage\":\"es\"}]}<\/script>\n<!-- \/ Yoast SEO plugin. -->","yoast_head_json":{"title":"L\u00ednea De Producci\u00f3n Autom\u00e1tica Del Canal De Acero De La Ayuda Del Puntal - LMS Roll Forming Machine","robots":{"index":"index","follow":"follow","max-snippet":"max-snippet:-1","max-image-preview":"max-image-preview:large","max-video-preview":"max-video-preview:-1"},"canonical":"https:\/\/test1.tzg.ink\/es\/product\/strut-support-steel-channel-production-line\/","og_locale":"es_ES","og_type":"article","og_title":"L\u00ednea De Producci\u00f3n Autom\u00e1tica Del Canal De Acero De La Ayuda Del Puntal - LMS Roll Forming Machine","og_description":"L\u00ednea De Producci\u00f3n Autom\u00e1tica Del Canal De Acero De La Ayuda Del Puntal puntal enmarcar canal rollo formando la m\u00e1quina la l\u00ednea de producci\u00f3n de canal de armaz\u00f3n de puntal de metal totalmente autom\u00e1tico es un equipo especial de l\u00ednea de producci\u00f3n especialmente dise\u00f1ado para fabricantes de sistemas de marcos de puntal de metal de [&hellip;]","og_url":"https:\/\/test1.tzg.ink\/es\/product\/strut-support-steel-channel-production-line\/","og_site_name":"LMS Roll Forming Machine","article_modified_time":"2024-04-02T07:51:57+00:00","og_image":[{"width":550,"height":413,"url":"https:\/\/test1.tzg.ink\/wp-content\/uploads\/2024\/01\/1_31.jpg","type":"image\/jpeg"}],"twitter_card":"summary_large_image","twitter_misc":{"Tiempo de lectura":"1 minuto"},"schema":{"@context":"https:\/\/schema.org","@graph":[{"@type":"WebPage","@id":"https:\/\/test1.tzg.ink\/es\/product\/strut-support-steel-channel-production-line\/","url":"https:\/\/test1.tzg.ink\/es\/product\/strut-support-steel-channel-production-line\/","name":"L\u00ednea De Producci\u00f3n Autom\u00e1tica Del Canal De Acero De La Ayuda Del Puntal - LMS Roll Forming Machine","isPartOf":{"@id":"https:\/\/test1.tzg.ink\/#website"},"primaryImageOfPage":{"@id":"https:\/\/test1.tzg.ink\/es\/product\/strut-support-steel-channel-production-line\/#primaryimage"},"image":{"@id":"https:\/\/test1.tzg.ink\/es\/product\/strut-support-steel-channel-production-line\/#primaryimage"},"thumbnailUrl":"https:\/\/test1.tzg.ink\/wp-content\/uploads\/2024\/01\/1_31.jpg","datePublished":"2019-05-05T00:17:01+00:00","dateModified":"2024-04-02T07:51:57+00:00","breadcrumb":{"@id":"https:\/\/test1.tzg.ink\/es\/product\/strut-support-steel-channel-production-line\/#breadcrumb"},"inLanguage":"es","potentialAction":[{"@type":"ReadAction","target":["https:\/\/test1.tzg.ink\/es\/product\/strut-support-steel-channel-production-line\/"]}]},{"@type":"ImageObject","inLanguage":"es","@id":"https:\/\/test1.tzg.ink\/es\/product\/strut-support-steel-channel-production-line\/#primaryimage","url":"https:\/\/test1.tzg.ink\/wp-content\/uploads\/2024\/01\/1_31.jpg","contentUrl":"https:\/\/test1.tzg.ink\/wp-content\/uploads\/2024\/01\/1_31.jpg","width":550,"height":413},{"@type":"BreadcrumbList","@id":"https:\/\/test1.tzg.ink\/es\/product\/strut-support-steel-channel-production-line\/#breadcrumb","itemListElement":[{"@type":"ListItem","position":1,"name":"Home","item":"https:\/\/test1.tzg.ink\/es\/"},{"@type":"ListItem","position":2,"name":"Products","item":"https:\/\/test1.tzg.ink\/ar\/product\/"},{"@type":"ListItem","position":3,"name":"L\u00ednea De Producci\u00f3n Autom\u00e1tica Del Canal De Acero De La Ayuda Del Puntal"}]},{"@type":"WebSite","@id":"https:\/\/test1.tzg.ink\/#website","url":"https:\/\/test1.tzg.ink\/","name":"LMS Roll Forming Machine","description":"LMS MACHINERY CHINA PROFESSIONAL COLD ROLL FORMING MACHINE PROVIDER PROFESSIONAL CHOICE, PROFESSIONAL SERVICE","potentialAction":[{"@type":"SearchAction","target":{"@type":"EntryPoint","urlTemplate":"https:\/\/test1.tzg.ink\/?s={search_term_string}"},"query-input":{"@type":"PropertyValueSpecification","valueRequired":true,"valueName":"search_term_string"}}],"inLanguage":"es"}]}},"_links":{"self":[{"href":"https:\/\/test1.tzg.ink\/es\/wp-json\/wp\/v2\/product\/8838","targetHints":{"allow":["GET"]}}],"collection":[{"href":"https:\/\/test1.tzg.ink\/es\/wp-json\/wp\/v2\/product"}],"about":[{"href":"https:\/\/test1.tzg.ink\/es\/wp-json\/wp\/v2\/types\/product"}],"wp:featuredmedia":[{"embeddable":true,"href":"https:\/\/test1.tzg.ink\/es\/wp-json\/wp\/v2\/media\/8844"}],"wp:attachment":[{"href":"https:\/\/test1.tzg.ink\/es\/wp-json\/wp\/v2\/media?parent=8838"}],"wp:term":[{"taxonomy":"product-type","embeddable":true,"href":"https:\/\/test1.tzg.ink\/es\/wp-json\/wp\/v2\/product-type?post=8838"}],"curies":[{"name":"wp","href":"https:\/\/api.w.org\/{rel}","templated":true}]}}