{"id":8836,"date":"2019-05-05T08:13:03","date_gmt":"2019-05-05T00:13:03","guid":{"rendered":"https:\/\/test1.tzg.ink\/product\/techo-u-baffle-roll-que-forma-la-maquina\/"},"modified":"2024-04-07T15:03:48","modified_gmt":"2024-04-07T07:03:48","slug":"roof-u-baffle-roll-forming-machine","status":"publish","type":"product","link":"https:\/\/test1.tzg.ink\/es\/product\/roof-u-baffle-roll-forming-machine\/","title":{"rendered":"Techo U Baffle Roll Que Forma La M\u00e1quina"},"content":{"rendered":"\n<h2 class=\"wp-block-heading has-text-align-center\">lms ceiling u baffle roll formando la m\u00e1quina<\/h2>\n\n\n\n<p>la unidad est\u00e1 compuesta principalmente por una tira de aluminio como materia prima, que se desenrolla, nivela, lamina continuamente y forma en fr\u00edo, corta en longitud fija, etc .; el alto \/ ancho de la secci\u00f3n del producto se ajusta de forma continua, y puede producir cualquier tama\u00f1o de producto dentro del rango de dise\u00f1o; ancho del producto, la especificaci\u00f3n de altura adopta el ajuste de control num\u00e9rico nc. el operador solo necesita ingresar el ancho, alto y largo del producto en la pantalla t\u00e1ctil. las otras acciones de la unidad se completan autom\u00e1ticamente, y la especificaci\u00f3n se puede cambiar en unos minutos. toda la m\u00e1quina adopta el motor de CA (velocidad de producci\u00f3n). el equipo de procesamiento de doblado en fr\u00edo para producci\u00f3n automatizada continua puede ajustarse arbitrariamente dentro del rango especificado.<\/p>\n\n\n\n<p>flujo de trabajo:<\/p>\n\n\n\n<p>desbobinado &#8211; nivelador &#8211; perfilado &#8211; corte hidr\u00e1ulico &#8211; mesa de desbordamiento<\/p>\n","protected":false},"excerpt":{"rendered":"<p>lms ceiling u baffle roll formando la m\u00e1quina la unidad est\u00e1 compuesta principalmente por una tira de aluminio como materia prima, que se desenrolla, nivela, lamina continuamente y forma en fr\u00edo, corta en longitud fija, etc .; el alto \/ ancho de la secci\u00f3n del producto se ajusta de forma continua, y puede producir cualquier [&hellip;]<\/p>\n","protected":false},"featured_media":8837,"template":"","product-type":[124],"class_list":["post-8836","product","type-product","status-publish","has-post-thumbnail","hentry","product-type-ceiling-wall-machine-es"],"acf":[],"yoast_head":"<!-- This site is optimized with the Yoast SEO plugin v26.6 - https:\/\/yoast.com\/wordpress\/plugins\/seo\/ -->\n<title>Techo U Baffle Roll Que Forma La M\u00e1quina - LMS Roll Forming Machine<\/title>\n<meta name=\"robots\" content=\"index, follow, max-snippet:-1, max-image-preview:large, max-video-preview:-1\" \/>\n<link rel=\"canonical\" href=\"https:\/\/test1.tzg.ink\/es\/product\/roof-u-baffle-roll-forming-machine\/\" \/>\n<meta property=\"og:locale\" content=\"es_ES\" \/>\n<meta property=\"og:type\" content=\"article\" \/>\n<meta property=\"og:title\" content=\"Techo U Baffle Roll Que Forma La M\u00e1quina - LMS Roll Forming Machine\" \/>\n<meta property=\"og:description\" content=\"lms ceiling u baffle roll formando la m\u00e1quina la unidad est\u00e1 compuesta principalmente por una tira de aluminio como materia prima, que se desenrolla, nivela, lamina continuamente y forma en fr\u00edo, corta en longitud fija, etc .; el alto \/ ancho de la secci\u00f3n del producto se ajusta de forma continua, y puede producir cualquier [&hellip;]\" \/>\n<meta property=\"og:url\" content=\"https:\/\/test1.tzg.ink\/es\/product\/roof-u-baffle-roll-forming-machine\/\" \/>\n<meta property=\"og:site_name\" content=\"LMS Roll Forming Machine\" \/>\n<meta property=\"article:modified_time\" content=\"2024-04-07T07:03:48+00:00\" \/>\n<meta property=\"og:image\" content=\"https:\/\/test1.tzg.ink\/wp-content\/uploads\/2024\/01\/2_14-1.jpg\" \/>\n\t<meta property=\"og:image:width\" content=\"550\" \/>\n\t<meta property=\"og:image:height\" content=\"413\" \/>\n\t<meta property=\"og:image:type\" content=\"image\/jpeg\" \/>\n<meta name=\"twitter:card\" content=\"summary_large_image\" \/>\n<meta name=\"twitter:label1\" content=\"Tiempo de lectura\" \/>\n\t<meta name=\"twitter:data1\" content=\"1 minuto\" \/>\n<script type=\"application\/ld+json\" class=\"yoast-schema-graph\">{\"@context\":\"https:\/\/schema.org\",\"@graph\":[{\"@type\":\"WebPage\",\"@id\":\"https:\/\/test1.tzg.ink\/es\/product\/roof-u-baffle-roll-forming-machine\/\",\"url\":\"https:\/\/test1.tzg.ink\/es\/product\/roof-u-baffle-roll-forming-machine\/\",\"name\":\"Techo U Baffle Roll Que Forma La M\u00e1quina - LMS Roll Forming Machine\",\"isPartOf\":{\"@id\":\"https:\/\/test1.tzg.ink\/#website\"},\"primaryImageOfPage\":{\"@id\":\"https:\/\/test1.tzg.ink\/es\/product\/roof-u-baffle-roll-forming-machine\/#primaryimage\"},\"image\":{\"@id\":\"https:\/\/test1.tzg.ink\/es\/product\/roof-u-baffle-roll-forming-machine\/#primaryimage\"},\"thumbnailUrl\":\"https:\/\/test1.tzg.ink\/wp-content\/uploads\/2024\/01\/2_14-1.jpg\",\"datePublished\":\"2019-05-05T00:13:03+00:00\",\"dateModified\":\"2024-04-07T07:03:48+00:00\",\"breadcrumb\":{\"@id\":\"https:\/\/test1.tzg.ink\/es\/product\/roof-u-baffle-roll-forming-machine\/#breadcrumb\"},\"inLanguage\":\"es\",\"potentialAction\":[{\"@type\":\"ReadAction\",\"target\":[\"https:\/\/test1.tzg.ink\/es\/product\/roof-u-baffle-roll-forming-machine\/\"]}]},{\"@type\":\"ImageObject\",\"inLanguage\":\"es\",\"@id\":\"https:\/\/test1.tzg.ink\/es\/product\/roof-u-baffle-roll-forming-machine\/#primaryimage\",\"url\":\"https:\/\/test1.tzg.ink\/wp-content\/uploads\/2024\/01\/2_14-1.jpg\",\"contentUrl\":\"https:\/\/test1.tzg.ink\/wp-content\/uploads\/2024\/01\/2_14-1.jpg\",\"width\":550,\"height\":413},{\"@type\":\"BreadcrumbList\",\"@id\":\"https:\/\/test1.tzg.ink\/es\/product\/roof-u-baffle-roll-forming-machine\/#breadcrumb\",\"itemListElement\":[{\"@type\":\"ListItem\",\"position\":1,\"name\":\"Home\",\"item\":\"https:\/\/test1.tzg.ink\/es\/\"},{\"@type\":\"ListItem\",\"position\":2,\"name\":\"Products\",\"item\":\"https:\/\/test1.tzg.ink\/ar\/product\/\"},{\"@type\":\"ListItem\",\"position\":3,\"name\":\"Techo U Baffle Roll Que Forma La M\u00e1quina\"}]},{\"@type\":\"WebSite\",\"@id\":\"https:\/\/test1.tzg.ink\/#website\",\"url\":\"https:\/\/test1.tzg.ink\/\",\"name\":\"LMS Roll Forming Machine\",\"description\":\"LMS MACHINERY CHINA PROFESSIONAL COLD ROLL FORMING MACHINE PROVIDER PROFESSIONAL CHOICE, PROFESSIONAL SERVICE\",\"potentialAction\":[{\"@type\":\"SearchAction\",\"target\":{\"@type\":\"EntryPoint\",\"urlTemplate\":\"https:\/\/test1.tzg.ink\/?s={search_term_string}\"},\"query-input\":{\"@type\":\"PropertyValueSpecification\",\"valueRequired\":true,\"valueName\":\"search_term_string\"}}],\"inLanguage\":\"es\"}]}<\/script>\n<!-- \/ Yoast SEO plugin. -->","yoast_head_json":{"title":"Techo U Baffle Roll Que Forma La M\u00e1quina - LMS Roll Forming Machine","robots":{"index":"index","follow":"follow","max-snippet":"max-snippet:-1","max-image-preview":"max-image-preview:large","max-video-preview":"max-video-preview:-1"},"canonical":"https:\/\/test1.tzg.ink\/es\/product\/roof-u-baffle-roll-forming-machine\/","og_locale":"es_ES","og_type":"article","og_title":"Techo U Baffle Roll Que Forma La M\u00e1quina - LMS Roll Forming Machine","og_description":"lms ceiling u baffle roll formando la m\u00e1quina la unidad est\u00e1 compuesta principalmente por una tira de aluminio como materia prima, que se desenrolla, nivela, lamina continuamente y forma en fr\u00edo, corta en longitud fija, etc .; el alto \/ ancho de la secci\u00f3n del producto se ajusta de forma continua, y puede producir cualquier [&hellip;]","og_url":"https:\/\/test1.tzg.ink\/es\/product\/roof-u-baffle-roll-forming-machine\/","og_site_name":"LMS Roll Forming Machine","article_modified_time":"2024-04-07T07:03:48+00:00","og_image":[{"width":550,"height":413,"url":"https:\/\/test1.tzg.ink\/wp-content\/uploads\/2024\/01\/2_14-1.jpg","type":"image\/jpeg"}],"twitter_card":"summary_large_image","twitter_misc":{"Tiempo de lectura":"1 minuto"},"schema":{"@context":"https:\/\/schema.org","@graph":[{"@type":"WebPage","@id":"https:\/\/test1.tzg.ink\/es\/product\/roof-u-baffle-roll-forming-machine\/","url":"https:\/\/test1.tzg.ink\/es\/product\/roof-u-baffle-roll-forming-machine\/","name":"Techo U Baffle Roll Que Forma La M\u00e1quina - LMS Roll Forming Machine","isPartOf":{"@id":"https:\/\/test1.tzg.ink\/#website"},"primaryImageOfPage":{"@id":"https:\/\/test1.tzg.ink\/es\/product\/roof-u-baffle-roll-forming-machine\/#primaryimage"},"image":{"@id":"https:\/\/test1.tzg.ink\/es\/product\/roof-u-baffle-roll-forming-machine\/#primaryimage"},"thumbnailUrl":"https:\/\/test1.tzg.ink\/wp-content\/uploads\/2024\/01\/2_14-1.jpg","datePublished":"2019-05-05T00:13:03+00:00","dateModified":"2024-04-07T07:03:48+00:00","breadcrumb":{"@id":"https:\/\/test1.tzg.ink\/es\/product\/roof-u-baffle-roll-forming-machine\/#breadcrumb"},"inLanguage":"es","potentialAction":[{"@type":"ReadAction","target":["https:\/\/test1.tzg.ink\/es\/product\/roof-u-baffle-roll-forming-machine\/"]}]},{"@type":"ImageObject","inLanguage":"es","@id":"https:\/\/test1.tzg.ink\/es\/product\/roof-u-baffle-roll-forming-machine\/#primaryimage","url":"https:\/\/test1.tzg.ink\/wp-content\/uploads\/2024\/01\/2_14-1.jpg","contentUrl":"https:\/\/test1.tzg.ink\/wp-content\/uploads\/2024\/01\/2_14-1.jpg","width":550,"height":413},{"@type":"BreadcrumbList","@id":"https:\/\/test1.tzg.ink\/es\/product\/roof-u-baffle-roll-forming-machine\/#breadcrumb","itemListElement":[{"@type":"ListItem","position":1,"name":"Home","item":"https:\/\/test1.tzg.ink\/es\/"},{"@type":"ListItem","position":2,"name":"Products","item":"https:\/\/test1.tzg.ink\/ar\/product\/"},{"@type":"ListItem","position":3,"name":"Techo U Baffle Roll Que Forma La M\u00e1quina"}]},{"@type":"WebSite","@id":"https:\/\/test1.tzg.ink\/#website","url":"https:\/\/test1.tzg.ink\/","name":"LMS Roll Forming Machine","description":"LMS MACHINERY CHINA PROFESSIONAL COLD ROLL FORMING MACHINE PROVIDER PROFESSIONAL CHOICE, PROFESSIONAL SERVICE","potentialAction":[{"@type":"SearchAction","target":{"@type":"EntryPoint","urlTemplate":"https:\/\/test1.tzg.ink\/?s={search_term_string}"},"query-input":{"@type":"PropertyValueSpecification","valueRequired":true,"valueName":"search_term_string"}}],"inLanguage":"es"}]}},"_links":{"self":[{"href":"https:\/\/test1.tzg.ink\/es\/wp-json\/wp\/v2\/product\/8836","targetHints":{"allow":["GET"]}}],"collection":[{"href":"https:\/\/test1.tzg.ink\/es\/wp-json\/wp\/v2\/product"}],"about":[{"href":"https:\/\/test1.tzg.ink\/es\/wp-json\/wp\/v2\/types\/product"}],"wp:featuredmedia":[{"embeddable":true,"href":"https:\/\/test1.tzg.ink\/es\/wp-json\/wp\/v2\/media\/8837"}],"wp:attachment":[{"href":"https:\/\/test1.tzg.ink\/es\/wp-json\/wp\/v2\/media?parent=8836"}],"wp:term":[{"taxonomy":"product-type","embeddable":true,"href":"https:\/\/test1.tzg.ink\/es\/wp-json\/wp\/v2\/product-type?post=8836"}],"curies":[{"name":"wp","href":"https:\/\/api.w.org\/{rel}","templated":true}]}}