{"id":8834,"date":"2019-05-05T08:09:56","date_gmt":"2019-05-05T00:09:56","guid":{"rendered":"https:\/\/test1.tzg.ink\/product\/techo-triangulo-cuadricula-rodillo-que-forma-la-maquina\/"},"modified":"2024-02-28T14:37:36","modified_gmt":"2024-02-28T06:37:36","slug":"roof-triangle-grid-roller-forming-machine","status":"publish","type":"product","link":"https:\/\/test1.tzg.ink\/es\/product\/roof-triangle-grid-roller-forming-machine\/","title":{"rendered":"Techo Tri\u00e1ngulo Cuadr\u00edcula Rodillo Que Forma La M\u00e1quina"},"content":{"rendered":"<p>tri&aacute;ngulo de techo lms rejilla rollo que forma la m&aacute;quina<\/p>\n<p>&#13;<\/p>\n<p>&nbsp;<\/p>\n<p>&#13;<\/p>\n<ol>&#13;<\/p>\n<li>partes:<\/li>\n<p>&#13;\n<\/ol>\n<p>&#13;<\/p>\n<p>decoiler manual: 1 set<\/p>\n<p>&#13;<\/p>\n<p>principal rollo que forma la m&aacute;quina : 1set<\/p>\n<p>&#13;<\/p>\n<p>dispositivo de corte hidr&aacute;ulico: 1 set<\/p>\n<p>&#13;<\/p>\n<p>tabla de agotamiento: 1set<\/p>\n<p>&#13;<\/p>\n<p>sistema de control electr&oacute;nico: control de plc<\/p>\n<p>&#13;<\/p>\n<p>&nbsp;<\/p>\n<p>&#13;<\/p>\n<p>Par&aacute;metro 2.technical:<\/p>\n<p>&#13;<\/p>\n<p>material adecuado: aluminio en bobina<\/p>\n<p>&#13;<\/p>\n<p>espesor: 0.2-0.3 (seg&uacute;n el requisito del cliente)<\/p>\n<p>&#13;<\/p>\n<p>rodillo de material: acero gr15<\/p>\n<p>&#13;<\/p>\n<p>eje del rodillo: di&aacute;metro 40 mm, acero 45 #.<\/p>\n<p>&#13;<\/p>\n<p>velocidad de laminaci&oacute;n: 15 m \/ min<\/p>\n<p>&#13;<\/p>\n<p>rodillo: 12 nos<\/p>\n<p>&#13;<\/p>\n<p>motor: 3.0 + 2.2kw<\/p>\n<p>&#13;<\/p>\n<p>fuente de alimentaci&oacute;n: 380v \/ 50-60hz \/ 3ph; personalizado<\/p>\n<p>&#13;<\/p>\n<p>&nbsp;<\/p>\n<p>&#13;<\/p>\n<p>Flujo 3.product:<\/p>\n<p>&#13;<\/p>\n<p>desenrollador &#8212; formaci&oacute;n de rollo &#8211; dispositivo de corte-descarga neumatica-producto final.<\/p>\n<p>&#13;<\/p>\n<p>&nbsp;<\/p>\n<p>&#13;<\/p>\n<p><img decoding=\"async\" src=\"https:\/\/es.lmsmachinery.com\/uploads\/1_29.jpg\" alt=\"\" \/><\/p>\n<p>&#13;<\/p>\n<p><img decoding=\"async\" src=\"https:\/\/es.lmsmachinery.com\/uploads\/2_13.jpg\" alt=\"\" \/><\/p>\n<p>&#13;<\/p>\n<p><img decoding=\"async\" src=\"https:\/\/es.lmsmachinery.com\/uploads\/3_10.jpg\" alt=\"\" \/><\/p>\n","protected":false},"excerpt":{"rendered":"<p>tri&aacute;ngulo de techo lms rejilla rollo que forma la m&aacute;quina &#13; &nbsp; &#13; &#13; partes: &#13; &#13; decoiler manual: 1 set &#13; principal rollo que forma la m&aacute;quina : 1set &#13; dispositivo de corte hidr&aacute;ulico: 1 set &#13; tabla de agotamiento: 1set &#13; sistema de control electr&oacute;nico: control de plc &#13; &nbsp; &#13; Par&aacute;metro 2.technical: [&hellip;]<\/p>\n","protected":false},"featured_media":8835,"template":"","product-type":[124],"class_list":["post-8834","product","type-product","status-publish","has-post-thumbnail","hentry","product-type-ceiling-wall-machine-es"],"acf":[],"yoast_head":"<!-- This site is optimized with the Yoast SEO plugin v26.6 - https:\/\/yoast.com\/wordpress\/plugins\/seo\/ -->\n<title>Techo Tri\u00e1ngulo Cuadr\u00edcula Rodillo Que Forma La M\u00e1quina - LMS Roll Forming Machine<\/title>\n<meta name=\"robots\" content=\"index, follow, max-snippet:-1, max-image-preview:large, max-video-preview:-1\" \/>\n<link rel=\"canonical\" href=\"https:\/\/test1.tzg.ink\/es\/product\/roof-triangle-grid-roller-forming-machine\/\" \/>\n<meta property=\"og:locale\" content=\"es_ES\" \/>\n<meta property=\"og:type\" content=\"article\" \/>\n<meta property=\"og:title\" content=\"Techo Tri\u00e1ngulo Cuadr\u00edcula Rodillo Que Forma La M\u00e1quina - LMS Roll Forming Machine\" \/>\n<meta property=\"og:description\" content=\"tri&aacute;ngulo de techo lms rejilla rollo que forma la m&aacute;quina &#013; &nbsp; &#013; &#013; partes: &#013; &#013; decoiler manual: 1 set &#013; principal rollo que forma la m&aacute;quina : 1set &#013; dispositivo de corte hidr&aacute;ulico: 1 set &#013; tabla de agotamiento: 1set &#013; sistema de control electr&oacute;nico: control de plc &#013; &nbsp; &#013; Par&aacute;metro 2.technical: [&hellip;]\" \/>\n<meta property=\"og:url\" content=\"https:\/\/test1.tzg.ink\/es\/product\/roof-triangle-grid-roller-forming-machine\/\" \/>\n<meta property=\"og:site_name\" content=\"LMS Roll Forming Machine\" \/>\n<meta property=\"article:modified_time\" content=\"2024-02-28T06:37:36+00:00\" \/>\n<meta property=\"og:image\" content=\"https:\/\/test1.tzg.ink\/wp-content\/uploads\/2024\/01\/1_28-1.jpg\" \/>\n\t<meta property=\"og:image:width\" content=\"550\" \/>\n\t<meta property=\"og:image:height\" content=\"413\" \/>\n\t<meta property=\"og:image:type\" content=\"image\/jpeg\" \/>\n<meta name=\"twitter:card\" content=\"summary_large_image\" \/>\n<meta name=\"twitter:label1\" content=\"Tiempo de lectura\" \/>\n\t<meta name=\"twitter:data1\" content=\"1 minuto\" \/>\n<script type=\"application\/ld+json\" class=\"yoast-schema-graph\">{\"@context\":\"https:\/\/schema.org\",\"@graph\":[{\"@type\":\"WebPage\",\"@id\":\"https:\/\/test1.tzg.ink\/es\/product\/roof-triangle-grid-roller-forming-machine\/\",\"url\":\"https:\/\/test1.tzg.ink\/es\/product\/roof-triangle-grid-roller-forming-machine\/\",\"name\":\"Techo Tri\u00e1ngulo Cuadr\u00edcula Rodillo Que Forma La M\u00e1quina - LMS Roll Forming Machine\",\"isPartOf\":{\"@id\":\"https:\/\/test1.tzg.ink\/#website\"},\"primaryImageOfPage\":{\"@id\":\"https:\/\/test1.tzg.ink\/es\/product\/roof-triangle-grid-roller-forming-machine\/#primaryimage\"},\"image\":{\"@id\":\"https:\/\/test1.tzg.ink\/es\/product\/roof-triangle-grid-roller-forming-machine\/#primaryimage\"},\"thumbnailUrl\":\"https:\/\/test1.tzg.ink\/wp-content\/uploads\/2024\/01\/1_28-1.jpg\",\"datePublished\":\"2019-05-05T00:09:56+00:00\",\"dateModified\":\"2024-02-28T06:37:36+00:00\",\"breadcrumb\":{\"@id\":\"https:\/\/test1.tzg.ink\/es\/product\/roof-triangle-grid-roller-forming-machine\/#breadcrumb\"},\"inLanguage\":\"es\",\"potentialAction\":[{\"@type\":\"ReadAction\",\"target\":[\"https:\/\/test1.tzg.ink\/es\/product\/roof-triangle-grid-roller-forming-machine\/\"]}]},{\"@type\":\"ImageObject\",\"inLanguage\":\"es\",\"@id\":\"https:\/\/test1.tzg.ink\/es\/product\/roof-triangle-grid-roller-forming-machine\/#primaryimage\",\"url\":\"https:\/\/test1.tzg.ink\/wp-content\/uploads\/2024\/01\/1_28-1.jpg\",\"contentUrl\":\"https:\/\/test1.tzg.ink\/wp-content\/uploads\/2024\/01\/1_28-1.jpg\",\"width\":550,\"height\":413},{\"@type\":\"BreadcrumbList\",\"@id\":\"https:\/\/test1.tzg.ink\/es\/product\/roof-triangle-grid-roller-forming-machine\/#breadcrumb\",\"itemListElement\":[{\"@type\":\"ListItem\",\"position\":1,\"name\":\"Home\",\"item\":\"https:\/\/test1.tzg.ink\/es\/\"},{\"@type\":\"ListItem\",\"position\":2,\"name\":\"Products\",\"item\":\"https:\/\/test1.tzg.ink\/ar\/product\/\"},{\"@type\":\"ListItem\",\"position\":3,\"name\":\"Techo Tri\u00e1ngulo Cuadr\u00edcula Rodillo Que Forma La M\u00e1quina\"}]},{\"@type\":\"WebSite\",\"@id\":\"https:\/\/test1.tzg.ink\/#website\",\"url\":\"https:\/\/test1.tzg.ink\/\",\"name\":\"LMS Roll Forming Machine\",\"description\":\"LMS MACHINERY CHINA PROFESSIONAL COLD ROLL FORMING MACHINE PROVIDER PROFESSIONAL CHOICE, PROFESSIONAL SERVICE\",\"potentialAction\":[{\"@type\":\"SearchAction\",\"target\":{\"@type\":\"EntryPoint\",\"urlTemplate\":\"https:\/\/test1.tzg.ink\/?s={search_term_string}\"},\"query-input\":{\"@type\":\"PropertyValueSpecification\",\"valueRequired\":true,\"valueName\":\"search_term_string\"}}],\"inLanguage\":\"es\"}]}<\/script>\n<!-- \/ Yoast SEO plugin. -->","yoast_head_json":{"title":"Techo Tri\u00e1ngulo Cuadr\u00edcula Rodillo Que Forma La M\u00e1quina - LMS Roll Forming Machine","robots":{"index":"index","follow":"follow","max-snippet":"max-snippet:-1","max-image-preview":"max-image-preview:large","max-video-preview":"max-video-preview:-1"},"canonical":"https:\/\/test1.tzg.ink\/es\/product\/roof-triangle-grid-roller-forming-machine\/","og_locale":"es_ES","og_type":"article","og_title":"Techo Tri\u00e1ngulo Cuadr\u00edcula Rodillo Que Forma La M\u00e1quina - LMS Roll Forming Machine","og_description":"tri&aacute;ngulo de techo lms rejilla rollo que forma la m&aacute;quina &#13; &nbsp; &#13; &#13; partes: &#13; &#13; decoiler manual: 1 set &#13; principal rollo que forma la m&aacute;quina : 1set &#13; dispositivo de corte hidr&aacute;ulico: 1 set &#13; tabla de agotamiento: 1set &#13; sistema de control electr&oacute;nico: control de plc &#13; &nbsp; &#13; Par&aacute;metro 2.technical: [&hellip;]","og_url":"https:\/\/test1.tzg.ink\/es\/product\/roof-triangle-grid-roller-forming-machine\/","og_site_name":"LMS Roll Forming Machine","article_modified_time":"2024-02-28T06:37:36+00:00","og_image":[{"width":550,"height":413,"url":"https:\/\/test1.tzg.ink\/wp-content\/uploads\/2024\/01\/1_28-1.jpg","type":"image\/jpeg"}],"twitter_card":"summary_large_image","twitter_misc":{"Tiempo de lectura":"1 minuto"},"schema":{"@context":"https:\/\/schema.org","@graph":[{"@type":"WebPage","@id":"https:\/\/test1.tzg.ink\/es\/product\/roof-triangle-grid-roller-forming-machine\/","url":"https:\/\/test1.tzg.ink\/es\/product\/roof-triangle-grid-roller-forming-machine\/","name":"Techo Tri\u00e1ngulo Cuadr\u00edcula Rodillo Que Forma La M\u00e1quina - LMS Roll Forming Machine","isPartOf":{"@id":"https:\/\/test1.tzg.ink\/#website"},"primaryImageOfPage":{"@id":"https:\/\/test1.tzg.ink\/es\/product\/roof-triangle-grid-roller-forming-machine\/#primaryimage"},"image":{"@id":"https:\/\/test1.tzg.ink\/es\/product\/roof-triangle-grid-roller-forming-machine\/#primaryimage"},"thumbnailUrl":"https:\/\/test1.tzg.ink\/wp-content\/uploads\/2024\/01\/1_28-1.jpg","datePublished":"2019-05-05T00:09:56+00:00","dateModified":"2024-02-28T06:37:36+00:00","breadcrumb":{"@id":"https:\/\/test1.tzg.ink\/es\/product\/roof-triangle-grid-roller-forming-machine\/#breadcrumb"},"inLanguage":"es","potentialAction":[{"@type":"ReadAction","target":["https:\/\/test1.tzg.ink\/es\/product\/roof-triangle-grid-roller-forming-machine\/"]}]},{"@type":"ImageObject","inLanguage":"es","@id":"https:\/\/test1.tzg.ink\/es\/product\/roof-triangle-grid-roller-forming-machine\/#primaryimage","url":"https:\/\/test1.tzg.ink\/wp-content\/uploads\/2024\/01\/1_28-1.jpg","contentUrl":"https:\/\/test1.tzg.ink\/wp-content\/uploads\/2024\/01\/1_28-1.jpg","width":550,"height":413},{"@type":"BreadcrumbList","@id":"https:\/\/test1.tzg.ink\/es\/product\/roof-triangle-grid-roller-forming-machine\/#breadcrumb","itemListElement":[{"@type":"ListItem","position":1,"name":"Home","item":"https:\/\/test1.tzg.ink\/es\/"},{"@type":"ListItem","position":2,"name":"Products","item":"https:\/\/test1.tzg.ink\/ar\/product\/"},{"@type":"ListItem","position":3,"name":"Techo Tri\u00e1ngulo Cuadr\u00edcula Rodillo Que Forma La M\u00e1quina"}]},{"@type":"WebSite","@id":"https:\/\/test1.tzg.ink\/#website","url":"https:\/\/test1.tzg.ink\/","name":"LMS Roll Forming Machine","description":"LMS MACHINERY CHINA PROFESSIONAL COLD ROLL FORMING MACHINE PROVIDER PROFESSIONAL CHOICE, PROFESSIONAL SERVICE","potentialAction":[{"@type":"SearchAction","target":{"@type":"EntryPoint","urlTemplate":"https:\/\/test1.tzg.ink\/?s={search_term_string}"},"query-input":{"@type":"PropertyValueSpecification","valueRequired":true,"valueName":"search_term_string"}}],"inLanguage":"es"}]}},"_links":{"self":[{"href":"https:\/\/test1.tzg.ink\/es\/wp-json\/wp\/v2\/product\/8834","targetHints":{"allow":["GET"]}}],"collection":[{"href":"https:\/\/test1.tzg.ink\/es\/wp-json\/wp\/v2\/product"}],"about":[{"href":"https:\/\/test1.tzg.ink\/es\/wp-json\/wp\/v2\/types\/product"}],"wp:featuredmedia":[{"embeddable":true,"href":"https:\/\/test1.tzg.ink\/es\/wp-json\/wp\/v2\/media\/8835"}],"wp:attachment":[{"href":"https:\/\/test1.tzg.ink\/es\/wp-json\/wp\/v2\/media?parent=8834"}],"wp:term":[{"taxonomy":"product-type","embeddable":true,"href":"https:\/\/test1.tzg.ink\/es\/wp-json\/wp\/v2\/product-type?post=8834"}],"curies":[{"name":"wp","href":"https:\/\/api.w.org\/{rel}","templated":true}]}}