{"id":8826,"date":"2019-05-05T08:01:11","date_gmt":"2019-05-05T00:01:11","guid":{"rendered":"https:\/\/test1.tzg.ink\/product\/rollo-de-celula-abierta-de-techo-que-forma-la-maquina\/"},"modified":"2024-04-07T14:58:49","modified_gmt":"2024-04-07T06:58:49","slug":"roof-open-cell-roll-forming-machine","status":"publish","type":"product","link":"https:\/\/test1.tzg.ink\/es\/product\/roof-open-cell-roll-forming-machine\/","title":{"rendered":"Rollo De C\u00e9lula Abierta De Techo Que Forma La M\u00e1quina"},"content":{"rendered":"\n<h2 class=\"wp-block-heading has-text-align-center\"><strong>M\u00e1quina formadora de rollos de celda abierta de techo LMS<\/strong><\/h2>\n\n\n\n<p class=\"has-text-align-center\"><strong>LMS GRILYATO TECHO 15X38.5 L\u00cdNEA DE PRODUCCI\u00d3N<\/strong><\/p>\n\n\n\n<p><strong>Flujo de trabajo:<\/strong><\/p>\n\n\n\n<p>Bobina de material \u2192 Decoiling \u2192 Nivelaci\u00f3n \u2192 Punzonado \u2192 Corte \u2192 Formado de rollos GRILYATO TECHO \u2192 Descarga \u2192 Terminado GRILYATO TECHO<\/p>\n\n\n\n<p><strong>Componentes:<\/strong><\/p>\n\n\n\n<p>DECOILER MANUAL 1 SET<br>NIVELADOR 1SET<br>SERVO ALIMENTADOR 1SET<br>PRENSA DE PERFORACI\u00d3N PARA AGUJEROS DE TECHO GRILYATO 1 JUEGO<br>UNIDAD DE CORTE PARA CORTE GRILYATO TECHO 1 JUEGO<br>CONVEYOR 1 SET<br>M\u00c1QUINA DE FORMACI\u00d3N DE ROLLOS PARA TECHO GRILYATO 1 SET<br>MESA DESPLEGABLE PARA RECOGER TECHOS GRILYATO<br>SISTEMA DE CONTROL ELECTRICO 1 UNIDAD<\/p>\n\n\n\n<p><strong>Especificaci\u00f3n de material adecuado:<\/strong><\/p>\n\n\n\n<p>TECHO GRILYATO Material Bobina de aluminio<br>GRILYATO TECHO Espesor 30 &#8211; 0.40 mm<br>Tama\u00f1o del perfil 5 mm (solo un tama\u00f1o) (techo GRILYATO principal y transversal)<br>Distancia de perforaci\u00f3n 30\/50\/60\/75\/86\/100\/120\/150\/200 mm (9 tama\u00f1os) seg\u00fan los planos GRILYATO TECHO<br>TECHO GRILYATO Longitud de corte 600\/1200\/2400 mm<br>M\u00c1QUINA DE TECHO GRILYATO Velocidad de aproximadamente 5 m (30 mm) ~ 12 m (200 mm) \/ minuto<\/p>\n\n\n\n<p><strong>Especificaci\u00f3n de material adecuado:<\/strong><\/p>\n\n\n\n<p>DESENROLLADOR MANUAL PARA DESBLOQUEAR BOBINAS HACIENDO GRILYATO TECHO 1 JUEGO<br>Capacidad de carga 1000 kgs<br>Material Di\u00e1metro interno de la bobina \u0444 400 &#8211; 500 mm<br>No hay expansi\u00f3n manual de potencia para apretar la bobina<\/p>\n\n\n\n<p><strong>NIVELADOR PARA NIVELAR EL PISO DE LA BOBINA PARA UN MEJOR TECHO GRILYATO FORMANDO 1SET<\/strong><br>Rollos de nivelaci\u00f3n 7 n\u00fams.<br>Tratamiento de dureza del rollo Refinaci\u00f3n t\u00e9rmica<br>Potencia del motor 5 KW<\/p>\n\n\n\n<p><strong>ALIMENTADOR DE SERVO PARA BOBINA DE ALIMENTACI\u00d3N EN EL DISPOSITIVO DE PERFORACI\u00d3N PARA MEJOR PUNZONADO DE TECHO GRILYATO 1SET<\/strong><br>Servomotor YASKAWA; 1,5 kilovatios<br>Espesor del material de alimentaci\u00f3n 30 &#8211; 0.40 mm<br>Longitud de alimentaci\u00f3n ajustable<\/p>\n\n\n\n<p><strong>PRENSA DE PERFORACI\u00d3N PARA AGUJEROS DE TECHO PREE GRILYATO 1 JUEGO<\/strong><br>Punz\u00f3n 2 juegos (para la cuadr\u00edcula principal y la cuadr\u00edcula cruzada)<br>Distancia de perforaci\u00f3n 30\/50\/60\/75\/86\/100\/120\/150\/200 mm (9 tama\u00f1os)<br>Presione Power 16 toneladas<br>Potencia del motor 1 KW, 380V<br>Capacidad 120 golpes \/ minuto<\/p>\n\n\n\n<p><strong>UNIDAD DE CORTE PARA CORTE GRILYATO LONGITUD DE PRODUCCI\u00d3N DE TECHO 1 SET<\/strong><br>Juego de troqueles de corte 2 (para rejilla principal y rejilla cruzada)<br>Presione Power 2 Toneladas<br>Potencia del motor 6 KW, 380V<br>Capacidad 180 golpes \/ minuto<br>Corte a medida 600\/1200\/2400 mm<\/p>\n\n\n\n<p><strong>CONVEYOR 1 SET<\/strong><br>Velocidad de transporte autom\u00e1tica ajustable<br>Potencia del motor 75 KW, 220V<\/p>\n\n\n\n<p><strong>MAQUINA PARA FORMAR ROLLOS PARA FORMAR METAL CELULAS ABIERTAS FORMA DE TECHO 1 JUEGO<\/strong><br>Rodillo formador de 14 estaciones; incluyendo enderezar; 45 #<br>Tratamiento para rodillos templados y cromado duro<br>Grosor de pared lateral 25 mm<br>Eje principal \u044438 mm; 45 #<br>Rodamiento HRB 6206<br>Potencia del motor 2 KW<br>Sistema de transmisi\u00f3n por caja de cambios<br>Velocidad de perfilado 10-15 metros \/ minuto<\/p>\n\n\n\n<p><strong>MESA DE EJECUCI\u00d3N PARA RECOGER LA PRODUCCI\u00d3N DE TECHO GRILYATO<\/strong><br>Longitud de mesa 3 metros<br>Ninguna energ\u00eda<\/p>\n","protected":false},"excerpt":{"rendered":"<p>M\u00e1quina formadora de rollos de celda abierta de techo LMS LMS GRILYATO TECHO 15X38.5 L\u00cdNEA DE PRODUCCI\u00d3N Flujo de trabajo: Bobina de material \u2192 Decoiling \u2192 Nivelaci\u00f3n \u2192 Punzonado \u2192 Corte \u2192 Formado de rollos GRILYATO TECHO \u2192 Descarga \u2192 Terminado GRILYATO TECHO Componentes: DECOILER MANUAL 1 SETNIVELADOR 1SETSERVO ALIMENTADOR 1SETPRENSA DE PERFORACI\u00d3N PARA AGUJEROS [&hellip;]<\/p>\n","protected":false},"featured_media":8829,"template":"","product-type":[124],"class_list":["post-8826","product","type-product","status-publish","has-post-thumbnail","hentry","product-type-ceiling-wall-machine-es"],"acf":[],"yoast_head":"<!-- This site is optimized with the Yoast SEO plugin v26.6 - https:\/\/yoast.com\/wordpress\/plugins\/seo\/ -->\n<title>Rollo De C\u00e9lula Abierta De Techo Que Forma La M\u00e1quina - LMS Roll Forming Machine<\/title>\n<meta name=\"robots\" content=\"index, follow, max-snippet:-1, max-image-preview:large, max-video-preview:-1\" \/>\n<link rel=\"canonical\" href=\"https:\/\/test1.tzg.ink\/es\/product\/roof-open-cell-roll-forming-machine\/\" \/>\n<meta property=\"og:locale\" content=\"es_ES\" \/>\n<meta property=\"og:type\" content=\"article\" \/>\n<meta property=\"og:title\" content=\"Rollo De C\u00e9lula Abierta De Techo Que Forma La M\u00e1quina - LMS Roll Forming Machine\" \/>\n<meta property=\"og:description\" content=\"M\u00e1quina formadora de rollos de celda abierta de techo LMS LMS GRILYATO TECHO 15X38.5 L\u00cdNEA DE PRODUCCI\u00d3N Flujo de trabajo: Bobina de material \u2192 Decoiling \u2192 Nivelaci\u00f3n \u2192 Punzonado \u2192 Corte \u2192 Formado de rollos GRILYATO TECHO \u2192 Descarga \u2192 Terminado GRILYATO TECHO Componentes: DECOILER MANUAL 1 SETNIVELADOR 1SETSERVO ALIMENTADOR 1SETPRENSA DE PERFORACI\u00d3N PARA AGUJEROS [&hellip;]\" \/>\n<meta property=\"og:url\" content=\"https:\/\/test1.tzg.ink\/es\/product\/roof-open-cell-roll-forming-machine\/\" \/>\n<meta property=\"og:site_name\" content=\"LMS Roll Forming Machine\" \/>\n<meta property=\"article:modified_time\" content=\"2024-04-07T06:58:49+00:00\" \/>\n<meta property=\"og:image\" content=\"https:\/\/test1.tzg.ink\/wp-content\/uploads\/2024\/01\/1_22.jpg\" \/>\n\t<meta property=\"og:image:width\" content=\"550\" \/>\n\t<meta property=\"og:image:height\" content=\"413\" \/>\n\t<meta property=\"og:image:type\" content=\"image\/jpeg\" \/>\n<meta name=\"twitter:card\" content=\"summary_large_image\" \/>\n<meta name=\"twitter:label1\" content=\"Tiempo de lectura\" \/>\n\t<meta name=\"twitter:data1\" content=\"2 minutos\" \/>\n<script type=\"application\/ld+json\" class=\"yoast-schema-graph\">{\"@context\":\"https:\/\/schema.org\",\"@graph\":[{\"@type\":\"WebPage\",\"@id\":\"https:\/\/test1.tzg.ink\/es\/product\/roof-open-cell-roll-forming-machine\/\",\"url\":\"https:\/\/test1.tzg.ink\/es\/product\/roof-open-cell-roll-forming-machine\/\",\"name\":\"Rollo De C\u00e9lula Abierta De Techo Que Forma La M\u00e1quina - LMS Roll Forming Machine\",\"isPartOf\":{\"@id\":\"https:\/\/test1.tzg.ink\/#website\"},\"primaryImageOfPage\":{\"@id\":\"https:\/\/test1.tzg.ink\/es\/product\/roof-open-cell-roll-forming-machine\/#primaryimage\"},\"image\":{\"@id\":\"https:\/\/test1.tzg.ink\/es\/product\/roof-open-cell-roll-forming-machine\/#primaryimage\"},\"thumbnailUrl\":\"https:\/\/test1.tzg.ink\/wp-content\/uploads\/2024\/01\/1_22.jpg\",\"datePublished\":\"2019-05-05T00:01:11+00:00\",\"dateModified\":\"2024-04-07T06:58:49+00:00\",\"breadcrumb\":{\"@id\":\"https:\/\/test1.tzg.ink\/es\/product\/roof-open-cell-roll-forming-machine\/#breadcrumb\"},\"inLanguage\":\"es\",\"potentialAction\":[{\"@type\":\"ReadAction\",\"target\":[\"https:\/\/test1.tzg.ink\/es\/product\/roof-open-cell-roll-forming-machine\/\"]}]},{\"@type\":\"ImageObject\",\"inLanguage\":\"es\",\"@id\":\"https:\/\/test1.tzg.ink\/es\/product\/roof-open-cell-roll-forming-machine\/#primaryimage\",\"url\":\"https:\/\/test1.tzg.ink\/wp-content\/uploads\/2024\/01\/1_22.jpg\",\"contentUrl\":\"https:\/\/test1.tzg.ink\/wp-content\/uploads\/2024\/01\/1_22.jpg\",\"width\":550,\"height\":413},{\"@type\":\"BreadcrumbList\",\"@id\":\"https:\/\/test1.tzg.ink\/es\/product\/roof-open-cell-roll-forming-machine\/#breadcrumb\",\"itemListElement\":[{\"@type\":\"ListItem\",\"position\":1,\"name\":\"Home\",\"item\":\"https:\/\/test1.tzg.ink\/es\/\"},{\"@type\":\"ListItem\",\"position\":2,\"name\":\"Products\",\"item\":\"https:\/\/test1.tzg.ink\/ar\/product\/\"},{\"@type\":\"ListItem\",\"position\":3,\"name\":\"Rollo De C\u00e9lula Abierta De Techo Que Forma La M\u00e1quina\"}]},{\"@type\":\"WebSite\",\"@id\":\"https:\/\/test1.tzg.ink\/#website\",\"url\":\"https:\/\/test1.tzg.ink\/\",\"name\":\"LMS Roll Forming Machine\",\"description\":\"LMS MACHINERY CHINA PROFESSIONAL COLD ROLL FORMING MACHINE PROVIDER PROFESSIONAL CHOICE, PROFESSIONAL SERVICE\",\"potentialAction\":[{\"@type\":\"SearchAction\",\"target\":{\"@type\":\"EntryPoint\",\"urlTemplate\":\"https:\/\/test1.tzg.ink\/?s={search_term_string}\"},\"query-input\":{\"@type\":\"PropertyValueSpecification\",\"valueRequired\":true,\"valueName\":\"search_term_string\"}}],\"inLanguage\":\"es\"}]}<\/script>\n<!-- \/ Yoast SEO plugin. -->","yoast_head_json":{"title":"Rollo De C\u00e9lula Abierta De Techo Que Forma La M\u00e1quina - LMS Roll Forming Machine","robots":{"index":"index","follow":"follow","max-snippet":"max-snippet:-1","max-image-preview":"max-image-preview:large","max-video-preview":"max-video-preview:-1"},"canonical":"https:\/\/test1.tzg.ink\/es\/product\/roof-open-cell-roll-forming-machine\/","og_locale":"es_ES","og_type":"article","og_title":"Rollo De C\u00e9lula Abierta De Techo Que Forma La M\u00e1quina - LMS Roll Forming Machine","og_description":"M\u00e1quina formadora de rollos de celda abierta de techo LMS LMS GRILYATO TECHO 15X38.5 L\u00cdNEA DE PRODUCCI\u00d3N Flujo de trabajo: Bobina de material \u2192 Decoiling \u2192 Nivelaci\u00f3n \u2192 Punzonado \u2192 Corte \u2192 Formado de rollos GRILYATO TECHO \u2192 Descarga \u2192 Terminado GRILYATO TECHO Componentes: DECOILER MANUAL 1 SETNIVELADOR 1SETSERVO ALIMENTADOR 1SETPRENSA DE PERFORACI\u00d3N PARA AGUJEROS [&hellip;]","og_url":"https:\/\/test1.tzg.ink\/es\/product\/roof-open-cell-roll-forming-machine\/","og_site_name":"LMS Roll Forming Machine","article_modified_time":"2024-04-07T06:58:49+00:00","og_image":[{"width":550,"height":413,"url":"https:\/\/test1.tzg.ink\/wp-content\/uploads\/2024\/01\/1_22.jpg","type":"image\/jpeg"}],"twitter_card":"summary_large_image","twitter_misc":{"Tiempo de lectura":"2 minutos"},"schema":{"@context":"https:\/\/schema.org","@graph":[{"@type":"WebPage","@id":"https:\/\/test1.tzg.ink\/es\/product\/roof-open-cell-roll-forming-machine\/","url":"https:\/\/test1.tzg.ink\/es\/product\/roof-open-cell-roll-forming-machine\/","name":"Rollo De C\u00e9lula Abierta De Techo Que Forma La M\u00e1quina - LMS Roll Forming Machine","isPartOf":{"@id":"https:\/\/test1.tzg.ink\/#website"},"primaryImageOfPage":{"@id":"https:\/\/test1.tzg.ink\/es\/product\/roof-open-cell-roll-forming-machine\/#primaryimage"},"image":{"@id":"https:\/\/test1.tzg.ink\/es\/product\/roof-open-cell-roll-forming-machine\/#primaryimage"},"thumbnailUrl":"https:\/\/test1.tzg.ink\/wp-content\/uploads\/2024\/01\/1_22.jpg","datePublished":"2019-05-05T00:01:11+00:00","dateModified":"2024-04-07T06:58:49+00:00","breadcrumb":{"@id":"https:\/\/test1.tzg.ink\/es\/product\/roof-open-cell-roll-forming-machine\/#breadcrumb"},"inLanguage":"es","potentialAction":[{"@type":"ReadAction","target":["https:\/\/test1.tzg.ink\/es\/product\/roof-open-cell-roll-forming-machine\/"]}]},{"@type":"ImageObject","inLanguage":"es","@id":"https:\/\/test1.tzg.ink\/es\/product\/roof-open-cell-roll-forming-machine\/#primaryimage","url":"https:\/\/test1.tzg.ink\/wp-content\/uploads\/2024\/01\/1_22.jpg","contentUrl":"https:\/\/test1.tzg.ink\/wp-content\/uploads\/2024\/01\/1_22.jpg","width":550,"height":413},{"@type":"BreadcrumbList","@id":"https:\/\/test1.tzg.ink\/es\/product\/roof-open-cell-roll-forming-machine\/#breadcrumb","itemListElement":[{"@type":"ListItem","position":1,"name":"Home","item":"https:\/\/test1.tzg.ink\/es\/"},{"@type":"ListItem","position":2,"name":"Products","item":"https:\/\/test1.tzg.ink\/ar\/product\/"},{"@type":"ListItem","position":3,"name":"Rollo De C\u00e9lula Abierta De Techo Que Forma La M\u00e1quina"}]},{"@type":"WebSite","@id":"https:\/\/test1.tzg.ink\/#website","url":"https:\/\/test1.tzg.ink\/","name":"LMS Roll Forming Machine","description":"LMS MACHINERY CHINA PROFESSIONAL COLD ROLL FORMING MACHINE PROVIDER PROFESSIONAL CHOICE, PROFESSIONAL SERVICE","potentialAction":[{"@type":"SearchAction","target":{"@type":"EntryPoint","urlTemplate":"https:\/\/test1.tzg.ink\/?s={search_term_string}"},"query-input":{"@type":"PropertyValueSpecification","valueRequired":true,"valueName":"search_term_string"}}],"inLanguage":"es"}]}},"_links":{"self":[{"href":"https:\/\/test1.tzg.ink\/es\/wp-json\/wp\/v2\/product\/8826","targetHints":{"allow":["GET"]}}],"collection":[{"href":"https:\/\/test1.tzg.ink\/es\/wp-json\/wp\/v2\/product"}],"about":[{"href":"https:\/\/test1.tzg.ink\/es\/wp-json\/wp\/v2\/types\/product"}],"wp:featuredmedia":[{"embeddable":true,"href":"https:\/\/test1.tzg.ink\/es\/wp-json\/wp\/v2\/media\/8829"}],"wp:attachment":[{"href":"https:\/\/test1.tzg.ink\/es\/wp-json\/wp\/v2\/media?parent=8826"}],"wp:term":[{"taxonomy":"product-type","embeddable":true,"href":"https:\/\/test1.tzg.ink\/es\/wp-json\/wp\/v2\/product-type?post=8826"}],"curies":[{"name":"wp","href":"https:\/\/api.w.org\/{rel}","templated":true}]}}