{"id":8824,"date":"2019-05-05T07:53:25","date_gmt":"2019-05-04T23:53:25","guid":{"rendered":"https:\/\/test1.tzg.ink\/product\/rollo-de-forjado-del-techo-que-forma-la-maquina\/"},"modified":"2024-04-07T15:01:52","modified_gmt":"2024-04-07T07:01:52","slug":"roof-forging-roll-forming-machine","status":"publish","type":"product","link":"https:\/\/test1.tzg.ink\/es\/product\/roof-forging-roll-forming-machine\/","title":{"rendered":"Rollo De Forjado Del Techo Que Forma La M\u00e1quina"},"content":{"rendered":"\n<h2 class=\"wp-block-heading has-text-align-center\">lms techo furring rodillo que forma la m\u00e1quina<\/h2>\n\n\n\n<p>lms techo furring rodillo que forma la m\u00e1quina est\u00e1 hecho principalmente de bobina de aluminio como materia prima, que es bobina de material &#8211; desenrollado &#8211; perfilado &#8211; enderezamiento &#8211; corte hidr\u00e1ulico de moldes &#8211; perfil ; la correa de aluminio que se procesar\u00e1 se coloca manualmente en el estante de material mediante una carretilla elevadora o una gr\u00faa, y despu\u00e9s de apretar, la materia prima se introduce manualmente en la m\u00e1quina niveladora y el equipo de laminaci\u00f3n se conforma autom\u00e1ticamente en forma continua. el cabezal de corte se corta autom\u00e1ticamente mediante la se\u00f1al de longitud fija del codificador rotatorio. despu\u00e9s del corte, el producto terminado es expulsado a la mesa de descarga por el siguiente producto; toda la l\u00ednea de producci\u00f3n es producci\u00f3n autom\u00e1tica continua.<\/p>\n\n\n\n<p>flujo de trabajo:<\/p>\n\n\n\n<p>materia prima &#8211; desbobinado &#8211; nivelaci\u00f3n &#8211; perfilado &#8211; corte &#8211; perfil<\/p>\n","protected":false},"excerpt":{"rendered":"<p>lms techo furring rodillo que forma la m\u00e1quina lms techo furring rodillo que forma la m\u00e1quina est\u00e1 hecho principalmente de bobina de aluminio como materia prima, que es bobina de material &#8211; desenrollado &#8211; perfilado &#8211; enderezamiento &#8211; corte hidr\u00e1ulico de moldes &#8211; perfil ; la correa de aluminio que se procesar\u00e1 se coloca manualmente [&hellip;]<\/p>\n","protected":false},"featured_media":8825,"template":"","product-type":[124],"class_list":["post-8824","product","type-product","status-publish","has-post-thumbnail","hentry","product-type-ceiling-wall-machine-es"],"acf":[],"yoast_head":"<!-- This site is optimized with the Yoast SEO plugin v26.6 - https:\/\/yoast.com\/wordpress\/plugins\/seo\/ -->\n<title>Rollo De Forjado Del Techo Que Forma La M\u00e1quina - LMS Roll Forming Machine<\/title>\n<meta name=\"robots\" content=\"index, follow, max-snippet:-1, max-image-preview:large, max-video-preview:-1\" \/>\n<link rel=\"canonical\" href=\"https:\/\/test1.tzg.ink\/es\/product\/roof-forging-roll-forming-machine\/\" \/>\n<meta property=\"og:locale\" content=\"es_ES\" \/>\n<meta property=\"og:type\" content=\"article\" \/>\n<meta property=\"og:title\" content=\"Rollo De Forjado Del Techo Que Forma La M\u00e1quina - LMS Roll Forming Machine\" \/>\n<meta property=\"og:description\" content=\"lms techo furring rodillo que forma la m\u00e1quina lms techo furring rodillo que forma la m\u00e1quina est\u00e1 hecho principalmente de bobina de aluminio como materia prima, que es bobina de material &#8211; desenrollado &#8211; perfilado &#8211; enderezamiento &#8211; corte hidr\u00e1ulico de moldes &#8211; perfil ; la correa de aluminio que se procesar\u00e1 se coloca manualmente [&hellip;]\" \/>\n<meta property=\"og:url\" content=\"https:\/\/test1.tzg.ink\/es\/product\/roof-forging-roll-forming-machine\/\" \/>\n<meta property=\"og:site_name\" content=\"LMS Roll Forming Machine\" \/>\n<meta property=\"article:modified_time\" content=\"2024-04-07T07:01:52+00:00\" \/>\n<meta property=\"og:image\" content=\"https:\/\/test1.tzg.ink\/wp-content\/uploads\/2024\/01\/1_20-1.jpg\" \/>\n\t<meta property=\"og:image:width\" content=\"550\" \/>\n\t<meta property=\"og:image:height\" content=\"413\" \/>\n\t<meta property=\"og:image:type\" content=\"image\/jpeg\" \/>\n<meta name=\"twitter:card\" content=\"summary_large_image\" \/>\n<meta name=\"twitter:label1\" content=\"Tiempo de lectura\" \/>\n\t<meta name=\"twitter:data1\" content=\"1 minuto\" \/>\n<script type=\"application\/ld+json\" class=\"yoast-schema-graph\">{\"@context\":\"https:\/\/schema.org\",\"@graph\":[{\"@type\":\"WebPage\",\"@id\":\"https:\/\/test1.tzg.ink\/es\/product\/roof-forging-roll-forming-machine\/\",\"url\":\"https:\/\/test1.tzg.ink\/es\/product\/roof-forging-roll-forming-machine\/\",\"name\":\"Rollo De Forjado Del Techo Que Forma La M\u00e1quina - LMS Roll Forming Machine\",\"isPartOf\":{\"@id\":\"https:\/\/test1.tzg.ink\/#website\"},\"primaryImageOfPage\":{\"@id\":\"https:\/\/test1.tzg.ink\/es\/product\/roof-forging-roll-forming-machine\/#primaryimage\"},\"image\":{\"@id\":\"https:\/\/test1.tzg.ink\/es\/product\/roof-forging-roll-forming-machine\/#primaryimage\"},\"thumbnailUrl\":\"https:\/\/test1.tzg.ink\/wp-content\/uploads\/2024\/01\/1_20-1.jpg\",\"datePublished\":\"2019-05-04T23:53:25+00:00\",\"dateModified\":\"2024-04-07T07:01:52+00:00\",\"breadcrumb\":{\"@id\":\"https:\/\/test1.tzg.ink\/es\/product\/roof-forging-roll-forming-machine\/#breadcrumb\"},\"inLanguage\":\"es\",\"potentialAction\":[{\"@type\":\"ReadAction\",\"target\":[\"https:\/\/test1.tzg.ink\/es\/product\/roof-forging-roll-forming-machine\/\"]}]},{\"@type\":\"ImageObject\",\"inLanguage\":\"es\",\"@id\":\"https:\/\/test1.tzg.ink\/es\/product\/roof-forging-roll-forming-machine\/#primaryimage\",\"url\":\"https:\/\/test1.tzg.ink\/wp-content\/uploads\/2024\/01\/1_20-1.jpg\",\"contentUrl\":\"https:\/\/test1.tzg.ink\/wp-content\/uploads\/2024\/01\/1_20-1.jpg\",\"width\":550,\"height\":413},{\"@type\":\"BreadcrumbList\",\"@id\":\"https:\/\/test1.tzg.ink\/es\/product\/roof-forging-roll-forming-machine\/#breadcrumb\",\"itemListElement\":[{\"@type\":\"ListItem\",\"position\":1,\"name\":\"Home\",\"item\":\"https:\/\/test1.tzg.ink\/es\/\"},{\"@type\":\"ListItem\",\"position\":2,\"name\":\"Products\",\"item\":\"https:\/\/test1.tzg.ink\/ar\/product\/\"},{\"@type\":\"ListItem\",\"position\":3,\"name\":\"Rollo De Forjado Del Techo Que Forma La M\u00e1quina\"}]},{\"@type\":\"WebSite\",\"@id\":\"https:\/\/test1.tzg.ink\/#website\",\"url\":\"https:\/\/test1.tzg.ink\/\",\"name\":\"LMS Roll Forming Machine\",\"description\":\"LMS MACHINERY CHINA PROFESSIONAL COLD ROLL FORMING MACHINE PROVIDER PROFESSIONAL CHOICE, PROFESSIONAL SERVICE\",\"potentialAction\":[{\"@type\":\"SearchAction\",\"target\":{\"@type\":\"EntryPoint\",\"urlTemplate\":\"https:\/\/test1.tzg.ink\/?s={search_term_string}\"},\"query-input\":{\"@type\":\"PropertyValueSpecification\",\"valueRequired\":true,\"valueName\":\"search_term_string\"}}],\"inLanguage\":\"es\"}]}<\/script>\n<!-- \/ Yoast SEO plugin. -->","yoast_head_json":{"title":"Rollo De Forjado Del Techo Que Forma La M\u00e1quina - LMS Roll Forming Machine","robots":{"index":"index","follow":"follow","max-snippet":"max-snippet:-1","max-image-preview":"max-image-preview:large","max-video-preview":"max-video-preview:-1"},"canonical":"https:\/\/test1.tzg.ink\/es\/product\/roof-forging-roll-forming-machine\/","og_locale":"es_ES","og_type":"article","og_title":"Rollo De Forjado Del Techo Que Forma La M\u00e1quina - LMS Roll Forming Machine","og_description":"lms techo furring rodillo que forma la m\u00e1quina lms techo furring rodillo que forma la m\u00e1quina est\u00e1 hecho principalmente de bobina de aluminio como materia prima, que es bobina de material &#8211; desenrollado &#8211; perfilado &#8211; enderezamiento &#8211; corte hidr\u00e1ulico de moldes &#8211; perfil ; la correa de aluminio que se procesar\u00e1 se coloca manualmente [&hellip;]","og_url":"https:\/\/test1.tzg.ink\/es\/product\/roof-forging-roll-forming-machine\/","og_site_name":"LMS Roll Forming Machine","article_modified_time":"2024-04-07T07:01:52+00:00","og_image":[{"width":550,"height":413,"url":"https:\/\/test1.tzg.ink\/wp-content\/uploads\/2024\/01\/1_20-1.jpg","type":"image\/jpeg"}],"twitter_card":"summary_large_image","twitter_misc":{"Tiempo de lectura":"1 minuto"},"schema":{"@context":"https:\/\/schema.org","@graph":[{"@type":"WebPage","@id":"https:\/\/test1.tzg.ink\/es\/product\/roof-forging-roll-forming-machine\/","url":"https:\/\/test1.tzg.ink\/es\/product\/roof-forging-roll-forming-machine\/","name":"Rollo De Forjado Del Techo Que Forma La M\u00e1quina - LMS Roll Forming Machine","isPartOf":{"@id":"https:\/\/test1.tzg.ink\/#website"},"primaryImageOfPage":{"@id":"https:\/\/test1.tzg.ink\/es\/product\/roof-forging-roll-forming-machine\/#primaryimage"},"image":{"@id":"https:\/\/test1.tzg.ink\/es\/product\/roof-forging-roll-forming-machine\/#primaryimage"},"thumbnailUrl":"https:\/\/test1.tzg.ink\/wp-content\/uploads\/2024\/01\/1_20-1.jpg","datePublished":"2019-05-04T23:53:25+00:00","dateModified":"2024-04-07T07:01:52+00:00","breadcrumb":{"@id":"https:\/\/test1.tzg.ink\/es\/product\/roof-forging-roll-forming-machine\/#breadcrumb"},"inLanguage":"es","potentialAction":[{"@type":"ReadAction","target":["https:\/\/test1.tzg.ink\/es\/product\/roof-forging-roll-forming-machine\/"]}]},{"@type":"ImageObject","inLanguage":"es","@id":"https:\/\/test1.tzg.ink\/es\/product\/roof-forging-roll-forming-machine\/#primaryimage","url":"https:\/\/test1.tzg.ink\/wp-content\/uploads\/2024\/01\/1_20-1.jpg","contentUrl":"https:\/\/test1.tzg.ink\/wp-content\/uploads\/2024\/01\/1_20-1.jpg","width":550,"height":413},{"@type":"BreadcrumbList","@id":"https:\/\/test1.tzg.ink\/es\/product\/roof-forging-roll-forming-machine\/#breadcrumb","itemListElement":[{"@type":"ListItem","position":1,"name":"Home","item":"https:\/\/test1.tzg.ink\/es\/"},{"@type":"ListItem","position":2,"name":"Products","item":"https:\/\/test1.tzg.ink\/ar\/product\/"},{"@type":"ListItem","position":3,"name":"Rollo De Forjado Del Techo Que Forma La M\u00e1quina"}]},{"@type":"WebSite","@id":"https:\/\/test1.tzg.ink\/#website","url":"https:\/\/test1.tzg.ink\/","name":"LMS Roll Forming Machine","description":"LMS MACHINERY CHINA PROFESSIONAL COLD ROLL FORMING MACHINE PROVIDER PROFESSIONAL CHOICE, PROFESSIONAL SERVICE","potentialAction":[{"@type":"SearchAction","target":{"@type":"EntryPoint","urlTemplate":"https:\/\/test1.tzg.ink\/?s={search_term_string}"},"query-input":{"@type":"PropertyValueSpecification","valueRequired":true,"valueName":"search_term_string"}}],"inLanguage":"es"}]}},"_links":{"self":[{"href":"https:\/\/test1.tzg.ink\/es\/wp-json\/wp\/v2\/product\/8824","targetHints":{"allow":["GET"]}}],"collection":[{"href":"https:\/\/test1.tzg.ink\/es\/wp-json\/wp\/v2\/product"}],"about":[{"href":"https:\/\/test1.tzg.ink\/es\/wp-json\/wp\/v2\/types\/product"}],"wp:featuredmedia":[{"embeddable":true,"href":"https:\/\/test1.tzg.ink\/es\/wp-json\/wp\/v2\/media\/8825"}],"wp:attachment":[{"href":"https:\/\/test1.tzg.ink\/es\/wp-json\/wp\/v2\/media?parent=8824"}],"wp:term":[{"taxonomy":"product-type","embeddable":true,"href":"https:\/\/test1.tzg.ink\/es\/wp-json\/wp\/v2\/product-type?post=8824"}],"curies":[{"name":"wp","href":"https:\/\/api.w.org\/{rel}","templated":true}]}}