{"id":8815,"date":"2019-05-05T04:25:05","date_gmt":"2019-05-04T20:25:05","guid":{"rendered":"https:\/\/test1.tzg.ink\/product\/azulejo-del-techo-del-alu-600x600-auto-perforacion-y-linea-de-formacion\/"},"modified":"2024-04-07T15:14:53","modified_gmt":"2024-04-07T07:14:53","slug":"ceiling-tile-600x600-self-drilling-forming-line","status":"publish","type":"product","link":"https:\/\/test1.tzg.ink\/es\/product\/ceiling-tile-600x600-self-drilling-forming-line\/","title":{"rendered":"Azulejo Del Techo Del Alu 600&#215;600 Auto Perforaci\u00f3n Y L\u00ednea De Formaci\u00f3n"},"content":{"rendered":"\n<h2 class=\"wp-block-heading has-text-align-center\"><strong>semi-auto y amp; m\u00e1quina de formaci\u00f3n de baldosas de techo de metal autom\u00e1tico con perforaci\u00f3n 600&#215;600 300&#215;300<\/strong><\/h2>\n\n\n\n<p>flujo de trabajo de la l\u00ednea de producci\u00f3n de tejas de techo semiautom\u00e1tico<\/p>\n\n\n\n<p>desbobinado &#8211; nivelaci\u00f3n 1 # &#8211; punzonado &#8211; entallado \/ esquilador &#8211; transportador &#8211; nivelaci\u00f3n 2 #<\/p>\n\n\n\n<p>entrega manual a la m\u00e1quina formadora de rollos &#8211; m\u00e1quina formadora de rollos &#8211; carga manual &#8211; acabado<\/p>\n\n\n\n<p>flujo de trabajo de l\u00ednea de producci\u00f3n de azulejo de techo totalmente autom\u00e1tico<\/p>\n\n\n\n<p>desbobinado &#8211; nivelaci\u00f3n de 1 # &#8211; punzonado &#8211; corte &#8211; nivelado de 2 # &#8211; transporte &#8211; muescas &#8211; levantamiento autom\u00e1tico &#8211; transporte &#8211; formaci\u00f3n &#8211; levantamiento autom\u00e1tico &#8211; acabado<\/p>\n\n\n\n<p>01 materiales: bobina de aluminio prepintada \/ lisa filmada<\/p>\n\n\n\n<p>02 espesor de la bobina 0.4 &#8211; 0.8 mm<\/p>\n\n\n\n<p>03 ancho del azulejo 600 mm<\/p>\n\n\n\n<p>04 longitud del azulejo 600 mm<\/p>\n\n\n\n<p>05 tama\u00f1o del agujero perforado del azulejo: 1.8 mm, personalizado disponible<\/p>\n\n\n\n<p>06 patr\u00f3n de formaci\u00f3n de azulejos dise\u00f1o de inserci\u00f3n, 1 patr\u00f3n<\/p>\n\n\n\n<p>07 especificaci\u00f3n de azulejo: 600x600x0.8 mm, igual que el dibujo<\/p>\n\n\n\n<p>capacidad de producci\u00f3n: 3 piezas \/ minuto, hasta el dise\u00f1o de la perforaci\u00f3n<\/p>\n","protected":false},"excerpt":{"rendered":"<p>semi-auto y amp; m\u00e1quina de formaci\u00f3n de baldosas de techo de metal autom\u00e1tico con perforaci\u00f3n 600&#215;600 300&#215;300 flujo de trabajo de la l\u00ednea de producci\u00f3n de tejas de techo semiautom\u00e1tico desbobinado &#8211; nivelaci\u00f3n 1 # &#8211; punzonado &#8211; entallado \/ esquilador &#8211; transportador &#8211; nivelaci\u00f3n 2 # entrega manual a la m\u00e1quina formadora de rollos [&hellip;]<\/p>\n","protected":false},"featured_media":8821,"template":"","product-type":[124],"class_list":["post-8815","product","type-product","status-publish","has-post-thumbnail","hentry","product-type-ceiling-wall-machine-es"],"acf":[],"yoast_head":"<!-- This site is optimized with the Yoast SEO plugin v26.6 - https:\/\/yoast.com\/wordpress\/plugins\/seo\/ -->\n<title>Azulejo Del Techo Del Alu 600x600 Auto Perforaci\u00f3n Y L\u00ednea De Formaci\u00f3n - LMS Roll Forming Machine<\/title>\n<meta name=\"robots\" content=\"index, follow, max-snippet:-1, max-image-preview:large, max-video-preview:-1\" \/>\n<link rel=\"canonical\" href=\"https:\/\/test1.tzg.ink\/es\/product\/ceiling-tile-600x600-self-drilling-forming-line\/\" \/>\n<meta property=\"og:locale\" content=\"es_ES\" \/>\n<meta property=\"og:type\" content=\"article\" \/>\n<meta property=\"og:title\" content=\"Azulejo Del Techo Del Alu 600x600 Auto Perforaci\u00f3n Y L\u00ednea De Formaci\u00f3n - LMS Roll Forming Machine\" \/>\n<meta property=\"og:description\" content=\"semi-auto y amp; m\u00e1quina de formaci\u00f3n de baldosas de techo de metal autom\u00e1tico con perforaci\u00f3n 600&#215;600 300&#215;300 flujo de trabajo de la l\u00ednea de producci\u00f3n de tejas de techo semiautom\u00e1tico desbobinado &#8211; nivelaci\u00f3n 1 # &#8211; punzonado &#8211; entallado \/ esquilador &#8211; transportador &#8211; nivelaci\u00f3n 2 # entrega manual a la m\u00e1quina formadora de rollos [&hellip;]\" \/>\n<meta property=\"og:url\" content=\"https:\/\/test1.tzg.ink\/es\/product\/ceiling-tile-600x600-self-drilling-forming-line\/\" \/>\n<meta property=\"og:site_name\" content=\"LMS Roll Forming Machine\" \/>\n<meta property=\"article:modified_time\" content=\"2024-04-07T07:14:53+00:00\" \/>\n<meta property=\"og:image\" content=\"https:\/\/test1.tzg.ink\/wp-content\/uploads\/2024\/01\/1_16-1.jpg\" \/>\n\t<meta property=\"og:image:width\" content=\"550\" \/>\n\t<meta property=\"og:image:height\" content=\"413\" \/>\n\t<meta property=\"og:image:type\" content=\"image\/jpeg\" \/>\n<meta name=\"twitter:card\" content=\"summary_large_image\" \/>\n<meta name=\"twitter:label1\" content=\"Tiempo de lectura\" \/>\n\t<meta name=\"twitter:data1\" content=\"1 minuto\" \/>\n<script type=\"application\/ld+json\" class=\"yoast-schema-graph\">{\"@context\":\"https:\/\/schema.org\",\"@graph\":[{\"@type\":\"WebPage\",\"@id\":\"https:\/\/test1.tzg.ink\/es\/product\/ceiling-tile-600x600-self-drilling-forming-line\/\",\"url\":\"https:\/\/test1.tzg.ink\/es\/product\/ceiling-tile-600x600-self-drilling-forming-line\/\",\"name\":\"Azulejo Del Techo Del Alu 600x600 Auto Perforaci\u00f3n Y L\u00ednea De Formaci\u00f3n - LMS Roll Forming Machine\",\"isPartOf\":{\"@id\":\"https:\/\/test1.tzg.ink\/#website\"},\"primaryImageOfPage\":{\"@id\":\"https:\/\/test1.tzg.ink\/es\/product\/ceiling-tile-600x600-self-drilling-forming-line\/#primaryimage\"},\"image\":{\"@id\":\"https:\/\/test1.tzg.ink\/es\/product\/ceiling-tile-600x600-self-drilling-forming-line\/#primaryimage\"},\"thumbnailUrl\":\"https:\/\/test1.tzg.ink\/wp-content\/uploads\/2024\/01\/1_16-1.jpg\",\"datePublished\":\"2019-05-04T20:25:05+00:00\",\"dateModified\":\"2024-04-07T07:14:53+00:00\",\"breadcrumb\":{\"@id\":\"https:\/\/test1.tzg.ink\/es\/product\/ceiling-tile-600x600-self-drilling-forming-line\/#breadcrumb\"},\"inLanguage\":\"es\",\"potentialAction\":[{\"@type\":\"ReadAction\",\"target\":[\"https:\/\/test1.tzg.ink\/es\/product\/ceiling-tile-600x600-self-drilling-forming-line\/\"]}]},{\"@type\":\"ImageObject\",\"inLanguage\":\"es\",\"@id\":\"https:\/\/test1.tzg.ink\/es\/product\/ceiling-tile-600x600-self-drilling-forming-line\/#primaryimage\",\"url\":\"https:\/\/test1.tzg.ink\/wp-content\/uploads\/2024\/01\/1_16-1.jpg\",\"contentUrl\":\"https:\/\/test1.tzg.ink\/wp-content\/uploads\/2024\/01\/1_16-1.jpg\",\"width\":550,\"height\":413},{\"@type\":\"BreadcrumbList\",\"@id\":\"https:\/\/test1.tzg.ink\/es\/product\/ceiling-tile-600x600-self-drilling-forming-line\/#breadcrumb\",\"itemListElement\":[{\"@type\":\"ListItem\",\"position\":1,\"name\":\"Home\",\"item\":\"https:\/\/test1.tzg.ink\/es\/\"},{\"@type\":\"ListItem\",\"position\":2,\"name\":\"Products\",\"item\":\"https:\/\/test1.tzg.ink\/ar\/product\/\"},{\"@type\":\"ListItem\",\"position\":3,\"name\":\"Azulejo Del Techo Del Alu 600&#215;600 Auto Perforaci\u00f3n Y L\u00ednea De Formaci\u00f3n\"}]},{\"@type\":\"WebSite\",\"@id\":\"https:\/\/test1.tzg.ink\/#website\",\"url\":\"https:\/\/test1.tzg.ink\/\",\"name\":\"LMS Roll Forming Machine\",\"description\":\"LMS MACHINERY CHINA PROFESSIONAL COLD ROLL FORMING MACHINE PROVIDER PROFESSIONAL CHOICE, PROFESSIONAL SERVICE\",\"potentialAction\":[{\"@type\":\"SearchAction\",\"target\":{\"@type\":\"EntryPoint\",\"urlTemplate\":\"https:\/\/test1.tzg.ink\/?s={search_term_string}\"},\"query-input\":{\"@type\":\"PropertyValueSpecification\",\"valueRequired\":true,\"valueName\":\"search_term_string\"}}],\"inLanguage\":\"es\"}]}<\/script>\n<!-- \/ Yoast SEO plugin. -->","yoast_head_json":{"title":"Azulejo Del Techo Del Alu 600x600 Auto Perforaci\u00f3n Y L\u00ednea De Formaci\u00f3n - LMS Roll Forming Machine","robots":{"index":"index","follow":"follow","max-snippet":"max-snippet:-1","max-image-preview":"max-image-preview:large","max-video-preview":"max-video-preview:-1"},"canonical":"https:\/\/test1.tzg.ink\/es\/product\/ceiling-tile-600x600-self-drilling-forming-line\/","og_locale":"es_ES","og_type":"article","og_title":"Azulejo Del Techo Del Alu 600x600 Auto Perforaci\u00f3n Y L\u00ednea De Formaci\u00f3n - LMS Roll Forming Machine","og_description":"semi-auto y amp; m\u00e1quina de formaci\u00f3n de baldosas de techo de metal autom\u00e1tico con perforaci\u00f3n 600&#215;600 300&#215;300 flujo de trabajo de la l\u00ednea de producci\u00f3n de tejas de techo semiautom\u00e1tico desbobinado &#8211; nivelaci\u00f3n 1 # &#8211; punzonado &#8211; entallado \/ esquilador &#8211; transportador &#8211; nivelaci\u00f3n 2 # entrega manual a la m\u00e1quina formadora de rollos [&hellip;]","og_url":"https:\/\/test1.tzg.ink\/es\/product\/ceiling-tile-600x600-self-drilling-forming-line\/","og_site_name":"LMS Roll Forming Machine","article_modified_time":"2024-04-07T07:14:53+00:00","og_image":[{"width":550,"height":413,"url":"https:\/\/test1.tzg.ink\/wp-content\/uploads\/2024\/01\/1_16-1.jpg","type":"image\/jpeg"}],"twitter_card":"summary_large_image","twitter_misc":{"Tiempo de lectura":"1 minuto"},"schema":{"@context":"https:\/\/schema.org","@graph":[{"@type":"WebPage","@id":"https:\/\/test1.tzg.ink\/es\/product\/ceiling-tile-600x600-self-drilling-forming-line\/","url":"https:\/\/test1.tzg.ink\/es\/product\/ceiling-tile-600x600-self-drilling-forming-line\/","name":"Azulejo Del Techo Del Alu 600x600 Auto Perforaci\u00f3n Y L\u00ednea De Formaci\u00f3n - LMS Roll Forming Machine","isPartOf":{"@id":"https:\/\/test1.tzg.ink\/#website"},"primaryImageOfPage":{"@id":"https:\/\/test1.tzg.ink\/es\/product\/ceiling-tile-600x600-self-drilling-forming-line\/#primaryimage"},"image":{"@id":"https:\/\/test1.tzg.ink\/es\/product\/ceiling-tile-600x600-self-drilling-forming-line\/#primaryimage"},"thumbnailUrl":"https:\/\/test1.tzg.ink\/wp-content\/uploads\/2024\/01\/1_16-1.jpg","datePublished":"2019-05-04T20:25:05+00:00","dateModified":"2024-04-07T07:14:53+00:00","breadcrumb":{"@id":"https:\/\/test1.tzg.ink\/es\/product\/ceiling-tile-600x600-self-drilling-forming-line\/#breadcrumb"},"inLanguage":"es","potentialAction":[{"@type":"ReadAction","target":["https:\/\/test1.tzg.ink\/es\/product\/ceiling-tile-600x600-self-drilling-forming-line\/"]}]},{"@type":"ImageObject","inLanguage":"es","@id":"https:\/\/test1.tzg.ink\/es\/product\/ceiling-tile-600x600-self-drilling-forming-line\/#primaryimage","url":"https:\/\/test1.tzg.ink\/wp-content\/uploads\/2024\/01\/1_16-1.jpg","contentUrl":"https:\/\/test1.tzg.ink\/wp-content\/uploads\/2024\/01\/1_16-1.jpg","width":550,"height":413},{"@type":"BreadcrumbList","@id":"https:\/\/test1.tzg.ink\/es\/product\/ceiling-tile-600x600-self-drilling-forming-line\/#breadcrumb","itemListElement":[{"@type":"ListItem","position":1,"name":"Home","item":"https:\/\/test1.tzg.ink\/es\/"},{"@type":"ListItem","position":2,"name":"Products","item":"https:\/\/test1.tzg.ink\/ar\/product\/"},{"@type":"ListItem","position":3,"name":"Azulejo Del Techo Del Alu 600&#215;600 Auto Perforaci\u00f3n Y L\u00ednea De Formaci\u00f3n"}]},{"@type":"WebSite","@id":"https:\/\/test1.tzg.ink\/#website","url":"https:\/\/test1.tzg.ink\/","name":"LMS Roll Forming Machine","description":"LMS MACHINERY CHINA PROFESSIONAL COLD ROLL FORMING MACHINE PROVIDER PROFESSIONAL CHOICE, PROFESSIONAL SERVICE","potentialAction":[{"@type":"SearchAction","target":{"@type":"EntryPoint","urlTemplate":"https:\/\/test1.tzg.ink\/?s={search_term_string}"},"query-input":{"@type":"PropertyValueSpecification","valueRequired":true,"valueName":"search_term_string"}}],"inLanguage":"es"}]}},"_links":{"self":[{"href":"https:\/\/test1.tzg.ink\/es\/wp-json\/wp\/v2\/product\/8815","targetHints":{"allow":["GET"]}}],"collection":[{"href":"https:\/\/test1.tzg.ink\/es\/wp-json\/wp\/v2\/product"}],"about":[{"href":"https:\/\/test1.tzg.ink\/es\/wp-json\/wp\/v2\/types\/product"}],"wp:featuredmedia":[{"embeddable":true,"href":"https:\/\/test1.tzg.ink\/es\/wp-json\/wp\/v2\/media\/8821"}],"wp:attachment":[{"href":"https:\/\/test1.tzg.ink\/es\/wp-json\/wp\/v2\/media?parent=8815"}],"wp:term":[{"taxonomy":"product-type","embeddable":true,"href":"https:\/\/test1.tzg.ink\/es\/wp-json\/wp\/v2\/product-type?post=8815"}],"curies":[{"name":"wp","href":"https:\/\/api.w.org\/{rel}","templated":true}]}}