{"id":8813,"date":"2019-05-05T04:11:09","date_gmt":"2019-05-04T20:11:09","guid":{"rendered":"https:\/\/test1.tzg.ink\/product\/maquina-perfiladora-de-perfil-compuesto-de-pu\/"},"modified":"2024-04-07T15:07:42","modified_gmt":"2024-04-07T07:07:42","slug":"pu-composite-profile-roll-forming-machine","status":"publish","type":"product","link":"https:\/\/test1.tzg.ink\/es\/product\/pu-composite-profile-roll-forming-machine\/","title":{"rendered":"M\u00e1quina perfiladora de perfil compuesto de PU"},"content":{"rendered":"\n<h2 class=\"wp-block-heading has-text-align-center\">M\u00e1quina perfiladora de perfil compuesto de PU<\/h2>\n\n\n\n<p>Informaci\u00f3n del Producto<\/p>\n\n\n\n<p>(Un perfil: arco de 63 mm de ancho, grosor: 11,4 mm, incluida espuma de poliuretano en el medio)<\/p>\n\n\n\n<p>(Perfil b: plano de 51,5 mm de ancho, grosor: 8 mm, incluida espuma de poliuretano en el medio)<\/p>\n\n\n\n<p>parte del decoiler<\/p>\n\n\n\n<p>\u2460 di\u00e1metro exterior material: 1400mm<\/p>\n\n\n\n<p>\u2461 di\u00e1metro del agujero interno material: \u03c6400 ~ 450mm<\/p>\n\n\n\n<p>\u2462 ancho del material: 300 mm<\/p>\n\n\n\n<p>parte principal de la m\u00e1quina<\/p>\n\n\n\n<p>\u2460 rueda de rodillos principal: 26 grupos (sin incluir la rueda de mezcla)<\/p>\n\n\n\n<p>\u2461 material del rodillo: acero gr15<\/p>\n\n\n\n<p>Rig rigidez de tratamiento t\u00e9rmico: hrc 55 \u00b0 ~ 57 \u00b0<\/p>\n\n\n\n<p>\u2463 material rodante: hoja de aluminio colorido<\/p>\n\n\n\n<p>\u2464 grosor del material rodante: 0,3 mm<\/p>\n\n\n\n<p>Effective ancho efectivo del producto: un perfil de 63 mm de arco<\/p>\n\n\n\n<p>\u2466 di\u00e1metro del eje principal del rodillo: 40 mm, material 45 # de acero<\/p>\n\n\n\n<p>\u2467 espesor de la f\u00e9rula: 25 mm<\/p>\n\n\n\n<p>\u2468 rodamiento principal: 60307<\/p>\n\n\n\n<p>\u2469 potencia del motor principal: motor 7.5kw, reductor de velocidad de aguja cicloide<\/p>\n\n\n\n<p>velocidad de formaci\u00f3n: 0 ~ 12 m, ajustable<\/p>\n\n\n\n<p>formando parte<\/p>\n\n\n\n<p>\u2460 longitud: 20m (cada 5m)<\/p>\n\n\n\n<p>parte de corte<\/p>\n\n\n\n<p>potencia del motor: 2.2 kw<\/p>\n\n\n\n<p>alimentar parte del material antes de perforar<\/p>\n\n\n\n<p>\u2460 longitud: 7m<\/p>\n\n\n\n<p>golpe y amp; parte del material de alimentaci\u00f3n<\/p>\n\n\n\n<p>\u2461 equipar un conjunto de molde de perforaci\u00f3n, (cada vez que la longitud del punz\u00f3n sea de aproximadamente 150 mm)<\/p>\n\n\n\n<p>parte del estante de descarga neum\u00e1tica<\/p>\n\n\n\n<p>longitud: 6m<\/p>\n\n\n\n<p>Control el\u00e9ctrico<\/p>\n\n\n\n<p>\u2460 controlado por mitsubishi plc y hmi, transductor japon\u00e9s ajuste la velocidad<\/p>\n\n\n\n<p>\u2461 voltaje: 380v 50hz<\/p>\n","protected":false},"excerpt":{"rendered":"<p>M\u00e1quina perfiladora de perfil compuesto de PU Informaci\u00f3n del Producto (Un perfil: arco de 63 mm de ancho, grosor: 11,4 mm, incluida espuma de poliuretano en el medio) (Perfil b: plano de 51,5 mm de ancho, grosor: 8 mm, incluida espuma de poliuretano en el medio) parte del decoiler \u2460 di\u00e1metro exterior material: 1400mm \u2461 [&hellip;]<\/p>\n","protected":false},"featured_media":8814,"template":"","product-type":[203],"class_list":["post-8813","product","type-product","status-publish","has-post-thumbnail","hentry","product-type-door-furniture-machine-es"],"acf":[],"yoast_head":"<!-- This site is optimized with the Yoast SEO plugin v26.6 - https:\/\/yoast.com\/wordpress\/plugins\/seo\/ -->\n<title>M\u00e1quina perfiladora de perfil compuesto de PU - LMS Roll Forming Machine<\/title>\n<meta name=\"robots\" content=\"index, follow, max-snippet:-1, max-image-preview:large, max-video-preview:-1\" \/>\n<link rel=\"canonical\" href=\"https:\/\/test1.tzg.ink\/es\/product\/pu-composite-profile-roll-forming-machine\/\" \/>\n<meta property=\"og:locale\" content=\"es_ES\" \/>\n<meta property=\"og:type\" content=\"article\" \/>\n<meta property=\"og:title\" content=\"M\u00e1quina perfiladora de perfil compuesto de PU - LMS Roll Forming Machine\" \/>\n<meta property=\"og:description\" content=\"M\u00e1quina perfiladora de perfil compuesto de PU Informaci\u00f3n del Producto (Un perfil: arco de 63 mm de ancho, grosor: 11,4 mm, incluida espuma de poliuretano en el medio) (Perfil b: plano de 51,5 mm de ancho, grosor: 8 mm, incluida espuma de poliuretano en el medio) parte del decoiler \u2460 di\u00e1metro exterior material: 1400mm \u2461 [&hellip;]\" \/>\n<meta property=\"og:url\" content=\"https:\/\/test1.tzg.ink\/es\/product\/pu-composite-profile-roll-forming-machine\/\" \/>\n<meta property=\"og:site_name\" content=\"LMS Roll Forming Machine\" \/>\n<meta property=\"article:modified_time\" content=\"2024-04-07T07:07:42+00:00\" \/>\n<meta property=\"og:image\" content=\"https:\/\/test1.tzg.ink\/wp-content\/uploads\/2024\/01\/1_13-2.jpg\" \/>\n\t<meta property=\"og:image:width\" content=\"550\" \/>\n\t<meta property=\"og:image:height\" content=\"413\" \/>\n\t<meta property=\"og:image:type\" content=\"image\/jpeg\" \/>\n<meta name=\"twitter:card\" content=\"summary_large_image\" \/>\n<meta name=\"twitter:label1\" content=\"Tiempo de lectura\" \/>\n\t<meta name=\"twitter:data1\" content=\"1 minuto\" \/>\n<script type=\"application\/ld+json\" class=\"yoast-schema-graph\">{\"@context\":\"https:\/\/schema.org\",\"@graph\":[{\"@type\":\"WebPage\",\"@id\":\"https:\/\/test1.tzg.ink\/es\/product\/pu-composite-profile-roll-forming-machine\/\",\"url\":\"https:\/\/test1.tzg.ink\/es\/product\/pu-composite-profile-roll-forming-machine\/\",\"name\":\"M\u00e1quina perfiladora de perfil compuesto de PU - LMS Roll Forming Machine\",\"isPartOf\":{\"@id\":\"https:\/\/test1.tzg.ink\/#website\"},\"primaryImageOfPage\":{\"@id\":\"https:\/\/test1.tzg.ink\/es\/product\/pu-composite-profile-roll-forming-machine\/#primaryimage\"},\"image\":{\"@id\":\"https:\/\/test1.tzg.ink\/es\/product\/pu-composite-profile-roll-forming-machine\/#primaryimage\"},\"thumbnailUrl\":\"https:\/\/test1.tzg.ink\/wp-content\/uploads\/2024\/01\/1_13-2.jpg\",\"datePublished\":\"2019-05-04T20:11:09+00:00\",\"dateModified\":\"2024-04-07T07:07:42+00:00\",\"breadcrumb\":{\"@id\":\"https:\/\/test1.tzg.ink\/es\/product\/pu-composite-profile-roll-forming-machine\/#breadcrumb\"},\"inLanguage\":\"es\",\"potentialAction\":[{\"@type\":\"ReadAction\",\"target\":[\"https:\/\/test1.tzg.ink\/es\/product\/pu-composite-profile-roll-forming-machine\/\"]}]},{\"@type\":\"ImageObject\",\"inLanguage\":\"es\",\"@id\":\"https:\/\/test1.tzg.ink\/es\/product\/pu-composite-profile-roll-forming-machine\/#primaryimage\",\"url\":\"https:\/\/test1.tzg.ink\/wp-content\/uploads\/2024\/01\/1_13-2.jpg\",\"contentUrl\":\"https:\/\/test1.tzg.ink\/wp-content\/uploads\/2024\/01\/1_13-2.jpg\",\"width\":550,\"height\":413},{\"@type\":\"BreadcrumbList\",\"@id\":\"https:\/\/test1.tzg.ink\/es\/product\/pu-composite-profile-roll-forming-machine\/#breadcrumb\",\"itemListElement\":[{\"@type\":\"ListItem\",\"position\":1,\"name\":\"Home\",\"item\":\"https:\/\/test1.tzg.ink\/es\/\"},{\"@type\":\"ListItem\",\"position\":2,\"name\":\"Products\",\"item\":\"https:\/\/test1.tzg.ink\/ar\/product\/\"},{\"@type\":\"ListItem\",\"position\":3,\"name\":\"M\u00e1quina perfiladora de perfil compuesto de PU\"}]},{\"@type\":\"WebSite\",\"@id\":\"https:\/\/test1.tzg.ink\/#website\",\"url\":\"https:\/\/test1.tzg.ink\/\",\"name\":\"LMS Roll Forming Machine\",\"description\":\"LMS MACHINERY CHINA PROFESSIONAL COLD ROLL FORMING MACHINE PROVIDER PROFESSIONAL CHOICE, PROFESSIONAL SERVICE\",\"potentialAction\":[{\"@type\":\"SearchAction\",\"target\":{\"@type\":\"EntryPoint\",\"urlTemplate\":\"https:\/\/test1.tzg.ink\/?s={search_term_string}\"},\"query-input\":{\"@type\":\"PropertyValueSpecification\",\"valueRequired\":true,\"valueName\":\"search_term_string\"}}],\"inLanguage\":\"es\"}]}<\/script>\n<!-- \/ Yoast SEO plugin. -->","yoast_head_json":{"title":"M\u00e1quina perfiladora de perfil compuesto de PU - LMS Roll Forming Machine","robots":{"index":"index","follow":"follow","max-snippet":"max-snippet:-1","max-image-preview":"max-image-preview:large","max-video-preview":"max-video-preview:-1"},"canonical":"https:\/\/test1.tzg.ink\/es\/product\/pu-composite-profile-roll-forming-machine\/","og_locale":"es_ES","og_type":"article","og_title":"M\u00e1quina perfiladora de perfil compuesto de PU - LMS Roll Forming Machine","og_description":"M\u00e1quina perfiladora de perfil compuesto de PU Informaci\u00f3n del Producto (Un perfil: arco de 63 mm de ancho, grosor: 11,4 mm, incluida espuma de poliuretano en el medio) (Perfil b: plano de 51,5 mm de ancho, grosor: 8 mm, incluida espuma de poliuretano en el medio) parte del decoiler \u2460 di\u00e1metro exterior material: 1400mm \u2461 [&hellip;]","og_url":"https:\/\/test1.tzg.ink\/es\/product\/pu-composite-profile-roll-forming-machine\/","og_site_name":"LMS Roll Forming Machine","article_modified_time":"2024-04-07T07:07:42+00:00","og_image":[{"width":550,"height":413,"url":"https:\/\/test1.tzg.ink\/wp-content\/uploads\/2024\/01\/1_13-2.jpg","type":"image\/jpeg"}],"twitter_card":"summary_large_image","twitter_misc":{"Tiempo de lectura":"1 minuto"},"schema":{"@context":"https:\/\/schema.org","@graph":[{"@type":"WebPage","@id":"https:\/\/test1.tzg.ink\/es\/product\/pu-composite-profile-roll-forming-machine\/","url":"https:\/\/test1.tzg.ink\/es\/product\/pu-composite-profile-roll-forming-machine\/","name":"M\u00e1quina perfiladora de perfil compuesto de PU - LMS Roll Forming Machine","isPartOf":{"@id":"https:\/\/test1.tzg.ink\/#website"},"primaryImageOfPage":{"@id":"https:\/\/test1.tzg.ink\/es\/product\/pu-composite-profile-roll-forming-machine\/#primaryimage"},"image":{"@id":"https:\/\/test1.tzg.ink\/es\/product\/pu-composite-profile-roll-forming-machine\/#primaryimage"},"thumbnailUrl":"https:\/\/test1.tzg.ink\/wp-content\/uploads\/2024\/01\/1_13-2.jpg","datePublished":"2019-05-04T20:11:09+00:00","dateModified":"2024-04-07T07:07:42+00:00","breadcrumb":{"@id":"https:\/\/test1.tzg.ink\/es\/product\/pu-composite-profile-roll-forming-machine\/#breadcrumb"},"inLanguage":"es","potentialAction":[{"@type":"ReadAction","target":["https:\/\/test1.tzg.ink\/es\/product\/pu-composite-profile-roll-forming-machine\/"]}]},{"@type":"ImageObject","inLanguage":"es","@id":"https:\/\/test1.tzg.ink\/es\/product\/pu-composite-profile-roll-forming-machine\/#primaryimage","url":"https:\/\/test1.tzg.ink\/wp-content\/uploads\/2024\/01\/1_13-2.jpg","contentUrl":"https:\/\/test1.tzg.ink\/wp-content\/uploads\/2024\/01\/1_13-2.jpg","width":550,"height":413},{"@type":"BreadcrumbList","@id":"https:\/\/test1.tzg.ink\/es\/product\/pu-composite-profile-roll-forming-machine\/#breadcrumb","itemListElement":[{"@type":"ListItem","position":1,"name":"Home","item":"https:\/\/test1.tzg.ink\/es\/"},{"@type":"ListItem","position":2,"name":"Products","item":"https:\/\/test1.tzg.ink\/ar\/product\/"},{"@type":"ListItem","position":3,"name":"M\u00e1quina perfiladora de perfil compuesto de PU"}]},{"@type":"WebSite","@id":"https:\/\/test1.tzg.ink\/#website","url":"https:\/\/test1.tzg.ink\/","name":"LMS Roll Forming Machine","description":"LMS MACHINERY CHINA PROFESSIONAL COLD ROLL FORMING MACHINE PROVIDER PROFESSIONAL CHOICE, PROFESSIONAL SERVICE","potentialAction":[{"@type":"SearchAction","target":{"@type":"EntryPoint","urlTemplate":"https:\/\/test1.tzg.ink\/?s={search_term_string}"},"query-input":{"@type":"PropertyValueSpecification","valueRequired":true,"valueName":"search_term_string"}}],"inLanguage":"es"}]}},"_links":{"self":[{"href":"https:\/\/test1.tzg.ink\/es\/wp-json\/wp\/v2\/product\/8813","targetHints":{"allow":["GET"]}}],"collection":[{"href":"https:\/\/test1.tzg.ink\/es\/wp-json\/wp\/v2\/product"}],"about":[{"href":"https:\/\/test1.tzg.ink\/es\/wp-json\/wp\/v2\/types\/product"}],"wp:featuredmedia":[{"embeddable":true,"href":"https:\/\/test1.tzg.ink\/es\/wp-json\/wp\/v2\/media\/8814"}],"wp:attachment":[{"href":"https:\/\/test1.tzg.ink\/es\/wp-json\/wp\/v2\/media?parent=8813"}],"wp:term":[{"taxonomy":"product-type","embeddable":true,"href":"https:\/\/test1.tzg.ink\/es\/wp-json\/wp\/v2\/product-type?post=8813"}],"curies":[{"name":"wp","href":"https:\/\/api.w.org\/{rel}","templated":true}]}}