{"id":8807,"date":"2019-05-05T03:57:50","date_gmt":"2019-05-04T19:57:50","guid":{"rendered":"https:\/\/test1.tzg.ink\/product\/persiana-enrollable-de-la-puerta-que-forma-la-maquina-con-la-perforacion\/"},"modified":"2024-04-07T15:10:37","modified_gmt":"2024-04-07T07:10:37","slug":"door-roller-shutter-forming-machine-with-punching","status":"publish","type":"product","link":"https:\/\/test1.tzg.ink\/es\/product\/door-roller-shutter-forming-machine-with-punching\/","title":{"rendered":"Persiana enrollable de la puerta que forma la m\u00e1quina con la perforaci\u00f3n"},"content":{"rendered":"\n<h2 class=\"wp-block-heading has-text-align-center\">Rollo de orificio de la puerta LMS que forma la m\u00e1quina<\/h2>\n\n\n\n<p>M\u00e1quina formadora de rollos se compone de las siguientes partes:<\/p>\n\n\n\n<p>1.decoiler<\/p>\n\n\n\n<p>Di\u00e1metro m\u00e1x. Exterior: 1400mm<\/p>\n\n\n\n<p>Di\u00e1metro interior de la bobina: 400&#8211;450 mm.<\/p>\n\n\n\n<p>ancho del material: 300mm<\/p>\n\n\n\n<p>Capacidad de carga: 2 toneladas.<\/p>\n\n\n\n<p>2. M\u00e1quina formadora de rollos<\/p>\n\n\n\n<p>rodillos: 14 grupos<\/p>\n\n\n\n<p>Dureza para el tratamiento t\u00e9rmico: HRC55 &#8211; 57.<\/p>\n\n\n\n<p>grosor del rodillo: 175mm<\/p>\n\n\n\n<p>grosor del material del rodillo: 0.6mm-0.8mm<\/p>\n\n\n\n<p>di\u00e1metro del eje: 40 mm, material: acero 45 #<\/p>\n\n\n\n<p>espesor de la pared: 22 mm<\/p>\n\n\n\n<p>Grosor del engranaje: 35mm<\/p>\n\n\n\n<p>Potencia del motor: 4 kw, reductor de velocidad de aguja cicloidal<\/p>\n\n\n\n<p>Velocidad de rodadura: 10 m \/ min<\/p>\n\n\n\n<p>3. cortar el dispositivo<\/p>\n\n\n\n<p>motor: 2.2kw<\/p>\n\n\n\n<p>un juego de moldes de corte<\/p>\n\n\n\n<p>4.run fuera de la mesa<\/p>\n\n\n\n<p>longitud de la mesa: 6 m<\/p>\n\n\n\n<p>estructura de la mesa aplicar \u00e1ngulo de hierro<\/p>\n\n\n\n<p>Sistema de control 5.<\/p>\n\n\n\n<p>Fuente de alimentaci\u00f3n: 380V \/ 50HZ<\/p>\n\n\n\n<p>Tiempo de entrega: 60 d\u00edas.<\/p>\n\n\n\n<p>6. cortar el dispositivo<\/p>\n\n\n\n<p>motor: 2.2kw<\/p>\n\n\n\n<p>un juego de moldes de corte<\/p>\n\n\n\n<p>7. salir de la mesa<\/p>\n\n\n\n<p>longitud de la mesa: 6 m<\/p>\n\n\n\n<p>estructura de la mesa aplicar \u00e1ngulo de hierro<\/p>\n\n\n\n<p>8. sistema de control<\/p>\n\n\n\n<p>Fuente de alimentaci\u00f3n: 380V \/ 50HZ; Personalizado<\/p>\n","protected":false},"excerpt":{"rendered":"<p>Rollo de orificio de la puerta LMS que forma la m\u00e1quina M\u00e1quina formadora de rollos se compone de las siguientes partes: 1.decoiler Di\u00e1metro m\u00e1x. Exterior: 1400mm Di\u00e1metro interior de la bobina: 400&#8211;450 mm. ancho del material: 300mm Capacidad de carga: 2 toneladas. 2. M\u00e1quina formadora de rollos rodillos: 14 grupos Dureza para el tratamiento t\u00e9rmico: [&hellip;]<\/p>\n","protected":false},"featured_media":8812,"template":"","product-type":[203],"class_list":["post-8807","product","type-product","status-publish","has-post-thumbnail","hentry","product-type-door-furniture-machine-es"],"acf":[],"yoast_head":"<!-- This site is optimized with the Yoast SEO plugin v26.6 - https:\/\/yoast.com\/wordpress\/plugins\/seo\/ -->\n<title>Persiana enrollable de la puerta que forma la m\u00e1quina con la perforaci\u00f3n - LMS Roll Forming Machine<\/title>\n<meta name=\"robots\" content=\"index, follow, max-snippet:-1, max-image-preview:large, max-video-preview:-1\" \/>\n<link rel=\"canonical\" href=\"https:\/\/test1.tzg.ink\/es\/product\/door-roller-shutter-forming-machine-with-punching\/\" \/>\n<meta property=\"og:locale\" content=\"es_ES\" \/>\n<meta property=\"og:type\" content=\"article\" \/>\n<meta property=\"og:title\" content=\"Persiana enrollable de la puerta que forma la m\u00e1quina con la perforaci\u00f3n - LMS Roll Forming Machine\" \/>\n<meta property=\"og:description\" content=\"Rollo de orificio de la puerta LMS que forma la m\u00e1quina M\u00e1quina formadora de rollos se compone de las siguientes partes: 1.decoiler Di\u00e1metro m\u00e1x. Exterior: 1400mm Di\u00e1metro interior de la bobina: 400&#8211;450 mm. ancho del material: 300mm Capacidad de carga: 2 toneladas. 2. M\u00e1quina formadora de rollos rodillos: 14 grupos Dureza para el tratamiento t\u00e9rmico: [&hellip;]\" \/>\n<meta property=\"og:url\" content=\"https:\/\/test1.tzg.ink\/es\/product\/door-roller-shutter-forming-machine-with-punching\/\" \/>\n<meta property=\"og:site_name\" content=\"LMS Roll Forming Machine\" \/>\n<meta property=\"article:modified_time\" content=\"2024-04-07T07:10:37+00:00\" \/>\n<meta property=\"og:image\" content=\"https:\/\/test1.tzg.ink\/wp-content\/uploads\/2024\/01\/4_5-1.jpg\" \/>\n\t<meta property=\"og:image:width\" content=\"550\" \/>\n\t<meta property=\"og:image:height\" content=\"413\" \/>\n\t<meta property=\"og:image:type\" content=\"image\/jpeg\" \/>\n<meta name=\"twitter:card\" content=\"summary_large_image\" \/>\n<meta name=\"twitter:label1\" content=\"Tiempo de lectura\" \/>\n\t<meta name=\"twitter:data1\" content=\"1 minuto\" \/>\n<script type=\"application\/ld+json\" class=\"yoast-schema-graph\">{\"@context\":\"https:\/\/schema.org\",\"@graph\":[{\"@type\":\"WebPage\",\"@id\":\"https:\/\/test1.tzg.ink\/es\/product\/door-roller-shutter-forming-machine-with-punching\/\",\"url\":\"https:\/\/test1.tzg.ink\/es\/product\/door-roller-shutter-forming-machine-with-punching\/\",\"name\":\"Persiana enrollable de la puerta que forma la m\u00e1quina con la perforaci\u00f3n - LMS Roll Forming Machine\",\"isPartOf\":{\"@id\":\"https:\/\/test1.tzg.ink\/#website\"},\"primaryImageOfPage\":{\"@id\":\"https:\/\/test1.tzg.ink\/es\/product\/door-roller-shutter-forming-machine-with-punching\/#primaryimage\"},\"image\":{\"@id\":\"https:\/\/test1.tzg.ink\/es\/product\/door-roller-shutter-forming-machine-with-punching\/#primaryimage\"},\"thumbnailUrl\":\"https:\/\/test1.tzg.ink\/wp-content\/uploads\/2024\/01\/4_5-1.jpg\",\"datePublished\":\"2019-05-04T19:57:50+00:00\",\"dateModified\":\"2024-04-07T07:10:37+00:00\",\"breadcrumb\":{\"@id\":\"https:\/\/test1.tzg.ink\/es\/product\/door-roller-shutter-forming-machine-with-punching\/#breadcrumb\"},\"inLanguage\":\"es\",\"potentialAction\":[{\"@type\":\"ReadAction\",\"target\":[\"https:\/\/test1.tzg.ink\/es\/product\/door-roller-shutter-forming-machine-with-punching\/\"]}]},{\"@type\":\"ImageObject\",\"inLanguage\":\"es\",\"@id\":\"https:\/\/test1.tzg.ink\/es\/product\/door-roller-shutter-forming-machine-with-punching\/#primaryimage\",\"url\":\"https:\/\/test1.tzg.ink\/wp-content\/uploads\/2024\/01\/4_5-1.jpg\",\"contentUrl\":\"https:\/\/test1.tzg.ink\/wp-content\/uploads\/2024\/01\/4_5-1.jpg\",\"width\":550,\"height\":413},{\"@type\":\"BreadcrumbList\",\"@id\":\"https:\/\/test1.tzg.ink\/es\/product\/door-roller-shutter-forming-machine-with-punching\/#breadcrumb\",\"itemListElement\":[{\"@type\":\"ListItem\",\"position\":1,\"name\":\"Home\",\"item\":\"https:\/\/test1.tzg.ink\/es\/\"},{\"@type\":\"ListItem\",\"position\":2,\"name\":\"Products\",\"item\":\"https:\/\/test1.tzg.ink\/ar\/product\/\"},{\"@type\":\"ListItem\",\"position\":3,\"name\":\"Persiana enrollable de la puerta que forma la m\u00e1quina con la perforaci\u00f3n\"}]},{\"@type\":\"WebSite\",\"@id\":\"https:\/\/test1.tzg.ink\/#website\",\"url\":\"https:\/\/test1.tzg.ink\/\",\"name\":\"LMS Roll Forming Machine\",\"description\":\"LMS MACHINERY CHINA PROFESSIONAL COLD ROLL FORMING MACHINE PROVIDER PROFESSIONAL CHOICE, PROFESSIONAL SERVICE\",\"potentialAction\":[{\"@type\":\"SearchAction\",\"target\":{\"@type\":\"EntryPoint\",\"urlTemplate\":\"https:\/\/test1.tzg.ink\/?s={search_term_string}\"},\"query-input\":{\"@type\":\"PropertyValueSpecification\",\"valueRequired\":true,\"valueName\":\"search_term_string\"}}],\"inLanguage\":\"es\"}]}<\/script>\n<!-- \/ Yoast SEO plugin. -->","yoast_head_json":{"title":"Persiana enrollable de la puerta que forma la m\u00e1quina con la perforaci\u00f3n - LMS Roll Forming Machine","robots":{"index":"index","follow":"follow","max-snippet":"max-snippet:-1","max-image-preview":"max-image-preview:large","max-video-preview":"max-video-preview:-1"},"canonical":"https:\/\/test1.tzg.ink\/es\/product\/door-roller-shutter-forming-machine-with-punching\/","og_locale":"es_ES","og_type":"article","og_title":"Persiana enrollable de la puerta que forma la m\u00e1quina con la perforaci\u00f3n - LMS Roll Forming Machine","og_description":"Rollo de orificio de la puerta LMS que forma la m\u00e1quina M\u00e1quina formadora de rollos se compone de las siguientes partes: 1.decoiler Di\u00e1metro m\u00e1x. Exterior: 1400mm Di\u00e1metro interior de la bobina: 400&#8211;450 mm. ancho del material: 300mm Capacidad de carga: 2 toneladas. 2. M\u00e1quina formadora de rollos rodillos: 14 grupos Dureza para el tratamiento t\u00e9rmico: [&hellip;]","og_url":"https:\/\/test1.tzg.ink\/es\/product\/door-roller-shutter-forming-machine-with-punching\/","og_site_name":"LMS Roll Forming Machine","article_modified_time":"2024-04-07T07:10:37+00:00","og_image":[{"width":550,"height":413,"url":"https:\/\/test1.tzg.ink\/wp-content\/uploads\/2024\/01\/4_5-1.jpg","type":"image\/jpeg"}],"twitter_card":"summary_large_image","twitter_misc":{"Tiempo de lectura":"1 minuto"},"schema":{"@context":"https:\/\/schema.org","@graph":[{"@type":"WebPage","@id":"https:\/\/test1.tzg.ink\/es\/product\/door-roller-shutter-forming-machine-with-punching\/","url":"https:\/\/test1.tzg.ink\/es\/product\/door-roller-shutter-forming-machine-with-punching\/","name":"Persiana enrollable de la puerta que forma la m\u00e1quina con la perforaci\u00f3n - LMS Roll Forming Machine","isPartOf":{"@id":"https:\/\/test1.tzg.ink\/#website"},"primaryImageOfPage":{"@id":"https:\/\/test1.tzg.ink\/es\/product\/door-roller-shutter-forming-machine-with-punching\/#primaryimage"},"image":{"@id":"https:\/\/test1.tzg.ink\/es\/product\/door-roller-shutter-forming-machine-with-punching\/#primaryimage"},"thumbnailUrl":"https:\/\/test1.tzg.ink\/wp-content\/uploads\/2024\/01\/4_5-1.jpg","datePublished":"2019-05-04T19:57:50+00:00","dateModified":"2024-04-07T07:10:37+00:00","breadcrumb":{"@id":"https:\/\/test1.tzg.ink\/es\/product\/door-roller-shutter-forming-machine-with-punching\/#breadcrumb"},"inLanguage":"es","potentialAction":[{"@type":"ReadAction","target":["https:\/\/test1.tzg.ink\/es\/product\/door-roller-shutter-forming-machine-with-punching\/"]}]},{"@type":"ImageObject","inLanguage":"es","@id":"https:\/\/test1.tzg.ink\/es\/product\/door-roller-shutter-forming-machine-with-punching\/#primaryimage","url":"https:\/\/test1.tzg.ink\/wp-content\/uploads\/2024\/01\/4_5-1.jpg","contentUrl":"https:\/\/test1.tzg.ink\/wp-content\/uploads\/2024\/01\/4_5-1.jpg","width":550,"height":413},{"@type":"BreadcrumbList","@id":"https:\/\/test1.tzg.ink\/es\/product\/door-roller-shutter-forming-machine-with-punching\/#breadcrumb","itemListElement":[{"@type":"ListItem","position":1,"name":"Home","item":"https:\/\/test1.tzg.ink\/es\/"},{"@type":"ListItem","position":2,"name":"Products","item":"https:\/\/test1.tzg.ink\/ar\/product\/"},{"@type":"ListItem","position":3,"name":"Persiana enrollable de la puerta que forma la m\u00e1quina con la perforaci\u00f3n"}]},{"@type":"WebSite","@id":"https:\/\/test1.tzg.ink\/#website","url":"https:\/\/test1.tzg.ink\/","name":"LMS Roll Forming Machine","description":"LMS MACHINERY CHINA PROFESSIONAL COLD ROLL FORMING MACHINE PROVIDER PROFESSIONAL CHOICE, PROFESSIONAL SERVICE","potentialAction":[{"@type":"SearchAction","target":{"@type":"EntryPoint","urlTemplate":"https:\/\/test1.tzg.ink\/?s={search_term_string}"},"query-input":{"@type":"PropertyValueSpecification","valueRequired":true,"valueName":"search_term_string"}}],"inLanguage":"es"}]}},"_links":{"self":[{"href":"https:\/\/test1.tzg.ink\/es\/wp-json\/wp\/v2\/product\/8807","targetHints":{"allow":["GET"]}}],"collection":[{"href":"https:\/\/test1.tzg.ink\/es\/wp-json\/wp\/v2\/product"}],"about":[{"href":"https:\/\/test1.tzg.ink\/es\/wp-json\/wp\/v2\/types\/product"}],"wp:featuredmedia":[{"embeddable":true,"href":"https:\/\/test1.tzg.ink\/es\/wp-json\/wp\/v2\/media\/8812"}],"wp:attachment":[{"href":"https:\/\/test1.tzg.ink\/es\/wp-json\/wp\/v2\/media?parent=8807"}],"wp:term":[{"taxonomy":"product-type","embeddable":true,"href":"https:\/\/test1.tzg.ink\/es\/wp-json\/wp\/v2\/product-type?post=8807"}],"curies":[{"name":"wp","href":"https:\/\/api.w.org\/{rel}","templated":true}]}}