{"id":8801,"date":"2019-05-05T03:52:41","date_gmt":"2019-05-04T19:52:41","guid":{"rendered":"https:\/\/test1.tzg.ink\/product\/puerta-del-obturador-rollo-que-forma-la-maquina\/"},"modified":"2024-04-07T14:05:31","modified_gmt":"2024-04-07T06:05:31","slug":"shutter-door-roll-forming-machine","status":"publish","type":"product","link":"https:\/\/test1.tzg.ink\/es\/product\/shutter-door-roll-forming-machine\/","title":{"rendered":"Puerta Del Obturador Rollo Que Forma La M\u00e1quina"},"content":{"rendered":"\n<h2 class=\"wp-block-heading has-text-align-center\">L\u00ednea Octogonal Del Rodillo Del Tubo Que Forma<\/h2>\n\n\n\n<p>production flow:<\/p>\n\n\n\n<p>la m\u00e1quina completa de rollfoming se compone de las siguientes partes:<\/p>\n\n\n\n<p>1.decoiler<\/p>\n\n\n\n<p>di\u00e1metro max.outter: 1400mm<\/p>\n\n\n\n<p>di\u00e1metro interior de la bobina: 400&#8211;450 mm<\/p>\n\n\n\n<p>ancho del material: 300 mm<\/p>\n\n\n\n<p>capacidad de carga: 2 toneladas<\/p>\n\n\n\n<ol class=\"wp-block-list\" start=\"2\">\n<li>rodillo que forma la m\u00e1quina<\/li>\n<\/ol>\n\n\n\n<p>rodillos: 14 grupos<\/p>\n\n\n\n<p>dureza para el tratamiento t\u00e9rmico: hrc55 &#8211; 57<\/p>\n\n\n\n<p>espesor del rodillo: 175 mm<\/p>\n\n\n\n<p>espesor del material del rodillo: 0.6mm-0.8mm<\/p>\n\n\n\n<p>di\u00e1metro del eje: 40 mm, material: acero 45 #<\/p>\n\n\n\n<p>espesor de pared: 22 mm<\/p>\n\n\n\n<p>grosor del engranaje: 35 mm<\/p>\n\n\n\n<p>potencia del motor: 4 kw, reductor de velocidad de aguja cicloidal<\/p>\n\n\n\n<p>velocidad de laminaci\u00f3n: 10 m \/ min<\/p>\n\n\n\n<ol class=\"wp-block-list\" start=\"3\">\n<li>cortar el dispositivo<\/li>\n<\/ol>\n\n\n\n<p>motor: 2.2kw<\/p>\n\n\n\n<p>un juego de molde de corte<\/p>\n\n\n\n<p>4.run mesa<\/p>\n\n\n\n<p>longitud de la mesa: 6 m<\/p>\n\n\n\n<p>estructura de la mesa aplique \u00e1ngulo de hierro<\/p>\n\n\n\n<ol class=\"wp-block-list\" start=\"5\">\n<li>sistema de control<\/li>\n<\/ol>\n\n\n\n<p>fuente de alimentaci\u00f3n: 380 v \/ 50 hz<\/p>\n\n\n\n<p>tiempo de entrega: 60 d\u00edas<\/p>\n","protected":false},"excerpt":{"rendered":"<p>L\u00ednea Octogonal Del Rodillo Del Tubo Que Forma production flow: la m\u00e1quina completa de rollfoming se compone de las siguientes partes: 1.decoiler di\u00e1metro max.outter: 1400mm di\u00e1metro interior de la bobina: 400&#8211;450 mm ancho del material: 300 mm capacidad de carga: 2 toneladas rodillos: 14 grupos dureza para el tratamiento t\u00e9rmico: hrc55 &#8211; 57 espesor del [&hellip;]<\/p>\n","protected":false},"featured_media":8806,"template":"","product-type":[203],"class_list":["post-8801","product","type-product","status-publish","has-post-thumbnail","hentry","product-type-door-furniture-machine-es"],"acf":[],"yoast_head":"<!-- This site is optimized with the Yoast SEO plugin v26.6 - https:\/\/yoast.com\/wordpress\/plugins\/seo\/ -->\n<title>Puerta Del Obturador Rollo Que Forma La M\u00e1quina - LMS Roll Forming Machine<\/title>\n<meta name=\"robots\" content=\"index, follow, max-snippet:-1, max-image-preview:large, max-video-preview:-1\" \/>\n<link rel=\"canonical\" href=\"https:\/\/test1.tzg.ink\/es\/product\/shutter-door-roll-forming-machine\/\" \/>\n<meta property=\"og:locale\" content=\"es_ES\" \/>\n<meta property=\"og:type\" content=\"article\" \/>\n<meta property=\"og:title\" content=\"Puerta Del Obturador Rollo Que Forma La M\u00e1quina - LMS Roll Forming Machine\" \/>\n<meta property=\"og:description\" content=\"L\u00ednea Octogonal Del Rodillo Del Tubo Que Forma production flow: la m\u00e1quina completa de rollfoming se compone de las siguientes partes: 1.decoiler di\u00e1metro max.outter: 1400mm di\u00e1metro interior de la bobina: 400&#8211;450 mm ancho del material: 300 mm capacidad de carga: 2 toneladas rodillos: 14 grupos dureza para el tratamiento t\u00e9rmico: hrc55 &#8211; 57 espesor del [&hellip;]\" \/>\n<meta property=\"og:url\" content=\"https:\/\/test1.tzg.ink\/es\/product\/shutter-door-roll-forming-machine\/\" \/>\n<meta property=\"og:site_name\" content=\"LMS Roll Forming Machine\" \/>\n<meta property=\"article:modified_time\" content=\"2024-04-07T06:05:31+00:00\" \/>\n<meta property=\"og:image\" content=\"https:\/\/test1.tzg.ink\/wp-content\/uploads\/2024\/01\/1_11-1.jpg\" \/>\n\t<meta property=\"og:image:width\" content=\"550\" \/>\n\t<meta property=\"og:image:height\" content=\"413\" \/>\n\t<meta property=\"og:image:type\" content=\"image\/jpeg\" \/>\n<meta name=\"twitter:card\" content=\"summary_large_image\" \/>\n<meta name=\"twitter:label1\" content=\"Tiempo de lectura\" \/>\n\t<meta name=\"twitter:data1\" content=\"1 minuto\" \/>\n<script type=\"application\/ld+json\" class=\"yoast-schema-graph\">{\"@context\":\"https:\/\/schema.org\",\"@graph\":[{\"@type\":\"WebPage\",\"@id\":\"https:\/\/test1.tzg.ink\/es\/product\/shutter-door-roll-forming-machine\/\",\"url\":\"https:\/\/test1.tzg.ink\/es\/product\/shutter-door-roll-forming-machine\/\",\"name\":\"Puerta Del Obturador Rollo Que Forma La M\u00e1quina - LMS Roll Forming Machine\",\"isPartOf\":{\"@id\":\"https:\/\/test1.tzg.ink\/#website\"},\"primaryImageOfPage\":{\"@id\":\"https:\/\/test1.tzg.ink\/es\/product\/shutter-door-roll-forming-machine\/#primaryimage\"},\"image\":{\"@id\":\"https:\/\/test1.tzg.ink\/es\/product\/shutter-door-roll-forming-machine\/#primaryimage\"},\"thumbnailUrl\":\"https:\/\/test1.tzg.ink\/wp-content\/uploads\/2024\/01\/1_11-1.jpg\",\"datePublished\":\"2019-05-04T19:52:41+00:00\",\"dateModified\":\"2024-04-07T06:05:31+00:00\",\"breadcrumb\":{\"@id\":\"https:\/\/test1.tzg.ink\/es\/product\/shutter-door-roll-forming-machine\/#breadcrumb\"},\"inLanguage\":\"es\",\"potentialAction\":[{\"@type\":\"ReadAction\",\"target\":[\"https:\/\/test1.tzg.ink\/es\/product\/shutter-door-roll-forming-machine\/\"]}]},{\"@type\":\"ImageObject\",\"inLanguage\":\"es\",\"@id\":\"https:\/\/test1.tzg.ink\/es\/product\/shutter-door-roll-forming-machine\/#primaryimage\",\"url\":\"https:\/\/test1.tzg.ink\/wp-content\/uploads\/2024\/01\/1_11-1.jpg\",\"contentUrl\":\"https:\/\/test1.tzg.ink\/wp-content\/uploads\/2024\/01\/1_11-1.jpg\",\"width\":550,\"height\":413},{\"@type\":\"BreadcrumbList\",\"@id\":\"https:\/\/test1.tzg.ink\/es\/product\/shutter-door-roll-forming-machine\/#breadcrumb\",\"itemListElement\":[{\"@type\":\"ListItem\",\"position\":1,\"name\":\"Home\",\"item\":\"https:\/\/test1.tzg.ink\/es\/\"},{\"@type\":\"ListItem\",\"position\":2,\"name\":\"Products\",\"item\":\"https:\/\/test1.tzg.ink\/ar\/product\/\"},{\"@type\":\"ListItem\",\"position\":3,\"name\":\"Puerta Del Obturador Rollo Que Forma La M\u00e1quina\"}]},{\"@type\":\"WebSite\",\"@id\":\"https:\/\/test1.tzg.ink\/#website\",\"url\":\"https:\/\/test1.tzg.ink\/\",\"name\":\"LMS Roll Forming Machine\",\"description\":\"LMS MACHINERY CHINA PROFESSIONAL COLD ROLL FORMING MACHINE PROVIDER PROFESSIONAL CHOICE, PROFESSIONAL SERVICE\",\"potentialAction\":[{\"@type\":\"SearchAction\",\"target\":{\"@type\":\"EntryPoint\",\"urlTemplate\":\"https:\/\/test1.tzg.ink\/?s={search_term_string}\"},\"query-input\":{\"@type\":\"PropertyValueSpecification\",\"valueRequired\":true,\"valueName\":\"search_term_string\"}}],\"inLanguage\":\"es\"}]}<\/script>\n<!-- \/ Yoast SEO plugin. -->","yoast_head_json":{"title":"Puerta Del Obturador Rollo Que Forma La M\u00e1quina - LMS Roll Forming Machine","robots":{"index":"index","follow":"follow","max-snippet":"max-snippet:-1","max-image-preview":"max-image-preview:large","max-video-preview":"max-video-preview:-1"},"canonical":"https:\/\/test1.tzg.ink\/es\/product\/shutter-door-roll-forming-machine\/","og_locale":"es_ES","og_type":"article","og_title":"Puerta Del Obturador Rollo Que Forma La M\u00e1quina - LMS Roll Forming Machine","og_description":"L\u00ednea Octogonal Del Rodillo Del Tubo Que Forma production flow: la m\u00e1quina completa de rollfoming se compone de las siguientes partes: 1.decoiler di\u00e1metro max.outter: 1400mm di\u00e1metro interior de la bobina: 400&#8211;450 mm ancho del material: 300 mm capacidad de carga: 2 toneladas rodillos: 14 grupos dureza para el tratamiento t\u00e9rmico: hrc55 &#8211; 57 espesor del [&hellip;]","og_url":"https:\/\/test1.tzg.ink\/es\/product\/shutter-door-roll-forming-machine\/","og_site_name":"LMS Roll Forming Machine","article_modified_time":"2024-04-07T06:05:31+00:00","og_image":[{"width":550,"height":413,"url":"https:\/\/test1.tzg.ink\/wp-content\/uploads\/2024\/01\/1_11-1.jpg","type":"image\/jpeg"}],"twitter_card":"summary_large_image","twitter_misc":{"Tiempo de lectura":"1 minuto"},"schema":{"@context":"https:\/\/schema.org","@graph":[{"@type":"WebPage","@id":"https:\/\/test1.tzg.ink\/es\/product\/shutter-door-roll-forming-machine\/","url":"https:\/\/test1.tzg.ink\/es\/product\/shutter-door-roll-forming-machine\/","name":"Puerta Del Obturador Rollo Que Forma La M\u00e1quina - LMS Roll Forming Machine","isPartOf":{"@id":"https:\/\/test1.tzg.ink\/#website"},"primaryImageOfPage":{"@id":"https:\/\/test1.tzg.ink\/es\/product\/shutter-door-roll-forming-machine\/#primaryimage"},"image":{"@id":"https:\/\/test1.tzg.ink\/es\/product\/shutter-door-roll-forming-machine\/#primaryimage"},"thumbnailUrl":"https:\/\/test1.tzg.ink\/wp-content\/uploads\/2024\/01\/1_11-1.jpg","datePublished":"2019-05-04T19:52:41+00:00","dateModified":"2024-04-07T06:05:31+00:00","breadcrumb":{"@id":"https:\/\/test1.tzg.ink\/es\/product\/shutter-door-roll-forming-machine\/#breadcrumb"},"inLanguage":"es","potentialAction":[{"@type":"ReadAction","target":["https:\/\/test1.tzg.ink\/es\/product\/shutter-door-roll-forming-machine\/"]}]},{"@type":"ImageObject","inLanguage":"es","@id":"https:\/\/test1.tzg.ink\/es\/product\/shutter-door-roll-forming-machine\/#primaryimage","url":"https:\/\/test1.tzg.ink\/wp-content\/uploads\/2024\/01\/1_11-1.jpg","contentUrl":"https:\/\/test1.tzg.ink\/wp-content\/uploads\/2024\/01\/1_11-1.jpg","width":550,"height":413},{"@type":"BreadcrumbList","@id":"https:\/\/test1.tzg.ink\/es\/product\/shutter-door-roll-forming-machine\/#breadcrumb","itemListElement":[{"@type":"ListItem","position":1,"name":"Home","item":"https:\/\/test1.tzg.ink\/es\/"},{"@type":"ListItem","position":2,"name":"Products","item":"https:\/\/test1.tzg.ink\/ar\/product\/"},{"@type":"ListItem","position":3,"name":"Puerta Del Obturador Rollo Que Forma La M\u00e1quina"}]},{"@type":"WebSite","@id":"https:\/\/test1.tzg.ink\/#website","url":"https:\/\/test1.tzg.ink\/","name":"LMS Roll Forming Machine","description":"LMS MACHINERY CHINA PROFESSIONAL COLD ROLL FORMING MACHINE PROVIDER PROFESSIONAL CHOICE, PROFESSIONAL SERVICE","potentialAction":[{"@type":"SearchAction","target":{"@type":"EntryPoint","urlTemplate":"https:\/\/test1.tzg.ink\/?s={search_term_string}"},"query-input":{"@type":"PropertyValueSpecification","valueRequired":true,"valueName":"search_term_string"}}],"inLanguage":"es"}]}},"_links":{"self":[{"href":"https:\/\/test1.tzg.ink\/es\/wp-json\/wp\/v2\/product\/8801","targetHints":{"allow":["GET"]}}],"collection":[{"href":"https:\/\/test1.tzg.ink\/es\/wp-json\/wp\/v2\/product"}],"about":[{"href":"https:\/\/test1.tzg.ink\/es\/wp-json\/wp\/v2\/types\/product"}],"wp:featuredmedia":[{"embeddable":true,"href":"https:\/\/test1.tzg.ink\/es\/wp-json\/wp\/v2\/media\/8806"}],"wp:attachment":[{"href":"https:\/\/test1.tzg.ink\/es\/wp-json\/wp\/v2\/media?parent=8801"}],"wp:term":[{"taxonomy":"product-type","embeddable":true,"href":"https:\/\/test1.tzg.ink\/es\/wp-json\/wp\/v2\/product-type?post=8801"}],"curies":[{"name":"wp","href":"https:\/\/api.w.org\/{rel}","templated":true}]}}