{"id":8793,"date":"2019-05-05T03:41:01","date_gmt":"2019-05-04T19:41:01","guid":{"rendered":"https:\/\/test1.tzg.ink\/product\/linea-octogonal-del-rodillo-del-tubo-que-forma\/"},"modified":"2024-04-07T14:04:05","modified_gmt":"2024-04-07T06:04:05","slug":"pipe-roller-forming-line","status":"publish","type":"product","link":"https:\/\/test1.tzg.ink\/es\/product\/pipe-roller-forming-line\/","title":{"rendered":"L\u00ednea Octogonal Del Rodillo Del Tubo Que Forma"},"content":{"rendered":"\n<h2 class=\"wp-block-heading has-text-align-center\">L\u00ednea Octogonal Del Rodillo Del Tubo Que Forma<\/h2>\n\n\n\n<p>especificaci\u00f3n de m\u00e1quina<\/p>\n\n\n\n<p>aqu\u00ed est\u00e1 la especificaci\u00f3n para la m\u00e1quina que hicimos para otros clientes antes, por favor revise su referencia, as\u00ed como tambi\u00e9n las fotos.<\/p>\n\n\n\n<p>un conjunto completo de l\u00ednea de producci\u00f3n consta de las siguientes unidades:<\/p>\n\n\n\n<p>informaci\u00f3n de productos<\/p>\n\n\n\n<p>Par\u00e1metro t\u00e9cnico de piper octagonal de 1.60 mm:<\/p>\n\n\n\n<p>espesor de la materia prima: 0.5 mm<\/p>\n\n\n\n<p>perfil: igual que el dibujo adjunto.<\/p>\n\n\n\n<p>Flujo de producci\u00f3n:<\/p>\n\n\n\n<p>decoiler &#8212;&#8211; alimentaci\u00f3n &#8212;&#8212; perforaci\u00f3n &#8212;&#8212;&#8211; laminado &#8212;&#8211; corte a medida &#8212;&#8211; producto final.<\/p>\n\n\n\n<p>la l\u00ednea completa de producci\u00f3n de piper octagonal comprende las siguientes partes:<\/p>\n\n\n\n<p>1.decoiler<\/p>\n\n\n\n<p>aplicar el dispositivo de expansi\u00f3n manual<\/p>\n\n\n\n<p>max. di\u00e1metro exterior: 1500 mm<\/p>\n\n\n\n<p>di\u00e1metro interior de la bobina: 430&#8211;510 mm<\/p>\n\n\n\n<p>capacidad de carga: 2 toneladas<\/p>\n\n\n\n<p>girado con potencia, potencia del motor: 2.2kw<\/p>\n\n\n\n<ol class=\"wp-block-list\" start=\"2\">\n<li>alimentador mec\u00e1nico<\/li>\n<\/ol>\n\n\n\n<p>ancho de alimentaci\u00f3n: 250 mm<\/p>\n\n\n\n<p>longitud de alimentaci\u00f3n: 100 mm<\/p>\n\n\n\n<p>espesor de alimentaci\u00f3n: 1.0 mm<\/p>\n\n\n\n<ol class=\"wp-block-list\" start=\"3\">\n<li>el orificio de perforaci\u00f3n muere<\/li>\n<\/ol>\n\n\n\n<p>presi\u00f3n de trabajo: 30 toneladas<\/p>\n\n\n\n<p>tiempos de funcionamiento: 90 \/ min<\/p>\n\n\n\n<p>longitud de alimentaci\u00f3n: 75 mm<\/p>\n\n\n\n<p>con 1 juego de perforaci\u00f3n perforada.<\/p>\n\n\n\n<ol class=\"wp-block-list\" start=\"4\">\n<li>rollo que forma la m\u00e1quina<\/li>\n<\/ol>\n\n\n\n<p>espesor del material: 0.5 mm<\/p>\n\n\n\n<p>material de formaci\u00f3n: hoja galvanizada<\/p>\n\n\n\n<p>rodillos: 22 grupos<\/p>\n\n\n\n<p>material para rodillos: acero gcr15<\/p>\n\n\n\n<p>dureza para el tratamiento t\u00e9rmico: hrc55 &#8211; 57<\/p>\n\n\n\n<p>di\u00e1metro del eje: 45 mm, material: acero 45 #<\/p>\n\n\n\n<p>teniendo adoptado el modelo 60208<\/p>\n\n\n\n<p>espesor de pared: 22 mm<\/p>\n\n\n\n<p>potencia del motor: 11 kw, modelo reductor de velocidad qz350<\/p>\n\n\n\n<p>velocidad de laminaci\u00f3n: 3-8 m \/ min; ajustable<\/p>\n\n\n\n<ol class=\"wp-block-list\" start=\"5\">\n<li>cortar el dispositivo<\/li>\n<\/ol>\n\n\n\n<p>adjunta un conjunto de molde de f\u00e9rula de corte<\/p>\n","protected":false},"excerpt":{"rendered":"<p>L\u00ednea Octogonal Del Rodillo Del Tubo Que Forma especificaci\u00f3n de m\u00e1quina aqu\u00ed est\u00e1 la especificaci\u00f3n para la m\u00e1quina que hicimos para otros clientes antes, por favor revise su referencia, as\u00ed como tambi\u00e9n las fotos. un conjunto completo de l\u00ednea de producci\u00f3n consta de las siguientes unidades: informaci\u00f3n de productos Par\u00e1metro t\u00e9cnico de piper octagonal de [&hellip;]<\/p>\n","protected":false},"featured_media":8800,"template":"","product-type":[203],"class_list":["post-8793","product","type-product","status-publish","has-post-thumbnail","hentry","product-type-door-furniture-machine-es"],"acf":[],"yoast_head":"<!-- This site is optimized with the Yoast SEO plugin v26.6 - https:\/\/yoast.com\/wordpress\/plugins\/seo\/ -->\n<title>L\u00ednea Octogonal Del Rodillo Del Tubo Que Forma - LMS Roll Forming Machine<\/title>\n<meta name=\"robots\" content=\"index, follow, max-snippet:-1, max-image-preview:large, max-video-preview:-1\" \/>\n<link rel=\"canonical\" href=\"https:\/\/test1.tzg.ink\/es\/product\/pipe-roller-forming-line\/\" \/>\n<meta property=\"og:locale\" content=\"es_ES\" \/>\n<meta property=\"og:type\" content=\"article\" \/>\n<meta property=\"og:title\" content=\"L\u00ednea Octogonal Del Rodillo Del Tubo Que Forma - LMS Roll Forming Machine\" \/>\n<meta property=\"og:description\" content=\"L\u00ednea Octogonal Del Rodillo Del Tubo Que Forma especificaci\u00f3n de m\u00e1quina aqu\u00ed est\u00e1 la especificaci\u00f3n para la m\u00e1quina que hicimos para otros clientes antes, por favor revise su referencia, as\u00ed como tambi\u00e9n las fotos. un conjunto completo de l\u00ednea de producci\u00f3n consta de las siguientes unidades: informaci\u00f3n de productos Par\u00e1metro t\u00e9cnico de piper octagonal de [&hellip;]\" \/>\n<meta property=\"og:url\" content=\"https:\/\/test1.tzg.ink\/es\/product\/pipe-roller-forming-line\/\" \/>\n<meta property=\"og:site_name\" content=\"LMS Roll Forming Machine\" \/>\n<meta property=\"article:modified_time\" content=\"2024-04-07T06:04:05+00:00\" \/>\n<meta property=\"og:image\" content=\"https:\/\/test1.tzg.ink\/wp-content\/uploads\/2024\/01\/5_2-1.jpg\" \/>\n\t<meta property=\"og:image:width\" content=\"550\" \/>\n\t<meta property=\"og:image:height\" content=\"413\" \/>\n\t<meta property=\"og:image:type\" content=\"image\/jpeg\" \/>\n<meta name=\"twitter:card\" content=\"summary_large_image\" \/>\n<meta name=\"twitter:label1\" content=\"Tiempo de lectura\" \/>\n\t<meta name=\"twitter:data1\" content=\"1 minuto\" \/>\n<script type=\"application\/ld+json\" class=\"yoast-schema-graph\">{\"@context\":\"https:\/\/schema.org\",\"@graph\":[{\"@type\":\"WebPage\",\"@id\":\"https:\/\/test1.tzg.ink\/es\/product\/pipe-roller-forming-line\/\",\"url\":\"https:\/\/test1.tzg.ink\/es\/product\/pipe-roller-forming-line\/\",\"name\":\"L\u00ednea Octogonal Del Rodillo Del Tubo Que Forma - LMS Roll Forming Machine\",\"isPartOf\":{\"@id\":\"https:\/\/test1.tzg.ink\/#website\"},\"primaryImageOfPage\":{\"@id\":\"https:\/\/test1.tzg.ink\/es\/product\/pipe-roller-forming-line\/#primaryimage\"},\"image\":{\"@id\":\"https:\/\/test1.tzg.ink\/es\/product\/pipe-roller-forming-line\/#primaryimage\"},\"thumbnailUrl\":\"https:\/\/test1.tzg.ink\/wp-content\/uploads\/2024\/01\/5_2-1.jpg\",\"datePublished\":\"2019-05-04T19:41:01+00:00\",\"dateModified\":\"2024-04-07T06:04:05+00:00\",\"breadcrumb\":{\"@id\":\"https:\/\/test1.tzg.ink\/es\/product\/pipe-roller-forming-line\/#breadcrumb\"},\"inLanguage\":\"es\",\"potentialAction\":[{\"@type\":\"ReadAction\",\"target\":[\"https:\/\/test1.tzg.ink\/es\/product\/pipe-roller-forming-line\/\"]}]},{\"@type\":\"ImageObject\",\"inLanguage\":\"es\",\"@id\":\"https:\/\/test1.tzg.ink\/es\/product\/pipe-roller-forming-line\/#primaryimage\",\"url\":\"https:\/\/test1.tzg.ink\/wp-content\/uploads\/2024\/01\/5_2-1.jpg\",\"contentUrl\":\"https:\/\/test1.tzg.ink\/wp-content\/uploads\/2024\/01\/5_2-1.jpg\",\"width\":550,\"height\":413},{\"@type\":\"BreadcrumbList\",\"@id\":\"https:\/\/test1.tzg.ink\/es\/product\/pipe-roller-forming-line\/#breadcrumb\",\"itemListElement\":[{\"@type\":\"ListItem\",\"position\":1,\"name\":\"Home\",\"item\":\"https:\/\/test1.tzg.ink\/es\/\"},{\"@type\":\"ListItem\",\"position\":2,\"name\":\"Products\",\"item\":\"https:\/\/test1.tzg.ink\/ar\/product\/\"},{\"@type\":\"ListItem\",\"position\":3,\"name\":\"L\u00ednea Octogonal Del Rodillo Del Tubo Que Forma\"}]},{\"@type\":\"WebSite\",\"@id\":\"https:\/\/test1.tzg.ink\/#website\",\"url\":\"https:\/\/test1.tzg.ink\/\",\"name\":\"LMS Roll Forming Machine\",\"description\":\"LMS MACHINERY CHINA PROFESSIONAL COLD ROLL FORMING MACHINE PROVIDER PROFESSIONAL CHOICE, PROFESSIONAL SERVICE\",\"potentialAction\":[{\"@type\":\"SearchAction\",\"target\":{\"@type\":\"EntryPoint\",\"urlTemplate\":\"https:\/\/test1.tzg.ink\/?s={search_term_string}\"},\"query-input\":{\"@type\":\"PropertyValueSpecification\",\"valueRequired\":true,\"valueName\":\"search_term_string\"}}],\"inLanguage\":\"es\"}]}<\/script>\n<!-- \/ Yoast SEO plugin. -->","yoast_head_json":{"title":"L\u00ednea Octogonal Del Rodillo Del Tubo Que Forma - LMS Roll Forming Machine","robots":{"index":"index","follow":"follow","max-snippet":"max-snippet:-1","max-image-preview":"max-image-preview:large","max-video-preview":"max-video-preview:-1"},"canonical":"https:\/\/test1.tzg.ink\/es\/product\/pipe-roller-forming-line\/","og_locale":"es_ES","og_type":"article","og_title":"L\u00ednea Octogonal Del Rodillo Del Tubo Que Forma - LMS Roll Forming Machine","og_description":"L\u00ednea Octogonal Del Rodillo Del Tubo Que Forma especificaci\u00f3n de m\u00e1quina aqu\u00ed est\u00e1 la especificaci\u00f3n para la m\u00e1quina que hicimos para otros clientes antes, por favor revise su referencia, as\u00ed como tambi\u00e9n las fotos. un conjunto completo de l\u00ednea de producci\u00f3n consta de las siguientes unidades: informaci\u00f3n de productos Par\u00e1metro t\u00e9cnico de piper octagonal de [&hellip;]","og_url":"https:\/\/test1.tzg.ink\/es\/product\/pipe-roller-forming-line\/","og_site_name":"LMS Roll Forming Machine","article_modified_time":"2024-04-07T06:04:05+00:00","og_image":[{"width":550,"height":413,"url":"https:\/\/test1.tzg.ink\/wp-content\/uploads\/2024\/01\/5_2-1.jpg","type":"image\/jpeg"}],"twitter_card":"summary_large_image","twitter_misc":{"Tiempo de lectura":"1 minuto"},"schema":{"@context":"https:\/\/schema.org","@graph":[{"@type":"WebPage","@id":"https:\/\/test1.tzg.ink\/es\/product\/pipe-roller-forming-line\/","url":"https:\/\/test1.tzg.ink\/es\/product\/pipe-roller-forming-line\/","name":"L\u00ednea Octogonal Del Rodillo Del Tubo Que Forma - LMS Roll Forming Machine","isPartOf":{"@id":"https:\/\/test1.tzg.ink\/#website"},"primaryImageOfPage":{"@id":"https:\/\/test1.tzg.ink\/es\/product\/pipe-roller-forming-line\/#primaryimage"},"image":{"@id":"https:\/\/test1.tzg.ink\/es\/product\/pipe-roller-forming-line\/#primaryimage"},"thumbnailUrl":"https:\/\/test1.tzg.ink\/wp-content\/uploads\/2024\/01\/5_2-1.jpg","datePublished":"2019-05-04T19:41:01+00:00","dateModified":"2024-04-07T06:04:05+00:00","breadcrumb":{"@id":"https:\/\/test1.tzg.ink\/es\/product\/pipe-roller-forming-line\/#breadcrumb"},"inLanguage":"es","potentialAction":[{"@type":"ReadAction","target":["https:\/\/test1.tzg.ink\/es\/product\/pipe-roller-forming-line\/"]}]},{"@type":"ImageObject","inLanguage":"es","@id":"https:\/\/test1.tzg.ink\/es\/product\/pipe-roller-forming-line\/#primaryimage","url":"https:\/\/test1.tzg.ink\/wp-content\/uploads\/2024\/01\/5_2-1.jpg","contentUrl":"https:\/\/test1.tzg.ink\/wp-content\/uploads\/2024\/01\/5_2-1.jpg","width":550,"height":413},{"@type":"BreadcrumbList","@id":"https:\/\/test1.tzg.ink\/es\/product\/pipe-roller-forming-line\/#breadcrumb","itemListElement":[{"@type":"ListItem","position":1,"name":"Home","item":"https:\/\/test1.tzg.ink\/es\/"},{"@type":"ListItem","position":2,"name":"Products","item":"https:\/\/test1.tzg.ink\/ar\/product\/"},{"@type":"ListItem","position":3,"name":"L\u00ednea Octogonal Del Rodillo Del Tubo Que Forma"}]},{"@type":"WebSite","@id":"https:\/\/test1.tzg.ink\/#website","url":"https:\/\/test1.tzg.ink\/","name":"LMS Roll Forming Machine","description":"LMS MACHINERY CHINA PROFESSIONAL COLD ROLL FORMING MACHINE PROVIDER PROFESSIONAL CHOICE, PROFESSIONAL SERVICE","potentialAction":[{"@type":"SearchAction","target":{"@type":"EntryPoint","urlTemplate":"https:\/\/test1.tzg.ink\/?s={search_term_string}"},"query-input":{"@type":"PropertyValueSpecification","valueRequired":true,"valueName":"search_term_string"}}],"inLanguage":"es"}]}},"_links":{"self":[{"href":"https:\/\/test1.tzg.ink\/es\/wp-json\/wp\/v2\/product\/8793","targetHints":{"allow":["GET"]}}],"collection":[{"href":"https:\/\/test1.tzg.ink\/es\/wp-json\/wp\/v2\/product"}],"about":[{"href":"https:\/\/test1.tzg.ink\/es\/wp-json\/wp\/v2\/types\/product"}],"wp:featuredmedia":[{"embeddable":true,"href":"https:\/\/test1.tzg.ink\/es\/wp-json\/wp\/v2\/media\/8800"}],"wp:attachment":[{"href":"https:\/\/test1.tzg.ink\/es\/wp-json\/wp\/v2\/media?parent=8793"}],"wp:term":[{"taxonomy":"product-type","embeddable":true,"href":"https:\/\/test1.tzg.ink\/es\/wp-json\/wp\/v2\/product-type?post=8793"}],"curies":[{"name":"wp","href":"https:\/\/api.w.org\/{rel}","templated":true}]}}