{"id":8788,"date":"2019-05-05T03:23:56","date_gmt":"2019-05-04T19:23:56","guid":{"rendered":"https:\/\/test1.tzg.ink\/product\/marco-de-perforacion-del-agujero-del-marco-de-puerta-que-forma-la-cadena-de-produccion\/"},"modified":"2024-04-07T15:06:30","modified_gmt":"2024-04-07T07:06:30","slug":"door-frame-hole-drilling-frame-forming-production-line","status":"publish","type":"product","link":"https:\/\/test1.tzg.ink\/es\/product\/door-frame-hole-drilling-frame-forming-production-line\/","title":{"rendered":"Marco De Perforaci\u00f3n Del Agujero Del Marco De Puerta Que Forma La Cadena De Producci\u00f3n"},"content":{"rendered":"\n<h2 class=\"wp-block-heading has-text-align-center\">Marco De Perforaci\u00f3n Del Agujero Del Marco De Puerta Que Forma La Cadena De Producci\u00f3n<\/h2>\n\n\n\n<p>1.decoiler: 1 conjunto<\/p>\n\n\n\n<p>(1) max. ancho: 400 mm<\/p>\n\n\n\n<p>(2) di\u00e1metro interior: \u03a6350 &#8211; \u03a6400 mm<\/p>\n\n\n\n<p>(3) di\u00e1metro de salida: 1500 mm<\/p>\n\n\n\n<p>(4) max. capacidad de carga: 3000 kgs<\/p>\n\n\n\n<p>(5) tipo de funcionamiento hidr\u00e1ulico: expansi\u00f3n hidr\u00e1ulica para apretar la bobina<\/p>\n\n\n\n<p>(6) sin energ\u00eda: equipado con dispositivo de rotura de correa<\/p>\n\n\n\n<p>M\u00e1quina 2.leveling: 1 sistema<\/p>\n\n\n\n<p>(1) max. ancho: 400 mm<\/p>\n\n\n\n<p>(2) espesor: 1.5 mm<\/p>\n\n\n\n<p>(3) rodillos para nivelar: 11 rodillos<\/p>\n\n\n\n<p>(4) material para rodillos: acero gcr15<\/p>\n\n\n\n<p>(5) dureza para el tratamiento t\u00e9rmico: hrc55 &#8211; 57<\/p>\n\n\n\n<p>(6) potencia del motor: 2.2 kw<\/p>\n\n\n\n<p>(7) velocidad de nivelaci\u00f3n: 10 m \/ min<\/p>\n\n\n\n<p>Punz\u00f3n hidr\u00e1ulico c\u00f3nico 3.assorted &#8211; para \u00e1ngulo de perforaci\u00f3n de 45 \u00b0 agujero<\/p>\n\n\n\n<p>(1) adoptado con 3 punzones hidr\u00e1ulicos independientes de 4 pilares.<\/p>\n\n\n\n<p>(2) longitud de la mesa de ponche: 6 m<\/p>\n\n\n\n<p>(3) motor para golpe hidr\u00e1ulico: 5.5 kw<\/p>\n\n\n\n<p>(4) perforaci\u00f3n de agujeros modular: 3 fotos<\/p>\n\n\n\n<ol class=\"wp-block-list\" start=\"4\">\n<li>rollo que forma la m\u00e1quina : 1 set<\/li>\n<\/ol>\n\n\n\n<p>(1rolled material: hoja de acero laminada en fr\u00edo<\/p>\n\n\n\n<p>(2) espesor del material: 1.2 mm<\/p>\n\n\n\n<p>(3) rodillos: grupo 24<\/p>\n\n\n\n<p>(4) material para rodillos: acero gcr15<\/p>\n\n\n\n<p>(5) dureza para el tratamiento t\u00e9rmico: hrc55 &#8211; 57<\/p>\n\n\n\n<p>(6) potencia del motor: 15 kw<\/p>\n\n\n\n<p>(7) modelo de reductor de velocidad: qz 400<\/p>\n\n\n\n<p>(8) velocidad de laminaci\u00f3n: 2 &#8211; 8 m \/ min; ajustable<\/p>\n\n\n\n<p>(9) marco de descarga neum\u00e1tica: 6 m<\/p>\n\n\n\n<p>Dispositivo 5.cut-off: 1 sistema<\/p>\n\n\n\n<p>(1) material para corte modular: acero gcr12<\/p>\n\n\n\n<p>(2) dureza para el tratamiento t\u00e9rmico: hrc59 &#8211; 61<\/p>\n\n\n\n<p>(3) tipo de corte: hidr\u00e1ulico, corte autom\u00e1tico<\/p>\n\n\n\n<p>(4) corte modular: 1 conjunto<\/p>\n\n\n\n<p>(5) motor para el soporte hidr\u00e1ulico: 2.2 kw<\/p>\n\n\n\n<p>Sistema de control 6.electronic<\/p>\n\n\n\n<p>(1) el alimentador adopta el servomotor.<\/p>\n\n\n\n<p>(2) el ajustador de velocidad de la m\u00e1quina principal adopta el convertidor de frecuencia.<\/p>\n\n\n\n<p>(3) por plc in mit<\/p>\n","protected":false},"excerpt":{"rendered":"<p>Marco De Perforaci\u00f3n Del Agujero Del Marco De Puerta Que Forma La Cadena De Producci\u00f3n 1.decoiler: 1 conjunto (1) max. ancho: 400 mm (2) di\u00e1metro interior: \u03a6350 &#8211; \u03a6400 mm (3) di\u00e1metro de salida: 1500 mm (4) max. capacidad de carga: 3000 kgs (5) tipo de funcionamiento hidr\u00e1ulico: expansi\u00f3n hidr\u00e1ulica para apretar la bobina (6) [&hellip;]<\/p>\n","protected":false},"featured_media":8792,"template":"","product-type":[203],"class_list":["post-8788","product","type-product","status-publish","has-post-thumbnail","hentry","product-type-door-furniture-machine-es"],"acf":[],"yoast_head":"<!-- This site is optimized with the Yoast SEO plugin v26.6 - https:\/\/yoast.com\/wordpress\/plugins\/seo\/ -->\n<title>Marco De Perforaci\u00f3n Del Agujero Del Marco De Puerta Que Forma La Cadena De Producci\u00f3n - LMS Roll Forming Machine<\/title>\n<meta name=\"robots\" content=\"index, follow, max-snippet:-1, max-image-preview:large, max-video-preview:-1\" \/>\n<link rel=\"canonical\" href=\"https:\/\/test1.tzg.ink\/es\/product\/door-frame-hole-drilling-frame-forming-production-line\/\" \/>\n<meta property=\"og:locale\" content=\"es_ES\" \/>\n<meta property=\"og:type\" content=\"article\" \/>\n<meta property=\"og:title\" content=\"Marco De Perforaci\u00f3n Del Agujero Del Marco De Puerta Que Forma La Cadena De Producci\u00f3n - LMS Roll Forming Machine\" \/>\n<meta property=\"og:description\" content=\"Marco De Perforaci\u00f3n Del Agujero Del Marco De Puerta Que Forma La Cadena De Producci\u00f3n 1.decoiler: 1 conjunto (1) max. ancho: 400 mm (2) di\u00e1metro interior: \u03a6350 &#8211; \u03a6400 mm (3) di\u00e1metro de salida: 1500 mm (4) max. capacidad de carga: 3000 kgs (5) tipo de funcionamiento hidr\u00e1ulico: expansi\u00f3n hidr\u00e1ulica para apretar la bobina (6) [&hellip;]\" \/>\n<meta property=\"og:url\" content=\"https:\/\/test1.tzg.ink\/es\/product\/door-frame-hole-drilling-frame-forming-production-line\/\" \/>\n<meta property=\"og:site_name\" content=\"LMS Roll Forming Machine\" \/>\n<meta property=\"article:modified_time\" content=\"2024-04-07T07:06:30+00:00\" \/>\n<meta property=\"og:image\" content=\"https:\/\/test1.tzg.ink\/wp-content\/uploads\/2024\/01\/5-4.jpg\" \/>\n\t<meta property=\"og:image:width\" content=\"550\" \/>\n\t<meta property=\"og:image:height\" content=\"413\" \/>\n\t<meta property=\"og:image:type\" content=\"image\/jpeg\" \/>\n<meta name=\"twitter:card\" content=\"summary_large_image\" \/>\n<meta name=\"twitter:label1\" content=\"Tiempo de lectura\" \/>\n\t<meta name=\"twitter:data1\" content=\"1 minuto\" \/>\n<script type=\"application\/ld+json\" class=\"yoast-schema-graph\">{\"@context\":\"https:\/\/schema.org\",\"@graph\":[{\"@type\":\"WebPage\",\"@id\":\"https:\/\/test1.tzg.ink\/es\/product\/door-frame-hole-drilling-frame-forming-production-line\/\",\"url\":\"https:\/\/test1.tzg.ink\/es\/product\/door-frame-hole-drilling-frame-forming-production-line\/\",\"name\":\"Marco De Perforaci\u00f3n Del Agujero Del Marco De Puerta Que Forma La Cadena De Producci\u00f3n - LMS Roll Forming Machine\",\"isPartOf\":{\"@id\":\"https:\/\/test1.tzg.ink\/#website\"},\"primaryImageOfPage\":{\"@id\":\"https:\/\/test1.tzg.ink\/es\/product\/door-frame-hole-drilling-frame-forming-production-line\/#primaryimage\"},\"image\":{\"@id\":\"https:\/\/test1.tzg.ink\/es\/product\/door-frame-hole-drilling-frame-forming-production-line\/#primaryimage\"},\"thumbnailUrl\":\"https:\/\/test1.tzg.ink\/wp-content\/uploads\/2024\/01\/5-4.jpg\",\"datePublished\":\"2019-05-04T19:23:56+00:00\",\"dateModified\":\"2024-04-07T07:06:30+00:00\",\"breadcrumb\":{\"@id\":\"https:\/\/test1.tzg.ink\/es\/product\/door-frame-hole-drilling-frame-forming-production-line\/#breadcrumb\"},\"inLanguage\":\"es\",\"potentialAction\":[{\"@type\":\"ReadAction\",\"target\":[\"https:\/\/test1.tzg.ink\/es\/product\/door-frame-hole-drilling-frame-forming-production-line\/\"]}]},{\"@type\":\"ImageObject\",\"inLanguage\":\"es\",\"@id\":\"https:\/\/test1.tzg.ink\/es\/product\/door-frame-hole-drilling-frame-forming-production-line\/#primaryimage\",\"url\":\"https:\/\/test1.tzg.ink\/wp-content\/uploads\/2024\/01\/5-4.jpg\",\"contentUrl\":\"https:\/\/test1.tzg.ink\/wp-content\/uploads\/2024\/01\/5-4.jpg\",\"width\":550,\"height\":413},{\"@type\":\"BreadcrumbList\",\"@id\":\"https:\/\/test1.tzg.ink\/es\/product\/door-frame-hole-drilling-frame-forming-production-line\/#breadcrumb\",\"itemListElement\":[{\"@type\":\"ListItem\",\"position\":1,\"name\":\"Home\",\"item\":\"https:\/\/test1.tzg.ink\/es\/\"},{\"@type\":\"ListItem\",\"position\":2,\"name\":\"Products\",\"item\":\"https:\/\/test1.tzg.ink\/ar\/product\/\"},{\"@type\":\"ListItem\",\"position\":3,\"name\":\"Marco De Perforaci\u00f3n Del Agujero Del Marco De Puerta Que Forma La Cadena De Producci\u00f3n\"}]},{\"@type\":\"WebSite\",\"@id\":\"https:\/\/test1.tzg.ink\/#website\",\"url\":\"https:\/\/test1.tzg.ink\/\",\"name\":\"LMS Roll Forming Machine\",\"description\":\"LMS MACHINERY CHINA PROFESSIONAL COLD ROLL FORMING MACHINE PROVIDER PROFESSIONAL CHOICE, PROFESSIONAL SERVICE\",\"potentialAction\":[{\"@type\":\"SearchAction\",\"target\":{\"@type\":\"EntryPoint\",\"urlTemplate\":\"https:\/\/test1.tzg.ink\/?s={search_term_string}\"},\"query-input\":{\"@type\":\"PropertyValueSpecification\",\"valueRequired\":true,\"valueName\":\"search_term_string\"}}],\"inLanguage\":\"es\"}]}<\/script>\n<!-- \/ Yoast SEO plugin. -->","yoast_head_json":{"title":"Marco De Perforaci\u00f3n Del Agujero Del Marco De Puerta Que Forma La Cadena De Producci\u00f3n - LMS Roll Forming Machine","robots":{"index":"index","follow":"follow","max-snippet":"max-snippet:-1","max-image-preview":"max-image-preview:large","max-video-preview":"max-video-preview:-1"},"canonical":"https:\/\/test1.tzg.ink\/es\/product\/door-frame-hole-drilling-frame-forming-production-line\/","og_locale":"es_ES","og_type":"article","og_title":"Marco De Perforaci\u00f3n Del Agujero Del Marco De Puerta Que Forma La Cadena De Producci\u00f3n - LMS Roll Forming Machine","og_description":"Marco De Perforaci\u00f3n Del Agujero Del Marco De Puerta Que Forma La Cadena De Producci\u00f3n 1.decoiler: 1 conjunto (1) max. ancho: 400 mm (2) di\u00e1metro interior: \u03a6350 &#8211; \u03a6400 mm (3) di\u00e1metro de salida: 1500 mm (4) max. capacidad de carga: 3000 kgs (5) tipo de funcionamiento hidr\u00e1ulico: expansi\u00f3n hidr\u00e1ulica para apretar la bobina (6) [&hellip;]","og_url":"https:\/\/test1.tzg.ink\/es\/product\/door-frame-hole-drilling-frame-forming-production-line\/","og_site_name":"LMS Roll Forming Machine","article_modified_time":"2024-04-07T07:06:30+00:00","og_image":[{"width":550,"height":413,"url":"https:\/\/test1.tzg.ink\/wp-content\/uploads\/2024\/01\/5-4.jpg","type":"image\/jpeg"}],"twitter_card":"summary_large_image","twitter_misc":{"Tiempo de lectura":"1 minuto"},"schema":{"@context":"https:\/\/schema.org","@graph":[{"@type":"WebPage","@id":"https:\/\/test1.tzg.ink\/es\/product\/door-frame-hole-drilling-frame-forming-production-line\/","url":"https:\/\/test1.tzg.ink\/es\/product\/door-frame-hole-drilling-frame-forming-production-line\/","name":"Marco De Perforaci\u00f3n Del Agujero Del Marco De Puerta Que Forma La Cadena De Producci\u00f3n - LMS Roll Forming Machine","isPartOf":{"@id":"https:\/\/test1.tzg.ink\/#website"},"primaryImageOfPage":{"@id":"https:\/\/test1.tzg.ink\/es\/product\/door-frame-hole-drilling-frame-forming-production-line\/#primaryimage"},"image":{"@id":"https:\/\/test1.tzg.ink\/es\/product\/door-frame-hole-drilling-frame-forming-production-line\/#primaryimage"},"thumbnailUrl":"https:\/\/test1.tzg.ink\/wp-content\/uploads\/2024\/01\/5-4.jpg","datePublished":"2019-05-04T19:23:56+00:00","dateModified":"2024-04-07T07:06:30+00:00","breadcrumb":{"@id":"https:\/\/test1.tzg.ink\/es\/product\/door-frame-hole-drilling-frame-forming-production-line\/#breadcrumb"},"inLanguage":"es","potentialAction":[{"@type":"ReadAction","target":["https:\/\/test1.tzg.ink\/es\/product\/door-frame-hole-drilling-frame-forming-production-line\/"]}]},{"@type":"ImageObject","inLanguage":"es","@id":"https:\/\/test1.tzg.ink\/es\/product\/door-frame-hole-drilling-frame-forming-production-line\/#primaryimage","url":"https:\/\/test1.tzg.ink\/wp-content\/uploads\/2024\/01\/5-4.jpg","contentUrl":"https:\/\/test1.tzg.ink\/wp-content\/uploads\/2024\/01\/5-4.jpg","width":550,"height":413},{"@type":"BreadcrumbList","@id":"https:\/\/test1.tzg.ink\/es\/product\/door-frame-hole-drilling-frame-forming-production-line\/#breadcrumb","itemListElement":[{"@type":"ListItem","position":1,"name":"Home","item":"https:\/\/test1.tzg.ink\/es\/"},{"@type":"ListItem","position":2,"name":"Products","item":"https:\/\/test1.tzg.ink\/ar\/product\/"},{"@type":"ListItem","position":3,"name":"Marco De Perforaci\u00f3n Del Agujero Del Marco De Puerta Que Forma La Cadena De Producci\u00f3n"}]},{"@type":"WebSite","@id":"https:\/\/test1.tzg.ink\/#website","url":"https:\/\/test1.tzg.ink\/","name":"LMS Roll Forming Machine","description":"LMS MACHINERY CHINA PROFESSIONAL COLD ROLL FORMING MACHINE PROVIDER PROFESSIONAL CHOICE, PROFESSIONAL SERVICE","potentialAction":[{"@type":"SearchAction","target":{"@type":"EntryPoint","urlTemplate":"https:\/\/test1.tzg.ink\/?s={search_term_string}"},"query-input":{"@type":"PropertyValueSpecification","valueRequired":true,"valueName":"search_term_string"}}],"inLanguage":"es"}]}},"_links":{"self":[{"href":"https:\/\/test1.tzg.ink\/es\/wp-json\/wp\/v2\/product\/8788","targetHints":{"allow":["GET"]}}],"collection":[{"href":"https:\/\/test1.tzg.ink\/es\/wp-json\/wp\/v2\/product"}],"about":[{"href":"https:\/\/test1.tzg.ink\/es\/wp-json\/wp\/v2\/types\/product"}],"wp:featuredmedia":[{"embeddable":true,"href":"https:\/\/test1.tzg.ink\/es\/wp-json\/wp\/v2\/media\/8792"}],"wp:attachment":[{"href":"https:\/\/test1.tzg.ink\/es\/wp-json\/wp\/v2\/media?parent=8788"}],"wp:term":[{"taxonomy":"product-type","embeddable":true,"href":"https:\/\/test1.tzg.ink\/es\/wp-json\/wp\/v2\/product-type?post=8788"}],"curies":[{"name":"wp","href":"https:\/\/api.w.org\/{rel}","templated":true}]}}