{"id":8773,"date":"2019-05-05T02:43:10","date_gmt":"2019-05-04T18:43:10","guid":{"rendered":"https:\/\/test1.tzg.ink\/product\/linea-de-produccion-automatica-de-bandeja-de-cable-perforada\/"},"modified":"2024-04-07T13:57:21","modified_gmt":"2024-04-07T05:57:21","slug":"automatic-perforated-cable-tray-production-line","status":"publish","type":"product","link":"https:\/\/test1.tzg.ink\/es\/product\/automatic-perforated-cable-tray-production-line\/","title":{"rendered":"L\u00ednea De Producci\u00f3n Autom\u00e1tica De Bandeja De Cable Perforada"},"content":{"rendered":"\n<h2 class=\"wp-block-heading has-text-align-center\">rollo de bandeja de cable que forma la m\u00e1quina<\/h2>\n\n\n\n<p>la l\u00ednea de producci\u00f3n de bandejas portacables totalmente autom\u00e1tica es un equipo especial de l\u00ednea de producci\u00f3n especialmente dise\u00f1ado para fabricantes de sistemas de soporte de cables para industrias marinas y de alta mar, y en tierra, construcci\u00f3n, etc.<\/p>\n\n\n\n<p><\/p>\n","protected":false},"excerpt":{"rendered":"<p>rollo de bandeja de cable que forma la m\u00e1quina la l\u00ednea de producci\u00f3n de bandejas portacables totalmente autom\u00e1tica es un equipo especial de l\u00ednea de producci\u00f3n especialmente dise\u00f1ado para fabricantes de sistemas de soporte de cables para industrias marinas y de alta mar, y en tierra, construcci\u00f3n, etc.<\/p>\n","protected":false},"featured_media":8779,"template":"","product-type":[206],"class_list":["post-8773","product","type-product","status-publish","has-post-thumbnail","hentry","product-type-electrical-machine-es"],"acf":[],"yoast_head":"<!-- This site is optimized with the Yoast SEO plugin v26.6 - https:\/\/yoast.com\/wordpress\/plugins\/seo\/ -->\n<title>L\u00ednea De Producci\u00f3n Autom\u00e1tica De Bandeja De Cable Perforada - LMS Roll Forming Machine<\/title>\n<meta name=\"robots\" content=\"index, follow, max-snippet:-1, max-image-preview:large, max-video-preview:-1\" \/>\n<link rel=\"canonical\" href=\"https:\/\/test1.tzg.ink\/es\/product\/automatic-perforated-cable-tray-production-line\/\" \/>\n<meta property=\"og:locale\" content=\"es_ES\" \/>\n<meta property=\"og:type\" content=\"article\" \/>\n<meta property=\"og:title\" content=\"L\u00ednea De Producci\u00f3n Autom\u00e1tica De Bandeja De Cable Perforada - LMS Roll Forming Machine\" \/>\n<meta property=\"og:description\" content=\"rollo de bandeja de cable que forma la m\u00e1quina la l\u00ednea de producci\u00f3n de bandejas portacables totalmente autom\u00e1tica es un equipo especial de l\u00ednea de producci\u00f3n especialmente dise\u00f1ado para fabricantes de sistemas de soporte de cables para industrias marinas y de alta mar, y en tierra, construcci\u00f3n, etc.\" \/>\n<meta property=\"og:url\" content=\"https:\/\/test1.tzg.ink\/es\/product\/automatic-perforated-cable-tray-production-line\/\" \/>\n<meta property=\"og:site_name\" content=\"LMS Roll Forming Machine\" \/>\n<meta property=\"article:modified_time\" content=\"2024-04-07T05:57:21+00:00\" \/>\n<meta property=\"og:image\" content=\"https:\/\/test1.tzg.ink\/wp-content\/uploads\/2024\/01\/91afa0e7a9db9824922c6691a84bdcf4_medium.jpg\" \/>\n\t<meta property=\"og:image:width\" content=\"550\" \/>\n\t<meta property=\"og:image:height\" content=\"413\" \/>\n\t<meta property=\"og:image:type\" content=\"image\/jpeg\" \/>\n<meta name=\"twitter:card\" content=\"summary_large_image\" \/>\n<script type=\"application\/ld+json\" class=\"yoast-schema-graph\">{\"@context\":\"https:\/\/schema.org\",\"@graph\":[{\"@type\":\"WebPage\",\"@id\":\"https:\/\/test1.tzg.ink\/es\/product\/automatic-perforated-cable-tray-production-line\/\",\"url\":\"https:\/\/test1.tzg.ink\/es\/product\/automatic-perforated-cable-tray-production-line\/\",\"name\":\"L\u00ednea De Producci\u00f3n Autom\u00e1tica De Bandeja De Cable Perforada - LMS Roll Forming Machine\",\"isPartOf\":{\"@id\":\"https:\/\/test1.tzg.ink\/#website\"},\"primaryImageOfPage\":{\"@id\":\"https:\/\/test1.tzg.ink\/es\/product\/automatic-perforated-cable-tray-production-line\/#primaryimage\"},\"image\":{\"@id\":\"https:\/\/test1.tzg.ink\/es\/product\/automatic-perforated-cable-tray-production-line\/#primaryimage\"},\"thumbnailUrl\":\"https:\/\/test1.tzg.ink\/wp-content\/uploads\/2024\/01\/91afa0e7a9db9824922c6691a84bdcf4_medium.jpg\",\"datePublished\":\"2019-05-04T18:43:10+00:00\",\"dateModified\":\"2024-04-07T05:57:21+00:00\",\"breadcrumb\":{\"@id\":\"https:\/\/test1.tzg.ink\/es\/product\/automatic-perforated-cable-tray-production-line\/#breadcrumb\"},\"inLanguage\":\"es\",\"potentialAction\":[{\"@type\":\"ReadAction\",\"target\":[\"https:\/\/test1.tzg.ink\/es\/product\/automatic-perforated-cable-tray-production-line\/\"]}]},{\"@type\":\"ImageObject\",\"inLanguage\":\"es\",\"@id\":\"https:\/\/test1.tzg.ink\/es\/product\/automatic-perforated-cable-tray-production-line\/#primaryimage\",\"url\":\"https:\/\/test1.tzg.ink\/wp-content\/uploads\/2024\/01\/91afa0e7a9db9824922c6691a84bdcf4_medium.jpg\",\"contentUrl\":\"https:\/\/test1.tzg.ink\/wp-content\/uploads\/2024\/01\/91afa0e7a9db9824922c6691a84bdcf4_medium.jpg\",\"width\":550,\"height\":413},{\"@type\":\"BreadcrumbList\",\"@id\":\"https:\/\/test1.tzg.ink\/es\/product\/automatic-perforated-cable-tray-production-line\/#breadcrumb\",\"itemListElement\":[{\"@type\":\"ListItem\",\"position\":1,\"name\":\"Home\",\"item\":\"https:\/\/test1.tzg.ink\/es\/\"},{\"@type\":\"ListItem\",\"position\":2,\"name\":\"Products\",\"item\":\"https:\/\/test1.tzg.ink\/ar\/product\/\"},{\"@type\":\"ListItem\",\"position\":3,\"name\":\"L\u00ednea De Producci\u00f3n Autom\u00e1tica De Bandeja De Cable Perforada\"}]},{\"@type\":\"WebSite\",\"@id\":\"https:\/\/test1.tzg.ink\/#website\",\"url\":\"https:\/\/test1.tzg.ink\/\",\"name\":\"LMS Roll Forming Machine\",\"description\":\"LMS MACHINERY CHINA PROFESSIONAL COLD ROLL FORMING MACHINE PROVIDER PROFESSIONAL CHOICE, PROFESSIONAL SERVICE\",\"potentialAction\":[{\"@type\":\"SearchAction\",\"target\":{\"@type\":\"EntryPoint\",\"urlTemplate\":\"https:\/\/test1.tzg.ink\/?s={search_term_string}\"},\"query-input\":{\"@type\":\"PropertyValueSpecification\",\"valueRequired\":true,\"valueName\":\"search_term_string\"}}],\"inLanguage\":\"es\"}]}<\/script>\n<!-- \/ Yoast SEO plugin. -->","yoast_head_json":{"title":"L\u00ednea De Producci\u00f3n Autom\u00e1tica De Bandeja De Cable Perforada - LMS Roll Forming Machine","robots":{"index":"index","follow":"follow","max-snippet":"max-snippet:-1","max-image-preview":"max-image-preview:large","max-video-preview":"max-video-preview:-1"},"canonical":"https:\/\/test1.tzg.ink\/es\/product\/automatic-perforated-cable-tray-production-line\/","og_locale":"es_ES","og_type":"article","og_title":"L\u00ednea De Producci\u00f3n Autom\u00e1tica De Bandeja De Cable Perforada - LMS Roll Forming Machine","og_description":"rollo de bandeja de cable que forma la m\u00e1quina la l\u00ednea de producci\u00f3n de bandejas portacables totalmente autom\u00e1tica es un equipo especial de l\u00ednea de producci\u00f3n especialmente dise\u00f1ado para fabricantes de sistemas de soporte de cables para industrias marinas y de alta mar, y en tierra, construcci\u00f3n, etc.","og_url":"https:\/\/test1.tzg.ink\/es\/product\/automatic-perforated-cable-tray-production-line\/","og_site_name":"LMS Roll Forming Machine","article_modified_time":"2024-04-07T05:57:21+00:00","og_image":[{"width":550,"height":413,"url":"https:\/\/test1.tzg.ink\/wp-content\/uploads\/2024\/01\/91afa0e7a9db9824922c6691a84bdcf4_medium.jpg","type":"image\/jpeg"}],"twitter_card":"summary_large_image","schema":{"@context":"https:\/\/schema.org","@graph":[{"@type":"WebPage","@id":"https:\/\/test1.tzg.ink\/es\/product\/automatic-perforated-cable-tray-production-line\/","url":"https:\/\/test1.tzg.ink\/es\/product\/automatic-perforated-cable-tray-production-line\/","name":"L\u00ednea De Producci\u00f3n Autom\u00e1tica De Bandeja De Cable Perforada - LMS Roll Forming Machine","isPartOf":{"@id":"https:\/\/test1.tzg.ink\/#website"},"primaryImageOfPage":{"@id":"https:\/\/test1.tzg.ink\/es\/product\/automatic-perforated-cable-tray-production-line\/#primaryimage"},"image":{"@id":"https:\/\/test1.tzg.ink\/es\/product\/automatic-perforated-cable-tray-production-line\/#primaryimage"},"thumbnailUrl":"https:\/\/test1.tzg.ink\/wp-content\/uploads\/2024\/01\/91afa0e7a9db9824922c6691a84bdcf4_medium.jpg","datePublished":"2019-05-04T18:43:10+00:00","dateModified":"2024-04-07T05:57:21+00:00","breadcrumb":{"@id":"https:\/\/test1.tzg.ink\/es\/product\/automatic-perforated-cable-tray-production-line\/#breadcrumb"},"inLanguage":"es","potentialAction":[{"@type":"ReadAction","target":["https:\/\/test1.tzg.ink\/es\/product\/automatic-perforated-cable-tray-production-line\/"]}]},{"@type":"ImageObject","inLanguage":"es","@id":"https:\/\/test1.tzg.ink\/es\/product\/automatic-perforated-cable-tray-production-line\/#primaryimage","url":"https:\/\/test1.tzg.ink\/wp-content\/uploads\/2024\/01\/91afa0e7a9db9824922c6691a84bdcf4_medium.jpg","contentUrl":"https:\/\/test1.tzg.ink\/wp-content\/uploads\/2024\/01\/91afa0e7a9db9824922c6691a84bdcf4_medium.jpg","width":550,"height":413},{"@type":"BreadcrumbList","@id":"https:\/\/test1.tzg.ink\/es\/product\/automatic-perforated-cable-tray-production-line\/#breadcrumb","itemListElement":[{"@type":"ListItem","position":1,"name":"Home","item":"https:\/\/test1.tzg.ink\/es\/"},{"@type":"ListItem","position":2,"name":"Products","item":"https:\/\/test1.tzg.ink\/ar\/product\/"},{"@type":"ListItem","position":3,"name":"L\u00ednea De Producci\u00f3n Autom\u00e1tica De Bandeja De Cable Perforada"}]},{"@type":"WebSite","@id":"https:\/\/test1.tzg.ink\/#website","url":"https:\/\/test1.tzg.ink\/","name":"LMS Roll Forming Machine","description":"LMS MACHINERY CHINA PROFESSIONAL COLD ROLL FORMING MACHINE PROVIDER PROFESSIONAL CHOICE, PROFESSIONAL SERVICE","potentialAction":[{"@type":"SearchAction","target":{"@type":"EntryPoint","urlTemplate":"https:\/\/test1.tzg.ink\/?s={search_term_string}"},"query-input":{"@type":"PropertyValueSpecification","valueRequired":true,"valueName":"search_term_string"}}],"inLanguage":"es"}]}},"_links":{"self":[{"href":"https:\/\/test1.tzg.ink\/es\/wp-json\/wp\/v2\/product\/8773","targetHints":{"allow":["GET"]}}],"collection":[{"href":"https:\/\/test1.tzg.ink\/es\/wp-json\/wp\/v2\/product"}],"about":[{"href":"https:\/\/test1.tzg.ink\/es\/wp-json\/wp\/v2\/types\/product"}],"wp:featuredmedia":[{"embeddable":true,"href":"https:\/\/test1.tzg.ink\/es\/wp-json\/wp\/v2\/media\/8779"}],"wp:attachment":[{"href":"https:\/\/test1.tzg.ink\/es\/wp-json\/wp\/v2\/media?parent=8773"}],"wp:term":[{"taxonomy":"product-type","embeddable":true,"href":"https:\/\/test1.tzg.ink\/es\/wp-json\/wp\/v2\/product-type?post=8773"}],"curies":[{"name":"wp","href":"https:\/\/api.w.org\/{rel}","templated":true}]}}