{"id":8771,"date":"2019-04-29T09:37:20","date_gmt":"2019-04-29T01:37:20","guid":{"rendered":"https:\/\/test1.tzg.ink\/product\/hg165-maquina-de-fabricacion-de-tuberias-de-alta-frecuencia-del-tubo-de-la-maquina\/"},"modified":"2024-04-02T16:39:16","modified_gmt":"2024-04-02T08:39:16","slug":"hg165-pipe-making-machine-tube-machine","status":"publish","type":"product","link":"https:\/\/test1.tzg.ink\/es\/product\/hg165-pipe-making-machine-tube-machine\/","title":{"rendered":"Hg165 M\u00e1quina De Fabricaci\u00f3n De Tuber\u00edas De Alta Frecuencia Del Tubo De La M\u00e1quina"},"content":{"rendered":"\n<h2 class=\"wp-block-heading has-text-align-center\">Hg165 M\u00e1quina De Fabricaci\u00f3n De Tuber\u00edas De Alta Frecuencia Del Tubo De La M\u00e1quina<\/h2>\n\n\n<p>Informaci&oacute;n del Producto<\/p>\n<p>&#13;<\/p>\n<p>capacidad<\/p>\n<p>&#13;<\/p>\n<ol>&#13;<\/p>\n<li>Di&aacute;metro de la tuber&iacute;a: 76 mm ~ 165 mm<\/li>\n<p>&#13;<\/p>\n<li>espesor de la pared: 2.0mm ~ 6.0mm<\/li>\n<p>&#13;<\/p>\n<li>velocidad de molienda: 20 ~ 50 m \/ min<\/li>\n<p>&#13;<\/p>\n<li>material: acero con bajo contenido de carbono \/ acero de baja aleaci&oacute;n &delta;s &le; 345mpa, &delta;b &le; 610mpa<\/li>\n<p>&#13;<\/p>\n<li>no.<\/li>\n<p>&#13;\n<\/ol>\n<p>&#13;<\/p>\n<p>nombre del equipo<\/p>\n<p>&#13;<\/p>\n<p>cantidad<\/p>\n<p>&#13;<\/p>\n<p>observaci&oacute;n<\/p>\n<p>&#13;<\/p>\n<p>1<\/p>\n<p>&#13;<\/p>\n<p>desenrollador hidr&aacute;ulico<\/p>\n<p>&#13;<\/p>\n<p>1<\/p>\n<p>&#13;<\/p>\n<p>2<\/p>\n<p>&#13;<\/p>\n<p>acumulador de jaula<\/p>\n<p>&#13;<\/p>\n<p>1<\/p>\n<p>&#13;<\/p>\n<p>3<\/p>\n<p>&#13;<\/p>\n<p>alimentaci&oacute;n y amp; aplastamiento<\/p>\n<p>&#13;<\/p>\n<p>1<\/p>\n<p>&#13;<\/p>\n<p>4<\/p>\n<p>&#13;<\/p>\n<p>rollo que forma la m&aacute;quina<\/p>\n<p>&#13;<\/p>\n<p>1<\/p>\n<p>&#13;<\/p>\n<p>5<\/p>\n<p>&#13;<\/p>\n<p>m&aacute;quina hf<\/p>\n<p>&#13;<\/p>\n<p>1<\/p>\n<p>&#13;<\/p>\n<p>6<\/p>\n<p>&#13;<\/p>\n<p>dispositivo de limpieza de rebabas<\/p>\n<p>&#13;<\/p>\n<p>1<\/p>\n<p>&#13;<\/p>\n<p>7<\/p>\n<p>&#13;<\/p>\n<p>sistema de enfriamiento de agua<\/p>\n<p>&#13;<\/p>\n<p>1<\/p>\n<p>&#13;<\/p>\n<p>8<\/p>\n<p>&#13;<\/p>\n<p>dispositivo de dimensionamiento<\/p>\n<p>&#13;<\/p>\n<p>1<\/p>\n<p>&#13;<\/p>\n<p>9<\/p>\n<p>&#13;<\/p>\n<p>dispositivo de enderezamiento<\/p>\n<p>&#13;<\/p>\n<p>1<\/p>\n<p>&#13;<\/p>\n<p>10<\/p>\n<p>&#13;<\/p>\n<p>sistema de accionamiento principal<\/p>\n<p>&#13;<\/p>\n<p>1<\/p>\n<p>&#13;<\/p>\n<p>11<\/p>\n<p>&#13;<\/p>\n<p>cnc voladora<\/p>\n<p>&#13;<\/p>\n<p>1<\/p>\n<p>&#13;<\/p>\n<p>12<\/p>\n<p>&#13;<\/p>\n<p>tabla de agotamiento<\/p>\n<p>&#13;<\/p>\n<p>1<\/p>\n<p>&#13;<\/p>\n<p>desenrollador hidr&aacute;ulico<\/p>\n<p>&#13;<\/p>\n<ol>&#13;<\/p>\n<li>capacidad de carga: 5000kg<\/li>\n<p>&#13;<\/p>\n<li>ancho de la bobina: 240 520 mm<\/li>\n<p>&#13;<\/p>\n<li>espesor: 2.0 mm 6.0 mm<\/li>\n<p>&#13;<\/p>\n<li>di&aacute;metro interno:? 600mm? 800mm<\/li>\n<p>&#13;<\/p>\n<li>di&aacute;metro exterior:? 1200mm? 1500mm<\/li>\n<p>&#13;\n<\/ol>\n<p>&#13;<\/p>\n<p>fuente de alimentaci&oacute;n<\/p>\n<p>&#13;<\/p>\n<ol>&#13;<\/p>\n<li>potencia del motor del equipo: 160kw x 2+ 55kw + 30kw + 30kw = 435kw<\/li>\n<p>&#13;<\/p>\n<li>poder de la estaci&oacute;n de hf: 600kw<\/li>\n<p>&#13;\n<\/ol>\n<p>&#13;<\/p>\n<p>cortadora delantera y soldadora<\/p>\n<p>&#13;<\/p>\n<p>asegurar la alimentaci&oacute;n continua de material<\/p>\n<p>&#13;<\/p>\n<p>acumulador de jaula<\/p>\n<p>&#13;<\/p>\n<ol>&#13;<\/p>\n<li>capacidad de acumulaci&oacute;n: 150 300 mm<\/li>\n<p>&#13;<\/p>\n<li>velocidad de alimentaci&oacute;n: &ge; 100 m \/ min<\/li>\n<p>&#13;<\/p>\n<li>ajuste manual<\/li>\n<p>&#13;<\/p>\n<li>potencia del motor: 30kw<\/li>\n<p>&#13;\n<\/ol>\n<p>&#13;<\/p>\n<p>alimentaci&oacute;n y amp; aplanamiento y amp; rollo que forma la m&aacute;quina<\/p>\n<p>&#13;<\/p>\n<ol>&#13;<\/p>\n<li>dos rodillos de alimentaci&oacute;n y cinco rodillos de aplanamiento<\/li>\n<p>&#13;<\/p>\n<li>formando la m&aacute;quina<\/li>\n<p>&#13;\n<\/ol>\n<p>&#13;<\/p>\n<p>&#8212; estaci&oacute;n horizontal del rodillo: 7 sistemas<\/p>\n<p>&#13;<\/p>\n<p>eje del rodillo:? 110mm, 40cr<\/p>\n<p>&#13;<\/p>\n<p>material del rodillo: acero 45 #<\/p>\n<p>&#13;<\/p>\n<p>&#8212; estaci&oacute;n vertical del rodillo: 9 sistemas<\/p>\n<p>&#13;<\/p>\n<p>eje del rodillo:? 70mm, 40cr<\/p>\n<p>&#13;<\/p>\n<p>material del rodillo: acero 45 #<\/p>\n<p>&#13;<\/p>\n<p>&#8212; caja de engranajes de accionamiento: 7 juegos<\/p>\n<p>&#13;<\/p>\n<p>engranaje: 40crmnti y 40cr, eje: 40cr<\/p>\n<p>&#13;<\/p>\n<p>14 juegos de eje de transmisi&oacute;n<\/p>\n<p>&#13;<\/p>\n<p>&#8212; extrusi&oacute;n y recolecci&oacute;n de chatarra<\/p>\n<p>&#13;<\/p>\n<p>&#8212; dispositivo de limpieza de rebabas<\/p>\n<p>&#13;<\/p>\n<p>&#8212; dispositivo de dimensionamiento<\/p>\n<p>&#13;<\/p>\n<p>&#8212; enderezar el dispositivo<\/p>\n<p>&#13;<\/p>\n<p>sistema de enfriamiento de agua<\/p>\n<p>&#13;<\/p>\n<p>estaci&oacute;n de hf<\/p>\n<p>&#13;<\/p>\n<ol>&#13;<\/p>\n<li>fuente de alimentaci&oacute;n: 380 v \/ 220 v, 50 hz<\/li>\n<p>&#13;<\/p>\n<li>potencia de trabajo: 600kw<\/li>\n<p>&#13;\n<\/ol>\n<p>&#13;<\/p>\n<p>sistema de conducci&oacute;n principal<\/p>\n<p>&#13;<\/p>\n<ol>&#13;<\/p>\n<li>motor principal: serie z4, dc 160kw<\/li>\n<p>&#13;<\/p>\n<li>reductor principal: zq850-9.67<\/li>\n<p>&#13;\n<\/ol>\n<p>&#13;<\/p>\n<p>cnc voladora<\/p>\n<p>&#13;<\/p>\n<ol>&#13;<\/p>\n<li>espesor de corte: 2.0 mm 6.0 mm<\/li>\n<p>&#13;<\/p>\n<li>longitud de corte: 4 8 m<\/li>\n<p>&#13;<\/p>\n<li>corte o.d:? 76? 165 mm<\/li>\n<p>&#13;<\/p>\n<li>velocidad de corte: 6-8 cortes \/ min<\/li>\n<p>&#13;<\/p>\n<li>tolerancia de corte: &le; 6mm<\/li>\n<p>&#13;<\/p>\n<li>potencia del motor: 55 kw, motor de CA de grado 2<\/li>\n<p>&#13;\n<\/ol>","protected":false},"excerpt":{"rendered":"<p>Hg165 M\u00e1quina De Fabricaci\u00f3n De Tuber\u00edas De Alta Frecuencia Del Tubo De La M\u00e1quina Informaci&oacute;n del Producto &#13; capacidad &#13; &#13; Di&aacute;metro de la tuber&iacute;a: 76 mm ~ 165 mm &#13; espesor de la pared: 2.0mm ~ 6.0mm &#13; velocidad de molienda: 20 ~ 50 m \/ min &#13; material: acero con bajo contenido de [&hellip;]<\/p>\n","protected":false},"featured_media":8772,"template":"","product-type":[128],"class_list":["post-8771","product","type-product","status-publish","has-post-thumbnail","hentry","product-type-slitting-cut-to-length-machine-es"],"acf":[],"yoast_head":"<!-- This site is optimized with the Yoast SEO plugin v26.6 - https:\/\/yoast.com\/wordpress\/plugins\/seo\/ -->\n<title>Hg165 M\u00e1quina De Fabricaci\u00f3n De Tuber\u00edas De Alta Frecuencia Del Tubo De La M\u00e1quina - LMS Roll Forming Machine<\/title>\n<meta name=\"robots\" content=\"index, follow, max-snippet:-1, max-image-preview:large, max-video-preview:-1\" \/>\n<link rel=\"canonical\" href=\"https:\/\/test1.tzg.ink\/es\/product\/hg165-pipe-making-machine-tube-machine\/\" \/>\n<meta property=\"og:locale\" content=\"es_ES\" \/>\n<meta property=\"og:type\" content=\"article\" \/>\n<meta property=\"og:title\" content=\"Hg165 M\u00e1quina De Fabricaci\u00f3n De Tuber\u00edas De Alta Frecuencia Del Tubo De La M\u00e1quina - LMS Roll Forming Machine\" \/>\n<meta property=\"og:description\" content=\"Hg165 M\u00e1quina De Fabricaci\u00f3n De Tuber\u00edas De Alta Frecuencia Del Tubo De La M\u00e1quina Informaci&oacute;n del Producto &#013; capacidad &#013; &#013; Di&aacute;metro de la tuber&iacute;a: 76 mm ~ 165 mm &#013; espesor de la pared: 2.0mm ~ 6.0mm &#013; velocidad de molienda: 20 ~ 50 m \/ min &#013; material: acero con bajo contenido de [&hellip;]\" \/>\n<meta property=\"og:url\" content=\"https:\/\/test1.tzg.ink\/es\/product\/hg165-pipe-making-machine-tube-machine\/\" \/>\n<meta property=\"og:site_name\" content=\"LMS Roll Forming Machine\" \/>\n<meta property=\"article:modified_time\" content=\"2024-04-02T08:39:16+00:00\" \/>\n<meta property=\"og:image\" content=\"https:\/\/test1.tzg.ink\/wp-content\/uploads\/2024\/01\/1_4-2.png\" \/>\n\t<meta property=\"og:image:width\" content=\"550\" \/>\n\t<meta property=\"og:image:height\" content=\"413\" \/>\n\t<meta property=\"og:image:type\" content=\"image\/png\" \/>\n<meta name=\"twitter:card\" content=\"summary_large_image\" \/>\n<meta name=\"twitter:label1\" content=\"Tiempo de lectura\" \/>\n\t<meta name=\"twitter:data1\" content=\"2 minutos\" \/>\n<script type=\"application\/ld+json\" class=\"yoast-schema-graph\">{\"@context\":\"https:\/\/schema.org\",\"@graph\":[{\"@type\":\"WebPage\",\"@id\":\"https:\/\/test1.tzg.ink\/es\/product\/hg165-pipe-making-machine-tube-machine\/\",\"url\":\"https:\/\/test1.tzg.ink\/es\/product\/hg165-pipe-making-machine-tube-machine\/\",\"name\":\"Hg165 M\u00e1quina De Fabricaci\u00f3n De Tuber\u00edas De Alta Frecuencia Del Tubo De La M\u00e1quina - LMS Roll Forming Machine\",\"isPartOf\":{\"@id\":\"https:\/\/test1.tzg.ink\/#website\"},\"primaryImageOfPage\":{\"@id\":\"https:\/\/test1.tzg.ink\/es\/product\/hg165-pipe-making-machine-tube-machine\/#primaryimage\"},\"image\":{\"@id\":\"https:\/\/test1.tzg.ink\/es\/product\/hg165-pipe-making-machine-tube-machine\/#primaryimage\"},\"thumbnailUrl\":\"https:\/\/test1.tzg.ink\/wp-content\/uploads\/2024\/01\/1_4-2.png\",\"datePublished\":\"2019-04-29T01:37:20+00:00\",\"dateModified\":\"2024-04-02T08:39:16+00:00\",\"breadcrumb\":{\"@id\":\"https:\/\/test1.tzg.ink\/es\/product\/hg165-pipe-making-machine-tube-machine\/#breadcrumb\"},\"inLanguage\":\"es\",\"potentialAction\":[{\"@type\":\"ReadAction\",\"target\":[\"https:\/\/test1.tzg.ink\/es\/product\/hg165-pipe-making-machine-tube-machine\/\"]}]},{\"@type\":\"ImageObject\",\"inLanguage\":\"es\",\"@id\":\"https:\/\/test1.tzg.ink\/es\/product\/hg165-pipe-making-machine-tube-machine\/#primaryimage\",\"url\":\"https:\/\/test1.tzg.ink\/wp-content\/uploads\/2024\/01\/1_4-2.png\",\"contentUrl\":\"https:\/\/test1.tzg.ink\/wp-content\/uploads\/2024\/01\/1_4-2.png\",\"width\":550,\"height\":413},{\"@type\":\"BreadcrumbList\",\"@id\":\"https:\/\/test1.tzg.ink\/es\/product\/hg165-pipe-making-machine-tube-machine\/#breadcrumb\",\"itemListElement\":[{\"@type\":\"ListItem\",\"position\":1,\"name\":\"Home\",\"item\":\"https:\/\/test1.tzg.ink\/es\/\"},{\"@type\":\"ListItem\",\"position\":2,\"name\":\"Products\",\"item\":\"https:\/\/test1.tzg.ink\/ar\/product\/\"},{\"@type\":\"ListItem\",\"position\":3,\"name\":\"Hg165 M\u00e1quina De Fabricaci\u00f3n De Tuber\u00edas De Alta Frecuencia Del Tubo De La M\u00e1quina\"}]},{\"@type\":\"WebSite\",\"@id\":\"https:\/\/test1.tzg.ink\/#website\",\"url\":\"https:\/\/test1.tzg.ink\/\",\"name\":\"LMS Roll Forming Machine\",\"description\":\"LMS MACHINERY CHINA PROFESSIONAL COLD ROLL FORMING MACHINE PROVIDER PROFESSIONAL CHOICE, PROFESSIONAL SERVICE\",\"potentialAction\":[{\"@type\":\"SearchAction\",\"target\":{\"@type\":\"EntryPoint\",\"urlTemplate\":\"https:\/\/test1.tzg.ink\/?s={search_term_string}\"},\"query-input\":{\"@type\":\"PropertyValueSpecification\",\"valueRequired\":true,\"valueName\":\"search_term_string\"}}],\"inLanguage\":\"es\"}]}<\/script>\n<!-- \/ Yoast SEO plugin. -->","yoast_head_json":{"title":"Hg165 M\u00e1quina De Fabricaci\u00f3n De Tuber\u00edas De Alta Frecuencia Del Tubo De La M\u00e1quina - LMS Roll Forming Machine","robots":{"index":"index","follow":"follow","max-snippet":"max-snippet:-1","max-image-preview":"max-image-preview:large","max-video-preview":"max-video-preview:-1"},"canonical":"https:\/\/test1.tzg.ink\/es\/product\/hg165-pipe-making-machine-tube-machine\/","og_locale":"es_ES","og_type":"article","og_title":"Hg165 M\u00e1quina De Fabricaci\u00f3n De Tuber\u00edas De Alta Frecuencia Del Tubo De La M\u00e1quina - LMS Roll Forming Machine","og_description":"Hg165 M\u00e1quina De Fabricaci\u00f3n De Tuber\u00edas De Alta Frecuencia Del Tubo De La M\u00e1quina Informaci&oacute;n del Producto &#13; capacidad &#13; &#13; Di&aacute;metro de la tuber&iacute;a: 76 mm ~ 165 mm &#13; espesor de la pared: 2.0mm ~ 6.0mm &#13; velocidad de molienda: 20 ~ 50 m \/ min &#13; material: acero con bajo contenido de [&hellip;]","og_url":"https:\/\/test1.tzg.ink\/es\/product\/hg165-pipe-making-machine-tube-machine\/","og_site_name":"LMS Roll Forming Machine","article_modified_time":"2024-04-02T08:39:16+00:00","og_image":[{"width":550,"height":413,"url":"https:\/\/test1.tzg.ink\/wp-content\/uploads\/2024\/01\/1_4-2.png","type":"image\/png"}],"twitter_card":"summary_large_image","twitter_misc":{"Tiempo de lectura":"2 minutos"},"schema":{"@context":"https:\/\/schema.org","@graph":[{"@type":"WebPage","@id":"https:\/\/test1.tzg.ink\/es\/product\/hg165-pipe-making-machine-tube-machine\/","url":"https:\/\/test1.tzg.ink\/es\/product\/hg165-pipe-making-machine-tube-machine\/","name":"Hg165 M\u00e1quina De Fabricaci\u00f3n De Tuber\u00edas De Alta Frecuencia Del Tubo De La M\u00e1quina - LMS Roll Forming Machine","isPartOf":{"@id":"https:\/\/test1.tzg.ink\/#website"},"primaryImageOfPage":{"@id":"https:\/\/test1.tzg.ink\/es\/product\/hg165-pipe-making-machine-tube-machine\/#primaryimage"},"image":{"@id":"https:\/\/test1.tzg.ink\/es\/product\/hg165-pipe-making-machine-tube-machine\/#primaryimage"},"thumbnailUrl":"https:\/\/test1.tzg.ink\/wp-content\/uploads\/2024\/01\/1_4-2.png","datePublished":"2019-04-29T01:37:20+00:00","dateModified":"2024-04-02T08:39:16+00:00","breadcrumb":{"@id":"https:\/\/test1.tzg.ink\/es\/product\/hg165-pipe-making-machine-tube-machine\/#breadcrumb"},"inLanguage":"es","potentialAction":[{"@type":"ReadAction","target":["https:\/\/test1.tzg.ink\/es\/product\/hg165-pipe-making-machine-tube-machine\/"]}]},{"@type":"ImageObject","inLanguage":"es","@id":"https:\/\/test1.tzg.ink\/es\/product\/hg165-pipe-making-machine-tube-machine\/#primaryimage","url":"https:\/\/test1.tzg.ink\/wp-content\/uploads\/2024\/01\/1_4-2.png","contentUrl":"https:\/\/test1.tzg.ink\/wp-content\/uploads\/2024\/01\/1_4-2.png","width":550,"height":413},{"@type":"BreadcrumbList","@id":"https:\/\/test1.tzg.ink\/es\/product\/hg165-pipe-making-machine-tube-machine\/#breadcrumb","itemListElement":[{"@type":"ListItem","position":1,"name":"Home","item":"https:\/\/test1.tzg.ink\/es\/"},{"@type":"ListItem","position":2,"name":"Products","item":"https:\/\/test1.tzg.ink\/ar\/product\/"},{"@type":"ListItem","position":3,"name":"Hg165 M\u00e1quina De Fabricaci\u00f3n De Tuber\u00edas De Alta Frecuencia Del Tubo De La M\u00e1quina"}]},{"@type":"WebSite","@id":"https:\/\/test1.tzg.ink\/#website","url":"https:\/\/test1.tzg.ink\/","name":"LMS Roll Forming Machine","description":"LMS MACHINERY CHINA PROFESSIONAL COLD ROLL FORMING MACHINE PROVIDER PROFESSIONAL CHOICE, PROFESSIONAL SERVICE","potentialAction":[{"@type":"SearchAction","target":{"@type":"EntryPoint","urlTemplate":"https:\/\/test1.tzg.ink\/?s={search_term_string}"},"query-input":{"@type":"PropertyValueSpecification","valueRequired":true,"valueName":"search_term_string"}}],"inLanguage":"es"}]}},"_links":{"self":[{"href":"https:\/\/test1.tzg.ink\/es\/wp-json\/wp\/v2\/product\/8771","targetHints":{"allow":["GET"]}}],"collection":[{"href":"https:\/\/test1.tzg.ink\/es\/wp-json\/wp\/v2\/product"}],"about":[{"href":"https:\/\/test1.tzg.ink\/es\/wp-json\/wp\/v2\/types\/product"}],"wp:featuredmedia":[{"embeddable":true,"href":"https:\/\/test1.tzg.ink\/es\/wp-json\/wp\/v2\/media\/8772"}],"wp:attachment":[{"href":"https:\/\/test1.tzg.ink\/es\/wp-json\/wp\/v2\/media?parent=8771"}],"wp:term":[{"taxonomy":"product-type","embeddable":true,"href":"https:\/\/test1.tzg.ink\/es\/wp-json\/wp\/v2\/product-type?post=8771"}],"curies":[{"name":"wp","href":"https:\/\/api.w.org\/{rel}","templated":true}]}}