{"id":8767,"date":"2019-04-29T09:30:46","date_gmt":"2019-04-29T01:30:46","guid":{"rendered":"https:\/\/test1.tzg.ink\/product\/molino-de-tubos-de-alta-frecuencia-hg100\/"},"modified":"2024-04-02T16:27:54","modified_gmt":"2024-04-02T08:27:54","slug":"high-frequency-tube-mill-hg100","status":"publish","type":"product","link":"https:\/\/test1.tzg.ink\/es\/product\/high-frequency-tube-mill-hg100\/","title":{"rendered":"Molino De Tubos De Alta Frecuencia Hg100"},"content":{"rendered":"\n<h2 class=\"wp-block-heading has-text-align-center\"><strong>Molino De Tubos De Alta Frecuencia Hg100<\/strong><\/h2>\n\n\n\n<p>Informaci\u00f3n del Producto<\/p>\n\n\n\n<p>capacidad<\/p>\n\n\n\n<ol class=\"wp-block-list\">\n<li>di\u00e1metro de la tuber\u00eda:? 30mm? 101mm<\/li>\n<\/ol>\n\n\n\n<ol class=\"wp-block-list\">\n<li>espesor de pared: 1.5mm 4.0mm<\/li>\n<\/ol>\n\n\n\n<ol class=\"wp-block-list\">\n<li>velocidad de molienda: 20 50 m \/ min<\/li>\n<\/ol>\n\n\n\n<ol class=\"wp-block-list\">\n<li>material: acero con bajo contenido de carbono \/ acero de baja aleaci\u00f3n \u03b4s \u2264 345mpa, \u03b4b \u2264 610mpa<\/li>\n<\/ol>\n\n\n\n<ol class=\"wp-block-list\">\n<li>no.<\/li>\n<\/ol>\n\n\n\n<p>nombre del equipo cantidad observaci\u00f3n<\/p>\n\n\n\n<p>decoiler hidr\u00e1ulico 1<\/p>\n\n\n\n<p>acumulador de jaula 1<\/p>\n\n\n\n<p>alimentaci\u00f3n y amp; aplanamiento 1<\/p>\n\n\n\n<p>rollo que forma la m\u00e1quina 1<\/p>\n\n\n\n<p>m\u00e1quina hf 1<\/p>\n\n\n\n<p>dispositivo de limpieza de rebabas 1<\/p>\n\n\n\n<p>sistema de refrigeraci\u00f3n por agua 1<\/p>\n\n\n\n<p>dispositivo de dimensionamiento 1<\/p>\n\n\n\n<p>dispositivo de enderezamiento 1<\/p>\n\n\n\n<p>sistema de accionamiento principal 1<\/p>\n\n\n\n<p>cnc flying saw 1<\/p>\n\n\n\n<p>tabla de agotamiento 1<\/p>\n\n\n\n<p>desenrollador hidr\u00e1ulico<\/p>\n\n\n\n<ol class=\"wp-block-list\">\n<li>capacidad de carga: 4000 kg<\/li>\n<\/ol>\n\n\n\n<ol class=\"wp-block-list\">\n<li>ancho de la bobina: 100 340 mm<\/li>\n<\/ol>\n\n\n\n<ol class=\"wp-block-list\">\n<li>espesor: 1.5mm 4.0mm<\/li>\n<\/ol>\n\n\n\n<ol class=\"wp-block-list\">\n<li>di\u00e1metro interno: 500 mm -700 mm<\/li>\n<\/ol>\n\n\n\n<ol class=\"wp-block-list\">\n<li>di\u00e1metro exterior: 1000 mm -1500 mm<\/li>\n<\/ol>\n\n\n\n<p>fuente de alimentaci\u00f3n<\/p>\n\n\n\n<ol class=\"wp-block-list\">\n<li>potencia del motor del equipo: 110kw x 2+ 45kw + 30kw + 30kw = 325kw<\/li>\n<\/ol>\n\n\n\n<ol class=\"wp-block-list\">\n<li>poder de la estaci\u00f3n de hf: 300kw<\/li>\n<\/ol>\n\n\n\n<p>cortadora delantera y soldadora<\/p>\n\n\n\n<p>asegurar la alimentaci\u00f3n continua de material<\/p>\n\n\n\n<p>acumulador de jaula<\/p>\n\n\n\n<ol class=\"wp-block-list\">\n<li>capacidad de acumulaci\u00f3n: 150 300 mm<\/li>\n<\/ol>\n\n\n\n<ol class=\"wp-block-list\">\n<li>velocidad de alimentaci\u00f3n: \u2265 130 m \/ min<\/li>\n<\/ol>\n\n\n\n<ol class=\"wp-block-list\">\n<li>ajuste manual<\/li>\n<\/ol>\n\n\n\n<ol class=\"wp-block-list\">\n<li>potencia del motor: 11kw<\/li>\n<\/ol>\n\n\n\n<p>alimentaci\u00f3n y amp; aplanamiento y amp; rollo que forma la m\u00e1quina<\/p>\n\n\n\n<ol class=\"wp-block-list\">\n<li>dos rodillos de alimentaci\u00f3n y cinco rodillos de aplanamiento<\/li>\n<\/ol>\n\n\n\n<ol class=\"wp-block-list\">\n<li>formando la m\u00e1quina<\/li>\n<\/ol>\n\n\n\n<p>&#8212; estaci\u00f3n horizontal del rodillo: 7 sistemas<\/p>\n\n\n\n<p>eje del rodillo:? 95mm, 40cr<\/p>\n\n\n\n<p>material del rodillo: acero 45 #<\/p>\n\n\n\n<p>&#8212; estaci\u00f3n vertical del rodillo: 9 sistemas<\/p>\n\n\n\n<p>eje del rodillo:? 55mm, 40cr<\/p>\n\n\n\n<p>material del rodillo: acero 45 #<\/p>\n\n\n\n<p>&#8212; caja de engranajes de accionamiento: 7 juegos<\/p>\n\n\n\n<p>engranaje: 40crmnti y 40cr, eje: 40cr<\/p>\n\n\n\n<p>14 juegos de eje de transmisi\u00f3n<\/p>\n\n\n\n<p>&#8212; extrusi\u00f3n y recolecci\u00f3n de chatarra<\/p>\n\n\n\n<p>&#8212; dispositivo de limpieza de rebabas<\/p>\n\n\n\n<p>&#8212; dispositivo de dimensionamiento<\/p>\n\n\n\n<p>&#8212; enderezar el dispositivo<\/p>\n\n\n\n<p>sistema de enfriamiento de agua<\/p>\n\n\n\n<p>estaci\u00f3n de hf<\/p>\n\n\n\n<ol class=\"wp-block-list\">\n<li>fuente de alimentaci\u00f3n: 380 v \/ 220 v, 50 hz<\/li>\n<\/ol>\n\n\n\n<ol class=\"wp-block-list\">\n<li>potencia de trabajo: 300kw<\/li>\n<\/ol>\n\n\n\n<p>sistema de conducci\u00f3n principal<\/p>\n\n\n\n<ol class=\"wp-block-list\">\n<li>motor principal: serie z4, dc 110kw<\/li>\n<\/ol>\n\n\n\n<ol class=\"wp-block-list\">\n<li>reductor principal: zq750-10.35<\/li>\n<\/ol>\n\n\n\n<p>cnc voladora<\/p>\n\n\n\n<ol class=\"wp-block-list\">\n<li>espesor de corte: 1.5mm 4.0mm<\/li>\n<\/ol>\n\n\n\n<ol class=\"wp-block-list\">\n<li>longitud de corte: 4 8 m<\/li>\n<\/ol>\n\n\n\n<ol class=\"wp-block-list\">\n<li>corte o.d:? 30? 110mm<\/li>\n<\/ol>\n\n\n\n<ol class=\"wp-block-list\">\n<li>velocidad de corte: 6-8 cortes \/ min<\/li>\n<\/ol>\n\n\n\n<ol class=\"wp-block-list\">\n<li>tolerancia de corte: \u2264 6mm<\/li>\n<\/ol>\n\n\n\n<ol class=\"wp-block-list\">\n<li>potencia del motor: 45 kw, motor de CA de grado 2<\/li>\n<\/ol>\n","protected":false},"excerpt":{"rendered":"<p>Molino De Tubos De Alta Frecuencia Hg100 Informaci\u00f3n del Producto capacidad nombre del equipo cantidad observaci\u00f3n decoiler hidr\u00e1ulico 1 acumulador de jaula 1 alimentaci\u00f3n y amp; aplanamiento 1 rollo que forma la m\u00e1quina 1 m\u00e1quina hf 1 dispositivo de limpieza de rebabas 1 sistema de refrigeraci\u00f3n por agua 1 dispositivo de dimensionamiento 1 dispositivo de [&hellip;]<\/p>\n","protected":false},"featured_media":8768,"template":"","product-type":[128],"class_list":["post-8767","product","type-product","status-publish","has-post-thumbnail","hentry","product-type-slitting-cut-to-length-machine-es"],"acf":[],"yoast_head":"<!-- This site is optimized with the Yoast SEO plugin v26.6 - https:\/\/yoast.com\/wordpress\/plugins\/seo\/ -->\n<title>Molino De Tubos De Alta Frecuencia Hg100 - LMS Roll Forming Machine<\/title>\n<meta name=\"robots\" content=\"index, follow, max-snippet:-1, max-image-preview:large, max-video-preview:-1\" \/>\n<link rel=\"canonical\" href=\"https:\/\/test1.tzg.ink\/es\/product\/high-frequency-tube-mill-hg100\/\" \/>\n<meta property=\"og:locale\" content=\"es_ES\" \/>\n<meta property=\"og:type\" content=\"article\" \/>\n<meta property=\"og:title\" content=\"Molino De Tubos De Alta Frecuencia Hg100 - LMS Roll Forming Machine\" \/>\n<meta property=\"og:description\" content=\"Molino De Tubos De Alta Frecuencia Hg100 Informaci\u00f3n del Producto capacidad nombre del equipo cantidad observaci\u00f3n decoiler hidr\u00e1ulico 1 acumulador de jaula 1 alimentaci\u00f3n y amp; aplanamiento 1 rollo que forma la m\u00e1quina 1 m\u00e1quina hf 1 dispositivo de limpieza de rebabas 1 sistema de refrigeraci\u00f3n por agua 1 dispositivo de dimensionamiento 1 dispositivo de [&hellip;]\" \/>\n<meta property=\"og:url\" content=\"https:\/\/test1.tzg.ink\/es\/product\/high-frequency-tube-mill-hg100\/\" \/>\n<meta property=\"og:site_name\" content=\"LMS Roll Forming Machine\" \/>\n<meta property=\"article:modified_time\" content=\"2024-04-02T08:27:54+00:00\" \/>\n<meta property=\"og:image\" content=\"https:\/\/test1.tzg.ink\/wp-content\/uploads\/2024\/01\/1_2-1.png\" \/>\n\t<meta property=\"og:image:width\" content=\"550\" \/>\n\t<meta property=\"og:image:height\" content=\"413\" \/>\n\t<meta property=\"og:image:type\" content=\"image\/png\" \/>\n<meta name=\"twitter:card\" content=\"summary_large_image\" \/>\n<meta name=\"twitter:label1\" content=\"Tiempo de lectura\" \/>\n\t<meta name=\"twitter:data1\" content=\"2 minutos\" \/>\n<script type=\"application\/ld+json\" class=\"yoast-schema-graph\">{\"@context\":\"https:\/\/schema.org\",\"@graph\":[{\"@type\":\"WebPage\",\"@id\":\"https:\/\/test1.tzg.ink\/es\/product\/high-frequency-tube-mill-hg100\/\",\"url\":\"https:\/\/test1.tzg.ink\/es\/product\/high-frequency-tube-mill-hg100\/\",\"name\":\"Molino De Tubos De Alta Frecuencia Hg100 - LMS Roll Forming Machine\",\"isPartOf\":{\"@id\":\"https:\/\/test1.tzg.ink\/#website\"},\"primaryImageOfPage\":{\"@id\":\"https:\/\/test1.tzg.ink\/es\/product\/high-frequency-tube-mill-hg100\/#primaryimage\"},\"image\":{\"@id\":\"https:\/\/test1.tzg.ink\/es\/product\/high-frequency-tube-mill-hg100\/#primaryimage\"},\"thumbnailUrl\":\"https:\/\/test1.tzg.ink\/wp-content\/uploads\/2024\/01\/1_2-1.png\",\"datePublished\":\"2019-04-29T01:30:46+00:00\",\"dateModified\":\"2024-04-02T08:27:54+00:00\",\"breadcrumb\":{\"@id\":\"https:\/\/test1.tzg.ink\/es\/product\/high-frequency-tube-mill-hg100\/#breadcrumb\"},\"inLanguage\":\"es\",\"potentialAction\":[{\"@type\":\"ReadAction\",\"target\":[\"https:\/\/test1.tzg.ink\/es\/product\/high-frequency-tube-mill-hg100\/\"]}]},{\"@type\":\"ImageObject\",\"inLanguage\":\"es\",\"@id\":\"https:\/\/test1.tzg.ink\/es\/product\/high-frequency-tube-mill-hg100\/#primaryimage\",\"url\":\"https:\/\/test1.tzg.ink\/wp-content\/uploads\/2024\/01\/1_2-1.png\",\"contentUrl\":\"https:\/\/test1.tzg.ink\/wp-content\/uploads\/2024\/01\/1_2-1.png\",\"width\":550,\"height\":413},{\"@type\":\"BreadcrumbList\",\"@id\":\"https:\/\/test1.tzg.ink\/es\/product\/high-frequency-tube-mill-hg100\/#breadcrumb\",\"itemListElement\":[{\"@type\":\"ListItem\",\"position\":1,\"name\":\"Home\",\"item\":\"https:\/\/test1.tzg.ink\/es\/\"},{\"@type\":\"ListItem\",\"position\":2,\"name\":\"Products\",\"item\":\"https:\/\/test1.tzg.ink\/ar\/product\/\"},{\"@type\":\"ListItem\",\"position\":3,\"name\":\"Molino De Tubos De Alta Frecuencia Hg100\"}]},{\"@type\":\"WebSite\",\"@id\":\"https:\/\/test1.tzg.ink\/#website\",\"url\":\"https:\/\/test1.tzg.ink\/\",\"name\":\"LMS Roll Forming Machine\",\"description\":\"LMS MACHINERY CHINA PROFESSIONAL COLD ROLL FORMING MACHINE PROVIDER PROFESSIONAL CHOICE, PROFESSIONAL SERVICE\",\"potentialAction\":[{\"@type\":\"SearchAction\",\"target\":{\"@type\":\"EntryPoint\",\"urlTemplate\":\"https:\/\/test1.tzg.ink\/?s={search_term_string}\"},\"query-input\":{\"@type\":\"PropertyValueSpecification\",\"valueRequired\":true,\"valueName\":\"search_term_string\"}}],\"inLanguage\":\"es\"}]}<\/script>\n<!-- \/ Yoast SEO plugin. -->","yoast_head_json":{"title":"Molino De Tubos De Alta Frecuencia Hg100 - LMS Roll Forming Machine","robots":{"index":"index","follow":"follow","max-snippet":"max-snippet:-1","max-image-preview":"max-image-preview:large","max-video-preview":"max-video-preview:-1"},"canonical":"https:\/\/test1.tzg.ink\/es\/product\/high-frequency-tube-mill-hg100\/","og_locale":"es_ES","og_type":"article","og_title":"Molino De Tubos De Alta Frecuencia Hg100 - LMS Roll Forming Machine","og_description":"Molino De Tubos De Alta Frecuencia Hg100 Informaci\u00f3n del Producto capacidad nombre del equipo cantidad observaci\u00f3n decoiler hidr\u00e1ulico 1 acumulador de jaula 1 alimentaci\u00f3n y amp; aplanamiento 1 rollo que forma la m\u00e1quina 1 m\u00e1quina hf 1 dispositivo de limpieza de rebabas 1 sistema de refrigeraci\u00f3n por agua 1 dispositivo de dimensionamiento 1 dispositivo de [&hellip;]","og_url":"https:\/\/test1.tzg.ink\/es\/product\/high-frequency-tube-mill-hg100\/","og_site_name":"LMS Roll Forming Machine","article_modified_time":"2024-04-02T08:27:54+00:00","og_image":[{"width":550,"height":413,"url":"https:\/\/test1.tzg.ink\/wp-content\/uploads\/2024\/01\/1_2-1.png","type":"image\/png"}],"twitter_card":"summary_large_image","twitter_misc":{"Tiempo de lectura":"2 minutos"},"schema":{"@context":"https:\/\/schema.org","@graph":[{"@type":"WebPage","@id":"https:\/\/test1.tzg.ink\/es\/product\/high-frequency-tube-mill-hg100\/","url":"https:\/\/test1.tzg.ink\/es\/product\/high-frequency-tube-mill-hg100\/","name":"Molino De Tubos De Alta Frecuencia Hg100 - LMS Roll Forming Machine","isPartOf":{"@id":"https:\/\/test1.tzg.ink\/#website"},"primaryImageOfPage":{"@id":"https:\/\/test1.tzg.ink\/es\/product\/high-frequency-tube-mill-hg100\/#primaryimage"},"image":{"@id":"https:\/\/test1.tzg.ink\/es\/product\/high-frequency-tube-mill-hg100\/#primaryimage"},"thumbnailUrl":"https:\/\/test1.tzg.ink\/wp-content\/uploads\/2024\/01\/1_2-1.png","datePublished":"2019-04-29T01:30:46+00:00","dateModified":"2024-04-02T08:27:54+00:00","breadcrumb":{"@id":"https:\/\/test1.tzg.ink\/es\/product\/high-frequency-tube-mill-hg100\/#breadcrumb"},"inLanguage":"es","potentialAction":[{"@type":"ReadAction","target":["https:\/\/test1.tzg.ink\/es\/product\/high-frequency-tube-mill-hg100\/"]}]},{"@type":"ImageObject","inLanguage":"es","@id":"https:\/\/test1.tzg.ink\/es\/product\/high-frequency-tube-mill-hg100\/#primaryimage","url":"https:\/\/test1.tzg.ink\/wp-content\/uploads\/2024\/01\/1_2-1.png","contentUrl":"https:\/\/test1.tzg.ink\/wp-content\/uploads\/2024\/01\/1_2-1.png","width":550,"height":413},{"@type":"BreadcrumbList","@id":"https:\/\/test1.tzg.ink\/es\/product\/high-frequency-tube-mill-hg100\/#breadcrumb","itemListElement":[{"@type":"ListItem","position":1,"name":"Home","item":"https:\/\/test1.tzg.ink\/es\/"},{"@type":"ListItem","position":2,"name":"Products","item":"https:\/\/test1.tzg.ink\/ar\/product\/"},{"@type":"ListItem","position":3,"name":"Molino De Tubos De Alta Frecuencia Hg100"}]},{"@type":"WebSite","@id":"https:\/\/test1.tzg.ink\/#website","url":"https:\/\/test1.tzg.ink\/","name":"LMS Roll Forming Machine","description":"LMS MACHINERY CHINA PROFESSIONAL COLD ROLL FORMING MACHINE PROVIDER PROFESSIONAL CHOICE, PROFESSIONAL SERVICE","potentialAction":[{"@type":"SearchAction","target":{"@type":"EntryPoint","urlTemplate":"https:\/\/test1.tzg.ink\/?s={search_term_string}"},"query-input":{"@type":"PropertyValueSpecification","valueRequired":true,"valueName":"search_term_string"}}],"inLanguage":"es"}]}},"_links":{"self":[{"href":"https:\/\/test1.tzg.ink\/es\/wp-json\/wp\/v2\/product\/8767","targetHints":{"allow":["GET"]}}],"collection":[{"href":"https:\/\/test1.tzg.ink\/es\/wp-json\/wp\/v2\/product"}],"about":[{"href":"https:\/\/test1.tzg.ink\/es\/wp-json\/wp\/v2\/types\/product"}],"wp:featuredmedia":[{"embeddable":true,"href":"https:\/\/test1.tzg.ink\/es\/wp-json\/wp\/v2\/media\/8768"}],"wp:attachment":[{"href":"https:\/\/test1.tzg.ink\/es\/wp-json\/wp\/v2\/media?parent=8767"}],"wp:term":[{"taxonomy":"product-type","embeddable":true,"href":"https:\/\/test1.tzg.ink\/es\/wp-json\/wp\/v2\/product-type?post=8767"}],"curies":[{"name":"wp","href":"https:\/\/api.w.org\/{rel}","templated":true}]}}