{"id":8758,"date":"2019-04-29T07:21:26","date_gmt":"2019-04-28T23:21:26","guid":{"rendered":"https:\/\/test1.tzg.ink\/product\/maquina-de-fabricacion-de-tubos-hg-50\/"},"modified":"2024-04-02T16:11:35","modified_gmt":"2024-04-02T08:11:35","slug":"hg-50-pipe-making-machine","status":"publish","type":"product","link":"https:\/\/test1.tzg.ink\/es\/product\/hg-50-pipe-making-machine\/","title":{"rendered":"M\u00e1quina De Fabricaci\u00f3n De Tubos Hg 50"},"content":{"rendered":"\n<h2 class=\"wp-block-heading has-text-align-center\">M\u00e1quina De Fabricaci\u00f3n De Tubos Hg 50<\/h2>\n\n\n\n<p>esta m\u00e1quina de fabricaci\u00f3n de tubos de acero se utiliza especialmente para la producci\u00f3n de tuber\u00edas soldadas de costura recta de alta frecuencia y tubos cuadrados correspondientes y tubos de formas especiales. la composici\u00f3n de la m\u00e1quina de fabricaci\u00f3n de tubos va desde el desbobinador hasta la sierra de corte de longitud fija. la velocidad de laminaci\u00f3n puede ajustarse correspondientemente dentro del rango adecuado de di\u00e1metro de tuber\u00eda y espesor de pared.<\/p>\n\n\n\n<p>par\u00e1metro t\u00e9cnico :<\/p>\n\n\n\n<p>hg50 hg76<\/p>\n\n\n\n<p>di\u00e1metro de tubos soldados \u03c616-50mm \u03c630-\u03c676mm<\/p>\n\n\n\n<p>espesor de tubos soldados 0.8-3.0mm 1.5-4.0m<\/p>\n\n\n\n<p>gran potencia motriz 70kw 188kw<\/p>\n\n\n\n<p>potencia de alta frecuencia 100kw 300kw<\/p>\n\n\n\n<p>Linea de velocidad 30-70 m \/ min 20-50 m \/ min<\/p>\n","protected":false},"excerpt":{"rendered":"<p>M\u00e1quina De Fabricaci\u00f3n De Tubos Hg 50 esta m\u00e1quina de fabricaci\u00f3n de tubos de acero se utiliza especialmente para la producci\u00f3n de tuber\u00edas soldadas de costura recta de alta frecuencia y tubos cuadrados correspondientes y tubos de formas especiales. la composici\u00f3n de la m\u00e1quina de fabricaci\u00f3n de tubos va desde el desbobinador hasta la sierra [&hellip;]<\/p>\n","protected":false},"featured_media":12987,"template":"","product-type":[128],"class_list":["post-8758","product","type-product","status-publish","has-post-thumbnail","hentry","product-type-slitting-cut-to-length-machine-es"],"acf":[],"yoast_head":"<!-- This site is optimized with the Yoast SEO plugin v26.6 - https:\/\/yoast.com\/wordpress\/plugins\/seo\/ -->\n<title>M\u00e1quina De Fabricaci\u00f3n De Tubos Hg 50 - LMS Roll Forming Machine<\/title>\n<meta name=\"robots\" content=\"index, follow, max-snippet:-1, max-image-preview:large, max-video-preview:-1\" \/>\n<link rel=\"canonical\" href=\"https:\/\/test1.tzg.ink\/es\/product\/hg-50-pipe-making-machine\/\" \/>\n<meta property=\"og:locale\" content=\"es_ES\" \/>\n<meta property=\"og:type\" content=\"article\" \/>\n<meta property=\"og:title\" content=\"M\u00e1quina De Fabricaci\u00f3n De Tubos Hg 50 - LMS Roll Forming Machine\" \/>\n<meta property=\"og:description\" content=\"M\u00e1quina De Fabricaci\u00f3n De Tubos Hg 50 esta m\u00e1quina de fabricaci\u00f3n de tubos de acero se utiliza especialmente para la producci\u00f3n de tuber\u00edas soldadas de costura recta de alta frecuencia y tubos cuadrados correspondientes y tubos de formas especiales. la composici\u00f3n de la m\u00e1quina de fabricaci\u00f3n de tubos va desde el desbobinador hasta la sierra [&hellip;]\" \/>\n<meta property=\"og:url\" content=\"https:\/\/test1.tzg.ink\/es\/product\/hg-50-pipe-making-machine\/\" \/>\n<meta property=\"og:site_name\" content=\"LMS Roll Forming Machine\" \/>\n<meta property=\"article:modified_time\" content=\"2024-04-02T08:11:35+00:00\" \/>\n<meta property=\"og:image\" content=\"https:\/\/test1.tzg.ink\/wp-content\/uploads\/2024\/01\/2.jpg\" \/>\n\t<meta property=\"og:image:width\" content=\"550\" \/>\n\t<meta property=\"og:image:height\" content=\"413\" \/>\n\t<meta property=\"og:image:type\" content=\"image\/jpeg\" \/>\n<meta name=\"twitter:card\" content=\"summary_large_image\" \/>\n<meta name=\"twitter:label1\" content=\"Tiempo de lectura\" \/>\n\t<meta name=\"twitter:data1\" content=\"1 minuto\" \/>\n<script type=\"application\/ld+json\" class=\"yoast-schema-graph\">{\"@context\":\"https:\/\/schema.org\",\"@graph\":[{\"@type\":\"WebPage\",\"@id\":\"https:\/\/test1.tzg.ink\/es\/product\/hg-50-pipe-making-machine\/\",\"url\":\"https:\/\/test1.tzg.ink\/es\/product\/hg-50-pipe-making-machine\/\",\"name\":\"M\u00e1quina De Fabricaci\u00f3n De Tubos Hg 50 - LMS Roll Forming Machine\",\"isPartOf\":{\"@id\":\"https:\/\/test1.tzg.ink\/#website\"},\"primaryImageOfPage\":{\"@id\":\"https:\/\/test1.tzg.ink\/es\/product\/hg-50-pipe-making-machine\/#primaryimage\"},\"image\":{\"@id\":\"https:\/\/test1.tzg.ink\/es\/product\/hg-50-pipe-making-machine\/#primaryimage\"},\"thumbnailUrl\":\"https:\/\/test1.tzg.ink\/wp-content\/uploads\/2024\/01\/2.jpg\",\"datePublished\":\"2019-04-28T23:21:26+00:00\",\"dateModified\":\"2024-04-02T08:11:35+00:00\",\"breadcrumb\":{\"@id\":\"https:\/\/test1.tzg.ink\/es\/product\/hg-50-pipe-making-machine\/#breadcrumb\"},\"inLanguage\":\"es\",\"potentialAction\":[{\"@type\":\"ReadAction\",\"target\":[\"https:\/\/test1.tzg.ink\/es\/product\/hg-50-pipe-making-machine\/\"]}]},{\"@type\":\"ImageObject\",\"inLanguage\":\"es\",\"@id\":\"https:\/\/test1.tzg.ink\/es\/product\/hg-50-pipe-making-machine\/#primaryimage\",\"url\":\"https:\/\/test1.tzg.ink\/wp-content\/uploads\/2024\/01\/2.jpg\",\"contentUrl\":\"https:\/\/test1.tzg.ink\/wp-content\/uploads\/2024\/01\/2.jpg\",\"width\":550,\"height\":413},{\"@type\":\"BreadcrumbList\",\"@id\":\"https:\/\/test1.tzg.ink\/es\/product\/hg-50-pipe-making-machine\/#breadcrumb\",\"itemListElement\":[{\"@type\":\"ListItem\",\"position\":1,\"name\":\"Home\",\"item\":\"https:\/\/test1.tzg.ink\/es\/\"},{\"@type\":\"ListItem\",\"position\":2,\"name\":\"Products\",\"item\":\"https:\/\/test1.tzg.ink\/ar\/product\/\"},{\"@type\":\"ListItem\",\"position\":3,\"name\":\"M\u00e1quina De Fabricaci\u00f3n De Tubos Hg 50\"}]},{\"@type\":\"WebSite\",\"@id\":\"https:\/\/test1.tzg.ink\/#website\",\"url\":\"https:\/\/test1.tzg.ink\/\",\"name\":\"LMS Roll Forming Machine\",\"description\":\"LMS MACHINERY CHINA PROFESSIONAL COLD ROLL FORMING MACHINE PROVIDER PROFESSIONAL CHOICE, PROFESSIONAL SERVICE\",\"potentialAction\":[{\"@type\":\"SearchAction\",\"target\":{\"@type\":\"EntryPoint\",\"urlTemplate\":\"https:\/\/test1.tzg.ink\/?s={search_term_string}\"},\"query-input\":{\"@type\":\"PropertyValueSpecification\",\"valueRequired\":true,\"valueName\":\"search_term_string\"}}],\"inLanguage\":\"es\"}]}<\/script>\n<!-- \/ Yoast SEO plugin. -->","yoast_head_json":{"title":"M\u00e1quina De Fabricaci\u00f3n De Tubos Hg 50 - LMS Roll Forming Machine","robots":{"index":"index","follow":"follow","max-snippet":"max-snippet:-1","max-image-preview":"max-image-preview:large","max-video-preview":"max-video-preview:-1"},"canonical":"https:\/\/test1.tzg.ink\/es\/product\/hg-50-pipe-making-machine\/","og_locale":"es_ES","og_type":"article","og_title":"M\u00e1quina De Fabricaci\u00f3n De Tubos Hg 50 - LMS Roll Forming Machine","og_description":"M\u00e1quina De Fabricaci\u00f3n De Tubos Hg 50 esta m\u00e1quina de fabricaci\u00f3n de tubos de acero se utiliza especialmente para la producci\u00f3n de tuber\u00edas soldadas de costura recta de alta frecuencia y tubos cuadrados correspondientes y tubos de formas especiales. la composici\u00f3n de la m\u00e1quina de fabricaci\u00f3n de tubos va desde el desbobinador hasta la sierra [&hellip;]","og_url":"https:\/\/test1.tzg.ink\/es\/product\/hg-50-pipe-making-machine\/","og_site_name":"LMS Roll Forming Machine","article_modified_time":"2024-04-02T08:11:35+00:00","og_image":[{"width":550,"height":413,"url":"https:\/\/test1.tzg.ink\/wp-content\/uploads\/2024\/01\/2.jpg","type":"image\/jpeg"}],"twitter_card":"summary_large_image","twitter_misc":{"Tiempo de lectura":"1 minuto"},"schema":{"@context":"https:\/\/schema.org","@graph":[{"@type":"WebPage","@id":"https:\/\/test1.tzg.ink\/es\/product\/hg-50-pipe-making-machine\/","url":"https:\/\/test1.tzg.ink\/es\/product\/hg-50-pipe-making-machine\/","name":"M\u00e1quina De Fabricaci\u00f3n De Tubos Hg 50 - LMS Roll Forming Machine","isPartOf":{"@id":"https:\/\/test1.tzg.ink\/#website"},"primaryImageOfPage":{"@id":"https:\/\/test1.tzg.ink\/es\/product\/hg-50-pipe-making-machine\/#primaryimage"},"image":{"@id":"https:\/\/test1.tzg.ink\/es\/product\/hg-50-pipe-making-machine\/#primaryimage"},"thumbnailUrl":"https:\/\/test1.tzg.ink\/wp-content\/uploads\/2024\/01\/2.jpg","datePublished":"2019-04-28T23:21:26+00:00","dateModified":"2024-04-02T08:11:35+00:00","breadcrumb":{"@id":"https:\/\/test1.tzg.ink\/es\/product\/hg-50-pipe-making-machine\/#breadcrumb"},"inLanguage":"es","potentialAction":[{"@type":"ReadAction","target":["https:\/\/test1.tzg.ink\/es\/product\/hg-50-pipe-making-machine\/"]}]},{"@type":"ImageObject","inLanguage":"es","@id":"https:\/\/test1.tzg.ink\/es\/product\/hg-50-pipe-making-machine\/#primaryimage","url":"https:\/\/test1.tzg.ink\/wp-content\/uploads\/2024\/01\/2.jpg","contentUrl":"https:\/\/test1.tzg.ink\/wp-content\/uploads\/2024\/01\/2.jpg","width":550,"height":413},{"@type":"BreadcrumbList","@id":"https:\/\/test1.tzg.ink\/es\/product\/hg-50-pipe-making-machine\/#breadcrumb","itemListElement":[{"@type":"ListItem","position":1,"name":"Home","item":"https:\/\/test1.tzg.ink\/es\/"},{"@type":"ListItem","position":2,"name":"Products","item":"https:\/\/test1.tzg.ink\/ar\/product\/"},{"@type":"ListItem","position":3,"name":"M\u00e1quina De Fabricaci\u00f3n De Tubos Hg 50"}]},{"@type":"WebSite","@id":"https:\/\/test1.tzg.ink\/#website","url":"https:\/\/test1.tzg.ink\/","name":"LMS Roll Forming Machine","description":"LMS MACHINERY CHINA PROFESSIONAL COLD ROLL FORMING MACHINE PROVIDER PROFESSIONAL CHOICE, PROFESSIONAL SERVICE","potentialAction":[{"@type":"SearchAction","target":{"@type":"EntryPoint","urlTemplate":"https:\/\/test1.tzg.ink\/?s={search_term_string}"},"query-input":{"@type":"PropertyValueSpecification","valueRequired":true,"valueName":"search_term_string"}}],"inLanguage":"es"}]}},"_links":{"self":[{"href":"https:\/\/test1.tzg.ink\/es\/wp-json\/wp\/v2\/product\/8758","targetHints":{"allow":["GET"]}}],"collection":[{"href":"https:\/\/test1.tzg.ink\/es\/wp-json\/wp\/v2\/product"}],"about":[{"href":"https:\/\/test1.tzg.ink\/es\/wp-json\/wp\/v2\/types\/product"}],"wp:featuredmedia":[{"embeddable":true,"href":"https:\/\/test1.tzg.ink\/es\/wp-json\/wp\/v2\/media\/12987"}],"wp:attachment":[{"href":"https:\/\/test1.tzg.ink\/es\/wp-json\/wp\/v2\/media?parent=8758"}],"wp:term":[{"taxonomy":"product-type","embeddable":true,"href":"https:\/\/test1.tzg.ink\/es\/wp-json\/wp\/v2\/product-type?post=8758"}],"curies":[{"name":"wp","href":"https:\/\/api.w.org\/{rel}","templated":true}]}}