{"id":8738,"date":"2019-04-28T07:54:54","date_gmt":"2019-04-27T23:54:54","guid":{"rendered":"https:\/\/test1.tzg.ink\/product\/linea-de-corte-longitudinal-de-bobinas-de-acero-de-gran-calibre\/"},"modified":"2024-04-02T16:20:30","modified_gmt":"2024-04-02T08:20:30","slug":"large-gauge-steel-coil-longitudinal-cutting-line","status":"publish","type":"product","link":"https:\/\/test1.tzg.ink\/es\/product\/large-gauge-steel-coil-longitudinal-cutting-line\/","title":{"rendered":"L\u00ednea De Corte Longitudinal De Bobinas De Acero De Gran Calibre"},"content":{"rendered":"\n<h2 class=\"wp-block-heading has-text-align-center\">L\u00ednea De Corte Longitudinal De Bobinas De Acero De Gran Calibre<\/h2>\n\n\n\n<p>l\u00ednea de corte longitudinal de bobinas de acero de gran calibre<\/p>\n\n\n\n<p>alto nivel de precisi\u00f3n de corte por medio de corte de alta precisi\u00f3n<\/p>\n\n\n\n<p>proceso de corte con rebaba baja y baja comba debido al dise\u00f1o optimizado de corte<\/p>\n\n\n\n<p>conveniente introducci\u00f3n de tiras con unidad de tensi\u00f3n m\u00f3vil<\/p>\n\n\n\n<p>mediante varios sistemas neum\u00e1ticos, la tensi\u00f3n puede ajustarse individualmente, lo que resulta en una alta precisi\u00f3n.<\/p>\n","protected":false},"excerpt":{"rendered":"<p>L\u00ednea De Corte Longitudinal De Bobinas De Acero De Gran Calibre l\u00ednea de corte longitudinal de bobinas de acero de gran calibre alto nivel de precisi\u00f3n de corte por medio de corte de alta precisi\u00f3n proceso de corte con rebaba baja y baja comba debido al dise\u00f1o optimizado de corte conveniente introducci\u00f3n de tiras con [&hellip;]<\/p>\n","protected":false},"featured_media":8739,"template":"","product-type":[128],"class_list":["post-8738","product","type-product","status-publish","has-post-thumbnail","hentry","product-type-slitting-cut-to-length-machine-es"],"acf":[],"yoast_head":"<!-- This site is optimized with the Yoast SEO plugin v26.6 - https:\/\/yoast.com\/wordpress\/plugins\/seo\/ -->\n<title>L\u00ednea De Corte Longitudinal De Bobinas De Acero De Gran Calibre - LMS Roll Forming Machine<\/title>\n<meta name=\"robots\" content=\"index, follow, max-snippet:-1, max-image-preview:large, max-video-preview:-1\" \/>\n<link rel=\"canonical\" href=\"https:\/\/test1.tzg.ink\/es\/product\/large-gauge-steel-coil-longitudinal-cutting-line\/\" \/>\n<meta property=\"og:locale\" content=\"es_ES\" \/>\n<meta property=\"og:type\" content=\"article\" \/>\n<meta property=\"og:title\" content=\"L\u00ednea De Corte Longitudinal De Bobinas De Acero De Gran Calibre - LMS Roll Forming Machine\" \/>\n<meta property=\"og:description\" content=\"L\u00ednea De Corte Longitudinal De Bobinas De Acero De Gran Calibre l\u00ednea de corte longitudinal de bobinas de acero de gran calibre alto nivel de precisi\u00f3n de corte por medio de corte de alta precisi\u00f3n proceso de corte con rebaba baja y baja comba debido al dise\u00f1o optimizado de corte conveniente introducci\u00f3n de tiras con [&hellip;]\" \/>\n<meta property=\"og:url\" content=\"https:\/\/test1.tzg.ink\/es\/product\/large-gauge-steel-coil-longitudinal-cutting-line\/\" \/>\n<meta property=\"og:site_name\" content=\"LMS Roll Forming Machine\" \/>\n<meta property=\"article:modified_time\" content=\"2024-04-02T08:20:30+00:00\" \/>\n<meta property=\"og:image\" content=\"https:\/\/test1.tzg.ink\/wp-content\/uploads\/2024\/01\/99cfa329fa4de79ab6212679a987e2a7_medium-2.jpg\" \/>\n\t<meta property=\"og:image:width\" content=\"550\" \/>\n\t<meta property=\"og:image:height\" content=\"413\" \/>\n\t<meta property=\"og:image:type\" content=\"image\/jpeg\" \/>\n<meta name=\"twitter:card\" content=\"summary_large_image\" \/>\n<script type=\"application\/ld+json\" class=\"yoast-schema-graph\">{\"@context\":\"https:\/\/schema.org\",\"@graph\":[{\"@type\":\"WebPage\",\"@id\":\"https:\/\/test1.tzg.ink\/es\/product\/large-gauge-steel-coil-longitudinal-cutting-line\/\",\"url\":\"https:\/\/test1.tzg.ink\/es\/product\/large-gauge-steel-coil-longitudinal-cutting-line\/\",\"name\":\"L\u00ednea De Corte Longitudinal De Bobinas De Acero De Gran Calibre - LMS Roll Forming Machine\",\"isPartOf\":{\"@id\":\"https:\/\/test1.tzg.ink\/#website\"},\"primaryImageOfPage\":{\"@id\":\"https:\/\/test1.tzg.ink\/es\/product\/large-gauge-steel-coil-longitudinal-cutting-line\/#primaryimage\"},\"image\":{\"@id\":\"https:\/\/test1.tzg.ink\/es\/product\/large-gauge-steel-coil-longitudinal-cutting-line\/#primaryimage\"},\"thumbnailUrl\":\"https:\/\/test1.tzg.ink\/wp-content\/uploads\/2024\/01\/99cfa329fa4de79ab6212679a987e2a7_medium-2.jpg\",\"datePublished\":\"2019-04-27T23:54:54+00:00\",\"dateModified\":\"2024-04-02T08:20:30+00:00\",\"breadcrumb\":{\"@id\":\"https:\/\/test1.tzg.ink\/es\/product\/large-gauge-steel-coil-longitudinal-cutting-line\/#breadcrumb\"},\"inLanguage\":\"es\",\"potentialAction\":[{\"@type\":\"ReadAction\",\"target\":[\"https:\/\/test1.tzg.ink\/es\/product\/large-gauge-steel-coil-longitudinal-cutting-line\/\"]}]},{\"@type\":\"ImageObject\",\"inLanguage\":\"es\",\"@id\":\"https:\/\/test1.tzg.ink\/es\/product\/large-gauge-steel-coil-longitudinal-cutting-line\/#primaryimage\",\"url\":\"https:\/\/test1.tzg.ink\/wp-content\/uploads\/2024\/01\/99cfa329fa4de79ab6212679a987e2a7_medium-2.jpg\",\"contentUrl\":\"https:\/\/test1.tzg.ink\/wp-content\/uploads\/2024\/01\/99cfa329fa4de79ab6212679a987e2a7_medium-2.jpg\",\"width\":550,\"height\":413},{\"@type\":\"BreadcrumbList\",\"@id\":\"https:\/\/test1.tzg.ink\/es\/product\/large-gauge-steel-coil-longitudinal-cutting-line\/#breadcrumb\",\"itemListElement\":[{\"@type\":\"ListItem\",\"position\":1,\"name\":\"Home\",\"item\":\"https:\/\/test1.tzg.ink\/es\/\"},{\"@type\":\"ListItem\",\"position\":2,\"name\":\"Products\",\"item\":\"https:\/\/test1.tzg.ink\/ar\/product\/\"},{\"@type\":\"ListItem\",\"position\":3,\"name\":\"L\u00ednea De Corte Longitudinal De Bobinas De Acero De Gran Calibre\"}]},{\"@type\":\"WebSite\",\"@id\":\"https:\/\/test1.tzg.ink\/#website\",\"url\":\"https:\/\/test1.tzg.ink\/\",\"name\":\"LMS Roll Forming Machine\",\"description\":\"LMS MACHINERY CHINA PROFESSIONAL COLD ROLL FORMING MACHINE PROVIDER PROFESSIONAL CHOICE, PROFESSIONAL SERVICE\",\"potentialAction\":[{\"@type\":\"SearchAction\",\"target\":{\"@type\":\"EntryPoint\",\"urlTemplate\":\"https:\/\/test1.tzg.ink\/?s={search_term_string}\"},\"query-input\":{\"@type\":\"PropertyValueSpecification\",\"valueRequired\":true,\"valueName\":\"search_term_string\"}}],\"inLanguage\":\"es\"}]}<\/script>\n<!-- \/ Yoast SEO plugin. -->","yoast_head_json":{"title":"L\u00ednea De Corte Longitudinal De Bobinas De Acero De Gran Calibre - LMS Roll Forming Machine","robots":{"index":"index","follow":"follow","max-snippet":"max-snippet:-1","max-image-preview":"max-image-preview:large","max-video-preview":"max-video-preview:-1"},"canonical":"https:\/\/test1.tzg.ink\/es\/product\/large-gauge-steel-coil-longitudinal-cutting-line\/","og_locale":"es_ES","og_type":"article","og_title":"L\u00ednea De Corte Longitudinal De Bobinas De Acero De Gran Calibre - LMS Roll Forming Machine","og_description":"L\u00ednea De Corte Longitudinal De Bobinas De Acero De Gran Calibre l\u00ednea de corte longitudinal de bobinas de acero de gran calibre alto nivel de precisi\u00f3n de corte por medio de corte de alta precisi\u00f3n proceso de corte con rebaba baja y baja comba debido al dise\u00f1o optimizado de corte conveniente introducci\u00f3n de tiras con [&hellip;]","og_url":"https:\/\/test1.tzg.ink\/es\/product\/large-gauge-steel-coil-longitudinal-cutting-line\/","og_site_name":"LMS Roll Forming Machine","article_modified_time":"2024-04-02T08:20:30+00:00","og_image":[{"width":550,"height":413,"url":"https:\/\/test1.tzg.ink\/wp-content\/uploads\/2024\/01\/99cfa329fa4de79ab6212679a987e2a7_medium-2.jpg","type":"image\/jpeg"}],"twitter_card":"summary_large_image","schema":{"@context":"https:\/\/schema.org","@graph":[{"@type":"WebPage","@id":"https:\/\/test1.tzg.ink\/es\/product\/large-gauge-steel-coil-longitudinal-cutting-line\/","url":"https:\/\/test1.tzg.ink\/es\/product\/large-gauge-steel-coil-longitudinal-cutting-line\/","name":"L\u00ednea De Corte Longitudinal De Bobinas De Acero De Gran Calibre - LMS Roll Forming Machine","isPartOf":{"@id":"https:\/\/test1.tzg.ink\/#website"},"primaryImageOfPage":{"@id":"https:\/\/test1.tzg.ink\/es\/product\/large-gauge-steel-coil-longitudinal-cutting-line\/#primaryimage"},"image":{"@id":"https:\/\/test1.tzg.ink\/es\/product\/large-gauge-steel-coil-longitudinal-cutting-line\/#primaryimage"},"thumbnailUrl":"https:\/\/test1.tzg.ink\/wp-content\/uploads\/2024\/01\/99cfa329fa4de79ab6212679a987e2a7_medium-2.jpg","datePublished":"2019-04-27T23:54:54+00:00","dateModified":"2024-04-02T08:20:30+00:00","breadcrumb":{"@id":"https:\/\/test1.tzg.ink\/es\/product\/large-gauge-steel-coil-longitudinal-cutting-line\/#breadcrumb"},"inLanguage":"es","potentialAction":[{"@type":"ReadAction","target":["https:\/\/test1.tzg.ink\/es\/product\/large-gauge-steel-coil-longitudinal-cutting-line\/"]}]},{"@type":"ImageObject","inLanguage":"es","@id":"https:\/\/test1.tzg.ink\/es\/product\/large-gauge-steel-coil-longitudinal-cutting-line\/#primaryimage","url":"https:\/\/test1.tzg.ink\/wp-content\/uploads\/2024\/01\/99cfa329fa4de79ab6212679a987e2a7_medium-2.jpg","contentUrl":"https:\/\/test1.tzg.ink\/wp-content\/uploads\/2024\/01\/99cfa329fa4de79ab6212679a987e2a7_medium-2.jpg","width":550,"height":413},{"@type":"BreadcrumbList","@id":"https:\/\/test1.tzg.ink\/es\/product\/large-gauge-steel-coil-longitudinal-cutting-line\/#breadcrumb","itemListElement":[{"@type":"ListItem","position":1,"name":"Home","item":"https:\/\/test1.tzg.ink\/es\/"},{"@type":"ListItem","position":2,"name":"Products","item":"https:\/\/test1.tzg.ink\/ar\/product\/"},{"@type":"ListItem","position":3,"name":"L\u00ednea De Corte Longitudinal De Bobinas De Acero De Gran Calibre"}]},{"@type":"WebSite","@id":"https:\/\/test1.tzg.ink\/#website","url":"https:\/\/test1.tzg.ink\/","name":"LMS Roll Forming Machine","description":"LMS MACHINERY CHINA PROFESSIONAL COLD ROLL FORMING MACHINE PROVIDER PROFESSIONAL CHOICE, PROFESSIONAL SERVICE","potentialAction":[{"@type":"SearchAction","target":{"@type":"EntryPoint","urlTemplate":"https:\/\/test1.tzg.ink\/?s={search_term_string}"},"query-input":{"@type":"PropertyValueSpecification","valueRequired":true,"valueName":"search_term_string"}}],"inLanguage":"es"}]}},"_links":{"self":[{"href":"https:\/\/test1.tzg.ink\/es\/wp-json\/wp\/v2\/product\/8738","targetHints":{"allow":["GET"]}}],"collection":[{"href":"https:\/\/test1.tzg.ink\/es\/wp-json\/wp\/v2\/product"}],"about":[{"href":"https:\/\/test1.tzg.ink\/es\/wp-json\/wp\/v2\/types\/product"}],"wp:featuredmedia":[{"embeddable":true,"href":"https:\/\/test1.tzg.ink\/es\/wp-json\/wp\/v2\/media\/8739"}],"wp:attachment":[{"href":"https:\/\/test1.tzg.ink\/es\/wp-json\/wp\/v2\/media?parent=8738"}],"wp:term":[{"taxonomy":"product-type","embeddable":true,"href":"https:\/\/test1.tzg.ink\/es\/wp-json\/wp\/v2\/product-type?post=8738"}],"curies":[{"name":"wp","href":"https:\/\/api.w.org\/{rel}","templated":true}]}}