{"id":8724,"date":"2019-04-28T07:42:06","date_gmt":"2019-04-27T23:42:06","guid":{"rendered":"https:\/\/test1.tzg.ink\/product\/maquina-plegadora-de-freno-de-prensa-descendente-con-control-nc\/"},"modified":"2024-04-07T11:55:10","modified_gmt":"2024-04-07T03:55:10","slug":"down-press-brake-bending-machine-with-nc-control","status":"publish","type":"product","link":"https:\/\/test1.tzg.ink\/es\/product\/down-press-brake-bending-machine-with-nc-control\/","title":{"rendered":"M\u00e1quina Plegadora De Freno De Prensa Descendente Con Control Nc"},"content":{"rendered":"\n<h2 class=\"wp-block-heading has-text-align-center\"><strong>LMS M\u00e1quina Plegadora De Freno De Prensa Descendente Con Control Nc<\/strong><\/h2>\n\n\n\n<p>m\u00e1quina dobladora de cnc giratoria con enlace de seis ejes<\/p>\n\n\n\n<p>Programaci\u00f3n 1-3d \/ control fuera de l\u00ednea \/ carga y descarga de maniqulator<\/p>\n\n\n\n<p>2-appilicable a 3.0 mm por encima del procesamiento de la pieza de trabajo (cocina, acero, muro cortina de aluminio, etc.)<\/p>\n\n\n\n<p>par\u00e1metros:<\/p>\n\n\n\n<p>proyecto<\/p>\n\n\n\n<p>\/<\/p>\n\n\n\n<p>presi\u00f3n nominal<\/p>\n\n\n\n<p>1000kn<\/p>\n\n\n\n<p>longitud del banco de trabajo<\/p>\n\n\n\n<p>3200 mm<\/p>\n\n\n\n<p>distancia entre columna<\/p>\n\n\n\n<p>2500 mm<\/p>\n\n\n\n<p>deslizamiento<\/p>\n\n\n\n<p>200 mm<\/p>\n\n\n\n<p>altura abierta<\/p>\n\n\n\n<p>460 mm<\/p>\n\n\n\n<p>la profundidad de la garganta<\/p>\n\n\n\n<p>400 mm<\/p>\n\n\n\n<p>n\u00famero de eje de control num\u00e9rico<\/p>\n\n\n\n<p>y1 , y2 , X , r , v 4 +1<\/p>\n\n\n\n<p>potencia del motor principal<\/p>\n\n\n\n<p>7.5kw<\/p>\n\n\n\n<p>velocidad de deslizamiento<\/p>\n\n\n\n<p>r\u00e1pido abajo<\/p>\n\n\n\n<p>150 mm \/ s<\/p>\n\n\n\n<p>trabajo<\/p>\n\n\n\n<p>10 mm \/ s<\/p>\n\n\n\n<p>viaje de vuelta<\/p>\n\n\n\n<p>130 mm \/ s<\/p>\n\n\n\n<p>engranaje trasero eje x<\/p>\n\n\n\n<p>viaje<\/p>\n\n\n\n<p>550 mm<\/p>\n\n\n\n<p>velocidad m\u00e1xima de carrera<\/p>\n\n\n\n<p>300 mm \/ s<\/p>\n\n\n\n<p>precisi\u00f3n de posicionamiento repetible<\/p>\n\n\n\n<p>\u22640.05mm<\/p>\n\n\n\n<p>eje trasero r eje<\/p>\n\n\n\n<p>viaje<\/p>\n\n\n\n<p>150 mm<\/p>\n\n\n\n<p>velocidad m\u00e1xima de carrera<\/p>\n\n\n\n<p>150 mm \/ s<\/p>\n\n\n\n<p>precisi\u00f3n de posicionamiento repetible<\/p>\n\n\n\n<p>\u22640.05mm<\/p>\n\n\n\n<p>tama\u00f1o de forma de la m\u00e1quina<\/p>\n\n\n\n<p>largo<\/p>\n\n\n\n<p>3960 mm<\/p>\n\n\n\n<p>amplio<\/p>\n\n\n\n<p>1700 mm<\/p>\n\n\n\n<p>alto<\/p>\n\n\n\n<p>2700 mm<\/p>\n","protected":false},"excerpt":{"rendered":"<p>LMS M\u00e1quina Plegadora De Freno De Prensa Descendente Con Control Nc m\u00e1quina dobladora de cnc giratoria con enlace de seis ejes Programaci\u00f3n 1-3d \/ control fuera de l\u00ednea \/ carga y descarga de maniqulator 2-appilicable a 3.0 mm por encima del procesamiento de la pieza de trabajo (cocina, acero, muro cortina de aluminio, etc.) par\u00e1metros: [&hellip;]<\/p>\n","protected":false},"featured_media":8728,"template":"","product-type":[209],"class_list":["post-8724","product","type-product","status-publish","has-post-thumbnail","hentry","product-type-louver-fire-damper-machine-es"],"acf":[],"yoast_head":"<!-- This site is optimized with the Yoast SEO plugin v26.6 - https:\/\/yoast.com\/wordpress\/plugins\/seo\/ -->\n<title>M\u00e1quina Plegadora De Freno De Prensa Descendente Con Control Nc - LMS Roll Forming Machine<\/title>\n<meta name=\"robots\" content=\"index, follow, max-snippet:-1, max-image-preview:large, max-video-preview:-1\" \/>\n<link rel=\"canonical\" href=\"https:\/\/test1.tzg.ink\/es\/product\/down-press-brake-bending-machine-with-nc-control\/\" \/>\n<meta property=\"og:locale\" content=\"es_ES\" \/>\n<meta property=\"og:type\" content=\"article\" \/>\n<meta property=\"og:title\" content=\"M\u00e1quina Plegadora De Freno De Prensa Descendente Con Control Nc - LMS Roll Forming Machine\" \/>\n<meta property=\"og:description\" content=\"LMS M\u00e1quina Plegadora De Freno De Prensa Descendente Con Control Nc m\u00e1quina dobladora de cnc giratoria con enlace de seis ejes Programaci\u00f3n 1-3d \/ control fuera de l\u00ednea \/ carga y descarga de maniqulator 2-appilicable a 3.0 mm por encima del procesamiento de la pieza de trabajo (cocina, acero, muro cortina de aluminio, etc.) par\u00e1metros: [&hellip;]\" \/>\n<meta property=\"og:url\" content=\"https:\/\/test1.tzg.ink\/es\/product\/down-press-brake-bending-machine-with-nc-control\/\" \/>\n<meta property=\"og:site_name\" content=\"LMS Roll Forming Machine\" \/>\n<meta property=\"article:modified_time\" content=\"2024-04-07T03:55:10+00:00\" \/>\n<meta property=\"og:image\" content=\"https:\/\/test1.tzg.ink\/wp-content\/uploads\/2024\/01\/365bd061562b50549ef0a6db9eeb1151_medium-3.jpg\" \/>\n\t<meta property=\"og:image:width\" content=\"550\" \/>\n\t<meta property=\"og:image:height\" content=\"413\" \/>\n\t<meta property=\"og:image:type\" content=\"image\/jpeg\" \/>\n<meta name=\"twitter:card\" content=\"summary_large_image\" \/>\n<meta name=\"twitter:label1\" content=\"Tiempo de lectura\" \/>\n\t<meta name=\"twitter:data1\" content=\"1 minuto\" \/>\n<script type=\"application\/ld+json\" class=\"yoast-schema-graph\">{\"@context\":\"https:\/\/schema.org\",\"@graph\":[{\"@type\":\"WebPage\",\"@id\":\"https:\/\/test1.tzg.ink\/es\/product\/down-press-brake-bending-machine-with-nc-control\/\",\"url\":\"https:\/\/test1.tzg.ink\/es\/product\/down-press-brake-bending-machine-with-nc-control\/\",\"name\":\"M\u00e1quina Plegadora De Freno De Prensa Descendente Con Control Nc - LMS Roll Forming Machine\",\"isPartOf\":{\"@id\":\"https:\/\/test1.tzg.ink\/#website\"},\"primaryImageOfPage\":{\"@id\":\"https:\/\/test1.tzg.ink\/es\/product\/down-press-brake-bending-machine-with-nc-control\/#primaryimage\"},\"image\":{\"@id\":\"https:\/\/test1.tzg.ink\/es\/product\/down-press-brake-bending-machine-with-nc-control\/#primaryimage\"},\"thumbnailUrl\":\"https:\/\/test1.tzg.ink\/wp-content\/uploads\/2024\/01\/365bd061562b50549ef0a6db9eeb1151_medium-3.jpg\",\"datePublished\":\"2019-04-27T23:42:06+00:00\",\"dateModified\":\"2024-04-07T03:55:10+00:00\",\"breadcrumb\":{\"@id\":\"https:\/\/test1.tzg.ink\/es\/product\/down-press-brake-bending-machine-with-nc-control\/#breadcrumb\"},\"inLanguage\":\"es\",\"potentialAction\":[{\"@type\":\"ReadAction\",\"target\":[\"https:\/\/test1.tzg.ink\/es\/product\/down-press-brake-bending-machine-with-nc-control\/\"]}]},{\"@type\":\"ImageObject\",\"inLanguage\":\"es\",\"@id\":\"https:\/\/test1.tzg.ink\/es\/product\/down-press-brake-bending-machine-with-nc-control\/#primaryimage\",\"url\":\"https:\/\/test1.tzg.ink\/wp-content\/uploads\/2024\/01\/365bd061562b50549ef0a6db9eeb1151_medium-3.jpg\",\"contentUrl\":\"https:\/\/test1.tzg.ink\/wp-content\/uploads\/2024\/01\/365bd061562b50549ef0a6db9eeb1151_medium-3.jpg\",\"width\":550,\"height\":413},{\"@type\":\"BreadcrumbList\",\"@id\":\"https:\/\/test1.tzg.ink\/es\/product\/down-press-brake-bending-machine-with-nc-control\/#breadcrumb\",\"itemListElement\":[{\"@type\":\"ListItem\",\"position\":1,\"name\":\"Home\",\"item\":\"https:\/\/test1.tzg.ink\/es\/\"},{\"@type\":\"ListItem\",\"position\":2,\"name\":\"Products\",\"item\":\"https:\/\/test1.tzg.ink\/ar\/product\/\"},{\"@type\":\"ListItem\",\"position\":3,\"name\":\"M\u00e1quina Plegadora De Freno De Prensa Descendente Con Control Nc\"}]},{\"@type\":\"WebSite\",\"@id\":\"https:\/\/test1.tzg.ink\/#website\",\"url\":\"https:\/\/test1.tzg.ink\/\",\"name\":\"LMS Roll Forming Machine\",\"description\":\"LMS MACHINERY CHINA PROFESSIONAL COLD ROLL FORMING MACHINE PROVIDER PROFESSIONAL CHOICE, PROFESSIONAL SERVICE\",\"potentialAction\":[{\"@type\":\"SearchAction\",\"target\":{\"@type\":\"EntryPoint\",\"urlTemplate\":\"https:\/\/test1.tzg.ink\/?s={search_term_string}\"},\"query-input\":{\"@type\":\"PropertyValueSpecification\",\"valueRequired\":true,\"valueName\":\"search_term_string\"}}],\"inLanguage\":\"es\"}]}<\/script>\n<!-- \/ Yoast SEO plugin. -->","yoast_head_json":{"title":"M\u00e1quina Plegadora De Freno De Prensa Descendente Con Control Nc - LMS Roll Forming Machine","robots":{"index":"index","follow":"follow","max-snippet":"max-snippet:-1","max-image-preview":"max-image-preview:large","max-video-preview":"max-video-preview:-1"},"canonical":"https:\/\/test1.tzg.ink\/es\/product\/down-press-brake-bending-machine-with-nc-control\/","og_locale":"es_ES","og_type":"article","og_title":"M\u00e1quina Plegadora De Freno De Prensa Descendente Con Control Nc - LMS Roll Forming Machine","og_description":"LMS M\u00e1quina Plegadora De Freno De Prensa Descendente Con Control Nc m\u00e1quina dobladora de cnc giratoria con enlace de seis ejes Programaci\u00f3n 1-3d \/ control fuera de l\u00ednea \/ carga y descarga de maniqulator 2-appilicable a 3.0 mm por encima del procesamiento de la pieza de trabajo (cocina, acero, muro cortina de aluminio, etc.) par\u00e1metros: [&hellip;]","og_url":"https:\/\/test1.tzg.ink\/es\/product\/down-press-brake-bending-machine-with-nc-control\/","og_site_name":"LMS Roll Forming Machine","article_modified_time":"2024-04-07T03:55:10+00:00","og_image":[{"width":550,"height":413,"url":"https:\/\/test1.tzg.ink\/wp-content\/uploads\/2024\/01\/365bd061562b50549ef0a6db9eeb1151_medium-3.jpg","type":"image\/jpeg"}],"twitter_card":"summary_large_image","twitter_misc":{"Tiempo de lectura":"1 minuto"},"schema":{"@context":"https:\/\/schema.org","@graph":[{"@type":"WebPage","@id":"https:\/\/test1.tzg.ink\/es\/product\/down-press-brake-bending-machine-with-nc-control\/","url":"https:\/\/test1.tzg.ink\/es\/product\/down-press-brake-bending-machine-with-nc-control\/","name":"M\u00e1quina Plegadora De Freno De Prensa Descendente Con Control Nc - LMS Roll Forming Machine","isPartOf":{"@id":"https:\/\/test1.tzg.ink\/#website"},"primaryImageOfPage":{"@id":"https:\/\/test1.tzg.ink\/es\/product\/down-press-brake-bending-machine-with-nc-control\/#primaryimage"},"image":{"@id":"https:\/\/test1.tzg.ink\/es\/product\/down-press-brake-bending-machine-with-nc-control\/#primaryimage"},"thumbnailUrl":"https:\/\/test1.tzg.ink\/wp-content\/uploads\/2024\/01\/365bd061562b50549ef0a6db9eeb1151_medium-3.jpg","datePublished":"2019-04-27T23:42:06+00:00","dateModified":"2024-04-07T03:55:10+00:00","breadcrumb":{"@id":"https:\/\/test1.tzg.ink\/es\/product\/down-press-brake-bending-machine-with-nc-control\/#breadcrumb"},"inLanguage":"es","potentialAction":[{"@type":"ReadAction","target":["https:\/\/test1.tzg.ink\/es\/product\/down-press-brake-bending-machine-with-nc-control\/"]}]},{"@type":"ImageObject","inLanguage":"es","@id":"https:\/\/test1.tzg.ink\/es\/product\/down-press-brake-bending-machine-with-nc-control\/#primaryimage","url":"https:\/\/test1.tzg.ink\/wp-content\/uploads\/2024\/01\/365bd061562b50549ef0a6db9eeb1151_medium-3.jpg","contentUrl":"https:\/\/test1.tzg.ink\/wp-content\/uploads\/2024\/01\/365bd061562b50549ef0a6db9eeb1151_medium-3.jpg","width":550,"height":413},{"@type":"BreadcrumbList","@id":"https:\/\/test1.tzg.ink\/es\/product\/down-press-brake-bending-machine-with-nc-control\/#breadcrumb","itemListElement":[{"@type":"ListItem","position":1,"name":"Home","item":"https:\/\/test1.tzg.ink\/es\/"},{"@type":"ListItem","position":2,"name":"Products","item":"https:\/\/test1.tzg.ink\/ar\/product\/"},{"@type":"ListItem","position":3,"name":"M\u00e1quina Plegadora De Freno De Prensa Descendente Con Control Nc"}]},{"@type":"WebSite","@id":"https:\/\/test1.tzg.ink\/#website","url":"https:\/\/test1.tzg.ink\/","name":"LMS Roll Forming Machine","description":"LMS MACHINERY CHINA PROFESSIONAL COLD ROLL FORMING MACHINE PROVIDER PROFESSIONAL CHOICE, PROFESSIONAL SERVICE","potentialAction":[{"@type":"SearchAction","target":{"@type":"EntryPoint","urlTemplate":"https:\/\/test1.tzg.ink\/?s={search_term_string}"},"query-input":{"@type":"PropertyValueSpecification","valueRequired":true,"valueName":"search_term_string"}}],"inLanguage":"es"}]}},"_links":{"self":[{"href":"https:\/\/test1.tzg.ink\/es\/wp-json\/wp\/v2\/product\/8724","targetHints":{"allow":["GET"]}}],"collection":[{"href":"https:\/\/test1.tzg.ink\/es\/wp-json\/wp\/v2\/product"}],"about":[{"href":"https:\/\/test1.tzg.ink\/es\/wp-json\/wp\/v2\/types\/product"}],"wp:featuredmedia":[{"embeddable":true,"href":"https:\/\/test1.tzg.ink\/es\/wp-json\/wp\/v2\/media\/8728"}],"wp:attachment":[{"href":"https:\/\/test1.tzg.ink\/es\/wp-json\/wp\/v2\/media?parent=8724"}],"wp:term":[{"taxonomy":"product-type","embeddable":true,"href":"https:\/\/test1.tzg.ink\/es\/wp-json\/wp\/v2\/product-type?post=8724"}],"curies":[{"name":"wp","href":"https:\/\/api.w.org\/{rel}","templated":true}]}}