{"id":8722,"date":"2019-04-28T07:37:27","date_gmt":"2019-04-27T23:37:27","guid":{"rendered":"https:\/\/test1.tzg.ink\/product\/tubo-espiral-que-forma-la-maquina\/"},"modified":"2024-04-07T11:33:55","modified_gmt":"2024-04-07T03:33:55","slug":"spiral-tube-forming-machine","status":"publish","type":"product","link":"https:\/\/test1.tzg.ink\/es\/product\/spiral-tube-forming-machine\/","title":{"rendered":"Tubo Espiral Que Forma La M\u00e1quina"},"content":{"rendered":"\n<h2 class=\"wp-block-heading has-text-align-center\"><strong>LMS Tubo Espiral Que Forma La M\u00e1quina<\/strong><\/h2>\n\n\n\n<p>especificaci\u00f3n de formador de espiral<\/p>\n\n\n\n<p>nombre especificaci\u00f3n<\/p>\n\n\n\n<p>di\u00e1metro&nbsp;&nbsp;&nbsp;&nbsp; 80-1600mm<\/p>\n\n\n\n<p>espesor Acero galvanizado de 0.4-0.3 mm, acero inoxidable de 0.4-0.8 mm, aluminio de 0.6-1.3 mm<\/p>\n\n\n\n<p>ancho de la materia prima&nbsp;&nbsp;&nbsp;<\/p>\n\n\n\n<p>Grosor de 0.4-1.0 mm: 137 mm, grosor de 1.1-1.3 mm: 140 mm<\/p>\n\n\n\n<p>velocidad m\u00e1xima de alimentaci\u00f3n&nbsp;&nbsp;&nbsp;&nbsp; 80 m \/ min<\/p>\n\n\n\n<p>motor&nbsp;&nbsp; hz50 v220-242 \u25b3 \/ 380-420y<\/p>\n\n\n\n<p>hz60 v254-277 \u25b3 \/ 440-480y<\/p>\n\n\n\n<p>energ\u00eda el\u00e9ctrica 15kw<\/p>\n\n\n\n<p>peso&nbsp;&nbsp;&nbsp;&nbsp; 2000kg<\/p>\n\n\n\n<p>sistema de corte&nbsp;&nbsp;&nbsp;&nbsp;&nbsp; cizallas voladoras, matriz b\u00e1sica para cizalla hidr\u00e1ulica cizalla suave y silenciosa<\/p>\n\n\n\n<p>tama\u00f1o<\/p>\n\n\n\n<p>parte principal: 1950mm * 1700mm * 1500m<\/p>\n\n\n\n<p>bastidor de soporte: 2940 mm * 1040 mm * 1220 mm<\/p>\n\n\n\n<p>decoiler: 2000mm * 1140mm * 1320mm<\/p>\n\n\n\n<p>Sistema de manejo&nbsp; coser motor con convertidor<\/p>\n\n\n\n<p>marco de soporte&nbsp;&nbsp;&nbsp; mesa de trabajo b\u00e1sica con descarga neum\u00e1tica (ancho est\u00e1ndar de 3000 mm)<\/p>\n\n\n\n<p>desenrollador&nbsp;&nbsp;&nbsp;&nbsp; vertical, m\u00e1ximo 1000 kg<\/p>\n\n\n\n<p>otros&nbsp;&nbsp;&nbsp;<\/p>\n\n\n\n<p>rodillo hidr\u00e1ulico de medici\u00f3n autom\u00e1tica de longitud<\/p>\n\n\n\n<p>2c dispositivo reforzado<\/p>\n\n\n\n<p>1 molde de di\u00e1metro de 200 mm<\/p>\n\n\n\n<p>m\u00e1quina formadora de tubos en espiral (corte de rodillos)<\/p>\n\n\n\n<p>La costura con borde de Spir es la m\u00e1s compacta jam\u00e1s probada por investigadores independientes en el mercado.<\/p>\n\n\n\n<p>-muere acero de alta calidad para todos los componentes clave<\/p>\n\n\n\n<p>-el modo de balanceo \u00fanico en el rodillo impulsor optimiza el esfuerzo.<\/p>\n\n\n\n<p>-Las tijeras de \u00e1ngulo especial optimizan la cizalla.<\/p>\n\n\n\n<p>Un inserto especial de cobre en la cabeza minimiza la fricci\u00f3n y la hace m\u00e1s duradera. el montaje del rodillo de moldeo muy preciso optimiza el enrollamiento.<\/p>\n\n\n\n<p>-las tijeras utilizan acero de alta calidad y tienen una larga vida \u00fatil.<\/p>\n\n\n\n<p>-las tijeras hidr\u00e1ulicas en las cizallas longitudinales tienen caracter\u00edsticas \u00fanicas que permiten una cizalla \u00f3ptima.<\/p>\n\n\n\n<p>-el rodillo de sujeci\u00f3n exclusivo asegura las llantas.<\/p>\n\n\n\n<p>&#8211; velocidad de entrega eficiente de hasta 80 m \/ min.<\/p>\n\n\n\n<p>-compacto en tama\u00f1o<\/p>\n\n\n\n<p>-uso de hierro fundido d\u00factil para formar el asiento y la placa inferior.<\/p>\n\n\n\n<p>-m\u00faltiples dispositivos de protecci\u00f3n con buena seguridad.<\/p>\n\n\n\n<p>-el dispositivo tensor de material especial de la bobinadora mejora la precisi\u00f3n y la calidad del producto.<\/p>\n\n\n\n<p>sistema hidr\u00e1ulico estable<\/p>\n","protected":false},"excerpt":{"rendered":"<p>LMS Tubo Espiral Que Forma La M\u00e1quina especificaci\u00f3n de formador de espiral nombre especificaci\u00f3n di\u00e1metro&nbsp;&nbsp;&nbsp;&nbsp; 80-1600mm espesor Acero galvanizado de 0.4-0.3 mm, acero inoxidable de 0.4-0.8 mm, aluminio de 0.6-1.3 mm ancho de la materia prima&nbsp;&nbsp;&nbsp; Grosor de 0.4-1.0 mm: 137 mm, grosor de 1.1-1.3 mm: 140 mm velocidad m\u00e1xima de alimentaci\u00f3n&nbsp;&nbsp;&nbsp;&nbsp; 80 m \/ [&hellip;]<\/p>\n","protected":false},"featured_media":8723,"template":"","product-type":[209],"class_list":["post-8722","product","type-product","status-publish","has-post-thumbnail","hentry","product-type-louver-fire-damper-machine-es"],"acf":[],"yoast_head":"<!-- This site is optimized with the Yoast SEO plugin v26.6 - https:\/\/yoast.com\/wordpress\/plugins\/seo\/ -->\n<title>Tubo Espiral Que Forma La M\u00e1quina - LMS Roll Forming Machine<\/title>\n<meta name=\"robots\" content=\"index, follow, max-snippet:-1, max-image-preview:large, max-video-preview:-1\" \/>\n<link rel=\"canonical\" href=\"https:\/\/test1.tzg.ink\/es\/product\/spiral-tube-forming-machine\/\" \/>\n<meta property=\"og:locale\" content=\"es_ES\" \/>\n<meta property=\"og:type\" content=\"article\" \/>\n<meta property=\"og:title\" content=\"Tubo Espiral Que Forma La M\u00e1quina - LMS Roll Forming Machine\" \/>\n<meta property=\"og:description\" content=\"LMS Tubo Espiral Que Forma La M\u00e1quina especificaci\u00f3n de formador de espiral nombre especificaci\u00f3n di\u00e1metro&nbsp;&nbsp;&nbsp;&nbsp; 80-1600mm espesor Acero galvanizado de 0.4-0.3 mm, acero inoxidable de 0.4-0.8 mm, aluminio de 0.6-1.3 mm ancho de la materia prima&nbsp;&nbsp;&nbsp; Grosor de 0.4-1.0 mm: 137 mm, grosor de 1.1-1.3 mm: 140 mm velocidad m\u00e1xima de alimentaci\u00f3n&nbsp;&nbsp;&nbsp;&nbsp; 80 m \/ [&hellip;]\" \/>\n<meta property=\"og:url\" content=\"https:\/\/test1.tzg.ink\/es\/product\/spiral-tube-forming-machine\/\" \/>\n<meta property=\"og:site_name\" content=\"LMS Roll Forming Machine\" \/>\n<meta property=\"article:modified_time\" content=\"2024-04-07T03:33:55+00:00\" \/>\n<meta property=\"og:image\" content=\"https:\/\/test1.tzg.ink\/wp-content\/uploads\/2024\/01\/43ad8a3c475ffd6a51d566a9888ba38d_medium-4.jpg\" \/>\n\t<meta property=\"og:image:width\" content=\"550\" \/>\n\t<meta property=\"og:image:height\" content=\"413\" \/>\n\t<meta property=\"og:image:type\" content=\"image\/jpeg\" \/>\n<meta name=\"twitter:card\" content=\"summary_large_image\" \/>\n<meta name=\"twitter:label1\" content=\"Tiempo de lectura\" \/>\n\t<meta name=\"twitter:data1\" content=\"2 minutos\" \/>\n<script type=\"application\/ld+json\" class=\"yoast-schema-graph\">{\"@context\":\"https:\/\/schema.org\",\"@graph\":[{\"@type\":\"WebPage\",\"@id\":\"https:\/\/test1.tzg.ink\/es\/product\/spiral-tube-forming-machine\/\",\"url\":\"https:\/\/test1.tzg.ink\/es\/product\/spiral-tube-forming-machine\/\",\"name\":\"Tubo Espiral Que Forma La M\u00e1quina - LMS Roll Forming Machine\",\"isPartOf\":{\"@id\":\"https:\/\/test1.tzg.ink\/#website\"},\"primaryImageOfPage\":{\"@id\":\"https:\/\/test1.tzg.ink\/es\/product\/spiral-tube-forming-machine\/#primaryimage\"},\"image\":{\"@id\":\"https:\/\/test1.tzg.ink\/es\/product\/spiral-tube-forming-machine\/#primaryimage\"},\"thumbnailUrl\":\"https:\/\/test1.tzg.ink\/wp-content\/uploads\/2024\/01\/43ad8a3c475ffd6a51d566a9888ba38d_medium-4.jpg\",\"datePublished\":\"2019-04-27T23:37:27+00:00\",\"dateModified\":\"2024-04-07T03:33:55+00:00\",\"breadcrumb\":{\"@id\":\"https:\/\/test1.tzg.ink\/es\/product\/spiral-tube-forming-machine\/#breadcrumb\"},\"inLanguage\":\"es\",\"potentialAction\":[{\"@type\":\"ReadAction\",\"target\":[\"https:\/\/test1.tzg.ink\/es\/product\/spiral-tube-forming-machine\/\"]}]},{\"@type\":\"ImageObject\",\"inLanguage\":\"es\",\"@id\":\"https:\/\/test1.tzg.ink\/es\/product\/spiral-tube-forming-machine\/#primaryimage\",\"url\":\"https:\/\/test1.tzg.ink\/wp-content\/uploads\/2024\/01\/43ad8a3c475ffd6a51d566a9888ba38d_medium-4.jpg\",\"contentUrl\":\"https:\/\/test1.tzg.ink\/wp-content\/uploads\/2024\/01\/43ad8a3c475ffd6a51d566a9888ba38d_medium-4.jpg\",\"width\":550,\"height\":413},{\"@type\":\"BreadcrumbList\",\"@id\":\"https:\/\/test1.tzg.ink\/es\/product\/spiral-tube-forming-machine\/#breadcrumb\",\"itemListElement\":[{\"@type\":\"ListItem\",\"position\":1,\"name\":\"Home\",\"item\":\"https:\/\/test1.tzg.ink\/es\/\"},{\"@type\":\"ListItem\",\"position\":2,\"name\":\"Products\",\"item\":\"https:\/\/test1.tzg.ink\/ar\/product\/\"},{\"@type\":\"ListItem\",\"position\":3,\"name\":\"Tubo Espiral Que Forma La M\u00e1quina\"}]},{\"@type\":\"WebSite\",\"@id\":\"https:\/\/test1.tzg.ink\/#website\",\"url\":\"https:\/\/test1.tzg.ink\/\",\"name\":\"LMS Roll Forming Machine\",\"description\":\"LMS MACHINERY CHINA PROFESSIONAL COLD ROLL FORMING MACHINE PROVIDER PROFESSIONAL CHOICE, PROFESSIONAL SERVICE\",\"potentialAction\":[{\"@type\":\"SearchAction\",\"target\":{\"@type\":\"EntryPoint\",\"urlTemplate\":\"https:\/\/test1.tzg.ink\/?s={search_term_string}\"},\"query-input\":{\"@type\":\"PropertyValueSpecification\",\"valueRequired\":true,\"valueName\":\"search_term_string\"}}],\"inLanguage\":\"es\"}]}<\/script>\n<!-- \/ Yoast SEO plugin. -->","yoast_head_json":{"title":"Tubo Espiral Que Forma La M\u00e1quina - LMS Roll Forming Machine","robots":{"index":"index","follow":"follow","max-snippet":"max-snippet:-1","max-image-preview":"max-image-preview:large","max-video-preview":"max-video-preview:-1"},"canonical":"https:\/\/test1.tzg.ink\/es\/product\/spiral-tube-forming-machine\/","og_locale":"es_ES","og_type":"article","og_title":"Tubo Espiral Que Forma La M\u00e1quina - LMS Roll Forming Machine","og_description":"LMS Tubo Espiral Que Forma La M\u00e1quina especificaci\u00f3n de formador de espiral nombre especificaci\u00f3n di\u00e1metro&nbsp;&nbsp;&nbsp;&nbsp; 80-1600mm espesor Acero galvanizado de 0.4-0.3 mm, acero inoxidable de 0.4-0.8 mm, aluminio de 0.6-1.3 mm ancho de la materia prima&nbsp;&nbsp;&nbsp; Grosor de 0.4-1.0 mm: 137 mm, grosor de 1.1-1.3 mm: 140 mm velocidad m\u00e1xima de alimentaci\u00f3n&nbsp;&nbsp;&nbsp;&nbsp; 80 m \/ [&hellip;]","og_url":"https:\/\/test1.tzg.ink\/es\/product\/spiral-tube-forming-machine\/","og_site_name":"LMS Roll Forming Machine","article_modified_time":"2024-04-07T03:33:55+00:00","og_image":[{"width":550,"height":413,"url":"https:\/\/test1.tzg.ink\/wp-content\/uploads\/2024\/01\/43ad8a3c475ffd6a51d566a9888ba38d_medium-4.jpg","type":"image\/jpeg"}],"twitter_card":"summary_large_image","twitter_misc":{"Tiempo de lectura":"2 minutos"},"schema":{"@context":"https:\/\/schema.org","@graph":[{"@type":"WebPage","@id":"https:\/\/test1.tzg.ink\/es\/product\/spiral-tube-forming-machine\/","url":"https:\/\/test1.tzg.ink\/es\/product\/spiral-tube-forming-machine\/","name":"Tubo Espiral Que Forma La M\u00e1quina - LMS Roll Forming Machine","isPartOf":{"@id":"https:\/\/test1.tzg.ink\/#website"},"primaryImageOfPage":{"@id":"https:\/\/test1.tzg.ink\/es\/product\/spiral-tube-forming-machine\/#primaryimage"},"image":{"@id":"https:\/\/test1.tzg.ink\/es\/product\/spiral-tube-forming-machine\/#primaryimage"},"thumbnailUrl":"https:\/\/test1.tzg.ink\/wp-content\/uploads\/2024\/01\/43ad8a3c475ffd6a51d566a9888ba38d_medium-4.jpg","datePublished":"2019-04-27T23:37:27+00:00","dateModified":"2024-04-07T03:33:55+00:00","breadcrumb":{"@id":"https:\/\/test1.tzg.ink\/es\/product\/spiral-tube-forming-machine\/#breadcrumb"},"inLanguage":"es","potentialAction":[{"@type":"ReadAction","target":["https:\/\/test1.tzg.ink\/es\/product\/spiral-tube-forming-machine\/"]}]},{"@type":"ImageObject","inLanguage":"es","@id":"https:\/\/test1.tzg.ink\/es\/product\/spiral-tube-forming-machine\/#primaryimage","url":"https:\/\/test1.tzg.ink\/wp-content\/uploads\/2024\/01\/43ad8a3c475ffd6a51d566a9888ba38d_medium-4.jpg","contentUrl":"https:\/\/test1.tzg.ink\/wp-content\/uploads\/2024\/01\/43ad8a3c475ffd6a51d566a9888ba38d_medium-4.jpg","width":550,"height":413},{"@type":"BreadcrumbList","@id":"https:\/\/test1.tzg.ink\/es\/product\/spiral-tube-forming-machine\/#breadcrumb","itemListElement":[{"@type":"ListItem","position":1,"name":"Home","item":"https:\/\/test1.tzg.ink\/es\/"},{"@type":"ListItem","position":2,"name":"Products","item":"https:\/\/test1.tzg.ink\/ar\/product\/"},{"@type":"ListItem","position":3,"name":"Tubo Espiral Que Forma La M\u00e1quina"}]},{"@type":"WebSite","@id":"https:\/\/test1.tzg.ink\/#website","url":"https:\/\/test1.tzg.ink\/","name":"LMS Roll Forming Machine","description":"LMS MACHINERY CHINA PROFESSIONAL COLD ROLL FORMING MACHINE PROVIDER PROFESSIONAL CHOICE, PROFESSIONAL SERVICE","potentialAction":[{"@type":"SearchAction","target":{"@type":"EntryPoint","urlTemplate":"https:\/\/test1.tzg.ink\/?s={search_term_string}"},"query-input":{"@type":"PropertyValueSpecification","valueRequired":true,"valueName":"search_term_string"}}],"inLanguage":"es"}]}},"_links":{"self":[{"href":"https:\/\/test1.tzg.ink\/es\/wp-json\/wp\/v2\/product\/8722","targetHints":{"allow":["GET"]}}],"collection":[{"href":"https:\/\/test1.tzg.ink\/es\/wp-json\/wp\/v2\/product"}],"about":[{"href":"https:\/\/test1.tzg.ink\/es\/wp-json\/wp\/v2\/types\/product"}],"wp:featuredmedia":[{"embeddable":true,"href":"https:\/\/test1.tzg.ink\/es\/wp-json\/wp\/v2\/media\/8723"}],"wp:attachment":[{"href":"https:\/\/test1.tzg.ink\/es\/wp-json\/wp\/v2\/media?parent=8722"}],"wp:term":[{"taxonomy":"product-type","embeddable":true,"href":"https:\/\/test1.tzg.ink\/es\/wp-json\/wp\/v2\/product-type?post=8722"}],"curies":[{"name":"wp","href":"https:\/\/api.w.org\/{rel}","templated":true}]}}