{"id":8716,"date":"2019-04-28T06:51:34","date_gmt":"2019-04-27T22:51:34","guid":{"rendered":"https:\/\/test1.tzg.ink\/product\/conducto-de-fabricacion-de-automoviles-linea-ii\/"},"modified":"2024-04-07T11:47:34","modified_gmt":"2024-04-07T03:47:34","slug":"automobile-manufacturing-duct-line-ii","status":"publish","type":"product","link":"https:\/\/test1.tzg.ink\/es\/product\/automobile-manufacturing-duct-line-ii\/","title":{"rendered":"Conducto De Fabricaci\u00f3n De Autom\u00f3viles L\u00ednea II"},"content":{"rendered":"\n<h2 class=\"wp-block-heading has-text-align-center\">LMS Conducto De Fabricaci\u00f3n De Autom\u00f3viles L\u00ednea II<\/h2>\n\n\n\n<p>l\u00ednea de bobina lms-ii es principalmente para blanking de bridas tdf, mientras tanto, se puede utilizar para blanking de hojas normal. emparejado con pittsburgh lock former \/ tdf folding machine y angulares, esta l\u00ednea de ductos puede producir muy buenos ductos tdf.<\/p>\n\n\n\n<p>flujo de trabajo de l\u00ednea autom\u00e1tica de fabricaci\u00f3n de conductos:<\/p>\n\n\n\n<figure class=\"wp-block-image\"><img decoding=\"async\" src=\"https:\/\/es.lmsmachinery.com\/uploads\/20180525142559_32344.png\" alt=\"DUCT\"\/><\/figure>\n\n\n\n<p>Configuracion basica:<\/p>\n\n\n\n<ol class=\"wp-block-list\">\n<li>un juego de decodificadores dobles accionados por un solo motor (capacidad m\u00e1xima de 6 toneladas por estaci\u00f3n)<\/li>\n<\/ol>\n\n\n\n<ol class=\"wp-block-list\" start=\"2\">\n<li>unidad de enderezamiento con beader<\/li>\n<\/ol>\n\n\n\n<ol class=\"wp-block-list\" start=\"3\">\n<li>perforar el agujero de la barra de acoplamiento para el refuerzo del conducto (opcional)<\/li>\n<\/ol>\n\n\n\n<ol class=\"wp-block-list\" start=\"4\">\n<li>cuatro muelas hidr\u00e1ulicas<\/li>\n<\/ol>\n\n\n\n<ol class=\"wp-block-list\" start=\"5\">\n<li>cizalla hidr\u00e1ulica<\/li>\n<\/ol>\n\n\n\n<p>Introducci\u00f3n del producto<\/p>\n\n\n\n<ol class=\"wp-block-list\">\n<li>con el sistema de corte a medida, esta l\u00ednea de bobina puede coincidir perfectamente con la m\u00e1quina de corte por plasma.<\/li>\n<\/ol>\n\n\n\n<ol class=\"wp-block-list\" start=\"2\">\n<li>placa muesca para hacer la conexi\u00f3n \u00abc cleat\u00bb o \u00abs cleat\u00bb, esta l\u00ednea de bobina coincidir\u00e1 con los formadores de cerradura correspondientes<\/li>\n<\/ol>\n\n\n\n<ol class=\"wp-block-list\" start=\"3\">\n<li>muescas de la placa para hacer la conexi\u00f3n brida tdf, esta l\u00ednea de la bobina coincidir\u00e1 con el formador de bridas tdf y la m\u00e1quina plegable tdf<\/li>\n<\/ol>\n","protected":false},"excerpt":{"rendered":"<p>LMS Conducto De Fabricaci\u00f3n De Autom\u00f3viles L\u00ednea II l\u00ednea de bobina lms-ii es principalmente para blanking de bridas tdf, mientras tanto, se puede utilizar para blanking de hojas normal. emparejado con pittsburgh lock former \/ tdf folding machine y angulares, esta l\u00ednea de ductos puede producir muy buenos ductos tdf. flujo de trabajo de l\u00ednea [&hellip;]<\/p>\n","protected":false},"featured_media":8717,"template":"","product-type":[209],"class_list":["post-8716","product","type-product","status-publish","has-post-thumbnail","hentry","product-type-louver-fire-damper-machine-es"],"acf":[],"yoast_head":"<!-- This site is optimized with the Yoast SEO plugin v26.6 - https:\/\/yoast.com\/wordpress\/plugins\/seo\/ -->\n<title>Conducto De Fabricaci\u00f3n De Autom\u00f3viles L\u00ednea II - LMS Roll Forming Machine<\/title>\n<meta name=\"robots\" content=\"index, follow, max-snippet:-1, max-image-preview:large, max-video-preview:-1\" \/>\n<link rel=\"canonical\" href=\"https:\/\/test1.tzg.ink\/es\/product\/automobile-manufacturing-duct-line-ii\/\" \/>\n<meta property=\"og:locale\" content=\"es_ES\" \/>\n<meta property=\"og:type\" content=\"article\" \/>\n<meta property=\"og:title\" content=\"Conducto De Fabricaci\u00f3n De Autom\u00f3viles L\u00ednea II - LMS Roll Forming Machine\" \/>\n<meta property=\"og:description\" content=\"LMS Conducto De Fabricaci\u00f3n De Autom\u00f3viles L\u00ednea II l\u00ednea de bobina lms-ii es principalmente para blanking de bridas tdf, mientras tanto, se puede utilizar para blanking de hojas normal. emparejado con pittsburgh lock former \/ tdf folding machine y angulares, esta l\u00ednea de ductos puede producir muy buenos ductos tdf. flujo de trabajo de l\u00ednea [&hellip;]\" \/>\n<meta property=\"og:url\" content=\"https:\/\/test1.tzg.ink\/es\/product\/automobile-manufacturing-duct-line-ii\/\" \/>\n<meta property=\"og:site_name\" content=\"LMS Roll Forming Machine\" \/>\n<meta property=\"article:modified_time\" content=\"2024-04-07T03:47:34+00:00\" \/>\n<meta property=\"og:image\" content=\"https:\/\/test1.tzg.ink\/wp-content\/uploads\/2024\/01\/511bc84a4309fd765450947c7ef88772_medium-4.jpg\" \/>\n\t<meta property=\"og:image:width\" content=\"550\" \/>\n\t<meta property=\"og:image:height\" content=\"413\" \/>\n\t<meta property=\"og:image:type\" content=\"image\/jpeg\" \/>\n<meta name=\"twitter:card\" content=\"summary_large_image\" \/>\n<meta name=\"twitter:label1\" content=\"Tiempo de lectura\" \/>\n\t<meta name=\"twitter:data1\" content=\"1 minuto\" \/>\n<script type=\"application\/ld+json\" class=\"yoast-schema-graph\">{\"@context\":\"https:\/\/schema.org\",\"@graph\":[{\"@type\":\"WebPage\",\"@id\":\"https:\/\/test1.tzg.ink\/es\/product\/automobile-manufacturing-duct-line-ii\/\",\"url\":\"https:\/\/test1.tzg.ink\/es\/product\/automobile-manufacturing-duct-line-ii\/\",\"name\":\"Conducto De Fabricaci\u00f3n De Autom\u00f3viles L\u00ednea II - LMS Roll Forming Machine\",\"isPartOf\":{\"@id\":\"https:\/\/test1.tzg.ink\/#website\"},\"primaryImageOfPage\":{\"@id\":\"https:\/\/test1.tzg.ink\/es\/product\/automobile-manufacturing-duct-line-ii\/#primaryimage\"},\"image\":{\"@id\":\"https:\/\/test1.tzg.ink\/es\/product\/automobile-manufacturing-duct-line-ii\/#primaryimage\"},\"thumbnailUrl\":\"https:\/\/test1.tzg.ink\/wp-content\/uploads\/2024\/01\/511bc84a4309fd765450947c7ef88772_medium-4.jpg\",\"datePublished\":\"2019-04-27T22:51:34+00:00\",\"dateModified\":\"2024-04-07T03:47:34+00:00\",\"breadcrumb\":{\"@id\":\"https:\/\/test1.tzg.ink\/es\/product\/automobile-manufacturing-duct-line-ii\/#breadcrumb\"},\"inLanguage\":\"es\",\"potentialAction\":[{\"@type\":\"ReadAction\",\"target\":[\"https:\/\/test1.tzg.ink\/es\/product\/automobile-manufacturing-duct-line-ii\/\"]}]},{\"@type\":\"ImageObject\",\"inLanguage\":\"es\",\"@id\":\"https:\/\/test1.tzg.ink\/es\/product\/automobile-manufacturing-duct-line-ii\/#primaryimage\",\"url\":\"https:\/\/test1.tzg.ink\/wp-content\/uploads\/2024\/01\/511bc84a4309fd765450947c7ef88772_medium-4.jpg\",\"contentUrl\":\"https:\/\/test1.tzg.ink\/wp-content\/uploads\/2024\/01\/511bc84a4309fd765450947c7ef88772_medium-4.jpg\",\"width\":550,\"height\":413},{\"@type\":\"BreadcrumbList\",\"@id\":\"https:\/\/test1.tzg.ink\/es\/product\/automobile-manufacturing-duct-line-ii\/#breadcrumb\",\"itemListElement\":[{\"@type\":\"ListItem\",\"position\":1,\"name\":\"Home\",\"item\":\"https:\/\/test1.tzg.ink\/es\/\"},{\"@type\":\"ListItem\",\"position\":2,\"name\":\"Products\",\"item\":\"https:\/\/test1.tzg.ink\/ar\/product\/\"},{\"@type\":\"ListItem\",\"position\":3,\"name\":\"Conducto De Fabricaci\u00f3n De Autom\u00f3viles L\u00ednea II\"}]},{\"@type\":\"WebSite\",\"@id\":\"https:\/\/test1.tzg.ink\/#website\",\"url\":\"https:\/\/test1.tzg.ink\/\",\"name\":\"LMS Roll Forming Machine\",\"description\":\"LMS MACHINERY CHINA PROFESSIONAL COLD ROLL FORMING MACHINE PROVIDER PROFESSIONAL CHOICE, PROFESSIONAL SERVICE\",\"potentialAction\":[{\"@type\":\"SearchAction\",\"target\":{\"@type\":\"EntryPoint\",\"urlTemplate\":\"https:\/\/test1.tzg.ink\/?s={search_term_string}\"},\"query-input\":{\"@type\":\"PropertyValueSpecification\",\"valueRequired\":true,\"valueName\":\"search_term_string\"}}],\"inLanguage\":\"es\"}]}<\/script>\n<!-- \/ Yoast SEO plugin. -->","yoast_head_json":{"title":"Conducto De Fabricaci\u00f3n De Autom\u00f3viles L\u00ednea II - LMS Roll Forming Machine","robots":{"index":"index","follow":"follow","max-snippet":"max-snippet:-1","max-image-preview":"max-image-preview:large","max-video-preview":"max-video-preview:-1"},"canonical":"https:\/\/test1.tzg.ink\/es\/product\/automobile-manufacturing-duct-line-ii\/","og_locale":"es_ES","og_type":"article","og_title":"Conducto De Fabricaci\u00f3n De Autom\u00f3viles L\u00ednea II - LMS Roll Forming Machine","og_description":"LMS Conducto De Fabricaci\u00f3n De Autom\u00f3viles L\u00ednea II l\u00ednea de bobina lms-ii es principalmente para blanking de bridas tdf, mientras tanto, se puede utilizar para blanking de hojas normal. emparejado con pittsburgh lock former \/ tdf folding machine y angulares, esta l\u00ednea de ductos puede producir muy buenos ductos tdf. flujo de trabajo de l\u00ednea [&hellip;]","og_url":"https:\/\/test1.tzg.ink\/es\/product\/automobile-manufacturing-duct-line-ii\/","og_site_name":"LMS Roll Forming Machine","article_modified_time":"2024-04-07T03:47:34+00:00","og_image":[{"width":550,"height":413,"url":"https:\/\/test1.tzg.ink\/wp-content\/uploads\/2024\/01\/511bc84a4309fd765450947c7ef88772_medium-4.jpg","type":"image\/jpeg"}],"twitter_card":"summary_large_image","twitter_misc":{"Tiempo de lectura":"1 minuto"},"schema":{"@context":"https:\/\/schema.org","@graph":[{"@type":"WebPage","@id":"https:\/\/test1.tzg.ink\/es\/product\/automobile-manufacturing-duct-line-ii\/","url":"https:\/\/test1.tzg.ink\/es\/product\/automobile-manufacturing-duct-line-ii\/","name":"Conducto De Fabricaci\u00f3n De Autom\u00f3viles L\u00ednea II - LMS Roll Forming Machine","isPartOf":{"@id":"https:\/\/test1.tzg.ink\/#website"},"primaryImageOfPage":{"@id":"https:\/\/test1.tzg.ink\/es\/product\/automobile-manufacturing-duct-line-ii\/#primaryimage"},"image":{"@id":"https:\/\/test1.tzg.ink\/es\/product\/automobile-manufacturing-duct-line-ii\/#primaryimage"},"thumbnailUrl":"https:\/\/test1.tzg.ink\/wp-content\/uploads\/2024\/01\/511bc84a4309fd765450947c7ef88772_medium-4.jpg","datePublished":"2019-04-27T22:51:34+00:00","dateModified":"2024-04-07T03:47:34+00:00","breadcrumb":{"@id":"https:\/\/test1.tzg.ink\/es\/product\/automobile-manufacturing-duct-line-ii\/#breadcrumb"},"inLanguage":"es","potentialAction":[{"@type":"ReadAction","target":["https:\/\/test1.tzg.ink\/es\/product\/automobile-manufacturing-duct-line-ii\/"]}]},{"@type":"ImageObject","inLanguage":"es","@id":"https:\/\/test1.tzg.ink\/es\/product\/automobile-manufacturing-duct-line-ii\/#primaryimage","url":"https:\/\/test1.tzg.ink\/wp-content\/uploads\/2024\/01\/511bc84a4309fd765450947c7ef88772_medium-4.jpg","contentUrl":"https:\/\/test1.tzg.ink\/wp-content\/uploads\/2024\/01\/511bc84a4309fd765450947c7ef88772_medium-4.jpg","width":550,"height":413},{"@type":"BreadcrumbList","@id":"https:\/\/test1.tzg.ink\/es\/product\/automobile-manufacturing-duct-line-ii\/#breadcrumb","itemListElement":[{"@type":"ListItem","position":1,"name":"Home","item":"https:\/\/test1.tzg.ink\/es\/"},{"@type":"ListItem","position":2,"name":"Products","item":"https:\/\/test1.tzg.ink\/ar\/product\/"},{"@type":"ListItem","position":3,"name":"Conducto De Fabricaci\u00f3n De Autom\u00f3viles L\u00ednea II"}]},{"@type":"WebSite","@id":"https:\/\/test1.tzg.ink\/#website","url":"https:\/\/test1.tzg.ink\/","name":"LMS Roll Forming Machine","description":"LMS MACHINERY CHINA PROFESSIONAL COLD ROLL FORMING MACHINE PROVIDER PROFESSIONAL CHOICE, PROFESSIONAL SERVICE","potentialAction":[{"@type":"SearchAction","target":{"@type":"EntryPoint","urlTemplate":"https:\/\/test1.tzg.ink\/?s={search_term_string}"},"query-input":{"@type":"PropertyValueSpecification","valueRequired":true,"valueName":"search_term_string"}}],"inLanguage":"es"}]}},"_links":{"self":[{"href":"https:\/\/test1.tzg.ink\/es\/wp-json\/wp\/v2\/product\/8716","targetHints":{"allow":["GET"]}}],"collection":[{"href":"https:\/\/test1.tzg.ink\/es\/wp-json\/wp\/v2\/product"}],"about":[{"href":"https:\/\/test1.tzg.ink\/es\/wp-json\/wp\/v2\/types\/product"}],"wp:featuredmedia":[{"embeddable":true,"href":"https:\/\/test1.tzg.ink\/es\/wp-json\/wp\/v2\/media\/8717"}],"wp:attachment":[{"href":"https:\/\/test1.tzg.ink\/es\/wp-json\/wp\/v2\/media?parent=8716"}],"wp:term":[{"taxonomy":"product-type","embeddable":true,"href":"https:\/\/test1.tzg.ink\/es\/wp-json\/wp\/v2\/product-type?post=8716"}],"curies":[{"name":"wp","href":"https:\/\/api.w.org\/{rel}","templated":true}]}}