{"id":8708,"date":"2019-04-28T06:20:16","date_gmt":"2019-04-27T22:20:16","guid":{"rendered":"https:\/\/test1.tzg.ink\/product\/conducto-de-fabricacion-de-automoviles-linea-vii\/"},"modified":"2024-04-07T12:09:37","modified_gmt":"2024-04-07T04:09:37","slug":"automobile-manufacturing-duct-line-vii","status":"publish","type":"product","link":"https:\/\/test1.tzg.ink\/es\/product\/automobile-manufacturing-duct-line-vii\/","title":{"rendered":"Conducto De Fabricaci\u00f3n De Autom\u00f3viles L\u00ednea Vii"},"content":{"rendered":"\n<h2 class=\"wp-block-heading has-text-align-center\"><strong>LMS Conducto De Fabricaci\u00f3n De Autom\u00f3viles L\u00ednea Vii<\/strong><\/h2>\n\n\n\n<p>el conducto autom\u00e1tico manufacturingauto super line vii es un nuevo tipo de l\u00ednea de procesamiento autom\u00e1tico de formaci\u00f3n de conductos desarrollada por lms. tiene muchas funciones. puede abrir y almacenar las placas largas. puede terminar directamente tipo plano, tipo \u00e1ngulo recto y presi\u00f3n de \u00e1ngulo combinado. la placa com\u00fan se termina autom\u00e1ticamente por brida, brida c o brida angular. ii es la l\u00ednea completa con buen rendimiento y alto grado de automatizaci\u00f3n, todas las velocidades de funcionamiento de producci\u00f3n de hasta 15 m \/ min. la eficiencia de producci\u00f3n es significativamente m\u00e1s alta que otros dispositivos similares, desde el decoiler hasta el extremo, brida tdf, \u00e1ngulo de brida (o flexi\u00f3n de brida \u00f3sea c) para lograr una automatizaci\u00f3n completa<\/p>\n\n\n\n<p>flujo de trabajo de l\u00ednea autom\u00e1tica de fabricaci\u00f3n de conductos:<\/p>\n\n\n\n<figure class=\"wp-block-image\"><img decoding=\"async\" src=\"https:\/\/es.lmsmachinery.com\/uploads\/20180525145355_81931.png\" alt=\"Duct Auto Line\"\/><\/figure>\n\n\n\n<figure class=\"wp-block-image\"><img decoding=\"async\" src=\"https:\/\/es.lmsmachinery.com\/uploads\/20180525145503_80207.png\" alt=\"Duct Auto Line\"\/><\/figure>\n\n\n\n<p>dispositivo b\u00e1sico:<br>a. 2 juegos de decoiler el\u00e9ctrico<\/p>\n\n\n\n<p>segundo. 1 juego de nivelaci\u00f3n y rigidez<\/p>\n\n\n\n<ol class=\"wp-block-list\">\n<li>1 juego de dispositivo de entallar<\/li>\n<\/ol>\n\n\n\n<ol class=\"wp-block-list\">\n<li>1 juego de dispositivo clipper<\/li>\n<\/ol>\n\n\n\n<ol class=\"wp-block-list\">\n<li>2 juegos de formador de cerradura (pittsburgh y dobladillo simple)<\/li>\n<\/ol>\n\n\n\n<ol class=\"wp-block-list\">\n<li>5 juegos de dispositivo de transici\u00f3n de chapa met\u00e1lica (con mano mec\u00e1nica)<\/li>\n<\/ol>\n\n\n\n<p>gramo. 1 juego de bridas ddf duplex<\/p>\n\n\n\n<ol class=\"wp-block-list\">\n<li>M\u00e1quina formadora de bridas de acero de hueso o \u00e1ngulo (3 bridas instaladas)<\/li>\n<\/ol>\n\n\n\n<ol class=\"wp-block-list\">\n<li>1 juego de plegadora hidr\u00e1ulica tdf<\/li>\n<\/ol>\n\n\n\n<ol class=\"wp-block-list\">\n<li>1 juego de dispositivos de alimentaci\u00f3n autom\u00e1ticos mec\u00e1nicos<\/li>\n<\/ol>\n\n\n\n<ol class=\"wp-block-list\">\n<li>1 juego de sistema de control<\/li>\n<\/ol>\n\n\n\n<ol class=\"wp-block-list\">\n<li>1 juego de sistema hidr\u00e1ulico<\/li>\n<\/ol>\n","protected":false},"excerpt":{"rendered":"<p>LMS Conducto De Fabricaci\u00f3n De Autom\u00f3viles L\u00ednea Vii el conducto autom\u00e1tico manufacturingauto super line vii es un nuevo tipo de l\u00ednea de procesamiento autom\u00e1tico de formaci\u00f3n de conductos desarrollada por lms. tiene muchas funciones. puede abrir y almacenar las placas largas. puede terminar directamente tipo plano, tipo \u00e1ngulo recto y presi\u00f3n de \u00e1ngulo combinado. la [&hellip;]<\/p>\n","protected":false},"featured_media":8709,"template":"","product-type":[209],"class_list":["post-8708","product","type-product","status-publish","has-post-thumbnail","hentry","product-type-louver-fire-damper-machine-es"],"acf":[],"yoast_head":"<!-- This site is optimized with the Yoast SEO plugin v26.6 - https:\/\/yoast.com\/wordpress\/plugins\/seo\/ -->\n<title>Conducto De Fabricaci\u00f3n De Autom\u00f3viles L\u00ednea Vii - LMS Roll Forming Machine<\/title>\n<meta name=\"robots\" content=\"index, follow, max-snippet:-1, max-image-preview:large, max-video-preview:-1\" \/>\n<link rel=\"canonical\" href=\"https:\/\/test1.tzg.ink\/es\/product\/automobile-manufacturing-duct-line-vii\/\" \/>\n<meta property=\"og:locale\" content=\"es_ES\" \/>\n<meta property=\"og:type\" content=\"article\" \/>\n<meta property=\"og:title\" content=\"Conducto De Fabricaci\u00f3n De Autom\u00f3viles L\u00ednea Vii - LMS Roll Forming Machine\" \/>\n<meta property=\"og:description\" content=\"LMS Conducto De Fabricaci\u00f3n De Autom\u00f3viles L\u00ednea Vii el conducto autom\u00e1tico manufacturingauto super line vii es un nuevo tipo de l\u00ednea de procesamiento autom\u00e1tico de formaci\u00f3n de conductos desarrollada por lms. tiene muchas funciones. puede abrir y almacenar las placas largas. puede terminar directamente tipo plano, tipo \u00e1ngulo recto y presi\u00f3n de \u00e1ngulo combinado. la [&hellip;]\" \/>\n<meta property=\"og:url\" content=\"https:\/\/test1.tzg.ink\/es\/product\/automobile-manufacturing-duct-line-vii\/\" \/>\n<meta property=\"og:site_name\" content=\"LMS Roll Forming Machine\" \/>\n<meta property=\"article:modified_time\" content=\"2024-04-07T04:09:37+00:00\" \/>\n<meta property=\"og:image\" content=\"https:\/\/test1.tzg.ink\/wp-content\/uploads\/2024\/01\/94ef71eabe1a674c4a7aee0849cad2a0_medium-4.jpg\" \/>\n\t<meta property=\"og:image:width\" content=\"550\" \/>\n\t<meta property=\"og:image:height\" content=\"413\" \/>\n\t<meta property=\"og:image:type\" content=\"image\/jpeg\" \/>\n<meta name=\"twitter:card\" content=\"summary_large_image\" \/>\n<meta name=\"twitter:label1\" content=\"Tiempo de lectura\" \/>\n\t<meta name=\"twitter:data1\" content=\"1 minuto\" \/>\n<script type=\"application\/ld+json\" class=\"yoast-schema-graph\">{\"@context\":\"https:\/\/schema.org\",\"@graph\":[{\"@type\":\"WebPage\",\"@id\":\"https:\/\/test1.tzg.ink\/es\/product\/automobile-manufacturing-duct-line-vii\/\",\"url\":\"https:\/\/test1.tzg.ink\/es\/product\/automobile-manufacturing-duct-line-vii\/\",\"name\":\"Conducto De Fabricaci\u00f3n De Autom\u00f3viles L\u00ednea Vii - LMS Roll Forming Machine\",\"isPartOf\":{\"@id\":\"https:\/\/test1.tzg.ink\/#website\"},\"primaryImageOfPage\":{\"@id\":\"https:\/\/test1.tzg.ink\/es\/product\/automobile-manufacturing-duct-line-vii\/#primaryimage\"},\"image\":{\"@id\":\"https:\/\/test1.tzg.ink\/es\/product\/automobile-manufacturing-duct-line-vii\/#primaryimage\"},\"thumbnailUrl\":\"https:\/\/test1.tzg.ink\/wp-content\/uploads\/2024\/01\/94ef71eabe1a674c4a7aee0849cad2a0_medium-4.jpg\",\"datePublished\":\"2019-04-27T22:20:16+00:00\",\"dateModified\":\"2024-04-07T04:09:37+00:00\",\"breadcrumb\":{\"@id\":\"https:\/\/test1.tzg.ink\/es\/product\/automobile-manufacturing-duct-line-vii\/#breadcrumb\"},\"inLanguage\":\"es\",\"potentialAction\":[{\"@type\":\"ReadAction\",\"target\":[\"https:\/\/test1.tzg.ink\/es\/product\/automobile-manufacturing-duct-line-vii\/\"]}]},{\"@type\":\"ImageObject\",\"inLanguage\":\"es\",\"@id\":\"https:\/\/test1.tzg.ink\/es\/product\/automobile-manufacturing-duct-line-vii\/#primaryimage\",\"url\":\"https:\/\/test1.tzg.ink\/wp-content\/uploads\/2024\/01\/94ef71eabe1a674c4a7aee0849cad2a0_medium-4.jpg\",\"contentUrl\":\"https:\/\/test1.tzg.ink\/wp-content\/uploads\/2024\/01\/94ef71eabe1a674c4a7aee0849cad2a0_medium-4.jpg\",\"width\":550,\"height\":413},{\"@type\":\"BreadcrumbList\",\"@id\":\"https:\/\/test1.tzg.ink\/es\/product\/automobile-manufacturing-duct-line-vii\/#breadcrumb\",\"itemListElement\":[{\"@type\":\"ListItem\",\"position\":1,\"name\":\"Home\",\"item\":\"https:\/\/test1.tzg.ink\/es\/\"},{\"@type\":\"ListItem\",\"position\":2,\"name\":\"Products\",\"item\":\"https:\/\/test1.tzg.ink\/ar\/product\/\"},{\"@type\":\"ListItem\",\"position\":3,\"name\":\"Conducto De Fabricaci\u00f3n De Autom\u00f3viles L\u00ednea Vii\"}]},{\"@type\":\"WebSite\",\"@id\":\"https:\/\/test1.tzg.ink\/#website\",\"url\":\"https:\/\/test1.tzg.ink\/\",\"name\":\"LMS Roll Forming Machine\",\"description\":\"LMS MACHINERY CHINA PROFESSIONAL COLD ROLL FORMING MACHINE PROVIDER PROFESSIONAL CHOICE, PROFESSIONAL SERVICE\",\"potentialAction\":[{\"@type\":\"SearchAction\",\"target\":{\"@type\":\"EntryPoint\",\"urlTemplate\":\"https:\/\/test1.tzg.ink\/?s={search_term_string}\"},\"query-input\":{\"@type\":\"PropertyValueSpecification\",\"valueRequired\":true,\"valueName\":\"search_term_string\"}}],\"inLanguage\":\"es\"}]}<\/script>\n<!-- \/ Yoast SEO plugin. -->","yoast_head_json":{"title":"Conducto De Fabricaci\u00f3n De Autom\u00f3viles L\u00ednea Vii - LMS Roll Forming Machine","robots":{"index":"index","follow":"follow","max-snippet":"max-snippet:-1","max-image-preview":"max-image-preview:large","max-video-preview":"max-video-preview:-1"},"canonical":"https:\/\/test1.tzg.ink\/es\/product\/automobile-manufacturing-duct-line-vii\/","og_locale":"es_ES","og_type":"article","og_title":"Conducto De Fabricaci\u00f3n De Autom\u00f3viles L\u00ednea Vii - LMS Roll Forming Machine","og_description":"LMS Conducto De Fabricaci\u00f3n De Autom\u00f3viles L\u00ednea Vii el conducto autom\u00e1tico manufacturingauto super line vii es un nuevo tipo de l\u00ednea de procesamiento autom\u00e1tico de formaci\u00f3n de conductos desarrollada por lms. tiene muchas funciones. puede abrir y almacenar las placas largas. puede terminar directamente tipo plano, tipo \u00e1ngulo recto y presi\u00f3n de \u00e1ngulo combinado. la [&hellip;]","og_url":"https:\/\/test1.tzg.ink\/es\/product\/automobile-manufacturing-duct-line-vii\/","og_site_name":"LMS Roll Forming Machine","article_modified_time":"2024-04-07T04:09:37+00:00","og_image":[{"width":550,"height":413,"url":"https:\/\/test1.tzg.ink\/wp-content\/uploads\/2024\/01\/94ef71eabe1a674c4a7aee0849cad2a0_medium-4.jpg","type":"image\/jpeg"}],"twitter_card":"summary_large_image","twitter_misc":{"Tiempo de lectura":"1 minuto"},"schema":{"@context":"https:\/\/schema.org","@graph":[{"@type":"WebPage","@id":"https:\/\/test1.tzg.ink\/es\/product\/automobile-manufacturing-duct-line-vii\/","url":"https:\/\/test1.tzg.ink\/es\/product\/automobile-manufacturing-duct-line-vii\/","name":"Conducto De Fabricaci\u00f3n De Autom\u00f3viles L\u00ednea Vii - LMS Roll Forming Machine","isPartOf":{"@id":"https:\/\/test1.tzg.ink\/#website"},"primaryImageOfPage":{"@id":"https:\/\/test1.tzg.ink\/es\/product\/automobile-manufacturing-duct-line-vii\/#primaryimage"},"image":{"@id":"https:\/\/test1.tzg.ink\/es\/product\/automobile-manufacturing-duct-line-vii\/#primaryimage"},"thumbnailUrl":"https:\/\/test1.tzg.ink\/wp-content\/uploads\/2024\/01\/94ef71eabe1a674c4a7aee0849cad2a0_medium-4.jpg","datePublished":"2019-04-27T22:20:16+00:00","dateModified":"2024-04-07T04:09:37+00:00","breadcrumb":{"@id":"https:\/\/test1.tzg.ink\/es\/product\/automobile-manufacturing-duct-line-vii\/#breadcrumb"},"inLanguage":"es","potentialAction":[{"@type":"ReadAction","target":["https:\/\/test1.tzg.ink\/es\/product\/automobile-manufacturing-duct-line-vii\/"]}]},{"@type":"ImageObject","inLanguage":"es","@id":"https:\/\/test1.tzg.ink\/es\/product\/automobile-manufacturing-duct-line-vii\/#primaryimage","url":"https:\/\/test1.tzg.ink\/wp-content\/uploads\/2024\/01\/94ef71eabe1a674c4a7aee0849cad2a0_medium-4.jpg","contentUrl":"https:\/\/test1.tzg.ink\/wp-content\/uploads\/2024\/01\/94ef71eabe1a674c4a7aee0849cad2a0_medium-4.jpg","width":550,"height":413},{"@type":"BreadcrumbList","@id":"https:\/\/test1.tzg.ink\/es\/product\/automobile-manufacturing-duct-line-vii\/#breadcrumb","itemListElement":[{"@type":"ListItem","position":1,"name":"Home","item":"https:\/\/test1.tzg.ink\/es\/"},{"@type":"ListItem","position":2,"name":"Products","item":"https:\/\/test1.tzg.ink\/ar\/product\/"},{"@type":"ListItem","position":3,"name":"Conducto De Fabricaci\u00f3n De Autom\u00f3viles L\u00ednea Vii"}]},{"@type":"WebSite","@id":"https:\/\/test1.tzg.ink\/#website","url":"https:\/\/test1.tzg.ink\/","name":"LMS Roll Forming Machine","description":"LMS MACHINERY CHINA PROFESSIONAL COLD ROLL FORMING MACHINE PROVIDER PROFESSIONAL CHOICE, PROFESSIONAL SERVICE","potentialAction":[{"@type":"SearchAction","target":{"@type":"EntryPoint","urlTemplate":"https:\/\/test1.tzg.ink\/?s={search_term_string}"},"query-input":{"@type":"PropertyValueSpecification","valueRequired":true,"valueName":"search_term_string"}}],"inLanguage":"es"}]}},"_links":{"self":[{"href":"https:\/\/test1.tzg.ink\/es\/wp-json\/wp\/v2\/product\/8708","targetHints":{"allow":["GET"]}}],"collection":[{"href":"https:\/\/test1.tzg.ink\/es\/wp-json\/wp\/v2\/product"}],"about":[{"href":"https:\/\/test1.tzg.ink\/es\/wp-json\/wp\/v2\/types\/product"}],"wp:featuredmedia":[{"embeddable":true,"href":"https:\/\/test1.tzg.ink\/es\/wp-json\/wp\/v2\/media\/8709"}],"wp:attachment":[{"href":"https:\/\/test1.tzg.ink\/es\/wp-json\/wp\/v2\/media?parent=8708"}],"wp:term":[{"taxonomy":"product-type","embeddable":true,"href":"https:\/\/test1.tzg.ink\/es\/wp-json\/wp\/v2\/product-type?post=8708"}],"curies":[{"name":"wp","href":"https:\/\/api.w.org\/{rel}","templated":true}]}}