{"id":8661,"date":"2019-04-28T02:22:17","date_gmt":"2019-04-27T18:22:17","guid":{"rendered":"https:\/\/test1.tzg.ink\/product\/cadena-de-produccion-de-canal-deslizante-telescopica-automatica-completa\/"},"modified":"2024-04-07T14:06:28","modified_gmt":"2024-04-07T06:06:28","slug":"full-automatic-telescopic-sliding-channel-production-line","status":"publish","type":"product","link":"https:\/\/test1.tzg.ink\/es\/product\/full-automatic-telescopic-sliding-channel-production-line\/","title":{"rendered":"Cadena De Producci\u00f3n De Canal Deslizante Telesc\u00f3pica Autom\u00e1tica Completa"},"content":{"rendered":"\n<h2 class=\"wp-block-heading has-text-align-center\">Cadena de producci\u00f3n de canal deslizante telesc\u00f3pica autom\u00e1tica completa<\/h2>\n\n\n\n<p>la l\u00ednea de producci\u00f3n est\u00e1 disponible para completar en un solo paso la conformaci\u00f3n por laminado, punzonado y corte, con alta eficiencia, alta precisi\u00f3n, buena estabilidad y larga vida \u00fatil. es una t\u00e9cnica de fabricaci\u00f3n avanzada mediante el uso de la funci\u00f3n de cnc para el mecanizado de precisi\u00f3n del rodillo y la prueba del instrumento de mapeo de im\u00e1genes para garantizar la tolerancia al salto del eje principal y del rodillo dentro de 0,03 mm. tomar el canal de deslizamiento de 45 # tres secciones, est\u00e1 equipado con tres m\u00e1quinas perfiladoras y una m\u00e1quina autom\u00e1tica de ensamblaje.<\/p>\n\n\n\n<p>flujo de trabajo:<\/p>\n\n\n\n<p>bobina de material &#8211; desenrollado &#8211; perfilado &#8211; punzonado hidr\u00e1ulico &#8211; corte &#8211; descarga &#8211; perfil acabado &#8211; m\u00e1quina de ensamblaje autom\u00e1tica<\/p>\n","protected":false},"excerpt":{"rendered":"<p>Cadena de producci\u00f3n de canal deslizante telesc\u00f3pica autom\u00e1tica completa la l\u00ednea de producci\u00f3n est\u00e1 disponible para completar en un solo paso la conformaci\u00f3n por laminado, punzonado y corte, con alta eficiencia, alta precisi\u00f3n, buena estabilidad y larga vida \u00fatil. es una t\u00e9cnica de fabricaci\u00f3n avanzada mediante el uso de la funci\u00f3n de cnc para el [&hellip;]<\/p>\n","protected":false},"featured_media":8667,"template":"","product-type":[203],"class_list":["post-8661","product","type-product","status-publish","has-post-thumbnail","hentry","product-type-door-furniture-machine-es"],"acf":[],"yoast_head":"<!-- This site is optimized with the Yoast SEO plugin v26.6 - https:\/\/yoast.com\/wordpress\/plugins\/seo\/ -->\n<title>Cadena De Producci\u00f3n De Canal Deslizante Telesc\u00f3pica Autom\u00e1tica Completa - LMS Roll Forming Machine<\/title>\n<meta name=\"robots\" content=\"index, follow, max-snippet:-1, max-image-preview:large, max-video-preview:-1\" \/>\n<link rel=\"canonical\" href=\"https:\/\/test1.tzg.ink\/es\/product\/full-automatic-telescopic-sliding-channel-production-line\/\" \/>\n<meta property=\"og:locale\" content=\"es_ES\" \/>\n<meta property=\"og:type\" content=\"article\" \/>\n<meta property=\"og:title\" content=\"Cadena De Producci\u00f3n De Canal Deslizante Telesc\u00f3pica Autom\u00e1tica Completa - LMS Roll Forming Machine\" \/>\n<meta property=\"og:description\" content=\"Cadena de producci\u00f3n de canal deslizante telesc\u00f3pica autom\u00e1tica completa la l\u00ednea de producci\u00f3n est\u00e1 disponible para completar en un solo paso la conformaci\u00f3n por laminado, punzonado y corte, con alta eficiencia, alta precisi\u00f3n, buena estabilidad y larga vida \u00fatil. es una t\u00e9cnica de fabricaci\u00f3n avanzada mediante el uso de la funci\u00f3n de cnc para el [&hellip;]\" \/>\n<meta property=\"og:url\" content=\"https:\/\/test1.tzg.ink\/es\/product\/full-automatic-telescopic-sliding-channel-production-line\/\" \/>\n<meta property=\"og:site_name\" content=\"LMS Roll Forming Machine\" \/>\n<meta property=\"article:modified_time\" content=\"2024-04-07T06:06:28+00:00\" \/>\n<meta property=\"og:image\" content=\"https:\/\/test1.tzg.ink\/wp-content\/uploads\/2024\/01\/1_3.jpg\" \/>\n\t<meta property=\"og:image:width\" content=\"800\" \/>\n\t<meta property=\"og:image:height\" content=\"600\" \/>\n\t<meta property=\"og:image:type\" content=\"image\/jpeg\" \/>\n<meta name=\"twitter:card\" content=\"summary_large_image\" \/>\n<meta name=\"twitter:label1\" content=\"Tiempo de lectura\" \/>\n\t<meta name=\"twitter:data1\" content=\"1 minuto\" \/>\n<script type=\"application\/ld+json\" class=\"yoast-schema-graph\">{\"@context\":\"https:\/\/schema.org\",\"@graph\":[{\"@type\":\"WebPage\",\"@id\":\"https:\/\/test1.tzg.ink\/es\/product\/full-automatic-telescopic-sliding-channel-production-line\/\",\"url\":\"https:\/\/test1.tzg.ink\/es\/product\/full-automatic-telescopic-sliding-channel-production-line\/\",\"name\":\"Cadena De Producci\u00f3n De Canal Deslizante Telesc\u00f3pica Autom\u00e1tica Completa - LMS Roll Forming Machine\",\"isPartOf\":{\"@id\":\"https:\/\/test1.tzg.ink\/#website\"},\"primaryImageOfPage\":{\"@id\":\"https:\/\/test1.tzg.ink\/es\/product\/full-automatic-telescopic-sliding-channel-production-line\/#primaryimage\"},\"image\":{\"@id\":\"https:\/\/test1.tzg.ink\/es\/product\/full-automatic-telescopic-sliding-channel-production-line\/#primaryimage\"},\"thumbnailUrl\":\"https:\/\/test1.tzg.ink\/wp-content\/uploads\/2024\/01\/1_3.jpg\",\"datePublished\":\"2019-04-27T18:22:17+00:00\",\"dateModified\":\"2024-04-07T06:06:28+00:00\",\"breadcrumb\":{\"@id\":\"https:\/\/test1.tzg.ink\/es\/product\/full-automatic-telescopic-sliding-channel-production-line\/#breadcrumb\"},\"inLanguage\":\"es\",\"potentialAction\":[{\"@type\":\"ReadAction\",\"target\":[\"https:\/\/test1.tzg.ink\/es\/product\/full-automatic-telescopic-sliding-channel-production-line\/\"]}]},{\"@type\":\"ImageObject\",\"inLanguage\":\"es\",\"@id\":\"https:\/\/test1.tzg.ink\/es\/product\/full-automatic-telescopic-sliding-channel-production-line\/#primaryimage\",\"url\":\"https:\/\/test1.tzg.ink\/wp-content\/uploads\/2024\/01\/1_3.jpg\",\"contentUrl\":\"https:\/\/test1.tzg.ink\/wp-content\/uploads\/2024\/01\/1_3.jpg\",\"width\":800,\"height\":600},{\"@type\":\"BreadcrumbList\",\"@id\":\"https:\/\/test1.tzg.ink\/es\/product\/full-automatic-telescopic-sliding-channel-production-line\/#breadcrumb\",\"itemListElement\":[{\"@type\":\"ListItem\",\"position\":1,\"name\":\"Home\",\"item\":\"https:\/\/test1.tzg.ink\/es\/\"},{\"@type\":\"ListItem\",\"position\":2,\"name\":\"Products\",\"item\":\"https:\/\/test1.tzg.ink\/ar\/product\/\"},{\"@type\":\"ListItem\",\"position\":3,\"name\":\"Cadena De Producci\u00f3n De Canal Deslizante Telesc\u00f3pica Autom\u00e1tica Completa\"}]},{\"@type\":\"WebSite\",\"@id\":\"https:\/\/test1.tzg.ink\/#website\",\"url\":\"https:\/\/test1.tzg.ink\/\",\"name\":\"LMS Roll Forming Machine\",\"description\":\"LMS MACHINERY CHINA PROFESSIONAL COLD ROLL FORMING MACHINE PROVIDER PROFESSIONAL CHOICE, PROFESSIONAL SERVICE\",\"potentialAction\":[{\"@type\":\"SearchAction\",\"target\":{\"@type\":\"EntryPoint\",\"urlTemplate\":\"https:\/\/test1.tzg.ink\/?s={search_term_string}\"},\"query-input\":{\"@type\":\"PropertyValueSpecification\",\"valueRequired\":true,\"valueName\":\"search_term_string\"}}],\"inLanguage\":\"es\"}]}<\/script>\n<!-- \/ Yoast SEO plugin. -->","yoast_head_json":{"title":"Cadena De Producci\u00f3n De Canal Deslizante Telesc\u00f3pica Autom\u00e1tica Completa - LMS Roll Forming Machine","robots":{"index":"index","follow":"follow","max-snippet":"max-snippet:-1","max-image-preview":"max-image-preview:large","max-video-preview":"max-video-preview:-1"},"canonical":"https:\/\/test1.tzg.ink\/es\/product\/full-automatic-telescopic-sliding-channel-production-line\/","og_locale":"es_ES","og_type":"article","og_title":"Cadena De Producci\u00f3n De Canal Deslizante Telesc\u00f3pica Autom\u00e1tica Completa - LMS Roll Forming Machine","og_description":"Cadena de producci\u00f3n de canal deslizante telesc\u00f3pica autom\u00e1tica completa la l\u00ednea de producci\u00f3n est\u00e1 disponible para completar en un solo paso la conformaci\u00f3n por laminado, punzonado y corte, con alta eficiencia, alta precisi\u00f3n, buena estabilidad y larga vida \u00fatil. es una t\u00e9cnica de fabricaci\u00f3n avanzada mediante el uso de la funci\u00f3n de cnc para el [&hellip;]","og_url":"https:\/\/test1.tzg.ink\/es\/product\/full-automatic-telescopic-sliding-channel-production-line\/","og_site_name":"LMS Roll Forming Machine","article_modified_time":"2024-04-07T06:06:28+00:00","og_image":[{"width":800,"height":600,"url":"https:\/\/test1.tzg.ink\/wp-content\/uploads\/2024\/01\/1_3.jpg","type":"image\/jpeg"}],"twitter_card":"summary_large_image","twitter_misc":{"Tiempo de lectura":"1 minuto"},"schema":{"@context":"https:\/\/schema.org","@graph":[{"@type":"WebPage","@id":"https:\/\/test1.tzg.ink\/es\/product\/full-automatic-telescopic-sliding-channel-production-line\/","url":"https:\/\/test1.tzg.ink\/es\/product\/full-automatic-telescopic-sliding-channel-production-line\/","name":"Cadena De Producci\u00f3n De Canal Deslizante Telesc\u00f3pica Autom\u00e1tica Completa - LMS Roll Forming Machine","isPartOf":{"@id":"https:\/\/test1.tzg.ink\/#website"},"primaryImageOfPage":{"@id":"https:\/\/test1.tzg.ink\/es\/product\/full-automatic-telescopic-sliding-channel-production-line\/#primaryimage"},"image":{"@id":"https:\/\/test1.tzg.ink\/es\/product\/full-automatic-telescopic-sliding-channel-production-line\/#primaryimage"},"thumbnailUrl":"https:\/\/test1.tzg.ink\/wp-content\/uploads\/2024\/01\/1_3.jpg","datePublished":"2019-04-27T18:22:17+00:00","dateModified":"2024-04-07T06:06:28+00:00","breadcrumb":{"@id":"https:\/\/test1.tzg.ink\/es\/product\/full-automatic-telescopic-sliding-channel-production-line\/#breadcrumb"},"inLanguage":"es","potentialAction":[{"@type":"ReadAction","target":["https:\/\/test1.tzg.ink\/es\/product\/full-automatic-telescopic-sliding-channel-production-line\/"]}]},{"@type":"ImageObject","inLanguage":"es","@id":"https:\/\/test1.tzg.ink\/es\/product\/full-automatic-telescopic-sliding-channel-production-line\/#primaryimage","url":"https:\/\/test1.tzg.ink\/wp-content\/uploads\/2024\/01\/1_3.jpg","contentUrl":"https:\/\/test1.tzg.ink\/wp-content\/uploads\/2024\/01\/1_3.jpg","width":800,"height":600},{"@type":"BreadcrumbList","@id":"https:\/\/test1.tzg.ink\/es\/product\/full-automatic-telescopic-sliding-channel-production-line\/#breadcrumb","itemListElement":[{"@type":"ListItem","position":1,"name":"Home","item":"https:\/\/test1.tzg.ink\/es\/"},{"@type":"ListItem","position":2,"name":"Products","item":"https:\/\/test1.tzg.ink\/ar\/product\/"},{"@type":"ListItem","position":3,"name":"Cadena De Producci\u00f3n De Canal Deslizante Telesc\u00f3pica Autom\u00e1tica Completa"}]},{"@type":"WebSite","@id":"https:\/\/test1.tzg.ink\/#website","url":"https:\/\/test1.tzg.ink\/","name":"LMS Roll Forming Machine","description":"LMS MACHINERY CHINA PROFESSIONAL COLD ROLL FORMING MACHINE PROVIDER PROFESSIONAL CHOICE, PROFESSIONAL SERVICE","potentialAction":[{"@type":"SearchAction","target":{"@type":"EntryPoint","urlTemplate":"https:\/\/test1.tzg.ink\/?s={search_term_string}"},"query-input":{"@type":"PropertyValueSpecification","valueRequired":true,"valueName":"search_term_string"}}],"inLanguage":"es"}]}},"_links":{"self":[{"href":"https:\/\/test1.tzg.ink\/es\/wp-json\/wp\/v2\/product\/8661","targetHints":{"allow":["GET"]}}],"collection":[{"href":"https:\/\/test1.tzg.ink\/es\/wp-json\/wp\/v2\/product"}],"about":[{"href":"https:\/\/test1.tzg.ink\/es\/wp-json\/wp\/v2\/types\/product"}],"wp:featuredmedia":[{"embeddable":true,"href":"https:\/\/test1.tzg.ink\/es\/wp-json\/wp\/v2\/media\/8667"}],"wp:attachment":[{"href":"https:\/\/test1.tzg.ink\/es\/wp-json\/wp\/v2\/media?parent=8661"}],"wp:term":[{"taxonomy":"product-type","embeddable":true,"href":"https:\/\/test1.tzg.ink\/es\/wp-json\/wp\/v2\/product-type?post=8661"}],"curies":[{"name":"wp","href":"https:\/\/api.w.org\/{rel}","templated":true}]}}