{"id":8647,"date":"2019-04-26T07:24:43","date_gmt":"2019-04-25T23:24:43","guid":{"rendered":"https:\/\/test1.tzg.ink\/product\/maquina-de-fabricacion-de-tubos-hg-32\/"},"modified":"2024-04-02T16:09:45","modified_gmt":"2024-04-02T08:09:45","slug":"hg-32-pipe-making-machine","status":"publish","type":"product","link":"https:\/\/test1.tzg.ink\/es\/product\/hg-32-pipe-making-machine\/","title":{"rendered":"M\u00e1quina De Fabricaci\u00f3n De Tubos Hg 32"},"content":{"rendered":"\n<h2 class=\"wp-block-heading has-text-align-center\">M\u00e1quina De Fabricaci\u00f3n De Tubos Hg 32<\/h2>\n\n\n<div style=\"text-align: center;\">&#13;<\/p>\n<p>esta m&aacute;quina de fabricaci&oacute;n de tubos se utiliza especialmente para la producci&oacute;n de tubos soldados de costura recta de alta frecuencia y tubos cuadrados correspondientes y tubos de formas especiales. la composici&oacute;n de esta m&aacute;quina de fabricaci&oacute;n de tubos va desde el desbobinador hasta la sierra de corte de longitud fija. la velocidad de laminaci&oacute;n puede ajustarse correspondientemente dentro del rango adecuado de di&aacute;metro de tuber&iacute;a y espesor de pared.<\/p>\n<p>&#13;<\/p>\n<p>&nbsp;<\/p>\n<p>&#13;<\/p>\n<p>par&aacute;metro t&eacute;cnico:<\/p>\n<p>&#13;<\/p>\n<p>hg16 hg32<\/p>\n<p>&#13;<\/p>\n<p>di&aacute;metro de tubos soldados 7-16mm &phi;13-38m<\/p>\n<p>&#13;<\/p>\n<p>espesor de tubos soldados 0.4-1.0mm 0.6-1.5m<\/p>\n<p>&#13;<\/p>\n<p>gran potencia motriz 29kw 45kw<\/p>\n<p>&#13;<\/p>\n<p>potencia de alta frecuencia 60kw 100kw<\/p>\n<p>&#13;<\/p>\n<p>Linea de velocidad 30-90 m \/ min 30-70 m \/ min<\/p>\n<p>&#13;\n<\/p><\/div>","protected":false},"excerpt":{"rendered":"<p>M\u00e1quina De Fabricaci\u00f3n De Tubos Hg 32 &#13; esta m&aacute;quina de fabricaci&oacute;n de tubos se utiliza especialmente para la producci&oacute;n de tubos soldados de costura recta de alta frecuencia y tubos cuadrados correspondientes y tubos de formas especiales. la composici&oacute;n de esta m&aacute;quina de fabricaci&oacute;n de tubos va desde el desbobinador hasta la sierra de [&hellip;]<\/p>\n","protected":false},"featured_media":13096,"template":"","product-type":[128],"class_list":["post-8647","product","type-product","status-publish","has-post-thumbnail","hentry","product-type-slitting-cut-to-length-machine-es"],"acf":[],"yoast_head":"<!-- This site is optimized with the Yoast SEO plugin v26.6 - https:\/\/yoast.com\/wordpress\/plugins\/seo\/ -->\n<title>M\u00e1quina De Fabricaci\u00f3n De Tubos Hg 32 - LMS Roll Forming Machine<\/title>\n<meta name=\"robots\" content=\"index, follow, max-snippet:-1, max-image-preview:large, max-video-preview:-1\" \/>\n<link rel=\"canonical\" href=\"https:\/\/test1.tzg.ink\/es\/product\/hg-32-pipe-making-machine\/\" \/>\n<meta property=\"og:locale\" content=\"es_ES\" \/>\n<meta property=\"og:type\" content=\"article\" \/>\n<meta property=\"og:title\" content=\"M\u00e1quina De Fabricaci\u00f3n De Tubos Hg 32 - LMS Roll Forming Machine\" \/>\n<meta property=\"og:description\" content=\"M\u00e1quina De Fabricaci\u00f3n De Tubos Hg 32 &#013; esta m&aacute;quina de fabricaci&oacute;n de tubos se utiliza especialmente para la producci&oacute;n de tubos soldados de costura recta de alta frecuencia y tubos cuadrados correspondientes y tubos de formas especiales. la composici&oacute;n de esta m&aacute;quina de fabricaci&oacute;n de tubos va desde el desbobinador hasta la sierra de [&hellip;]\" \/>\n<meta property=\"og:url\" content=\"https:\/\/test1.tzg.ink\/es\/product\/hg-32-pipe-making-machine\/\" \/>\n<meta property=\"og:site_name\" content=\"LMS Roll Forming Machine\" \/>\n<meta property=\"article:modified_time\" content=\"2024-04-02T08:09:45+00:00\" \/>\n<meta property=\"og:image\" content=\"https:\/\/test1.tzg.ink\/wp-content\/uploads\/2019\/04\/HG-32-Pipe-Making-Machine.png\" \/>\n\t<meta property=\"og:image:width\" content=\"550\" \/>\n\t<meta property=\"og:image:height\" content=\"413\" \/>\n\t<meta property=\"og:image:type\" content=\"image\/png\" \/>\n<meta name=\"twitter:card\" content=\"summary_large_image\" \/>\n<meta name=\"twitter:label1\" content=\"Tiempo de lectura\" \/>\n\t<meta name=\"twitter:data1\" content=\"1 minuto\" \/>\n<script type=\"application\/ld+json\" class=\"yoast-schema-graph\">{\"@context\":\"https:\/\/schema.org\",\"@graph\":[{\"@type\":\"WebPage\",\"@id\":\"https:\/\/test1.tzg.ink\/es\/product\/hg-32-pipe-making-machine\/\",\"url\":\"https:\/\/test1.tzg.ink\/es\/product\/hg-32-pipe-making-machine\/\",\"name\":\"M\u00e1quina De Fabricaci\u00f3n De Tubos Hg 32 - LMS Roll Forming Machine\",\"isPartOf\":{\"@id\":\"https:\/\/test1.tzg.ink\/#website\"},\"primaryImageOfPage\":{\"@id\":\"https:\/\/test1.tzg.ink\/es\/product\/hg-32-pipe-making-machine\/#primaryimage\"},\"image\":{\"@id\":\"https:\/\/test1.tzg.ink\/es\/product\/hg-32-pipe-making-machine\/#primaryimage\"},\"thumbnailUrl\":\"https:\/\/test1.tzg.ink\/wp-content\/uploads\/2019\/04\/HG-32-Pipe-Making-Machine.png\",\"datePublished\":\"2019-04-25T23:24:43+00:00\",\"dateModified\":\"2024-04-02T08:09:45+00:00\",\"breadcrumb\":{\"@id\":\"https:\/\/test1.tzg.ink\/es\/product\/hg-32-pipe-making-machine\/#breadcrumb\"},\"inLanguage\":\"es\",\"potentialAction\":[{\"@type\":\"ReadAction\",\"target\":[\"https:\/\/test1.tzg.ink\/es\/product\/hg-32-pipe-making-machine\/\"]}]},{\"@type\":\"ImageObject\",\"inLanguage\":\"es\",\"@id\":\"https:\/\/test1.tzg.ink\/es\/product\/hg-32-pipe-making-machine\/#primaryimage\",\"url\":\"https:\/\/test1.tzg.ink\/wp-content\/uploads\/2019\/04\/HG-32-Pipe-Making-Machine.png\",\"contentUrl\":\"https:\/\/test1.tzg.ink\/wp-content\/uploads\/2019\/04\/HG-32-Pipe-Making-Machine.png\",\"width\":550,\"height\":413},{\"@type\":\"BreadcrumbList\",\"@id\":\"https:\/\/test1.tzg.ink\/es\/product\/hg-32-pipe-making-machine\/#breadcrumb\",\"itemListElement\":[{\"@type\":\"ListItem\",\"position\":1,\"name\":\"Home\",\"item\":\"https:\/\/test1.tzg.ink\/es\/\"},{\"@type\":\"ListItem\",\"position\":2,\"name\":\"Products\",\"item\":\"https:\/\/test1.tzg.ink\/ar\/product\/\"},{\"@type\":\"ListItem\",\"position\":3,\"name\":\"M\u00e1quina De Fabricaci\u00f3n De Tubos Hg 32\"}]},{\"@type\":\"WebSite\",\"@id\":\"https:\/\/test1.tzg.ink\/#website\",\"url\":\"https:\/\/test1.tzg.ink\/\",\"name\":\"LMS Roll Forming Machine\",\"description\":\"LMS MACHINERY CHINA PROFESSIONAL COLD ROLL FORMING MACHINE PROVIDER PROFESSIONAL CHOICE, PROFESSIONAL SERVICE\",\"potentialAction\":[{\"@type\":\"SearchAction\",\"target\":{\"@type\":\"EntryPoint\",\"urlTemplate\":\"https:\/\/test1.tzg.ink\/?s={search_term_string}\"},\"query-input\":{\"@type\":\"PropertyValueSpecification\",\"valueRequired\":true,\"valueName\":\"search_term_string\"}}],\"inLanguage\":\"es\"}]}<\/script>\n<!-- \/ Yoast SEO plugin. -->","yoast_head_json":{"title":"M\u00e1quina De Fabricaci\u00f3n De Tubos Hg 32 - LMS Roll Forming Machine","robots":{"index":"index","follow":"follow","max-snippet":"max-snippet:-1","max-image-preview":"max-image-preview:large","max-video-preview":"max-video-preview:-1"},"canonical":"https:\/\/test1.tzg.ink\/es\/product\/hg-32-pipe-making-machine\/","og_locale":"es_ES","og_type":"article","og_title":"M\u00e1quina De Fabricaci\u00f3n De Tubos Hg 32 - LMS Roll Forming Machine","og_description":"M\u00e1quina De Fabricaci\u00f3n De Tubos Hg 32 &#13; esta m&aacute;quina de fabricaci&oacute;n de tubos se utiliza especialmente para la producci&oacute;n de tubos soldados de costura recta de alta frecuencia y tubos cuadrados correspondientes y tubos de formas especiales. la composici&oacute;n de esta m&aacute;quina de fabricaci&oacute;n de tubos va desde el desbobinador hasta la sierra de [&hellip;]","og_url":"https:\/\/test1.tzg.ink\/es\/product\/hg-32-pipe-making-machine\/","og_site_name":"LMS Roll Forming Machine","article_modified_time":"2024-04-02T08:09:45+00:00","og_image":[{"width":550,"height":413,"url":"https:\/\/test1.tzg.ink\/wp-content\/uploads\/2019\/04\/HG-32-Pipe-Making-Machine.png","type":"image\/png"}],"twitter_card":"summary_large_image","twitter_misc":{"Tiempo de lectura":"1 minuto"},"schema":{"@context":"https:\/\/schema.org","@graph":[{"@type":"WebPage","@id":"https:\/\/test1.tzg.ink\/es\/product\/hg-32-pipe-making-machine\/","url":"https:\/\/test1.tzg.ink\/es\/product\/hg-32-pipe-making-machine\/","name":"M\u00e1quina De Fabricaci\u00f3n De Tubos Hg 32 - LMS Roll Forming Machine","isPartOf":{"@id":"https:\/\/test1.tzg.ink\/#website"},"primaryImageOfPage":{"@id":"https:\/\/test1.tzg.ink\/es\/product\/hg-32-pipe-making-machine\/#primaryimage"},"image":{"@id":"https:\/\/test1.tzg.ink\/es\/product\/hg-32-pipe-making-machine\/#primaryimage"},"thumbnailUrl":"https:\/\/test1.tzg.ink\/wp-content\/uploads\/2019\/04\/HG-32-Pipe-Making-Machine.png","datePublished":"2019-04-25T23:24:43+00:00","dateModified":"2024-04-02T08:09:45+00:00","breadcrumb":{"@id":"https:\/\/test1.tzg.ink\/es\/product\/hg-32-pipe-making-machine\/#breadcrumb"},"inLanguage":"es","potentialAction":[{"@type":"ReadAction","target":["https:\/\/test1.tzg.ink\/es\/product\/hg-32-pipe-making-machine\/"]}]},{"@type":"ImageObject","inLanguage":"es","@id":"https:\/\/test1.tzg.ink\/es\/product\/hg-32-pipe-making-machine\/#primaryimage","url":"https:\/\/test1.tzg.ink\/wp-content\/uploads\/2019\/04\/HG-32-Pipe-Making-Machine.png","contentUrl":"https:\/\/test1.tzg.ink\/wp-content\/uploads\/2019\/04\/HG-32-Pipe-Making-Machine.png","width":550,"height":413},{"@type":"BreadcrumbList","@id":"https:\/\/test1.tzg.ink\/es\/product\/hg-32-pipe-making-machine\/#breadcrumb","itemListElement":[{"@type":"ListItem","position":1,"name":"Home","item":"https:\/\/test1.tzg.ink\/es\/"},{"@type":"ListItem","position":2,"name":"Products","item":"https:\/\/test1.tzg.ink\/ar\/product\/"},{"@type":"ListItem","position":3,"name":"M\u00e1quina De Fabricaci\u00f3n De Tubos Hg 32"}]},{"@type":"WebSite","@id":"https:\/\/test1.tzg.ink\/#website","url":"https:\/\/test1.tzg.ink\/","name":"LMS Roll Forming Machine","description":"LMS MACHINERY CHINA PROFESSIONAL COLD ROLL FORMING MACHINE PROVIDER PROFESSIONAL CHOICE, PROFESSIONAL SERVICE","potentialAction":[{"@type":"SearchAction","target":{"@type":"EntryPoint","urlTemplate":"https:\/\/test1.tzg.ink\/?s={search_term_string}"},"query-input":{"@type":"PropertyValueSpecification","valueRequired":true,"valueName":"search_term_string"}}],"inLanguage":"es"}]}},"_links":{"self":[{"href":"https:\/\/test1.tzg.ink\/es\/wp-json\/wp\/v2\/product\/8647","targetHints":{"allow":["GET"]}}],"collection":[{"href":"https:\/\/test1.tzg.ink\/es\/wp-json\/wp\/v2\/product"}],"about":[{"href":"https:\/\/test1.tzg.ink\/es\/wp-json\/wp\/v2\/types\/product"}],"wp:featuredmedia":[{"embeddable":true,"href":"https:\/\/test1.tzg.ink\/es\/wp-json\/wp\/v2\/media\/13096"}],"wp:attachment":[{"href":"https:\/\/test1.tzg.ink\/es\/wp-json\/wp\/v2\/media?parent=8647"}],"wp:term":[{"taxonomy":"product-type","embeddable":true,"href":"https:\/\/test1.tzg.ink\/es\/wp-json\/wp\/v2\/product-type?post=8647"}],"curies":[{"name":"wp","href":"https:\/\/api.w.org\/{rel}","templated":true}]}}