{"id":9557,"date":"2024-01-04T15:46:32","date_gmt":"2024-01-04T07:46:32","guid":{"rendered":"https:\/\/test1.tzg.ink\/videos\/"},"modified":"2024-04-04T19:55:46","modified_gmt":"2024-04-04T11:55:46","slug":"videos","status":"publish","type":"page","link":"https:\/\/test1.tzg.ink\/es\/videos\/","title":{"rendered":"V\u00eddeos"},"content":{"rendered":"\t\t<div data-elementor-type=\"wp-page\" data-elementor-id=\"9557\" class=\"elementor elementor-9557 elementor-7805\" data-elementor-post-type=\"page\">\n\t\t\t\t<div class=\"elementor-element elementor-element-2bcf807e e-con-full e-flex e-con e-parent\" data-id=\"2bcf807e\" data-element_type=\"container\" data-settings=\"{&quot;background_background&quot;:&quot;classic&quot;,&quot;background_motion_fx_motion_fx_scrolling&quot;:&quot;yes&quot;,&quot;background_motion_fx_translateY_effect&quot;:&quot;yes&quot;,&quot;background_motion_fx_translateY_speed&quot;:{&quot;unit&quot;:&quot;px&quot;,&quot;size&quot;:4,&quot;sizes&quot;:[]},&quot;background_motion_fx_translateY_affectedRange&quot;:{&quot;unit&quot;:&quot;%&quot;,&quot;size&quot;:&quot;&quot;,&quot;sizes&quot;:{&quot;start&quot;:0,&quot;end&quot;:100}},&quot;background_motion_fx_devices&quot;:[&quot;desktop&quot;,&quot;tablet&quot;,&quot;mobile&quot;]}\">\n\t\t\t\t<div class=\"elementor-element elementor-element-f8ee2cb elementor-widget elementor-widget-text-editor\" data-id=\"f8ee2cb\" data-element_type=\"widget\" data-widget_type=\"text-editor.default\">\n\t\t\t\t<div class=\"elementor-widget-container\">\n\t\t\t\t\t\t\t\t\t<h2 class=\"text60\"><span style=\"color: #ffffff;\">V\u00cdDEOS<\/span><\/h2>\t\t\t\t\t\t\t\t<\/div>\n\t\t\t\t<\/div>\n\t\t\t\t<\/div>\n\t\t<div class=\"elementor-element elementor-element-35f3492 e-flex e-con-boxed e-con e-parent\" data-id=\"35f3492\" data-element_type=\"container\">\n\t\t\t\t\t<div class=\"e-con-inner\">\n\t\t\t\t<div class=\"elementor-element elementor-element-d244267 elementor-widget elementor-widget-heading\" data-id=\"d244267\" data-element_type=\"widget\" data-widget_type=\"heading.default\">\n\t\t\t\t<div class=\"elementor-widget-container\">\n\t\t\t\t\t<h2 class=\"elementor-heading-title elementor-size-default\">Conozca la l\u00ednea de producci\u00f3n con nuestro video de m\u00e1quina perfiladora<\/h2>\t\t\t\t<\/div>\n\t\t\t\t<\/div>\n\t\t\t\t<div class=\"elementor-element elementor-element-688865e elementor-widget elementor-widget-text-editor\" data-id=\"688865e\" data-element_type=\"widget\" data-widget_type=\"text-editor.default\">\n\t\t\t\t<div class=\"elementor-widget-container\">\n\t\t\t\t\t\t\t\t\t<p>\u00bfNecesita una formadora de rollos personalizada para el proceso de su l\u00ednea de producci\u00f3n? Descubra c\u00f3mo nuestra tecnolog\u00eda avanzada e ingenier\u00eda experta brindan las soluciones de l\u00ednea de producci\u00f3n de m\u00e1quinas perfectas para sus necesidades de fabricaci\u00f3n. Mostrando nuestros equipos y capacidades de fabricaci\u00f3n de \u00faltima generaci\u00f3n.<\/p>\t\t\t\t\t\t\t\t<\/div>\n\t\t\t\t<\/div>\n\t\t\t\t\t<\/div>\n\t\t\t\t<\/div>\n\t\t<div class=\"elementor-element elementor-element-6a7522f7 e-flex e-con-boxed e-con e-parent\" data-id=\"6a7522f7\" data-element_type=\"container\">\n\t\t\t\t\t<div class=\"e-con-inner\">\n\t\t\t\t\t<\/div>\n\t\t\t\t<\/div>\n\t\t<div class=\"elementor-element elementor-element-2f3aec69 e-flex e-con-boxed e-con e-parent\" data-id=\"2f3aec69\" data-element_type=\"container\">\n\t\t\t\t\t<div class=\"e-con-inner\">\n\t\t<div class=\"elementor-element elementor-element-6b025b22 e-con-full e-flex e-con e-child\" data-id=\"6b025b22\" data-element_type=\"container\">\n\t\t\t\t<div class=\"elementor-element elementor-element-4e9f6b0e elementor-widget elementor-widget-text-editor\" data-id=\"4e9f6b0e\" data-element_type=\"widget\" data-widget_type=\"text-editor.default\">\n\t\t\t\t<div class=\"elementor-widget-container\">\n\t\t\t\t\t\t\t\t\t<p><a href=\"\/es\/video-type\/v-pallet-rack-machine-es\/\" target=\"_blank\" rel=\"noopener\"><strong>M\u00e1quina para fabricar estanter\u00edas para paletas<\/strong><\/a><\/p>\t\t\t\t\t\t\t\t<\/div>\n\t\t\t\t<\/div>\n\t\t\t\t<\/div>\n\t\t<div class=\"elementor-element elementor-element-6ed87c48 e-con-full e-flex e-con e-child\" data-id=\"6ed87c48\" data-element_type=\"container\">\n\t\t\t\t<div class=\"elementor-element elementor-element-27550479 elementor-widget elementor-widget-text-editor\" data-id=\"27550479\" data-element_type=\"widget\" data-widget_type=\"text-editor.default\">\n\t\t\t\t<div class=\"elementor-widget-container\">\n\t\t\t\t\t\t\t\t\t<p><a href=\"\/es\/video-type\/v-ceiling-wall-machine-es\/\" target=\"_blank\" rel=\"noopener\"><strong>L\u00ednea de producci\u00f3n de techos y paredes de metal<\/strong><\/a><\/p>\t\t\t\t\t\t\t\t<\/div>\n\t\t\t\t<\/div>\n\t\t\t\t<\/div>\n\t\t<div class=\"elementor-element elementor-element-27c76491 e-con-full e-flex e-con e-child\" data-id=\"27c76491\" data-element_type=\"container\">\n\t\t\t\t<div class=\"elementor-element elementor-element-7cfb0482 elementor-widget elementor-widget-text-editor\" data-id=\"7cfb0482\" data-element_type=\"widget\" data-widget_type=\"text-editor.default\">\n\t\t\t\t<div class=\"elementor-widget-container\">\n\t\t\t\t\t\t\t\t\t<p><a href=\"\/es\/video-type\/v-framemac-light-steel-frame-machine-es\/\" target=\"_blank\" rel=\"noopener\"><strong>M\u00e1quina de estructura de casa de acero ligero FrameMac<\/strong><\/a><\/p>\t\t\t\t\t\t\t\t<\/div>\n\t\t\t\t<\/div>\n\t\t\t\t<\/div>\n\t\t\t\t\t<\/div>\n\t\t\t\t<\/div>\n\t\t<div class=\"elementor-element elementor-element-282cf0ee e-flex e-con-boxed e-con e-parent\" data-id=\"282cf0ee\" data-element_type=\"container\">\n\t\t\t\t\t<div class=\"e-con-inner\">\n\t\t<div class=\"elementor-element elementor-element-5c08e338 e-con-full e-flex e-con e-child\" data-id=\"5c08e338\" data-element_type=\"container\">\n\t\t\t\t<div class=\"elementor-element elementor-element-711162c7 elementor-widget elementor-widget-text-editor\" data-id=\"711162c7\" data-element_type=\"widget\" data-widget_type=\"text-editor.default\">\n\t\t\t\t<div class=\"elementor-widget-container\">\n\t\t\t\t\t\t\t\t\t<p><a href=\"\/es\/video-type\/v-roofing-purlin-machine-es\/\" target=\"_blank\" rel=\"noopener\"><strong>M\u00e1quina formadora de rollos para techos y correas<\/strong><\/a><\/p>\t\t\t\t\t\t\t\t<\/div>\n\t\t\t\t<\/div>\n\t\t\t\t<\/div>\n\t\t<div class=\"elementor-element elementor-element-6e92a047 e-con-full e-flex e-con e-child\" data-id=\"6e92a047\" data-element_type=\"container\">\n\t\t\t\t<div class=\"elementor-element elementor-element-26f8d5cf elementor-widget elementor-widget-text-editor\" data-id=\"26f8d5cf\" data-element_type=\"widget\" data-widget_type=\"text-editor.default\">\n\t\t\t\t<div class=\"elementor-widget-container\">\n\t\t\t\t\t\t\t\t\t<p><a href=\"\/es\/video-type\/v-door-furniture-machine-es\/\" target=\"_blank\" rel=\"noopener\"><strong>M\u00e1quina formadora de rollos para puertas y muebles de metal<\/strong><\/a><\/p>\t\t\t\t\t\t\t\t<\/div>\n\t\t\t\t<\/div>\n\t\t\t\t<\/div>\n\t\t<div class=\"elementor-element elementor-element-36e78df7 e-con-full e-flex e-con e-child\" data-id=\"36e78df7\" data-element_type=\"container\">\n\t\t\t\t<div class=\"elementor-element elementor-element-67514f5d elementor-widget elementor-widget-text-editor\" data-id=\"67514f5d\" data-element_type=\"widget\" data-widget_type=\"text-editor.default\">\n\t\t\t\t<div class=\"elementor-widget-container\">\n\t\t\t\t\t\t\t\t\t<p><a href=\"\/es\/video-type\/v-electrical-machine-es\/\" target=\"_blank\" rel=\"noopener\"><strong>M\u00e1quina formadora de rollos de soporte el\u00e9ctrico<\/strong><\/a><\/p>\t\t\t\t\t\t\t\t<\/div>\n\t\t\t\t<\/div>\n\t\t\t\t<\/div>\n\t\t\t\t\t<\/div>\n\t\t\t\t<\/div>\n\t\t<div class=\"elementor-element elementor-element-13972c3a e-flex e-con-boxed e-con e-parent\" data-id=\"13972c3a\" data-element_type=\"container\">\n\t\t\t\t\t<div class=\"e-con-inner\">\n\t\t<div class=\"elementor-element elementor-element-1ca51e73 e-con-full e-flex e-con e-child\" data-id=\"1ca51e73\" data-element_type=\"container\">\n\t\t\t\t<div class=\"elementor-element elementor-element-2ad97a45 elementor-widget elementor-widget-text-editor\" data-id=\"2ad97a45\" data-element_type=\"widget\" data-widget_type=\"text-editor.default\">\n\t\t\t\t<div class=\"elementor-widget-container\">\n\t\t\t\t\t\t\t\t\t<p><a href=\"\/es\/video-type\/v-louver-fire-damper-machine-es\/\" target=\"_blank\" rel=\"noopener\"><strong>M\u00e1quina perfiladora de persianas y compuertas cortafuegos<\/strong><\/a><\/p>\t\t\t\t\t\t\t\t<\/div>\n\t\t\t\t<\/div>\n\t\t\t\t<\/div>\n\t\t<div class=\"elementor-element elementor-element-14ff1b9a e-con-full e-flex e-con e-child\" data-id=\"14ff1b9a\" data-element_type=\"container\">\n\t\t\t\t<div class=\"elementor-element elementor-element-162d29ad elementor-widget elementor-widget-text-editor\" data-id=\"162d29ad\" data-element_type=\"widget\" data-widget_type=\"text-editor.default\">\n\t\t\t\t<div class=\"elementor-widget-container\">\n\t\t\t\t\t\t\t\t\t<p><a href=\"\/es\/video-type\/v-slitting-cut-to-length-machine-es\/\" target=\"_blank\" rel=\"noopener\"><strong>L\u00ednea de corte longitudinal y l\u00ednea de corte a medida<\/strong><\/a><\/p>\t\t\t\t\t\t\t\t<\/div>\n\t\t\t\t<\/div>\n\t\t\t\t<\/div>\n\t\t<div class=\"elementor-element elementor-element-13ede4ab e-con-full e-flex e-con e-child\" data-id=\"13ede4ab\" data-element_type=\"container\">\n\t\t\t\t<div class=\"elementor-element elementor-element-17e7eff2 elementor-widget elementor-widget-text-editor\" data-id=\"17e7eff2\" data-element_type=\"widget\" data-widget_type=\"text-editor.default\">\n\t\t\t\t<div class=\"elementor-widget-container\">\n\t\t\t\t\t\t\t\t\t<p><a href=\"\/es\/video-type\/v-others-machine-es\/\" target=\"_blank\" rel=\"noopener\"><strong>Otros m\u00e1quina<\/strong><\/a><\/p>\t\t\t\t\t\t\t\t<\/div>\n\t\t\t\t<\/div>\n\t\t\t\t<\/div>\n\t\t\t\t\t<\/div>\n\t\t\t\t<\/div>\n\t\t\t\t<\/div>\n\t\t","protected":false},"excerpt":{"rendered":"<p>V\u00cdDEOS Conozca la l\u00ednea de producci\u00f3n con nuestro video de m\u00e1quina perfiladora \u00bfNecesita una formadora de rollos personalizada para el proceso de su l\u00ednea de producci\u00f3n? Descubra c\u00f3mo nuestra tecnolog\u00eda avanzada e ingenier\u00eda experta brindan las soluciones de l\u00ednea de producci\u00f3n de m\u00e1quinas perfectas para sus necesidades de fabricaci\u00f3n. Mostrando nuestros equipos y capacidades de [&hellip;]<\/p>\n","protected":false},"author":1,"featured_media":0,"parent":0,"menu_order":10,"comment_status":"closed","ping_status":"closed","template":"","meta":{"inline_featured_image":false,"footnotes":""},"class_list":["post-9557","page","type-page","status-publish","hentry"],"acf":[],"yoast_head":"<!-- This site is optimized with the Yoast SEO plugin v26.6 - https:\/\/yoast.com\/wordpress\/plugins\/seo\/ -->\n<title>V\u00eddeos - LMS Roll Forming Machine<\/title>\n<meta name=\"robots\" content=\"index, follow, max-snippet:-1, max-image-preview:large, max-video-preview:-1\" \/>\n<link rel=\"canonical\" href=\"https:\/\/test1.tzg.ink\/videos\/\" \/>\n<meta property=\"og:locale\" content=\"es_ES\" \/>\n<meta property=\"og:type\" content=\"article\" \/>\n<meta property=\"og:title\" content=\"V\u00eddeos - LMS Roll Forming Machine\" \/>\n<meta property=\"og:description\" content=\"V\u00cdDEOS Conozca la l\u00ednea de producci\u00f3n con nuestro video de m\u00e1quina perfiladora \u00bfNecesita una formadora de rollos personalizada para el proceso de su l\u00ednea de producci\u00f3n? Descubra c\u00f3mo nuestra tecnolog\u00eda avanzada e ingenier\u00eda experta brindan las soluciones de l\u00ednea de producci\u00f3n de m\u00e1quinas perfectas para sus necesidades de fabricaci\u00f3n. Mostrando nuestros equipos y capacidades de [&hellip;]\" \/>\n<meta property=\"og:url\" content=\"https:\/\/test1.tzg.ink\/videos\/\" \/>\n<meta property=\"og:site_name\" content=\"LMS Roll Forming Machine\" \/>\n<meta property=\"article:modified_time\" content=\"2024-04-04T11:55:46+00:00\" \/>\n<meta name=\"twitter:card\" content=\"summary_large_image\" \/>\n<meta name=\"twitter:label1\" content=\"Tiempo de lectura\" \/>\n\t<meta name=\"twitter:data1\" content=\"3 minutos\" \/>\n<script type=\"application\/ld+json\" class=\"yoast-schema-graph\">{\"@context\":\"https:\/\/schema.org\",\"@graph\":[{\"@type\":\"WebPage\",\"@id\":\"https:\/\/test1.tzg.ink\/videos\/\",\"url\":\"https:\/\/test1.tzg.ink\/videos\/\",\"name\":\"V\u00eddeos - LMS Roll Forming Machine\",\"isPartOf\":{\"@id\":\"https:\/\/test1.tzg.ink\/#website\"},\"datePublished\":\"2024-01-04T07:46:32+00:00\",\"dateModified\":\"2024-04-04T11:55:46+00:00\",\"breadcrumb\":{\"@id\":\"https:\/\/test1.tzg.ink\/videos\/#breadcrumb\"},\"inLanguage\":\"es\",\"potentialAction\":[{\"@type\":\"ReadAction\",\"target\":[\"https:\/\/test1.tzg.ink\/videos\/\"]}]},{\"@type\":\"BreadcrumbList\",\"@id\":\"https:\/\/test1.tzg.ink\/videos\/#breadcrumb\",\"itemListElement\":[{\"@type\":\"ListItem\",\"position\":1,\"name\":\"Home\",\"item\":\"https:\/\/test1.tzg.ink\/es\/\"},{\"@type\":\"ListItem\",\"position\":2,\"name\":\"V\u00eddeos\"}]},{\"@type\":\"WebSite\",\"@id\":\"https:\/\/test1.tzg.ink\/#website\",\"url\":\"https:\/\/test1.tzg.ink\/\",\"name\":\"LMS Roll Forming Machine\",\"description\":\"LMS MACHINERY CHINA PROFESSIONAL COLD ROLL FORMING MACHINE PROVIDER PROFESSIONAL CHOICE, PROFESSIONAL SERVICE\",\"potentialAction\":[{\"@type\":\"SearchAction\",\"target\":{\"@type\":\"EntryPoint\",\"urlTemplate\":\"https:\/\/test1.tzg.ink\/?s={search_term_string}\"},\"query-input\":{\"@type\":\"PropertyValueSpecification\",\"valueRequired\":true,\"valueName\":\"search_term_string\"}}],\"inLanguage\":\"es\"}]}<\/script>\n<!-- \/ Yoast SEO plugin. -->","yoast_head_json":{"title":"V\u00eddeos - LMS Roll Forming Machine","robots":{"index":"index","follow":"follow","max-snippet":"max-snippet:-1","max-image-preview":"max-image-preview:large","max-video-preview":"max-video-preview:-1"},"canonical":"https:\/\/test1.tzg.ink\/videos\/","og_locale":"es_ES","og_type":"article","og_title":"V\u00eddeos - LMS Roll Forming Machine","og_description":"V\u00cdDEOS Conozca la l\u00ednea de producci\u00f3n con nuestro video de m\u00e1quina perfiladora \u00bfNecesita una formadora de rollos personalizada para el proceso de su l\u00ednea de producci\u00f3n? Descubra c\u00f3mo nuestra tecnolog\u00eda avanzada e ingenier\u00eda experta brindan las soluciones de l\u00ednea de producci\u00f3n de m\u00e1quinas perfectas para sus necesidades de fabricaci\u00f3n. Mostrando nuestros equipos y capacidades de [&hellip;]","og_url":"https:\/\/test1.tzg.ink\/videos\/","og_site_name":"LMS Roll Forming Machine","article_modified_time":"2024-04-04T11:55:46+00:00","twitter_card":"summary_large_image","twitter_misc":{"Tiempo de lectura":"3 minutos"},"schema":{"@context":"https:\/\/schema.org","@graph":[{"@type":"WebPage","@id":"https:\/\/test1.tzg.ink\/videos\/","url":"https:\/\/test1.tzg.ink\/videos\/","name":"V\u00eddeos - LMS Roll Forming Machine","isPartOf":{"@id":"https:\/\/test1.tzg.ink\/#website"},"datePublished":"2024-01-04T07:46:32+00:00","dateModified":"2024-04-04T11:55:46+00:00","breadcrumb":{"@id":"https:\/\/test1.tzg.ink\/videos\/#breadcrumb"},"inLanguage":"es","potentialAction":[{"@type":"ReadAction","target":["https:\/\/test1.tzg.ink\/videos\/"]}]},{"@type":"BreadcrumbList","@id":"https:\/\/test1.tzg.ink\/videos\/#breadcrumb","itemListElement":[{"@type":"ListItem","position":1,"name":"Home","item":"https:\/\/test1.tzg.ink\/es\/"},{"@type":"ListItem","position":2,"name":"V\u00eddeos"}]},{"@type":"WebSite","@id":"https:\/\/test1.tzg.ink\/#website","url":"https:\/\/test1.tzg.ink\/","name":"LMS Roll Forming Machine","description":"LMS MACHINERY CHINA PROFESSIONAL COLD ROLL FORMING MACHINE PROVIDER PROFESSIONAL CHOICE, PROFESSIONAL SERVICE","potentialAction":[{"@type":"SearchAction","target":{"@type":"EntryPoint","urlTemplate":"https:\/\/test1.tzg.ink\/?s={search_term_string}"},"query-input":{"@type":"PropertyValueSpecification","valueRequired":true,"valueName":"search_term_string"}}],"inLanguage":"es"}]}},"_links":{"self":[{"href":"https:\/\/test1.tzg.ink\/es\/wp-json\/wp\/v2\/pages\/9557","targetHints":{"allow":["GET"]}}],"collection":[{"href":"https:\/\/test1.tzg.ink\/es\/wp-json\/wp\/v2\/pages"}],"about":[{"href":"https:\/\/test1.tzg.ink\/es\/wp-json\/wp\/v2\/types\/page"}],"author":[{"embeddable":true,"href":"https:\/\/test1.tzg.ink\/es\/wp-json\/wp\/v2\/users\/1"}],"replies":[{"embeddable":true,"href":"https:\/\/test1.tzg.ink\/es\/wp-json\/wp\/v2\/comments?post=9557"}],"version-history":[{"count":59,"href":"https:\/\/test1.tzg.ink\/es\/wp-json\/wp\/v2\/pages\/9557\/revisions"}],"predecessor-version":[{"id":13894,"href":"https:\/\/test1.tzg.ink\/es\/wp-json\/wp\/v2\/pages\/9557\/revisions\/13894"}],"wp:attachment":[{"href":"https:\/\/test1.tzg.ink\/es\/wp-json\/wp\/v2\/media?parent=9557"}],"curies":[{"name":"wp","href":"https:\/\/api.w.org\/{rel}","templated":true}]}}