{"id":14269,"date":"2025-12-13T11:31:11","date_gmt":"2025-12-13T03:31:11","guid":{"rendered":"https:\/\/test1.tzg.ink\/machine\/"},"modified":"2025-12-13T11:56:34","modified_gmt":"2025-12-13T03:56:34","slug":"machine","status":"publish","type":"page","link":"https:\/\/test1.tzg.ink\/es\/machine\/","title":{"rendered":"M\u00e1quina"},"content":{"rendered":"\n<h2 class=\"wp-block-heading text-28\">M\u00e1quina perfiladora en venta Encuentre lo que necesita<\/h2>\n\n<p>Revolucione su fabricaci\u00f3n con nuestra l\u00ednea perfiladora. Encuentre una m\u00e1quina perfiladora de alta precisi\u00f3n y mejore su l\u00ednea de producci\u00f3n con m\u00e1quinas perfiladoras de precisi\u00f3n personalizadas. Haga clic en las categor\u00edas a continuaci\u00f3n para comprar.<\/p>\n","protected":false},"excerpt":{"rendered":"<p>M\u00e1quina perfiladora en venta Encuentre lo que necesita Revolucione su fabricaci\u00f3n con nuestra l\u00ednea perfiladora. Encuentre una m\u00e1quina perfiladora de alta precisi\u00f3n y mejore su l\u00ednea de producci\u00f3n con m\u00e1quinas perfiladoras de precisi\u00f3n personalizadas. Haga clic en las categor\u00edas a continuaci\u00f3n para comprar.<\/p>\n","protected":false},"author":1,"featured_media":0,"parent":0,"menu_order":4,"comment_status":"closed","ping_status":"closed","template":"","meta":{"inline_featured_image":false,"footnotes":""},"class_list":["post-14269","page","type-page","status-publish","hentry"],"acf":[],"yoast_head":"<!-- This site is optimized with the Yoast SEO plugin v26.6 - https:\/\/yoast.com\/wordpress\/plugins\/seo\/ -->\n<title>M\u00e1quina - LMS Roll Forming Machine<\/title>\n<meta name=\"robots\" content=\"index, follow, max-snippet:-1, max-image-preview:large, max-video-preview:-1\" \/>\n<link rel=\"canonical\" href=\"https:\/\/test1.tzg.ink\/es\/machine\/\" \/>\n<meta property=\"og:locale\" content=\"es_ES\" \/>\n<meta property=\"og:type\" content=\"article\" \/>\n<meta property=\"og:title\" content=\"M\u00e1quina - LMS Roll Forming Machine\" \/>\n<meta property=\"og:description\" content=\"M\u00e1quina perfiladora en venta Encuentre lo que necesita Revolucione su fabricaci\u00f3n con nuestra l\u00ednea perfiladora. Encuentre una m\u00e1quina perfiladora de alta precisi\u00f3n y mejore su l\u00ednea de producci\u00f3n con m\u00e1quinas perfiladoras de precisi\u00f3n personalizadas. Haga clic en las categor\u00edas a continuaci\u00f3n para comprar.\" \/>\n<meta property=\"og:url\" content=\"https:\/\/test1.tzg.ink\/es\/machine\/\" \/>\n<meta property=\"og:site_name\" content=\"LMS Roll Forming Machine\" \/>\n<meta property=\"article:modified_time\" content=\"2025-12-13T03:56:34+00:00\" \/>\n<meta name=\"twitter:card\" content=\"summary_large_image\" \/>\n<script type=\"application\/ld+json\" class=\"yoast-schema-graph\">{\"@context\":\"https:\/\/schema.org\",\"@graph\":[{\"@type\":\"WebPage\",\"@id\":\"https:\/\/test1.tzg.ink\/es\/machine\/\",\"url\":\"https:\/\/test1.tzg.ink\/es\/machine\/\",\"name\":\"M\u00e1quina - LMS Roll Forming Machine\",\"isPartOf\":{\"@id\":\"https:\/\/test1.tzg.ink\/#website\"},\"datePublished\":\"2025-12-13T03:31:11+00:00\",\"dateModified\":\"2025-12-13T03:56:34+00:00\",\"breadcrumb\":{\"@id\":\"https:\/\/test1.tzg.ink\/es\/machine\/#breadcrumb\"},\"inLanguage\":\"es\",\"potentialAction\":[{\"@type\":\"ReadAction\",\"target\":[\"https:\/\/test1.tzg.ink\/es\/machine\/\"]}]},{\"@type\":\"BreadcrumbList\",\"@id\":\"https:\/\/test1.tzg.ink\/es\/machine\/#breadcrumb\",\"itemListElement\":[{\"@type\":\"ListItem\",\"position\":1,\"name\":\"Home\",\"item\":\"https:\/\/test1.tzg.ink\/es\/\"},{\"@type\":\"ListItem\",\"position\":2,\"name\":\"M\u00e1quina\"}]},{\"@type\":\"WebSite\",\"@id\":\"https:\/\/test1.tzg.ink\/#website\",\"url\":\"https:\/\/test1.tzg.ink\/\",\"name\":\"LMS Roll Forming Machine\",\"description\":\"LMS MACHINERY CHINA PROFESSIONAL COLD ROLL FORMING MACHINE PROVIDER PROFESSIONAL CHOICE, PROFESSIONAL SERVICE\",\"potentialAction\":[{\"@type\":\"SearchAction\",\"target\":{\"@type\":\"EntryPoint\",\"urlTemplate\":\"https:\/\/test1.tzg.ink\/?s={search_term_string}\"},\"query-input\":{\"@type\":\"PropertyValueSpecification\",\"valueRequired\":true,\"valueName\":\"search_term_string\"}}],\"inLanguage\":\"es\"}]}<\/script>\n<!-- \/ Yoast SEO plugin. -->","yoast_head_json":{"title":"M\u00e1quina - LMS Roll Forming Machine","robots":{"index":"index","follow":"follow","max-snippet":"max-snippet:-1","max-image-preview":"max-image-preview:large","max-video-preview":"max-video-preview:-1"},"canonical":"https:\/\/test1.tzg.ink\/es\/machine\/","og_locale":"es_ES","og_type":"article","og_title":"M\u00e1quina - LMS Roll Forming Machine","og_description":"M\u00e1quina perfiladora en venta Encuentre lo que necesita Revolucione su fabricaci\u00f3n con nuestra l\u00ednea perfiladora. Encuentre una m\u00e1quina perfiladora de alta precisi\u00f3n y mejore su l\u00ednea de producci\u00f3n con m\u00e1quinas perfiladoras de precisi\u00f3n personalizadas. Haga clic en las categor\u00edas a continuaci\u00f3n para comprar.","og_url":"https:\/\/test1.tzg.ink\/es\/machine\/","og_site_name":"LMS Roll Forming Machine","article_modified_time":"2025-12-13T03:56:34+00:00","twitter_card":"summary_large_image","schema":{"@context":"https:\/\/schema.org","@graph":[{"@type":"WebPage","@id":"https:\/\/test1.tzg.ink\/es\/machine\/","url":"https:\/\/test1.tzg.ink\/es\/machine\/","name":"M\u00e1quina - LMS Roll Forming Machine","isPartOf":{"@id":"https:\/\/test1.tzg.ink\/#website"},"datePublished":"2025-12-13T03:31:11+00:00","dateModified":"2025-12-13T03:56:34+00:00","breadcrumb":{"@id":"https:\/\/test1.tzg.ink\/es\/machine\/#breadcrumb"},"inLanguage":"es","potentialAction":[{"@type":"ReadAction","target":["https:\/\/test1.tzg.ink\/es\/machine\/"]}]},{"@type":"BreadcrumbList","@id":"https:\/\/test1.tzg.ink\/es\/machine\/#breadcrumb","itemListElement":[{"@type":"ListItem","position":1,"name":"Home","item":"https:\/\/test1.tzg.ink\/es\/"},{"@type":"ListItem","position":2,"name":"M\u00e1quina"}]},{"@type":"WebSite","@id":"https:\/\/test1.tzg.ink\/#website","url":"https:\/\/test1.tzg.ink\/","name":"LMS Roll Forming Machine","description":"LMS MACHINERY CHINA PROFESSIONAL COLD ROLL FORMING MACHINE PROVIDER PROFESSIONAL CHOICE, PROFESSIONAL SERVICE","potentialAction":[{"@type":"SearchAction","target":{"@type":"EntryPoint","urlTemplate":"https:\/\/test1.tzg.ink\/?s={search_term_string}"},"query-input":{"@type":"PropertyValueSpecification","valueRequired":true,"valueName":"search_term_string"}}],"inLanguage":"es"}]}},"_links":{"self":[{"href":"https:\/\/test1.tzg.ink\/es\/wp-json\/wp\/v2\/pages\/14269","targetHints":{"allow":["GET"]}}],"collection":[{"href":"https:\/\/test1.tzg.ink\/es\/wp-json\/wp\/v2\/pages"}],"about":[{"href":"https:\/\/test1.tzg.ink\/es\/wp-json\/wp\/v2\/types\/page"}],"author":[{"embeddable":true,"href":"https:\/\/test1.tzg.ink\/es\/wp-json\/wp\/v2\/users\/1"}],"replies":[{"embeddable":true,"href":"https:\/\/test1.tzg.ink\/es\/wp-json\/wp\/v2\/comments?post=14269"}],"version-history":[{"count":2,"href":"https:\/\/test1.tzg.ink\/es\/wp-json\/wp\/v2\/pages\/14269\/revisions"}],"predecessor-version":[{"id":14273,"href":"https:\/\/test1.tzg.ink\/es\/wp-json\/wp\/v2\/pages\/14269\/revisions\/14273"}],"wp:attachment":[{"href":"https:\/\/test1.tzg.ink\/es\/wp-json\/wp\/v2\/media?parent=14269"}],"curies":[{"name":"wp","href":"https:\/\/api.w.org\/{rel}","templated":true}]}}